{"id":8841,"date":"2016-04-08T08:13:24","date_gmt":"2016-04-08T06:13:24","guid":{"rendered":"https:\/\/www.ekholmnordic.se\/produkt\/prob-hoof-balm\/"},"modified":"2019-08-12T10:31:30","modified_gmt":"2019-08-12T08:31:30","slug":"prob-hoof-balm","status":"publish","type":"product","link":"https:\/\/www.ekholmnordic.se\/en\/produkt\/prob-hoof-balm\/","title":{"rendered":"PROB HOOF BALM"},"content":{"rendered":"<p><strong> PROB Hoof Balm repairs and prevents unnecessary head injury and keeps the hoof moisture balance and elasticity in good condition. <\/strong><\/p>\n<p><strong>Gives a nice shine on the hooves. <\/strong><\/p>\n<p><strong>Brush the whole hoof, preferably once a day or every other dag to avoid dehydration that often leads to cracks and can cause serious hoof problems. If the hoofs have the ability to maintain good moisture balance and elasticity, you can almost avoid future problems. <\/strong><\/p>\n<p><strong>When the farrier is visit brush the hooves directly. Under shoe, under the hoof. With this action you can protect from\u00a0 a lot of hoofproblems.<\/strong><\/p>\n<p><strong>PROB Hoof Balm Provides quick results. Non-toxic and gentle to the horse. If problem with the frog combine with PROB trushkit ointment stick, for best results. <\/strong><\/p>\n<p><strong>Contains Tar, beeswax, various oils. propolis<\/strong><\/p>\n","protected":false},"excerpt":{"rendered":"<p>PROB Hoof Balm repairs and prevents unnecessary head injury and keeps the hoof moisture balance and elasticity in good condition. Gives a nice shine on the hooves. Brush the whole hoof, preferably once a day or every other dag to avoid dehydration that often leads to cracks and can cause serious hoof problems. If the hoofs have the ability to &#8230; <a href=\"https:\/\/www.ekholmnordic.se\/en\/produkt\/prob-hoof-balm\/\" class=\"more-link\">Read More<\/a><\/p>\n","protected":false},"featured_media":22442,"comment_status":"closed","ping_status":"closed","template":"","meta":{"_monsterinsights_skip_tracking":false,"_monsterinsights_sitenote_active":false,"_monsterinsights_sitenote_note":"","_monsterinsights_sitenote_category":0},"product_brand":[],"product_cat":[54,47],"product_tag":[],"class_list":{"0":"post-8841","1":"product","2":"type-product","3":"status-publish","4":"has-post-thumbnail","6":"product_cat-veterinary-products-en","7":"product_cat-hoof-care","10":"first","11":"instock","12":"taxable","13":"shipping-taxable","14":"purchasable","15":"product-type-simple"},"yoast_head":"<!-- This site is optimized with the Yoast SEO plugin v27.4 - https:\/\/yoast.com\/product\/yoast-seo-wordpress\/ -->\n<title>PROB HOOF BALM - Ekholm Vision - PROB SERIEN<\/title>\n<meta name=\"robots\" content=\"index, follow, max-snippet:-1, max-image-preview:large, max-video-preview:-1\" \/>\n<link rel=\"canonical\" href=\"https:\/\/www.ekholmnordic.se\/produkt\/ekholms-prob-hoof-balm-naturligt-hovbalsam-for-hast\/\" \/>\n<meta property=\"og:locale\" content=\"en_US\" \/>\n<meta property=\"og:type\" content=\"article\" \/>\n<meta property=\"og:title\" content=\"PROB HOOF BALM - Ekholm Vision - PROB SERIEN\" \/>\n<meta property=\"og:description\" content=\"PROB Hoof Balm repairs and prevents unnecessary head injury and keeps the hoof moisture balance and elasticity in good condition. Gives a nice shine on the hooves. Brush the whole hoof, preferably once a day or every other dag to avoid dehydration that often leads to cracks and can cause serious hoof problems. If the hoofs have the ability to ... Read More\" \/>\n<meta property=\"og:url\" content=\"https:\/\/www.ekholmnordic.se\/produkt\/ekholms-prob-hoof-balm-naturligt-hovbalsam-for-hast\/\" \/>\n<meta property=\"og:site_name\" content=\"Ekholm Vision - PROB SERIEN\" \/>\n<meta property=\"article:modified_time\" content=\"2019-08-12T08:31:30+00:00\" \/>\n<meta property=\"og:image\" content=\"https:\/\/www.ekholmnordic.se\/wp-content\/uploads\/2018\/03\/1.jpg\" \/>\n\t<meta property=\"og:image:width\" content=\"700\" \/>\n\t<meta property=\"og:image:height\" content=\"500\" \/>\n\t<meta property=\"og:image:type\" content=\"image\/jpeg\" \/>\n<meta name=\"twitter:card\" content=\"summary_large_image\" \/>\n<meta name=\"twitter:label1\" content=\"Est. reading time\" \/>\n\t<meta name=\"twitter:data1\" content=\"1 minute\" \/>\n<script type=\"application\/ld+json\" class=\"yoast-schema-graph\">{\"@context\":\"https:\\\/\\\/schema.org\",\"@graph\":[{\"@type\":\"WebPage\",\"@id\":\"https:\\\/\\\/www.ekholmnordic.se\\\/produkt\\\/ekholms-prob-hoof-balm-naturligt-hovbalsam-for-hast\\\/\",\"url\":\"https:\\\/\\\/www.ekholmnordic.se\\\/produkt\\\/ekholms-prob-hoof-balm-naturligt-hovbalsam-for-hast\\\/\",\"name\":\"PROB HOOF BALM - Ekholm Vision - PROB SERIEN\",\"isPartOf\":{\"@id\":\"https:\\\/\\\/www.ekholmnordic.se\\\/#website\"},\"primaryImageOfPage\":{\"@id\":\"https:\\\/\\\/www.ekholmnordic.se\\\/produkt\\\/ekholms-prob-hoof-balm-naturligt-hovbalsam-for-hast\\\/#primaryimage\"},\"image\":{\"@id\":\"https:\\\/\\\/www.ekholmnordic.se\\\/produkt\\\/ekholms-prob-hoof-balm-naturligt-hovbalsam-for-hast\\\/#primaryimage\"},\"thumbnailUrl\":\"https:\\\/\\\/www.ekholmnordic.se\\\/wp-content\\\/uploads\\\/2018\\\/03\\\/1.jpg\",\"datePublished\":\"2016-04-08T06:13:24+00:00\",\"dateModified\":\"2019-08-12T08:31:30+00:00\",\"breadcrumb\":{\"@id\":\"https:\\\/\\\/www.ekholmnordic.se\\\/produkt\\\/ekholms-prob-hoof-balm-naturligt-hovbalsam-for-hast\\\/#breadcrumb\"},\"inLanguage\":\"en-US\",\"potentialAction\":[{\"@type\":\"ReadAction\",\"target\":[\"https:\\\/\\\/www.ekholmnordic.se\\\/produkt\\\/ekholms-prob-hoof-balm-naturligt-hovbalsam-for-hast\\\/\"]}]},{\"@type\":\"ImageObject\",\"inLanguage\":\"en-US\",\"@id\":\"https:\\\/\\\/www.ekholmnordic.se\\\/produkt\\\/ekholms-prob-hoof-balm-naturligt-hovbalsam-for-hast\\\/#primaryimage\",\"url\":\"https:\\\/\\\/www.ekholmnordic.se\\\/wp-content\\\/uploads\\\/2018\\\/03\\\/1.jpg\",\"contentUrl\":\"https:\\\/\\\/www.ekholmnordic.se\\\/wp-content\\\/uploads\\\/2018\\\/03\\\/1.jpg\",\"width\":700,\"height\":500,\"caption\":\"Ekholms PROB Hovbalsam\"},{\"@type\":\"BreadcrumbList\",\"@id\":\"https:\\\/\\\/www.ekholmnordic.se\\\/produkt\\\/ekholms-prob-hoof-balm-naturligt-hovbalsam-for-hast\\\/#breadcrumb\",\"itemListElement\":[{\"@type\":\"ListItem\",\"position\":1,\"name\":\"Hem\",\"item\":\"https:\\\/\\\/www.ekholmnordic.se\\\/en\\\/\"},{\"@type\":\"ListItem\",\"position\":2,\"name\":\"WEBSHOP\",\"item\":\"https:\\\/\\\/www.ekholmnordic.se\\\/en\\\/webshop\\\/\"},{\"@type\":\"ListItem\",\"position\":3,\"name\":\"PROB HOOF BALM\"}]},{\"@type\":\"WebSite\",\"@id\":\"https:\\\/\\\/www.ekholmnordic.se\\\/#website\",\"url\":\"https:\\\/\\\/www.ekholmnordic.se\\\/\",\"name\":\"Ekholm Vision - PROB SERIEN\",\"description\":\"F\u00d6R EN OPTIMAL HUD OCH P\u00c4LSV\u00c5RD\",\"potentialAction\":[{\"@type\":\"SearchAction\",\"target\":{\"@type\":\"EntryPoint\",\"urlTemplate\":\"https:\\\/\\\/www.ekholmnordic.se\\\/?s={search_term_string}\"},\"query-input\":{\"@type\":\"PropertyValueSpecification\",\"valueRequired\":true,\"valueName\":\"search_term_string\"}}],\"inLanguage\":\"en-US\"}]}<\/script>\n<!-- \/ Yoast SEO plugin. -->","yoast_head_json":{"title":"PROB HOOF BALM - Ekholm Vision - PROB SERIEN","robots":{"index":"index","follow":"follow","max-snippet":"max-snippet:-1","max-image-preview":"max-image-preview:large","max-video-preview":"max-video-preview:-1"},"canonical":"https:\/\/www.ekholmnordic.se\/produkt\/ekholms-prob-hoof-balm-naturligt-hovbalsam-for-hast\/","og_locale":"en_US","og_type":"article","og_title":"PROB HOOF BALM - Ekholm Vision - PROB SERIEN","og_description":"PROB Hoof Balm repairs and prevents unnecessary head injury and keeps the hoof moisture balance and elasticity in good condition. Gives a nice shine on the hooves. Brush the whole hoof, preferably once a day or every other dag to avoid dehydration that often leads to cracks and can cause serious hoof problems. If the hoofs have the ability to ... Read More","og_url":"https:\/\/www.ekholmnordic.se\/produkt\/ekholms-prob-hoof-balm-naturligt-hovbalsam-for-hast\/","og_site_name":"Ekholm Vision - PROB SERIEN","article_modified_time":"2019-08-12T08:31:30+00:00","og_image":[{"width":700,"height":500,"url":"https:\/\/www.ekholmnordic.se\/wp-content\/uploads\/2018\/03\/1.jpg","type":"image\/jpeg"}],"twitter_card":"summary_large_image","twitter_misc":{"Est. reading time":"1 minute"},"schema":{"@context":"https:\/\/schema.org","@graph":[{"@type":"WebPage","@id":"https:\/\/www.ekholmnordic.se\/produkt\/ekholms-prob-hoof-balm-naturligt-hovbalsam-for-hast\/","url":"https:\/\/www.ekholmnordic.se\/produkt\/ekholms-prob-hoof-balm-naturligt-hovbalsam-for-hast\/","name":"PROB HOOF BALM - Ekholm Vision - PROB SERIEN","isPartOf":{"@id":"https:\/\/www.ekholmnordic.se\/#website"},"primaryImageOfPage":{"@id":"https:\/\/www.ekholmnordic.se\/produkt\/ekholms-prob-hoof-balm-naturligt-hovbalsam-for-hast\/#primaryimage"},"image":{"@id":"https:\/\/www.ekholmnordic.se\/produkt\/ekholms-prob-hoof-balm-naturligt-hovbalsam-for-hast\/#primaryimage"},"thumbnailUrl":"https:\/\/www.ekholmnordic.se\/wp-content\/uploads\/2018\/03\/1.jpg","datePublished":"2016-04-08T06:13:24+00:00","dateModified":"2019-08-12T08:31:30+00:00","breadcrumb":{"@id":"https:\/\/www.ekholmnordic.se\/produkt\/ekholms-prob-hoof-balm-naturligt-hovbalsam-for-hast\/#breadcrumb"},"inLanguage":"en-US","potentialAction":[{"@type":"ReadAction","target":["https:\/\/www.ekholmnordic.se\/produkt\/ekholms-prob-hoof-balm-naturligt-hovbalsam-for-hast\/"]}]},{"@type":"ImageObject","inLanguage":"en-US","@id":"https:\/\/www.ekholmnordic.se\/produkt\/ekholms-prob-hoof-balm-naturligt-hovbalsam-for-hast\/#primaryimage","url":"https:\/\/www.ekholmnordic.se\/wp-content\/uploads\/2018\/03\/1.jpg","contentUrl":"https:\/\/www.ekholmnordic.se\/wp-content\/uploads\/2018\/03\/1.jpg","width":700,"height":500,"caption":"Ekholms PROB Hovbalsam"},{"@type":"BreadcrumbList","@id":"https:\/\/www.ekholmnordic.se\/produkt\/ekholms-prob-hoof-balm-naturligt-hovbalsam-for-hast\/#breadcrumb","itemListElement":[{"@type":"ListItem","position":1,"name":"Hem","item":"https:\/\/www.ekholmnordic.se\/en\/"},{"@type":"ListItem","position":2,"name":"WEBSHOP","item":"https:\/\/www.ekholmnordic.se\/en\/webshop\/"},{"@type":"ListItem","position":3,"name":"PROB HOOF BALM"}]},{"@type":"WebSite","@id":"https:\/\/www.ekholmnordic.se\/#website","url":"https:\/\/www.ekholmnordic.se\/","name":"Ekholm Vision - PROB SERIEN","description":"F\u00d6R EN OPTIMAL HUD OCH P\u00c4LSV\u00c5RD","potentialAction":[{"@type":"SearchAction","target":{"@type":"EntryPoint","urlTemplate":"https:\/\/www.ekholmnordic.se\/?s={search_term_string}"},"query-input":{"@type":"PropertyValueSpecification","valueRequired":true,"valueName":"search_term_string"}}],"inLanguage":"en-US"}]}},"_links":{"self":[{"href":"https:\/\/www.ekholmnordic.se\/en\/wp-json\/wp\/v2\/product\/8841","targetHints":{"allow":["GET"]}}],"collection":[{"href":"https:\/\/www.ekholmnordic.se\/en\/wp-json\/wp\/v2\/product"}],"about":[{"href":"https:\/\/www.ekholmnordic.se\/en\/wp-json\/wp\/v2\/types\/product"}],"replies":[{"embeddable":true,"href":"https:\/\/www.ekholmnordic.se\/en\/wp-json\/wp\/v2\/comments?post=8841"}],"wp:featuredmedia":[{"embeddable":true,"href":"https:\/\/www.ekholmnordic.se\/en\/wp-json\/wp\/v2\/media\/22442"}],"wp:attachment":[{"href":"https:\/\/www.ekholmnordic.se\/en\/wp-json\/wp\/v2\/media?parent=8841"}],"wp:term":[{"taxonomy":"product_brand","embeddable":true,"href":"https:\/\/www.ekholmnordic.se\/en\/wp-json\/wp\/v2\/product_brand?post=8841"},{"taxonomy":"product_cat","embeddable":true,"href":"https:\/\/www.ekholmnordic.se\/en\/wp-json\/wp\/v2\/product_cat?post=8841"},{"taxonomy":"product_tag","embeddable":true,"href":"https:\/\/www.ekholmnordic.se\/en\/wp-json\/wp\/v2\/product_tag?post=8841"}],"curies":[{"name":"wp","href":"https:\/\/api.w.org\/{rel}","templated":true}]}}