{"id":8539,"date":"2016-04-19T13:09:31","date_gmt":"2016-04-19T11:09:31","guid":{"rendered":"https:\/\/www.ekholmnordic.se\/produkt\/prob-oil-200-ml\/"},"modified":"2023-11-13T11:37:08","modified_gmt":"2023-11-13T10:37:08","slug":"prob-oil-200-ml","status":"publish","type":"product","link":"https:\/\/www.ekholmnordic.se\/en\/produkt\/prob-oil-200-ml\/","title":{"rendered":"PROB OIL 200 ML"},"content":{"rendered":"<p>&nbsp;<\/p>\n<p><strong>PROB Oil 500 ml <\/strong><\/p>\n<p><strong>PROB Oil is an alcohol and tar-based oil for dry and irritated skin. The oil has a good effect against itching caused by insects and sun. For example, the itch can sit in the mane and the tail root. <\/strong><\/p>\n<p><strong>Can be used for most skin problems.<\/strong><\/p>\n<p><strong> \u2022 Easy to apply to the skin in thick, tight fur coat. <\/strong><\/p>\n<p><strong>\u2022 Does not clothe in fur, man, man and tail. <\/strong><\/p>\n<p><strong>\u2022 No risk of burns as it absorbs quickly.<\/strong><\/p>\n<p><strong> \u2022 With the aid of the alcohol, a drop flows into a large area.<\/strong><\/p>\n<p><strong> \u2022 Extremely fluid. Does not dry out the skin.<\/strong><\/p>\n<p><strong>HORSES In summer season, PROB Oil, PROB Shampoo and Horse DEO combine and summer is saved. <\/strong><\/p>\n<p><strong>At summertime, treatment begins a little before the itching breaks out, it is easier for all people to entertain than to work out a fully developed kinproblem. <\/strong><br \/>\n<strong>DOGS TIP: When you have picked a tick, drop a drop of PROB Oil on the point, close and disinfect the bite, preventing moisture from getting started. A common problem for many dogs. If the animal has an abnormality of moisture, the oil is superb and at home, at first symptoms, you go directly to the point with PROB Oil, and quickly and efficiently stop the attack. The oil usually scares the dog to lick and cheat, a common problem that always worsens the situation. The alcohol evaporates quickly and provides a short and fast scent for the nose, which most dogs dislike and stop licking. Also works well to stop licking at bad problems, etc. Not dangerous if the dog continues to lick!\u00a0\u00a0<\/strong><\/p>\n<p><strong>INCI: Alcohol, Water, Olea Europea, Glycerin, Pinus with more<\/strong><\/p>\n","protected":false},"excerpt":{"rendered":"<p>&nbsp; PROB Oil 500 ml PROB Oil is an alcohol and tar-based oil for dry and irritated skin. The oil has a good effect against itching caused by insects and sun. For example, the itch can sit in the mane and the tail root. Can be used for most skin problems. \u2022 Easy to apply to the skin in thick, &#8230; <a href=\"https:\/\/www.ekholmnordic.se\/en\/produkt\/prob-oil-200-ml\/\" class=\"more-link\">Read More<\/a><\/p>\n","protected":false},"featured_media":19691,"comment_status":"closed","ping_status":"closed","template":"","meta":{"_monsterinsights_skip_tracking":false,"_monsterinsights_sitenote_active":false,"_monsterinsights_sitenote_note":"","_monsterinsights_sitenote_category":0},"product_brand":[],"product_cat":[54,50],"product_tag":[],"class_list":{"0":"post-8539","1":"product","2":"type-product","3":"status-publish","4":"has-post-thumbnail","6":"product_cat-veterinary-products-en","7":"product_cat-prob-oil","10":"first","11":"instock","12":"taxable","13":"shipping-taxable","14":"purchasable","15":"product-type-simple"},"yoast_head":"<!-- This site is optimized with the Yoast SEO plugin v27.4 - https:\/\/yoast.com\/product\/yoast-seo-wordpress\/ -->\n<title>PROB OIL 200 ML - Ekholm Vision - PROB SERIEN<\/title>\n<meta name=\"robots\" content=\"index, follow, max-snippet:-1, max-image-preview:large, max-video-preview:-1\" \/>\n<link rel=\"canonical\" href=\"https:\/\/www.ekholmnordic.se\/en\/produkt\/prob-oil-200-ml\/\" \/>\n<meta property=\"og:locale\" content=\"en_US\" \/>\n<meta property=\"og:type\" content=\"article\" \/>\n<meta property=\"og:title\" content=\"PROB OIL 200 ML - Ekholm Vision - PROB SERIEN\" \/>\n<meta property=\"og:description\" content=\"&nbsp; PROB Oil 500 ml PROB Oil is an alcohol and tar-based oil for dry and irritated skin. The oil has a good effect against itching caused by insects and sun. For example, the itch can sit in the mane and the tail root. Can be used for most skin problems. \u2022 Easy to apply to the skin in thick, ... Read More\" \/>\n<meta property=\"og:url\" content=\"https:\/\/www.ekholmnordic.se\/en\/produkt\/prob-oil-200-ml\/\" \/>\n<meta property=\"og:site_name\" content=\"Ekholm Vision - PROB SERIEN\" \/>\n<meta property=\"article:modified_time\" content=\"2023-11-13T10:37:08+00:00\" \/>\n<meta property=\"og:image\" content=\"http:\/\/www.ekholmnordic.se\/wp-content\/uploads\/2016\/04\/OLJA-200-ML-LITEN.jpg\" \/>\n\t<meta property=\"og:image:width\" content=\"1204\" \/>\n\t<meta property=\"og:image:height\" content=\"2000\" \/>\n\t<meta property=\"og:image:type\" content=\"image\/jpeg\" \/>\n<meta name=\"twitter:card\" content=\"summary_large_image\" \/>\n<meta name=\"twitter:label1\" content=\"Est. reading time\" \/>\n\t<meta name=\"twitter:data1\" content=\"1 minute\" \/>\n<script type=\"application\/ld+json\" class=\"yoast-schema-graph\">{\"@context\":\"https:\\\/\\\/schema.org\",\"@graph\":[{\"@type\":\"WebPage\",\"@id\":\"https:\\\/\\\/www.ekholmnordic.se\\\/en\\\/produkt\\\/prob-oil-200-ml\\\/\",\"url\":\"https:\\\/\\\/www.ekholmnordic.se\\\/en\\\/produkt\\\/prob-oil-200-ml\\\/\",\"name\":\"PROB OIL 200 ML - Ekholm Vision - PROB SERIEN\",\"isPartOf\":{\"@id\":\"https:\\\/\\\/www.ekholmnordic.se\\\/#website\"},\"primaryImageOfPage\":{\"@id\":\"https:\\\/\\\/www.ekholmnordic.se\\\/en\\\/produkt\\\/prob-oil-200-ml\\\/#primaryimage\"},\"image\":{\"@id\":\"https:\\\/\\\/www.ekholmnordic.se\\\/en\\\/produkt\\\/prob-oil-200-ml\\\/#primaryimage\"},\"thumbnailUrl\":\"https:\\\/\\\/www.ekholmnordic.se\\\/wp-content\\\/uploads\\\/2016\\\/04\\\/OLJA-200-ML-LITEN.jpg\",\"datePublished\":\"2016-04-19T11:09:31+00:00\",\"dateModified\":\"2023-11-13T10:37:08+00:00\",\"breadcrumb\":{\"@id\":\"https:\\\/\\\/www.ekholmnordic.se\\\/en\\\/produkt\\\/prob-oil-200-ml\\\/#breadcrumb\"},\"inLanguage\":\"en-US\",\"potentialAction\":[{\"@type\":\"ReadAction\",\"target\":[\"https:\\\/\\\/www.ekholmnordic.se\\\/en\\\/produkt\\\/prob-oil-200-ml\\\/\"]}]},{\"@type\":\"ImageObject\",\"inLanguage\":\"en-US\",\"@id\":\"https:\\\/\\\/www.ekholmnordic.se\\\/en\\\/produkt\\\/prob-oil-200-ml\\\/#primaryimage\",\"url\":\"https:\\\/\\\/www.ekholmnordic.se\\\/wp-content\\\/uploads\\\/2016\\\/04\\\/OLJA-200-ML-LITEN.jpg\",\"contentUrl\":\"https:\\\/\\\/www.ekholmnordic.se\\\/wp-content\\\/uploads\\\/2016\\\/04\\\/OLJA-200-ML-LITEN.jpg\",\"width\":1204,\"height\":2000,\"caption\":\"prob olja\"},{\"@type\":\"BreadcrumbList\",\"@id\":\"https:\\\/\\\/www.ekholmnordic.se\\\/en\\\/produkt\\\/prob-oil-200-ml\\\/#breadcrumb\",\"itemListElement\":[{\"@type\":\"ListItem\",\"position\":1,\"name\":\"Hem\",\"item\":\"https:\\\/\\\/www.ekholmnordic.se\\\/en\\\/\"},{\"@type\":\"ListItem\",\"position\":2,\"name\":\"WEBSHOP\",\"item\":\"https:\\\/\\\/www.ekholmnordic.se\\\/en\\\/webshop\\\/\"},{\"@type\":\"ListItem\",\"position\":3,\"name\":\"PROB OIL 200 ML\"}]},{\"@type\":\"WebSite\",\"@id\":\"https:\\\/\\\/www.ekholmnordic.se\\\/#website\",\"url\":\"https:\\\/\\\/www.ekholmnordic.se\\\/\",\"name\":\"Ekholm Vision - PROB SERIEN\",\"description\":\"F\u00d6R EN OPTIMAL HUD OCH P\u00c4LSV\u00c5RD\",\"potentialAction\":[{\"@type\":\"SearchAction\",\"target\":{\"@type\":\"EntryPoint\",\"urlTemplate\":\"https:\\\/\\\/www.ekholmnordic.se\\\/?s={search_term_string}\"},\"query-input\":{\"@type\":\"PropertyValueSpecification\",\"valueRequired\":true,\"valueName\":\"search_term_string\"}}],\"inLanguage\":\"en-US\"}]}<\/script>\n<!-- \/ Yoast SEO plugin. -->","yoast_head_json":{"title":"PROB OIL 200 ML - Ekholm Vision - PROB SERIEN","robots":{"index":"index","follow":"follow","max-snippet":"max-snippet:-1","max-image-preview":"max-image-preview:large","max-video-preview":"max-video-preview:-1"},"canonical":"https:\/\/www.ekholmnordic.se\/en\/produkt\/prob-oil-200-ml\/","og_locale":"en_US","og_type":"article","og_title":"PROB OIL 200 ML - Ekholm Vision - PROB SERIEN","og_description":"&nbsp; PROB Oil 500 ml PROB Oil is an alcohol and tar-based oil for dry and irritated skin. The oil has a good effect against itching caused by insects and sun. For example, the itch can sit in the mane and the tail root. Can be used for most skin problems. \u2022 Easy to apply to the skin in thick, ... Read More","og_url":"https:\/\/www.ekholmnordic.se\/en\/produkt\/prob-oil-200-ml\/","og_site_name":"Ekholm Vision - PROB SERIEN","article_modified_time":"2023-11-13T10:37:08+00:00","og_image":[{"width":1204,"height":2000,"url":"http:\/\/www.ekholmnordic.se\/wp-content\/uploads\/2016\/04\/OLJA-200-ML-LITEN.jpg","type":"image\/jpeg"}],"twitter_card":"summary_large_image","twitter_misc":{"Est. reading time":"1 minute"},"schema":{"@context":"https:\/\/schema.org","@graph":[{"@type":"WebPage","@id":"https:\/\/www.ekholmnordic.se\/en\/produkt\/prob-oil-200-ml\/","url":"https:\/\/www.ekholmnordic.se\/en\/produkt\/prob-oil-200-ml\/","name":"PROB OIL 200 ML - Ekholm Vision - PROB SERIEN","isPartOf":{"@id":"https:\/\/www.ekholmnordic.se\/#website"},"primaryImageOfPage":{"@id":"https:\/\/www.ekholmnordic.se\/en\/produkt\/prob-oil-200-ml\/#primaryimage"},"image":{"@id":"https:\/\/www.ekholmnordic.se\/en\/produkt\/prob-oil-200-ml\/#primaryimage"},"thumbnailUrl":"https:\/\/www.ekholmnordic.se\/wp-content\/uploads\/2016\/04\/OLJA-200-ML-LITEN.jpg","datePublished":"2016-04-19T11:09:31+00:00","dateModified":"2023-11-13T10:37:08+00:00","breadcrumb":{"@id":"https:\/\/www.ekholmnordic.se\/en\/produkt\/prob-oil-200-ml\/#breadcrumb"},"inLanguage":"en-US","potentialAction":[{"@type":"ReadAction","target":["https:\/\/www.ekholmnordic.se\/en\/produkt\/prob-oil-200-ml\/"]}]},{"@type":"ImageObject","inLanguage":"en-US","@id":"https:\/\/www.ekholmnordic.se\/en\/produkt\/prob-oil-200-ml\/#primaryimage","url":"https:\/\/www.ekholmnordic.se\/wp-content\/uploads\/2016\/04\/OLJA-200-ML-LITEN.jpg","contentUrl":"https:\/\/www.ekholmnordic.se\/wp-content\/uploads\/2016\/04\/OLJA-200-ML-LITEN.jpg","width":1204,"height":2000,"caption":"prob olja"},{"@type":"BreadcrumbList","@id":"https:\/\/www.ekholmnordic.se\/en\/produkt\/prob-oil-200-ml\/#breadcrumb","itemListElement":[{"@type":"ListItem","position":1,"name":"Hem","item":"https:\/\/www.ekholmnordic.se\/en\/"},{"@type":"ListItem","position":2,"name":"WEBSHOP","item":"https:\/\/www.ekholmnordic.se\/en\/webshop\/"},{"@type":"ListItem","position":3,"name":"PROB OIL 200 ML"}]},{"@type":"WebSite","@id":"https:\/\/www.ekholmnordic.se\/#website","url":"https:\/\/www.ekholmnordic.se\/","name":"Ekholm Vision - PROB SERIEN","description":"F\u00d6R EN OPTIMAL HUD OCH P\u00c4LSV\u00c5RD","potentialAction":[{"@type":"SearchAction","target":{"@type":"EntryPoint","urlTemplate":"https:\/\/www.ekholmnordic.se\/?s={search_term_string}"},"query-input":{"@type":"PropertyValueSpecification","valueRequired":true,"valueName":"search_term_string"}}],"inLanguage":"en-US"}]}},"_links":{"self":[{"href":"https:\/\/www.ekholmnordic.se\/en\/wp-json\/wp\/v2\/product\/8539","targetHints":{"allow":["GET"]}}],"collection":[{"href":"https:\/\/www.ekholmnordic.se\/en\/wp-json\/wp\/v2\/product"}],"about":[{"href":"https:\/\/www.ekholmnordic.se\/en\/wp-json\/wp\/v2\/types\/product"}],"replies":[{"embeddable":true,"href":"https:\/\/www.ekholmnordic.se\/en\/wp-json\/wp\/v2\/comments?post=8539"}],"wp:featuredmedia":[{"embeddable":true,"href":"https:\/\/www.ekholmnordic.se\/en\/wp-json\/wp\/v2\/media\/19691"}],"wp:attachment":[{"href":"https:\/\/www.ekholmnordic.se\/en\/wp-json\/wp\/v2\/media?parent=8539"}],"wp:term":[{"taxonomy":"product_brand","embeddable":true,"href":"https:\/\/www.ekholmnordic.se\/en\/wp-json\/wp\/v2\/product_brand?post=8539"},{"taxonomy":"product_cat","embeddable":true,"href":"https:\/\/www.ekholmnordic.se\/en\/wp-json\/wp\/v2\/product_cat?post=8539"},{"taxonomy":"product_tag","embeddable":true,"href":"https:\/\/www.ekholmnordic.se\/en\/wp-json\/wp\/v2\/product_tag?post=8539"}],"curies":[{"name":"wp","href":"https:\/\/api.w.org\/{rel}","templated":true}]}}