{"id":8485,"date":"2016-04-24T20:32:51","date_gmt":"2016-04-24T18:32:51","guid":{"rendered":"https:\/\/www.ekholmnordic.se\/produkt\/prob-ointment-140-ml\/"},"modified":"2019-08-12T10:25:41","modified_gmt":"2019-08-12T08:25:41","slug":"prob-ointment-140-ml","status":"publish","type":"product","link":"https:\/\/www.ekholmnordic.se\/en\/produkt\/prob-ointment-140-ml\/","title":{"rendered":"PROB OINTMENT 140 ML"},"content":{"rendered":"<p><strong>PROB Ointment is pale golden brown and has a mild scent of herbs and tar. Oily ointment that absorbs slowly.<\/strong><\/p>\n<p><strong>Good for dry and sensitive skin<\/strong><\/p>\n<p>&nbsp;<\/p>\n<p><strong>The ointment resembles the paw ointment, but is softer than the PROB Pow Ointment.<\/strong><\/p>\n<p><strong>Can be safely used for puppies and pregnant animals.<\/strong><\/p>\n<p><strong>Use when needed<\/strong><\/p>\n<p>&nbsp;<\/p>\n<p>INCI: Oils, Beeswax, Wood Pine Tar with more<\/p>\n","protected":false},"excerpt":{"rendered":"<p>PROB Ointment is pale golden brown and has a mild scent of herbs and tar. Oily ointment that absorbs slowly. Good for dry and sensitive skin &nbsp; The ointment resembles the paw ointment, but is softer than the PROB Pow Ointment. Can be safely used for puppies and pregnant animals. Use when needed &nbsp; INCI: Oils, Beeswax, Wood Pine Tar &#8230; <a href=\"https:\/\/www.ekholmnordic.se\/en\/produkt\/prob-ointment-140-ml\/\" class=\"more-link\">Read More<\/a><\/p>\n","protected":false},"featured_media":797,"comment_status":"closed","ping_status":"closed","template":"","meta":{"_monsterinsights_skip_tracking":false,"_monsterinsights_sitenote_active":false,"_monsterinsights_sitenote_note":"","_monsterinsights_sitenote_category":0},"product_brand":[],"product_cat":[54],"product_tag":[],"class_list":{"0":"post-8485","1":"product","2":"type-product","3":"status-publish","4":"has-post-thumbnail","6":"product_cat-veterinary-products-en","9":"first","10":"instock","11":"taxable","12":"shipping-taxable","13":"purchasable","14":"product-type-simple"},"yoast_head":"<!-- This site is optimized with the Yoast SEO plugin v27.4 - https:\/\/yoast.com\/product\/yoast-seo-wordpress\/ -->\n<title>PROB OINTMENT 140 ML - Ekholm Vision - PROB SERIEN<\/title>\n<meta name=\"robots\" content=\"index, follow, max-snippet:-1, max-image-preview:large, max-video-preview:-1\" \/>\n<link rel=\"canonical\" href=\"https:\/\/www.ekholmnordic.se\/produkt\/prob-tjarsalva-naturlig-bivaxsalva-for-hast-hund-mjukgorande-skyddande-2\/\" \/>\n<meta property=\"og:locale\" content=\"en_US\" \/>\n<meta property=\"og:type\" content=\"article\" \/>\n<meta property=\"og:title\" content=\"PROB OINTMENT 140 ML - Ekholm Vision - PROB SERIEN\" \/>\n<meta property=\"og:description\" content=\"PROB Ointment is pale golden brown and has a mild scent of herbs and tar. Oily ointment that absorbs slowly. Good for dry and sensitive skin &nbsp; The ointment resembles the paw ointment, but is softer than the PROB Pow Ointment. Can be safely used for puppies and pregnant animals. Use when needed &nbsp; INCI: Oils, Beeswax, Wood Pine Tar ... Read More\" \/>\n<meta property=\"og:url\" content=\"https:\/\/www.ekholmnordic.se\/produkt\/prob-tjarsalva-naturlig-bivaxsalva-for-hast-hund-mjukgorande-skyddande-2\/\" \/>\n<meta property=\"og:site_name\" content=\"Ekholm Vision - PROB SERIEN\" \/>\n<meta property=\"article:modified_time\" content=\"2019-08-12T08:25:41+00:00\" \/>\n<meta property=\"og:image\" content=\"https:\/\/www.ekholmnordic.se\/wp-content\/uploads\/2016\/04\/DSC_0304-1024x680.jpg\" \/>\n\t<meta property=\"og:image:width\" content=\"1024\" \/>\n\t<meta property=\"og:image:height\" content=\"680\" \/>\n\t<meta property=\"og:image:type\" content=\"image\/jpeg\" \/>\n<meta name=\"twitter:card\" content=\"summary_large_image\" \/>\n<script type=\"application\/ld+json\" class=\"yoast-schema-graph\">{\"@context\":\"https:\\\/\\\/schema.org\",\"@graph\":[{\"@type\":\"WebPage\",\"@id\":\"https:\\\/\\\/www.ekholmnordic.se\\\/produkt\\\/prob-tjarsalva-naturlig-bivaxsalva-for-hast-hund-mjukgorande-skyddande-2\\\/\",\"url\":\"https:\\\/\\\/www.ekholmnordic.se\\\/produkt\\\/prob-tjarsalva-naturlig-bivaxsalva-for-hast-hund-mjukgorande-skyddande-2\\\/\",\"name\":\"PROB OINTMENT 140 ML - Ekholm Vision - PROB SERIEN\",\"isPartOf\":{\"@id\":\"https:\\\/\\\/www.ekholmnordic.se\\\/#website\"},\"primaryImageOfPage\":{\"@id\":\"https:\\\/\\\/www.ekholmnordic.se\\\/produkt\\\/prob-tjarsalva-naturlig-bivaxsalva-for-hast-hund-mjukgorande-skyddande-2\\\/#primaryimage\"},\"image\":{\"@id\":\"https:\\\/\\\/www.ekholmnordic.se\\\/produkt\\\/prob-tjarsalva-naturlig-bivaxsalva-for-hast-hund-mjukgorande-skyddande-2\\\/#primaryimage\"},\"thumbnailUrl\":\"https:\\\/\\\/www.ekholmnordic.se\\\/wp-content\\\/uploads\\\/2016\\\/04\\\/DSC_0304.jpg\",\"datePublished\":\"2016-04-24T18:32:51+00:00\",\"dateModified\":\"2019-08-12T08:25:41+00:00\",\"breadcrumb\":{\"@id\":\"https:\\\/\\\/www.ekholmnordic.se\\\/produkt\\\/prob-tjarsalva-naturlig-bivaxsalva-for-hast-hund-mjukgorande-skyddande-2\\\/#breadcrumb\"},\"inLanguage\":\"en-US\",\"potentialAction\":[{\"@type\":\"ReadAction\",\"target\":[\"https:\\\/\\\/www.ekholmnordic.se\\\/produkt\\\/prob-tjarsalva-naturlig-bivaxsalva-for-hast-hund-mjukgorande-skyddande-2\\\/\"]}]},{\"@type\":\"ImageObject\",\"inLanguage\":\"en-US\",\"@id\":\"https:\\\/\\\/www.ekholmnordic.se\\\/produkt\\\/prob-tjarsalva-naturlig-bivaxsalva-for-hast-hund-mjukgorande-skyddande-2\\\/#primaryimage\",\"url\":\"https:\\\/\\\/www.ekholmnordic.se\\\/wp-content\\\/uploads\\\/2016\\\/04\\\/DSC_0304.jpg\",\"contentUrl\":\"https:\\\/\\\/www.ekholmnordic.se\\\/wp-content\\\/uploads\\\/2016\\\/04\\\/DSC_0304.jpg\",\"width\":4288,\"height\":2848,\"caption\":\"tj\u00e4rsalva\"},{\"@type\":\"BreadcrumbList\",\"@id\":\"https:\\\/\\\/www.ekholmnordic.se\\\/produkt\\\/prob-tjarsalva-naturlig-bivaxsalva-for-hast-hund-mjukgorande-skyddande-2\\\/#breadcrumb\",\"itemListElement\":[{\"@type\":\"ListItem\",\"position\":1,\"name\":\"Hem\",\"item\":\"https:\\\/\\\/www.ekholmnordic.se\\\/en\\\/\"},{\"@type\":\"ListItem\",\"position\":2,\"name\":\"WEBSHOP\",\"item\":\"https:\\\/\\\/www.ekholmnordic.se\\\/en\\\/webshop\\\/\"},{\"@type\":\"ListItem\",\"position\":3,\"name\":\"PROB OINTMENT 140 ML\"}]},{\"@type\":\"WebSite\",\"@id\":\"https:\\\/\\\/www.ekholmnordic.se\\\/#website\",\"url\":\"https:\\\/\\\/www.ekholmnordic.se\\\/\",\"name\":\"Ekholm Vision - PROB SERIEN\",\"description\":\"F\u00d6R EN OPTIMAL HUD OCH P\u00c4LSV\u00c5RD\",\"potentialAction\":[{\"@type\":\"SearchAction\",\"target\":{\"@type\":\"EntryPoint\",\"urlTemplate\":\"https:\\\/\\\/www.ekholmnordic.se\\\/?s={search_term_string}\"},\"query-input\":{\"@type\":\"PropertyValueSpecification\",\"valueRequired\":true,\"valueName\":\"search_term_string\"}}],\"inLanguage\":\"en-US\"}]}<\/script>\n<!-- \/ Yoast SEO plugin. -->","yoast_head_json":{"title":"PROB OINTMENT 140 ML - Ekholm Vision - PROB SERIEN","robots":{"index":"index","follow":"follow","max-snippet":"max-snippet:-1","max-image-preview":"max-image-preview:large","max-video-preview":"max-video-preview:-1"},"canonical":"https:\/\/www.ekholmnordic.se\/produkt\/prob-tjarsalva-naturlig-bivaxsalva-for-hast-hund-mjukgorande-skyddande-2\/","og_locale":"en_US","og_type":"article","og_title":"PROB OINTMENT 140 ML - Ekholm Vision - PROB SERIEN","og_description":"PROB Ointment is pale golden brown and has a mild scent of herbs and tar. Oily ointment that absorbs slowly. Good for dry and sensitive skin &nbsp; The ointment resembles the paw ointment, but is softer than the PROB Pow Ointment. Can be safely used for puppies and pregnant animals. Use when needed &nbsp; INCI: Oils, Beeswax, Wood Pine Tar ... Read More","og_url":"https:\/\/www.ekholmnordic.se\/produkt\/prob-tjarsalva-naturlig-bivaxsalva-for-hast-hund-mjukgorande-skyddande-2\/","og_site_name":"Ekholm Vision - PROB SERIEN","article_modified_time":"2019-08-12T08:25:41+00:00","og_image":[{"width":1024,"height":680,"url":"https:\/\/www.ekholmnordic.se\/wp-content\/uploads\/2016\/04\/DSC_0304-1024x680.jpg","type":"image\/jpeg"}],"twitter_card":"summary_large_image","schema":{"@context":"https:\/\/schema.org","@graph":[{"@type":"WebPage","@id":"https:\/\/www.ekholmnordic.se\/produkt\/prob-tjarsalva-naturlig-bivaxsalva-for-hast-hund-mjukgorande-skyddande-2\/","url":"https:\/\/www.ekholmnordic.se\/produkt\/prob-tjarsalva-naturlig-bivaxsalva-for-hast-hund-mjukgorande-skyddande-2\/","name":"PROB OINTMENT 140 ML - Ekholm Vision - PROB SERIEN","isPartOf":{"@id":"https:\/\/www.ekholmnordic.se\/#website"},"primaryImageOfPage":{"@id":"https:\/\/www.ekholmnordic.se\/produkt\/prob-tjarsalva-naturlig-bivaxsalva-for-hast-hund-mjukgorande-skyddande-2\/#primaryimage"},"image":{"@id":"https:\/\/www.ekholmnordic.se\/produkt\/prob-tjarsalva-naturlig-bivaxsalva-for-hast-hund-mjukgorande-skyddande-2\/#primaryimage"},"thumbnailUrl":"https:\/\/www.ekholmnordic.se\/wp-content\/uploads\/2016\/04\/DSC_0304.jpg","datePublished":"2016-04-24T18:32:51+00:00","dateModified":"2019-08-12T08:25:41+00:00","breadcrumb":{"@id":"https:\/\/www.ekholmnordic.se\/produkt\/prob-tjarsalva-naturlig-bivaxsalva-for-hast-hund-mjukgorande-skyddande-2\/#breadcrumb"},"inLanguage":"en-US","potentialAction":[{"@type":"ReadAction","target":["https:\/\/www.ekholmnordic.se\/produkt\/prob-tjarsalva-naturlig-bivaxsalva-for-hast-hund-mjukgorande-skyddande-2\/"]}]},{"@type":"ImageObject","inLanguage":"en-US","@id":"https:\/\/www.ekholmnordic.se\/produkt\/prob-tjarsalva-naturlig-bivaxsalva-for-hast-hund-mjukgorande-skyddande-2\/#primaryimage","url":"https:\/\/www.ekholmnordic.se\/wp-content\/uploads\/2016\/04\/DSC_0304.jpg","contentUrl":"https:\/\/www.ekholmnordic.se\/wp-content\/uploads\/2016\/04\/DSC_0304.jpg","width":4288,"height":2848,"caption":"tj\u00e4rsalva"},{"@type":"BreadcrumbList","@id":"https:\/\/www.ekholmnordic.se\/produkt\/prob-tjarsalva-naturlig-bivaxsalva-for-hast-hund-mjukgorande-skyddande-2\/#breadcrumb","itemListElement":[{"@type":"ListItem","position":1,"name":"Hem","item":"https:\/\/www.ekholmnordic.se\/en\/"},{"@type":"ListItem","position":2,"name":"WEBSHOP","item":"https:\/\/www.ekholmnordic.se\/en\/webshop\/"},{"@type":"ListItem","position":3,"name":"PROB OINTMENT 140 ML"}]},{"@type":"WebSite","@id":"https:\/\/www.ekholmnordic.se\/#website","url":"https:\/\/www.ekholmnordic.se\/","name":"Ekholm Vision - PROB SERIEN","description":"F\u00d6R EN OPTIMAL HUD OCH P\u00c4LSV\u00c5RD","potentialAction":[{"@type":"SearchAction","target":{"@type":"EntryPoint","urlTemplate":"https:\/\/www.ekholmnordic.se\/?s={search_term_string}"},"query-input":{"@type":"PropertyValueSpecification","valueRequired":true,"valueName":"search_term_string"}}],"inLanguage":"en-US"}]}},"_links":{"self":[{"href":"https:\/\/www.ekholmnordic.se\/en\/wp-json\/wp\/v2\/product\/8485","targetHints":{"allow":["GET"]}}],"collection":[{"href":"https:\/\/www.ekholmnordic.se\/en\/wp-json\/wp\/v2\/product"}],"about":[{"href":"https:\/\/www.ekholmnordic.se\/en\/wp-json\/wp\/v2\/types\/product"}],"replies":[{"embeddable":true,"href":"https:\/\/www.ekholmnordic.se\/en\/wp-json\/wp\/v2\/comments?post=8485"}],"wp:featuredmedia":[{"embeddable":true,"href":"https:\/\/www.ekholmnordic.se\/en\/wp-json\/wp\/v2\/media\/797"}],"wp:attachment":[{"href":"https:\/\/www.ekholmnordic.se\/en\/wp-json\/wp\/v2\/media?parent=8485"}],"wp:term":[{"taxonomy":"product_brand","embeddable":true,"href":"https:\/\/www.ekholmnordic.se\/en\/wp-json\/wp\/v2\/product_brand?post=8485"},{"taxonomy":"product_cat","embeddable":true,"href":"https:\/\/www.ekholmnordic.se\/en\/wp-json\/wp\/v2\/product_cat?post=8485"},{"taxonomy":"product_tag","embeddable":true,"href":"https:\/\/www.ekholmnordic.se\/en\/wp-json\/wp\/v2\/product_tag?post=8485"}],"curies":[{"name":"wp","href":"https:\/\/api.w.org\/{rel}","templated":true}]}}