{"id":8470,"date":"2016-04-25T20:47:12","date_gmt":"2016-04-25T18:47:12","guid":{"rendered":"https:\/\/www.ekholmnordic.se\/produkt\/prob-deo-spray-750-ml-tar-and-lemongrass\/"},"modified":"2019-08-12T10:07:46","modified_gmt":"2019-08-12T08:07:46","slug":"prob-deo-spray-750-ml-tar-and-lemongrass","status":"publish","type":"product","link":"https:\/\/www.ekholmnordic.se\/en\/produkt\/prob-deo-spray-750-ml-tar-and-lemongrass\/","title":{"rendered":"PROB DEO SPRAY 750 ml (Tar and lemongrass)"},"content":{"rendered":"<p><strong>Provides harmony for the animals in the summer. <\/strong><\/p>\n<p><strong>PROB DEO (Tar and lemongrass) Gives horse and rider well-being with PROB Deo, non-toxic.<br \/>\nHides and keeps the horse\u2019s body fresh in all circumstances. It is an effective alternative that changes and hides the scent of the horse. <\/strong><\/p>\n<p><strong>Deon provides good for horses and riders. Also suits well to other animals. <\/strong><\/p>\n<p><strong>Available in size 750 ml pre-mixed in a spray bottle<\/strong><\/p>\n<p><strong>Instructions: Spray over the animal once a day. If the horse is afraid of spray, DEON can also be applied with a sponge. Avoid spraying in the eyes or respiratory tract.<br \/>\n<\/strong><\/p>\n<p><strong>INCI: Aqua, Etanol, Alcohol, Glycerol, Tar Pine, Cymbopogon flexuosus mm<\/strong><\/p>\n","protected":false},"excerpt":{"rendered":"<p>Provides harmony for the animals in the summer. PROB DEO (Tar and lemongrass) Gives horse and rider well-being with PROB Deo, non-toxic. Hides and keeps the horse\u2019s body fresh in all circumstances. It is an effective alternative that changes and hides the scent of the horse. Deon provides good for horses and riders. Also suits well to other animals. Available &#8230; <a href=\"https:\/\/www.ekholmnordic.se\/en\/produkt\/prob-deo-spray-750-ml-tar-and-lemongrass\/\" class=\"more-link\">Read More<\/a><\/p>\n","protected":false},"featured_media":22537,"comment_status":"closed","ping_status":"closed","template":"","meta":{"_monsterinsights_skip_tracking":false,"_monsterinsights_sitenote_active":false,"_monsterinsights_sitenote_note":"","_monsterinsights_sitenote_category":0},"product_brand":[],"product_cat":[54,49],"product_tag":[],"class_list":{"0":"post-8470","1":"product","2":"type-product","3":"status-publish","4":"has-post-thumbnail","6":"product_cat-veterinary-products-en","7":"product_cat-prob-deo-en","10":"first","11":"instock","12":"taxable","13":"shipping-taxable","14":"purchasable","15":"product-type-simple"},"yoast_head":"<!-- This site is optimized with the Yoast SEO plugin v27.6 - https:\/\/yoast.com\/product\/yoast-seo-wordpress\/ -->\n<title>PROB DEO SPRAY 750 ml (Tar and lemongrass) - Ekholm Vision - PROB SERIEN<\/title>\n<meta name=\"robots\" content=\"index, follow, max-snippet:-1, max-image-preview:large, max-video-preview:-1\" \/>\n<link rel=\"canonical\" href=\"https:\/\/www.ekholmnordic.se\/produkt\/prob-sommardeo-spray-750-ml\/\" \/>\n<meta property=\"og:locale\" content=\"en_US\" \/>\n<meta property=\"og:type\" content=\"article\" \/>\n<meta property=\"og:title\" content=\"PROB DEO SPRAY 750 ml (Tar and lemongrass) - Ekholm Vision - PROB SERIEN\" \/>\n<meta property=\"og:description\" content=\"Provides harmony for the animals in the summer. PROB DEO (Tar and lemongrass) Gives horse and rider well-being with PROB Deo, non-toxic. Hides and keeps the horse\u2019s body fresh in all circumstances. It is an effective alternative that changes and hides the scent of the horse. Deon provides good for horses and riders. Also suits well to other animals. Available ... Read More\" \/>\n<meta property=\"og:url\" content=\"https:\/\/www.ekholmnordic.se\/produkt\/prob-sommardeo-spray-750-ml\/\" \/>\n<meta property=\"og:site_name\" content=\"Ekholm Vision - PROB SERIEN\" \/>\n<meta property=\"article:modified_time\" content=\"2019-08-12T08:07:46+00:00\" \/>\n<meta property=\"og:image\" content=\"http:\/\/www.ekholmnordic.se\/wp-content\/uploads\/2018\/03\/6.jpg\" \/>\n\t<meta property=\"og:image:width\" content=\"700\" \/>\n\t<meta property=\"og:image:height\" content=\"500\" \/>\n\t<meta property=\"og:image:type\" content=\"image\/jpeg\" \/>\n<meta name=\"twitter:card\" content=\"summary_large_image\" \/>\n<meta name=\"twitter:label1\" content=\"Est. reading time\" \/>\n\t<meta name=\"twitter:data1\" content=\"1 minute\" \/>\n<script type=\"application\/ld+json\" class=\"yoast-schema-graph\">{\"@context\":\"https:\\\/\\\/schema.org\",\"@graph\":[{\"@type\":\"WebPage\",\"@id\":\"https:\\\/\\\/www.ekholmnordic.se\\\/produkt\\\/prob-sommardeo-spray-750-ml\\\/\",\"url\":\"https:\\\/\\\/www.ekholmnordic.se\\\/produkt\\\/prob-sommardeo-spray-750-ml\\\/\",\"name\":\"PROB DEO SPRAY 750 ml (Tar and lemongrass) - Ekholm Vision - PROB SERIEN\",\"isPartOf\":{\"@id\":\"https:\\\/\\\/www.ekholmnordic.se\\\/#website\"},\"primaryImageOfPage\":{\"@id\":\"https:\\\/\\\/www.ekholmnordic.se\\\/produkt\\\/prob-sommardeo-spray-750-ml\\\/#primaryimage\"},\"image\":{\"@id\":\"https:\\\/\\\/www.ekholmnordic.se\\\/produkt\\\/prob-sommardeo-spray-750-ml\\\/#primaryimage\"},\"thumbnailUrl\":\"https:\\\/\\\/www.ekholmnordic.se\\\/wp-content\\\/uploads\\\/2018\\\/03\\\/6.jpg\",\"datePublished\":\"2016-04-25T18:47:12+00:00\",\"dateModified\":\"2019-08-12T08:07:46+00:00\",\"breadcrumb\":{\"@id\":\"https:\\\/\\\/www.ekholmnordic.se\\\/produkt\\\/prob-sommardeo-spray-750-ml\\\/#breadcrumb\"},\"inLanguage\":\"en-US\",\"potentialAction\":[{\"@type\":\"ReadAction\",\"target\":[\"https:\\\/\\\/www.ekholmnordic.se\\\/produkt\\\/prob-sommardeo-spray-750-ml\\\/\"]}]},{\"@type\":\"ImageObject\",\"inLanguage\":\"en-US\",\"@id\":\"https:\\\/\\\/www.ekholmnordic.se\\\/produkt\\\/prob-sommardeo-spray-750-ml\\\/#primaryimage\",\"url\":\"https:\\\/\\\/www.ekholmnordic.se\\\/wp-content\\\/uploads\\\/2018\\\/03\\\/6.jpg\",\"contentUrl\":\"https:\\\/\\\/www.ekholmnordic.se\\\/wp-content\\\/uploads\\\/2018\\\/03\\\/6.jpg\",\"width\":700,\"height\":500,\"caption\":\"sommardeo talltj\u00e4ra\"},{\"@type\":\"BreadcrumbList\",\"@id\":\"https:\\\/\\\/www.ekholmnordic.se\\\/produkt\\\/prob-sommardeo-spray-750-ml\\\/#breadcrumb\",\"itemListElement\":[{\"@type\":\"ListItem\",\"position\":1,\"name\":\"Hem\",\"item\":\"https:\\\/\\\/www.ekholmnordic.se\\\/en\\\/\"},{\"@type\":\"ListItem\",\"position\":2,\"name\":\"WEBSHOP\",\"item\":\"https:\\\/\\\/www.ekholmnordic.se\\\/en\\\/webshop\\\/\"},{\"@type\":\"ListItem\",\"position\":3,\"name\":\"PROB DEO SPRAY 750 ml (Tar and lemongrass)\"}]},{\"@type\":\"WebSite\",\"@id\":\"https:\\\/\\\/www.ekholmnordic.se\\\/#website\",\"url\":\"https:\\\/\\\/www.ekholmnordic.se\\\/\",\"name\":\"Ekholm Vision - PROB SERIEN\",\"description\":\"F\u00d6R EN OPTIMAL HUD OCH P\u00c4LSV\u00c5RD\",\"potentialAction\":[{\"@type\":\"SearchAction\",\"target\":{\"@type\":\"EntryPoint\",\"urlTemplate\":\"https:\\\/\\\/www.ekholmnordic.se\\\/?s={search_term_string}\"},\"query-input\":{\"@type\":\"PropertyValueSpecification\",\"valueRequired\":true,\"valueName\":\"search_term_string\"}}],\"inLanguage\":\"en-US\"}]}<\/script>\n<!-- \/ Yoast SEO plugin. -->","yoast_head_json":{"title":"PROB DEO SPRAY 750 ml (Tar and lemongrass) - Ekholm Vision - PROB SERIEN","robots":{"index":"index","follow":"follow","max-snippet":"max-snippet:-1","max-image-preview":"max-image-preview:large","max-video-preview":"max-video-preview:-1"},"canonical":"https:\/\/www.ekholmnordic.se\/produkt\/prob-sommardeo-spray-750-ml\/","og_locale":"en_US","og_type":"article","og_title":"PROB DEO SPRAY 750 ml (Tar and lemongrass) - Ekholm Vision - PROB SERIEN","og_description":"Provides harmony for the animals in the summer. PROB DEO (Tar and lemongrass) Gives horse and rider well-being with PROB Deo, non-toxic. Hides and keeps the horse\u2019s body fresh in all circumstances. It is an effective alternative that changes and hides the scent of the horse. Deon provides good for horses and riders. Also suits well to other animals. Available ... Read More","og_url":"https:\/\/www.ekholmnordic.se\/produkt\/prob-sommardeo-spray-750-ml\/","og_site_name":"Ekholm Vision - PROB SERIEN","article_modified_time":"2019-08-12T08:07:46+00:00","og_image":[{"width":700,"height":500,"url":"http:\/\/www.ekholmnordic.se\/wp-content\/uploads\/2018\/03\/6.jpg","type":"image\/jpeg"}],"twitter_card":"summary_large_image","twitter_misc":{"Est. reading time":"1 minute"},"schema":{"@context":"https:\/\/schema.org","@graph":[{"@type":"WebPage","@id":"https:\/\/www.ekholmnordic.se\/produkt\/prob-sommardeo-spray-750-ml\/","url":"https:\/\/www.ekholmnordic.se\/produkt\/prob-sommardeo-spray-750-ml\/","name":"PROB DEO SPRAY 750 ml (Tar and lemongrass) - Ekholm Vision - PROB SERIEN","isPartOf":{"@id":"https:\/\/www.ekholmnordic.se\/#website"},"primaryImageOfPage":{"@id":"https:\/\/www.ekholmnordic.se\/produkt\/prob-sommardeo-spray-750-ml\/#primaryimage"},"image":{"@id":"https:\/\/www.ekholmnordic.se\/produkt\/prob-sommardeo-spray-750-ml\/#primaryimage"},"thumbnailUrl":"https:\/\/www.ekholmnordic.se\/wp-content\/uploads\/2018\/03\/6.jpg","datePublished":"2016-04-25T18:47:12+00:00","dateModified":"2019-08-12T08:07:46+00:00","breadcrumb":{"@id":"https:\/\/www.ekholmnordic.se\/produkt\/prob-sommardeo-spray-750-ml\/#breadcrumb"},"inLanguage":"en-US","potentialAction":[{"@type":"ReadAction","target":["https:\/\/www.ekholmnordic.se\/produkt\/prob-sommardeo-spray-750-ml\/"]}]},{"@type":"ImageObject","inLanguage":"en-US","@id":"https:\/\/www.ekholmnordic.se\/produkt\/prob-sommardeo-spray-750-ml\/#primaryimage","url":"https:\/\/www.ekholmnordic.se\/wp-content\/uploads\/2018\/03\/6.jpg","contentUrl":"https:\/\/www.ekholmnordic.se\/wp-content\/uploads\/2018\/03\/6.jpg","width":700,"height":500,"caption":"sommardeo talltj\u00e4ra"},{"@type":"BreadcrumbList","@id":"https:\/\/www.ekholmnordic.se\/produkt\/prob-sommardeo-spray-750-ml\/#breadcrumb","itemListElement":[{"@type":"ListItem","position":1,"name":"Hem","item":"https:\/\/www.ekholmnordic.se\/en\/"},{"@type":"ListItem","position":2,"name":"WEBSHOP","item":"https:\/\/www.ekholmnordic.se\/en\/webshop\/"},{"@type":"ListItem","position":3,"name":"PROB DEO SPRAY 750 ml (Tar and lemongrass)"}]},{"@type":"WebSite","@id":"https:\/\/www.ekholmnordic.se\/#website","url":"https:\/\/www.ekholmnordic.se\/","name":"Ekholm Vision - PROB SERIEN","description":"F\u00d6R EN OPTIMAL HUD OCH P\u00c4LSV\u00c5RD","potentialAction":[{"@type":"SearchAction","target":{"@type":"EntryPoint","urlTemplate":"https:\/\/www.ekholmnordic.se\/?s={search_term_string}"},"query-input":{"@type":"PropertyValueSpecification","valueRequired":true,"valueName":"search_term_string"}}],"inLanguage":"en-US"}]}},"_links":{"self":[{"href":"https:\/\/www.ekholmnordic.se\/en\/wp-json\/wp\/v2\/product\/8470","targetHints":{"allow":["GET"]}}],"collection":[{"href":"https:\/\/www.ekholmnordic.se\/en\/wp-json\/wp\/v2\/product"}],"about":[{"href":"https:\/\/www.ekholmnordic.se\/en\/wp-json\/wp\/v2\/types\/product"}],"replies":[{"embeddable":true,"href":"https:\/\/www.ekholmnordic.se\/en\/wp-json\/wp\/v2\/comments?post=8470"}],"wp:featuredmedia":[{"embeddable":true,"href":"https:\/\/www.ekholmnordic.se\/en\/wp-json\/wp\/v2\/media\/22537"}],"wp:attachment":[{"href":"https:\/\/www.ekholmnordic.se\/en\/wp-json\/wp\/v2\/media?parent=8470"}],"wp:term":[{"taxonomy":"product_brand","embeddable":true,"href":"https:\/\/www.ekholmnordic.se\/en\/wp-json\/wp\/v2\/product_brand?post=8470"},{"taxonomy":"product_cat","embeddable":true,"href":"https:\/\/www.ekholmnordic.se\/en\/wp-json\/wp\/v2\/product_cat?post=8470"},{"taxonomy":"product_tag","embeddable":true,"href":"https:\/\/www.ekholmnordic.se\/en\/wp-json\/wp\/v2\/product_tag?post=8470"}],"curies":[{"name":"wp","href":"https:\/\/api.w.org\/{rel}","templated":true}]}}