{"id":8456,"date":"2016-04-25T12:19:16","date_gmt":"2016-04-25T10:19:16","guid":{"rendered":"https:\/\/www.ekholmnordic.se\/produkt\/prob-creame-300-ml\/"},"modified":"2019-08-12T10:23:01","modified_gmt":"2019-08-12T08:23:01","slug":"prob-creame-300-ml","status":"publish","type":"product","link":"https:\/\/www.ekholmnordic.se\/en\/produkt\/prob-creame-300-ml\/","title":{"rendered":"PROB CREAME 300 ML"},"content":{"rendered":"<p><strong>The Cream is a moisturizing cream for extra dry, sensitive and irritated skin.<\/strong><br \/>\n<strong>It absorbs quickly into the skin.<\/strong><\/p>\n<p><strong>Can also be used for puppies and pregnant animals.<\/strong><\/p>\n<p><strong>Used when needed<\/strong><\/p>\n<p><strong>INCI: Aqua, Carthamus Tinctorius Seed Oil, Sodium, Stearoyl Lactylate, Glyceryl Stearate, Cetyl Alcohol,Pine wood tar Urea, Phenoxyglycerin<\/strong><\/p>\n","protected":false},"excerpt":{"rendered":"<p>The Cream is a moisturizing cream for extra dry, sensitive and irritated skin. It absorbs quickly into the skin. Can also be used for puppies and pregnant animals. Used when needed INCI: Aqua, Carthamus Tinctorius Seed Oil, Sodium, Stearoyl Lactylate, Glyceryl Stearate, Cetyl Alcohol,Pine wood tar Urea, Phenoxyglycerin<\/p>\n","protected":false},"featured_media":704,"comment_status":"closed","ping_status":"closed","template":"","meta":{"_monsterinsights_skip_tracking":false,"_monsterinsights_sitenote_active":false,"_monsterinsights_sitenote_note":"","_monsterinsights_sitenote_category":0},"product_brand":[],"product_cat":[54,51],"product_tag":[],"class_list":{"0":"post-8456","1":"product","2":"type-product","3":"status-publish","4":"has-post-thumbnail","6":"product_cat-veterinary-products-en","7":"product_cat-prob-ointmentcreame","10":"first","11":"outofstock","12":"taxable","13":"shipping-taxable","14":"purchasable","15":"product-type-simple"},"yoast_head":"<!-- This site is optimized with the Yoast SEO plugin v27.4 - https:\/\/yoast.com\/product\/yoast-seo-wordpress\/ -->\n<title>PROB CREAME 300 ML - Ekholm Vision - PROB SERIEN<\/title>\n<meta name=\"robots\" content=\"index, follow, max-snippet:-1, max-image-preview:large, max-video-preview:-1\" \/>\n<link rel=\"canonical\" href=\"https:\/\/www.ekholmnordic.se\/en\/produkt\/prob-creame-300-ml\/\" \/>\n<meta property=\"og:locale\" content=\"en_US\" \/>\n<meta property=\"og:type\" content=\"article\" \/>\n<meta property=\"og:title\" content=\"PROB CREAME 300 ML - Ekholm Vision - PROB SERIEN\" \/>\n<meta property=\"og:description\" content=\"The Cream is a moisturizing cream for extra dry, sensitive and irritated skin. It absorbs quickly into the skin. Can also be used for puppies and pregnant animals. Used when needed INCI: Aqua, Carthamus Tinctorius Seed Oil, Sodium, Stearoyl Lactylate, Glyceryl Stearate, Cetyl Alcohol,Pine wood tar Urea, Phenoxyglycerin\" \/>\n<meta property=\"og:url\" content=\"https:\/\/www.ekholmnordic.se\/en\/produkt\/prob-creame-300-ml\/\" \/>\n<meta property=\"og:site_name\" content=\"Ekholm Vision - PROB SERIEN\" \/>\n<meta property=\"article:modified_time\" content=\"2019-08-12T08:23:01+00:00\" \/>\n<meta property=\"og:image\" content=\"https:\/\/www.ekholmnordic.se\/wp-content\/uploads\/2016\/04\/DSC_0252-1024x680.jpg\" \/>\n\t<meta property=\"og:image:width\" content=\"1024\" \/>\n\t<meta property=\"og:image:height\" content=\"680\" \/>\n\t<meta property=\"og:image:type\" content=\"image\/jpeg\" \/>\n<meta name=\"twitter:card\" content=\"summary_large_image\" \/>\n<script type=\"application\/ld+json\" class=\"yoast-schema-graph\">{\"@context\":\"https:\\\/\\\/schema.org\",\"@graph\":[{\"@type\":\"WebPage\",\"@id\":\"https:\\\/\\\/www.ekholmnordic.se\\\/en\\\/produkt\\\/prob-creame-300-ml\\\/\",\"url\":\"https:\\\/\\\/www.ekholmnordic.se\\\/en\\\/produkt\\\/prob-creame-300-ml\\\/\",\"name\":\"PROB CREAME 300 ML - Ekholm Vision - PROB SERIEN\",\"isPartOf\":{\"@id\":\"https:\\\/\\\/www.ekholmnordic.se\\\/#website\"},\"primaryImageOfPage\":{\"@id\":\"https:\\\/\\\/www.ekholmnordic.se\\\/en\\\/produkt\\\/prob-creame-300-ml\\\/#primaryimage\"},\"image\":{\"@id\":\"https:\\\/\\\/www.ekholmnordic.se\\\/en\\\/produkt\\\/prob-creame-300-ml\\\/#primaryimage\"},\"thumbnailUrl\":\"https:\\\/\\\/www.ekholmnordic.se\\\/wp-content\\\/uploads\\\/2016\\\/04\\\/DSC_0252.jpg\",\"datePublished\":\"2016-04-25T10:19:16+00:00\",\"dateModified\":\"2019-08-12T08:23:01+00:00\",\"breadcrumb\":{\"@id\":\"https:\\\/\\\/www.ekholmnordic.se\\\/en\\\/produkt\\\/prob-creame-300-ml\\\/#breadcrumb\"},\"inLanguage\":\"en-US\",\"potentialAction\":[{\"@type\":\"ReadAction\",\"target\":[\"https:\\\/\\\/www.ekholmnordic.se\\\/en\\\/produkt\\\/prob-creame-300-ml\\\/\"]}]},{\"@type\":\"ImageObject\",\"inLanguage\":\"en-US\",\"@id\":\"https:\\\/\\\/www.ekholmnordic.se\\\/en\\\/produkt\\\/prob-creame-300-ml\\\/#primaryimage\",\"url\":\"https:\\\/\\\/www.ekholmnordic.se\\\/wp-content\\\/uploads\\\/2016\\\/04\\\/DSC_0252.jpg\",\"contentUrl\":\"https:\\\/\\\/www.ekholmnordic.se\\\/wp-content\\\/uploads\\\/2016\\\/04\\\/DSC_0252.jpg\",\"width\":4288,\"height\":2848},{\"@type\":\"BreadcrumbList\",\"@id\":\"https:\\\/\\\/www.ekholmnordic.se\\\/en\\\/produkt\\\/prob-creame-300-ml\\\/#breadcrumb\",\"itemListElement\":[{\"@type\":\"ListItem\",\"position\":1,\"name\":\"Hem\",\"item\":\"https:\\\/\\\/www.ekholmnordic.se\\\/en\\\/\"},{\"@type\":\"ListItem\",\"position\":2,\"name\":\"WEBSHOP\",\"item\":\"https:\\\/\\\/www.ekholmnordic.se\\\/en\\\/webshop\\\/\"},{\"@type\":\"ListItem\",\"position\":3,\"name\":\"PROB CREAME 300 ML\"}]},{\"@type\":\"WebSite\",\"@id\":\"https:\\\/\\\/www.ekholmnordic.se\\\/#website\",\"url\":\"https:\\\/\\\/www.ekholmnordic.se\\\/\",\"name\":\"Ekholm Vision - PROB SERIEN\",\"description\":\"F\u00d6R EN OPTIMAL HUD OCH P\u00c4LSV\u00c5RD\",\"potentialAction\":[{\"@type\":\"SearchAction\",\"target\":{\"@type\":\"EntryPoint\",\"urlTemplate\":\"https:\\\/\\\/www.ekholmnordic.se\\\/?s={search_term_string}\"},\"query-input\":{\"@type\":\"PropertyValueSpecification\",\"valueRequired\":true,\"valueName\":\"search_term_string\"}}],\"inLanguage\":\"en-US\"}]}<\/script>\n<!-- \/ Yoast SEO plugin. -->","yoast_head_json":{"title":"PROB CREAME 300 ML - Ekholm Vision - PROB SERIEN","robots":{"index":"index","follow":"follow","max-snippet":"max-snippet:-1","max-image-preview":"max-image-preview:large","max-video-preview":"max-video-preview:-1"},"canonical":"https:\/\/www.ekholmnordic.se\/en\/produkt\/prob-creame-300-ml\/","og_locale":"en_US","og_type":"article","og_title":"PROB CREAME 300 ML - Ekholm Vision - PROB SERIEN","og_description":"The Cream is a moisturizing cream for extra dry, sensitive and irritated skin. It absorbs quickly into the skin. Can also be used for puppies and pregnant animals. Used when needed INCI: Aqua, Carthamus Tinctorius Seed Oil, Sodium, Stearoyl Lactylate, Glyceryl Stearate, Cetyl Alcohol,Pine wood tar Urea, Phenoxyglycerin","og_url":"https:\/\/www.ekholmnordic.se\/en\/produkt\/prob-creame-300-ml\/","og_site_name":"Ekholm Vision - PROB SERIEN","article_modified_time":"2019-08-12T08:23:01+00:00","og_image":[{"width":1024,"height":680,"url":"https:\/\/www.ekholmnordic.se\/wp-content\/uploads\/2016\/04\/DSC_0252-1024x680.jpg","type":"image\/jpeg"}],"twitter_card":"summary_large_image","schema":{"@context":"https:\/\/schema.org","@graph":[{"@type":"WebPage","@id":"https:\/\/www.ekholmnordic.se\/en\/produkt\/prob-creame-300-ml\/","url":"https:\/\/www.ekholmnordic.se\/en\/produkt\/prob-creame-300-ml\/","name":"PROB CREAME 300 ML - Ekholm Vision - PROB SERIEN","isPartOf":{"@id":"https:\/\/www.ekholmnordic.se\/#website"},"primaryImageOfPage":{"@id":"https:\/\/www.ekholmnordic.se\/en\/produkt\/prob-creame-300-ml\/#primaryimage"},"image":{"@id":"https:\/\/www.ekholmnordic.se\/en\/produkt\/prob-creame-300-ml\/#primaryimage"},"thumbnailUrl":"https:\/\/www.ekholmnordic.se\/wp-content\/uploads\/2016\/04\/DSC_0252.jpg","datePublished":"2016-04-25T10:19:16+00:00","dateModified":"2019-08-12T08:23:01+00:00","breadcrumb":{"@id":"https:\/\/www.ekholmnordic.se\/en\/produkt\/prob-creame-300-ml\/#breadcrumb"},"inLanguage":"en-US","potentialAction":[{"@type":"ReadAction","target":["https:\/\/www.ekholmnordic.se\/en\/produkt\/prob-creame-300-ml\/"]}]},{"@type":"ImageObject","inLanguage":"en-US","@id":"https:\/\/www.ekholmnordic.se\/en\/produkt\/prob-creame-300-ml\/#primaryimage","url":"https:\/\/www.ekholmnordic.se\/wp-content\/uploads\/2016\/04\/DSC_0252.jpg","contentUrl":"https:\/\/www.ekholmnordic.se\/wp-content\/uploads\/2016\/04\/DSC_0252.jpg","width":4288,"height":2848},{"@type":"BreadcrumbList","@id":"https:\/\/www.ekholmnordic.se\/en\/produkt\/prob-creame-300-ml\/#breadcrumb","itemListElement":[{"@type":"ListItem","position":1,"name":"Hem","item":"https:\/\/www.ekholmnordic.se\/en\/"},{"@type":"ListItem","position":2,"name":"WEBSHOP","item":"https:\/\/www.ekholmnordic.se\/en\/webshop\/"},{"@type":"ListItem","position":3,"name":"PROB CREAME 300 ML"}]},{"@type":"WebSite","@id":"https:\/\/www.ekholmnordic.se\/#website","url":"https:\/\/www.ekholmnordic.se\/","name":"Ekholm Vision - PROB SERIEN","description":"F\u00d6R EN OPTIMAL HUD OCH P\u00c4LSV\u00c5RD","potentialAction":[{"@type":"SearchAction","target":{"@type":"EntryPoint","urlTemplate":"https:\/\/www.ekholmnordic.se\/?s={search_term_string}"},"query-input":{"@type":"PropertyValueSpecification","valueRequired":true,"valueName":"search_term_string"}}],"inLanguage":"en-US"}]}},"_links":{"self":[{"href":"https:\/\/www.ekholmnordic.se\/en\/wp-json\/wp\/v2\/product\/8456","targetHints":{"allow":["GET"]}}],"collection":[{"href":"https:\/\/www.ekholmnordic.se\/en\/wp-json\/wp\/v2\/product"}],"about":[{"href":"https:\/\/www.ekholmnordic.se\/en\/wp-json\/wp\/v2\/types\/product"}],"replies":[{"embeddable":true,"href":"https:\/\/www.ekholmnordic.se\/en\/wp-json\/wp\/v2\/comments?post=8456"}],"wp:featuredmedia":[{"embeddable":true,"href":"https:\/\/www.ekholmnordic.se\/en\/wp-json\/wp\/v2\/media\/704"}],"wp:attachment":[{"href":"https:\/\/www.ekholmnordic.se\/en\/wp-json\/wp\/v2\/media?parent=8456"}],"wp:term":[{"taxonomy":"product_brand","embeddable":true,"href":"https:\/\/www.ekholmnordic.se\/en\/wp-json\/wp\/v2\/product_brand?post=8456"},{"taxonomy":"product_cat","embeddable":true,"href":"https:\/\/www.ekholmnordic.se\/en\/wp-json\/wp\/v2\/product_cat?post=8456"},{"taxonomy":"product_tag","embeddable":true,"href":"https:\/\/www.ekholmnordic.se\/en\/wp-json\/wp\/v2\/product_tag?post=8456"}],"curies":[{"name":"wp","href":"https:\/\/api.w.org\/{rel}","templated":true}]}}