{"id":4153,"date":"2016-06-16T23:18:42","date_gmt":"2018-02-16T19:02:30","guid":{"rendered":"http:\/\/www.ekholmnordic.se\/?post_type=product&#038;p=4153\/"},"modified":"2019-09-23T13:09:14","modified_gmt":"2019-09-23T11:09:14","slug":"prob-furshine","status":"publish","type":"product","link":"https:\/\/www.ekholmnordic.se\/en\/produkt\/prob-furshine\/","title":{"rendered":"PROB FURSHINE"},"content":{"rendered":"<p>Provides the highest possible gloss, also contains Aloe Vera, Vitamin and Silk Protein.<\/p>\n<p>Aloe Vera, Vitamin and Silk-based coat gels that contain minimal silicone and provide high gloss. Silk and Silicon effectively dirt so it does not get stuck in the fur.<br \/>\nAvoid soft curly fur, Spray Conditioner is much safer and better.<\/p>\n<p>INCI Name: Stearamidopropyl Dimethylamine, Tocopherol (Vitamin E), Cetyl Alcohol, Simmondsia Chinensis, Olea Europaea, Panthenol, Aloe Vera, Silk Amino Acid, Silicon Oil, Phenoxyethanol, Caprylyl Glycerol<br \/>\n.<br \/>\nNow also in 200ml, finger spray, lightly perfumed<br \/>\nAvailable in 200 ml, 500 ml and 2.5 liter<\/p>\n","protected":false},"excerpt":{"rendered":"<div>\n<p class=\"price\">\n<\/div>\n<div>\n<h6 id=\"tw-target-text\" class=\"tw-data-text tw-ta tw-text-small\" data-placeholder=\"\u00d6vers\u00e4ttning\"><span lang=\"en\">Provides the highest possible gloss, also contains Aloe Vera, Vitamin and Silk Protein.<\/span><\/h6>\n<\/div>\n","protected":false},"featured_media":22765,"comment_status":"closed","ping_status":"closed","template":"","meta":{"_monsterinsights_skip_tracking":false,"_monsterinsights_sitenote_active":false,"_monsterinsights_sitenote_note":"","_monsterinsights_sitenote_category":0},"product_brand":[],"product_cat":[54,53],"product_tag":[],"class_list":{"0":"post-4153","1":"product","2":"type-product","3":"status-publish","4":"has-post-thumbnail","6":"product_cat-veterinary-products-en","7":"product_cat-grooming","10":"first","11":"outofstock","12":"taxable","13":"shipping-taxable","14":"purchasable","15":"product-type-simple"},"yoast_head":"<!-- This site is optimized with the Yoast SEO plugin v27.6 - https:\/\/yoast.com\/product\/yoast-seo-wordpress\/ -->\n<title>PROB FURSHINE - Ekholm Vision - PROB SERIEN<\/title>\n<meta name=\"robots\" content=\"index, follow, max-snippet:-1, max-image-preview:large, max-video-preview:-1\" \/>\n<link rel=\"canonical\" href=\"https:\/\/www.ekholmnordic.se\/en\/produkt\/prob-furshine\/\" \/>\n<meta property=\"og:locale\" content=\"en_US\" \/>\n<meta property=\"og:type\" content=\"article\" \/>\n<meta property=\"og:title\" content=\"PROB FURSHINE - Ekholm Vision - PROB SERIEN\" \/>\n<meta property=\"og:description\" content=\"Provides the highest possible gloss, also contains Aloe Vera, Vitamin and Silk Protein.\" \/>\n<meta property=\"og:url\" content=\"https:\/\/www.ekholmnordic.se\/en\/produkt\/prob-furshine\/\" \/>\n<meta property=\"og:site_name\" content=\"Ekholm Vision - PROB SERIEN\" \/>\n<meta property=\"article:modified_time\" content=\"2019-09-23T11:09:14+00:00\" \/>\n<meta property=\"og:image\" content=\"https:\/\/www.ekholmnordic.se\/wp-content\/uploads\/2018\/03\/18.jpg\" \/>\n\t<meta property=\"og:image:width\" content=\"700\" \/>\n\t<meta property=\"og:image:height\" content=\"500\" \/>\n\t<meta property=\"og:image:type\" content=\"image\/jpeg\" \/>\n<meta name=\"twitter:card\" content=\"summary_large_image\" \/>\n<script type=\"application\/ld+json\" class=\"yoast-schema-graph\">{\"@context\":\"https:\\\/\\\/schema.org\",\"@graph\":[{\"@type\":\"WebPage\",\"@id\":\"https:\\\/\\\/www.ekholmnordic.se\\\/en\\\/produkt\\\/prob-furshine\\\/\",\"url\":\"https:\\\/\\\/www.ekholmnordic.se\\\/en\\\/produkt\\\/prob-furshine\\\/\",\"name\":\"PROB FURSHINE - Ekholm Vision - PROB SERIEN\",\"isPartOf\":{\"@id\":\"https:\\\/\\\/www.ekholmnordic.se\\\/#website\"},\"primaryImageOfPage\":{\"@id\":\"https:\\\/\\\/www.ekholmnordic.se\\\/en\\\/produkt\\\/prob-furshine\\\/#primaryimage\"},\"image\":{\"@id\":\"https:\\\/\\\/www.ekholmnordic.se\\\/en\\\/produkt\\\/prob-furshine\\\/#primaryimage\"},\"thumbnailUrl\":\"https:\\\/\\\/www.ekholmnordic.se\\\/wp-content\\\/uploads\\\/2018\\\/03\\\/18.jpg\",\"datePublished\":\"2018-02-16T19:02:30+00:00\",\"dateModified\":\"2019-09-23T11:09:14+00:00\",\"breadcrumb\":{\"@id\":\"https:\\\/\\\/www.ekholmnordic.se\\\/en\\\/produkt\\\/prob-furshine\\\/#breadcrumb\"},\"inLanguage\":\"en-US\",\"potentialAction\":[{\"@type\":\"ReadAction\",\"target\":[\"https:\\\/\\\/www.ekholmnordic.se\\\/en\\\/produkt\\\/prob-furshine\\\/\"]}]},{\"@type\":\"ImageObject\",\"inLanguage\":\"en-US\",\"@id\":\"https:\\\/\\\/www.ekholmnordic.se\\\/en\\\/produkt\\\/prob-furshine\\\/#primaryimage\",\"url\":\"https:\\\/\\\/www.ekholmnordic.se\\\/wp-content\\\/uploads\\\/2018\\\/03\\\/18.jpg\",\"contentUrl\":\"https:\\\/\\\/www.ekholmnordic.se\\\/wp-content\\\/uploads\\\/2018\\\/03\\\/18.jpg\",\"width\":700,\"height\":500},{\"@type\":\"BreadcrumbList\",\"@id\":\"https:\\\/\\\/www.ekholmnordic.se\\\/en\\\/produkt\\\/prob-furshine\\\/#breadcrumb\",\"itemListElement\":[{\"@type\":\"ListItem\",\"position\":1,\"name\":\"Hem\",\"item\":\"https:\\\/\\\/www.ekholmnordic.se\\\/en\\\/\"},{\"@type\":\"ListItem\",\"position\":2,\"name\":\"WEBSHOP\",\"item\":\"https:\\\/\\\/www.ekholmnordic.se\\\/en\\\/webshop\\\/\"},{\"@type\":\"ListItem\",\"position\":3,\"name\":\"PROB FURSHINE\"}]},{\"@type\":\"WebSite\",\"@id\":\"https:\\\/\\\/www.ekholmnordic.se\\\/#website\",\"url\":\"https:\\\/\\\/www.ekholmnordic.se\\\/\",\"name\":\"Ekholm Vision - PROB SERIEN\",\"description\":\"F\u00d6R EN OPTIMAL HUD OCH P\u00c4LSV\u00c5RD\",\"potentialAction\":[{\"@type\":\"SearchAction\",\"target\":{\"@type\":\"EntryPoint\",\"urlTemplate\":\"https:\\\/\\\/www.ekholmnordic.se\\\/?s={search_term_string}\"},\"query-input\":{\"@type\":\"PropertyValueSpecification\",\"valueRequired\":true,\"valueName\":\"search_term_string\"}}],\"inLanguage\":\"en-US\"}]}<\/script>\n<!-- \/ Yoast SEO plugin. -->","yoast_head_json":{"title":"PROB FURSHINE - Ekholm Vision - PROB SERIEN","robots":{"index":"index","follow":"follow","max-snippet":"max-snippet:-1","max-image-preview":"max-image-preview:large","max-video-preview":"max-video-preview:-1"},"canonical":"https:\/\/www.ekholmnordic.se\/en\/produkt\/prob-furshine\/","og_locale":"en_US","og_type":"article","og_title":"PROB FURSHINE - Ekholm Vision - PROB SERIEN","og_description":"Provides the highest possible gloss, also contains Aloe Vera, Vitamin and Silk Protein.","og_url":"https:\/\/www.ekholmnordic.se\/en\/produkt\/prob-furshine\/","og_site_name":"Ekholm Vision - PROB SERIEN","article_modified_time":"2019-09-23T11:09:14+00:00","og_image":[{"width":700,"height":500,"url":"https:\/\/www.ekholmnordic.se\/wp-content\/uploads\/2018\/03\/18.jpg","type":"image\/jpeg"}],"twitter_card":"summary_large_image","schema":{"@context":"https:\/\/schema.org","@graph":[{"@type":"WebPage","@id":"https:\/\/www.ekholmnordic.se\/en\/produkt\/prob-furshine\/","url":"https:\/\/www.ekholmnordic.se\/en\/produkt\/prob-furshine\/","name":"PROB FURSHINE - Ekholm Vision - PROB SERIEN","isPartOf":{"@id":"https:\/\/www.ekholmnordic.se\/#website"},"primaryImageOfPage":{"@id":"https:\/\/www.ekholmnordic.se\/en\/produkt\/prob-furshine\/#primaryimage"},"image":{"@id":"https:\/\/www.ekholmnordic.se\/en\/produkt\/prob-furshine\/#primaryimage"},"thumbnailUrl":"https:\/\/www.ekholmnordic.se\/wp-content\/uploads\/2018\/03\/18.jpg","datePublished":"2018-02-16T19:02:30+00:00","dateModified":"2019-09-23T11:09:14+00:00","breadcrumb":{"@id":"https:\/\/www.ekholmnordic.se\/en\/produkt\/prob-furshine\/#breadcrumb"},"inLanguage":"en-US","potentialAction":[{"@type":"ReadAction","target":["https:\/\/www.ekholmnordic.se\/en\/produkt\/prob-furshine\/"]}]},{"@type":"ImageObject","inLanguage":"en-US","@id":"https:\/\/www.ekholmnordic.se\/en\/produkt\/prob-furshine\/#primaryimage","url":"https:\/\/www.ekholmnordic.se\/wp-content\/uploads\/2018\/03\/18.jpg","contentUrl":"https:\/\/www.ekholmnordic.se\/wp-content\/uploads\/2018\/03\/18.jpg","width":700,"height":500},{"@type":"BreadcrumbList","@id":"https:\/\/www.ekholmnordic.se\/en\/produkt\/prob-furshine\/#breadcrumb","itemListElement":[{"@type":"ListItem","position":1,"name":"Hem","item":"https:\/\/www.ekholmnordic.se\/en\/"},{"@type":"ListItem","position":2,"name":"WEBSHOP","item":"https:\/\/www.ekholmnordic.se\/en\/webshop\/"},{"@type":"ListItem","position":3,"name":"PROB FURSHINE"}]},{"@type":"WebSite","@id":"https:\/\/www.ekholmnordic.se\/#website","url":"https:\/\/www.ekholmnordic.se\/","name":"Ekholm Vision - PROB SERIEN","description":"F\u00d6R EN OPTIMAL HUD OCH P\u00c4LSV\u00c5RD","potentialAction":[{"@type":"SearchAction","target":{"@type":"EntryPoint","urlTemplate":"https:\/\/www.ekholmnordic.se\/?s={search_term_string}"},"query-input":{"@type":"PropertyValueSpecification","valueRequired":true,"valueName":"search_term_string"}}],"inLanguage":"en-US"}]}},"_links":{"self":[{"href":"https:\/\/www.ekholmnordic.se\/en\/wp-json\/wp\/v2\/product\/4153","targetHints":{"allow":["GET"]}}],"collection":[{"href":"https:\/\/www.ekholmnordic.se\/en\/wp-json\/wp\/v2\/product"}],"about":[{"href":"https:\/\/www.ekholmnordic.se\/en\/wp-json\/wp\/v2\/types\/product"}],"replies":[{"embeddable":true,"href":"https:\/\/www.ekholmnordic.se\/en\/wp-json\/wp\/v2\/comments?post=4153"}],"wp:featuredmedia":[{"embeddable":true,"href":"https:\/\/www.ekholmnordic.se\/en\/wp-json\/wp\/v2\/media\/22765"}],"wp:attachment":[{"href":"https:\/\/www.ekholmnordic.se\/en\/wp-json\/wp\/v2\/media?parent=4153"}],"wp:term":[{"taxonomy":"product_brand","embeddable":true,"href":"https:\/\/www.ekholmnordic.se\/en\/wp-json\/wp\/v2\/product_brand?post=4153"},{"taxonomy":"product_cat","embeddable":true,"href":"https:\/\/www.ekholmnordic.se\/en\/wp-json\/wp\/v2\/product_cat?post=4153"},{"taxonomy":"product_tag","embeddable":true,"href":"https:\/\/www.ekholmnordic.se\/en\/wp-json\/wp\/v2\/product_tag?post=4153"}],"curies":[{"name":"wp","href":"https:\/\/api.w.org\/{rel}","templated":true}]}}