{"id":2698,"date":"2016-08-04T14:07:39","date_gmt":"2016-08-04T12:07:39","guid":{"rendered":"http:\/\/www.ekholmnordic.se\/product\/stinkkiller-2\/"},"modified":"2019-08-12T09:45:38","modified_gmt":"2019-08-12T07:45:38","slug":"stinkkiller-2","status":"publish","type":"product","link":"https:\/\/www.ekholmnordic.se\/en\/produkt\/stinkkiller-2\/","title":{"rendered":"STINKKILLER 650 g."},"content":{"rendered":"<p>Product Description<\/p>\n<p>Universal for all home and animal owners.\u00a0 Effectively removes bad odors like vomiting, urine, cigarette, odor, etc.\u00a0 STINK KILLER does not cover the bad smell but removes it.\u00a0 Bad odors are usually lush, growing, harmful, usually dangerous bacteria.\u00a0 STINK KILLER works with nice lactobacteria that eats smelly bacteria until all odor is gone.\u00a0 Feel free to sprinkle in the bottom of the reptile, bird and small cages, superb in trash cans, to keep these fresh and odorless.\u00a0 If you leave the powder, it can work in the bin for several weeks.\u00a0 Works well on furniture, carpets, floor jumps in conjunction with wreckage, dog and cat urine.\u00a0 Extends the life of the cat sand mm.\u00a0 Pour the powder into the vacuum cleaner bag to get rid of the bad smell.<\/p>\n<p>&nbsp;<\/p>\n<p>INSTRUCTIONS FOR USE<\/p>\n<ol>\n<li>Sprinkle 0.5 &#8211; 1 dl in the cat sand box. It prolongs the life of the sand and keeps the smell away.<\/li>\n<\/ol>\n<p>Sprinkle about 1 dl in the bottom and around the edges of the trash can, keep it left, usually work for several weeks.<\/p>\n<p>Spray and brush the powder into slots or textiles, leave for a few hours or overnight and vacuum, everything is fresh and safe.<\/p>\n<p>Completely non-toxic, do not destroy textiles or other surfaces.<\/p>\n<p>INCI: Carbonic acid diamide, bicar, soapstone, giobertite, bacterial cultures. (lactic acid bacteria)<\/p>\n","protected":false},"excerpt":{"rendered":"<p>UNIVERSAL FOR ALL HOME AND ANIMAL OWNERS.\u00a0 EFFECTIVELY REMOVES BAD ODORS LIKE VOMITING, URINE, CIGARETTE, ETC.<\/p>\n","protected":false},"featured_media":22746,"comment_status":"closed","ping_status":"closed","template":"","meta":{"_monsterinsights_skip_tracking":false,"_monsterinsights_sitenote_active":false,"_monsterinsights_sitenote_note":"","_monsterinsights_sitenote_category":0},"product_brand":[],"product_cat":[54,82],"product_tag":[],"class_list":{"0":"post-2698","1":"product","2":"type-product","3":"status-publish","4":"has-post-thumbnail","6":"product_cat-veterinary-products-en","7":"product_cat-uncategorized","10":"first","11":"instock","12":"taxable","13":"shipping-taxable","14":"purchasable","15":"product-type-simple"},"yoast_head":"<!-- This site is optimized with the Yoast SEO plugin v27.6 - https:\/\/yoast.com\/product\/yoast-seo-wordpress\/ -->\n<title>STINKKILLER 650 g. - Ekholm Vision - PROB SERIEN<\/title>\n<meta name=\"robots\" content=\"index, follow, max-snippet:-1, max-image-preview:large, max-video-preview:-1\" \/>\n<link rel=\"canonical\" href=\"https:\/\/www.ekholmnordic.se\/en\/produkt\/stinkkiller-2\/\" \/>\n<meta property=\"og:locale\" content=\"en_US\" \/>\n<meta property=\"og:type\" content=\"article\" \/>\n<meta property=\"og:title\" content=\"STINKKILLER 650 g. - Ekholm Vision - PROB SERIEN\" \/>\n<meta property=\"og:description\" content=\"UNIVERSAL FOR ALL HOME AND ANIMAL OWNERS.\u00a0 EFFECTIVELY REMOVES BAD ODORS LIKE VOMITING, URINE, CIGARETTE, ETC.\" \/>\n<meta property=\"og:url\" content=\"https:\/\/www.ekholmnordic.se\/en\/produkt\/stinkkiller-2\/\" \/>\n<meta property=\"og:site_name\" content=\"Ekholm Vision - PROB SERIEN\" \/>\n<meta property=\"article:modified_time\" content=\"2019-08-12T07:45:38+00:00\" \/>\n<meta property=\"og:image\" content=\"https:\/\/www.ekholmnordic.se\/wp-content\/uploads\/2018\/03\/17.jpg\" \/>\n\t<meta property=\"og:image:width\" content=\"700\" \/>\n\t<meta property=\"og:image:height\" content=\"500\" \/>\n\t<meta property=\"og:image:type\" content=\"image\/jpeg\" \/>\n<meta name=\"twitter:card\" content=\"summary_large_image\" \/>\n<meta name=\"twitter:label1\" content=\"Est. reading time\" \/>\n\t<meta name=\"twitter:data1\" content=\"1 minute\" \/>\n<script type=\"application\/ld+json\" class=\"yoast-schema-graph\">{\"@context\":\"https:\\\/\\\/schema.org\",\"@graph\":[{\"@type\":\"WebPage\",\"@id\":\"https:\\\/\\\/www.ekholmnordic.se\\\/en\\\/produkt\\\/stinkkiller-2\\\/\",\"url\":\"https:\\\/\\\/www.ekholmnordic.se\\\/en\\\/produkt\\\/stinkkiller-2\\\/\",\"name\":\"STINKKILLER 650 g. - Ekholm Vision - PROB SERIEN\",\"isPartOf\":{\"@id\":\"https:\\\/\\\/www.ekholmnordic.se\\\/#website\"},\"primaryImageOfPage\":{\"@id\":\"https:\\\/\\\/www.ekholmnordic.se\\\/en\\\/produkt\\\/stinkkiller-2\\\/#primaryimage\"},\"image\":{\"@id\":\"https:\\\/\\\/www.ekholmnordic.se\\\/en\\\/produkt\\\/stinkkiller-2\\\/#primaryimage\"},\"thumbnailUrl\":\"https:\\\/\\\/www.ekholmnordic.se\\\/wp-content\\\/uploads\\\/2018\\\/03\\\/17.jpg\",\"datePublished\":\"2016-08-04T12:07:39+00:00\",\"dateModified\":\"2019-08-12T07:45:38+00:00\",\"breadcrumb\":{\"@id\":\"https:\\\/\\\/www.ekholmnordic.se\\\/en\\\/produkt\\\/stinkkiller-2\\\/#breadcrumb\"},\"inLanguage\":\"en-US\",\"potentialAction\":[{\"@type\":\"ReadAction\",\"target\":[\"https:\\\/\\\/www.ekholmnordic.se\\\/en\\\/produkt\\\/stinkkiller-2\\\/\"]}]},{\"@type\":\"ImageObject\",\"inLanguage\":\"en-US\",\"@id\":\"https:\\\/\\\/www.ekholmnordic.se\\\/en\\\/produkt\\\/stinkkiller-2\\\/#primaryimage\",\"url\":\"https:\\\/\\\/www.ekholmnordic.se\\\/wp-content\\\/uploads\\\/2018\\\/03\\\/17.jpg\",\"contentUrl\":\"https:\\\/\\\/www.ekholmnordic.se\\\/wp-content\\\/uploads\\\/2018\\\/03\\\/17.jpg\",\"width\":700,\"height\":500,\"caption\":\"Prob Stinkkiller\"},{\"@type\":\"BreadcrumbList\",\"@id\":\"https:\\\/\\\/www.ekholmnordic.se\\\/en\\\/produkt\\\/stinkkiller-2\\\/#breadcrumb\",\"itemListElement\":[{\"@type\":\"ListItem\",\"position\":1,\"name\":\"Hem\",\"item\":\"https:\\\/\\\/www.ekholmnordic.se\\\/en\\\/\"},{\"@type\":\"ListItem\",\"position\":2,\"name\":\"WEBSHOP\",\"item\":\"https:\\\/\\\/www.ekholmnordic.se\\\/en\\\/webshop\\\/\"},{\"@type\":\"ListItem\",\"position\":3,\"name\":\"STINKKILLER 650 g.\"}]},{\"@type\":\"WebSite\",\"@id\":\"https:\\\/\\\/www.ekholmnordic.se\\\/#website\",\"url\":\"https:\\\/\\\/www.ekholmnordic.se\\\/\",\"name\":\"Ekholm Vision - PROB SERIEN\",\"description\":\"F\u00d6R EN OPTIMAL HUD OCH P\u00c4LSV\u00c5RD\",\"potentialAction\":[{\"@type\":\"SearchAction\",\"target\":{\"@type\":\"EntryPoint\",\"urlTemplate\":\"https:\\\/\\\/www.ekholmnordic.se\\\/?s={search_term_string}\"},\"query-input\":{\"@type\":\"PropertyValueSpecification\",\"valueRequired\":true,\"valueName\":\"search_term_string\"}}],\"inLanguage\":\"en-US\"}]}<\/script>\n<!-- \/ Yoast SEO plugin. -->","yoast_head_json":{"title":"STINKKILLER 650 g. - Ekholm Vision - PROB SERIEN","robots":{"index":"index","follow":"follow","max-snippet":"max-snippet:-1","max-image-preview":"max-image-preview:large","max-video-preview":"max-video-preview:-1"},"canonical":"https:\/\/www.ekholmnordic.se\/en\/produkt\/stinkkiller-2\/","og_locale":"en_US","og_type":"article","og_title":"STINKKILLER 650 g. - Ekholm Vision - PROB SERIEN","og_description":"UNIVERSAL FOR ALL HOME AND ANIMAL OWNERS.\u00a0 EFFECTIVELY REMOVES BAD ODORS LIKE VOMITING, URINE, CIGARETTE, ETC.","og_url":"https:\/\/www.ekholmnordic.se\/en\/produkt\/stinkkiller-2\/","og_site_name":"Ekholm Vision - PROB SERIEN","article_modified_time":"2019-08-12T07:45:38+00:00","og_image":[{"width":700,"height":500,"url":"https:\/\/www.ekholmnordic.se\/wp-content\/uploads\/2018\/03\/17.jpg","type":"image\/jpeg"}],"twitter_card":"summary_large_image","twitter_misc":{"Est. reading time":"1 minute"},"schema":{"@context":"https:\/\/schema.org","@graph":[{"@type":"WebPage","@id":"https:\/\/www.ekholmnordic.se\/en\/produkt\/stinkkiller-2\/","url":"https:\/\/www.ekholmnordic.se\/en\/produkt\/stinkkiller-2\/","name":"STINKKILLER 650 g. - Ekholm Vision - PROB SERIEN","isPartOf":{"@id":"https:\/\/www.ekholmnordic.se\/#website"},"primaryImageOfPage":{"@id":"https:\/\/www.ekholmnordic.se\/en\/produkt\/stinkkiller-2\/#primaryimage"},"image":{"@id":"https:\/\/www.ekholmnordic.se\/en\/produkt\/stinkkiller-2\/#primaryimage"},"thumbnailUrl":"https:\/\/www.ekholmnordic.se\/wp-content\/uploads\/2018\/03\/17.jpg","datePublished":"2016-08-04T12:07:39+00:00","dateModified":"2019-08-12T07:45:38+00:00","breadcrumb":{"@id":"https:\/\/www.ekholmnordic.se\/en\/produkt\/stinkkiller-2\/#breadcrumb"},"inLanguage":"en-US","potentialAction":[{"@type":"ReadAction","target":["https:\/\/www.ekholmnordic.se\/en\/produkt\/stinkkiller-2\/"]}]},{"@type":"ImageObject","inLanguage":"en-US","@id":"https:\/\/www.ekholmnordic.se\/en\/produkt\/stinkkiller-2\/#primaryimage","url":"https:\/\/www.ekholmnordic.se\/wp-content\/uploads\/2018\/03\/17.jpg","contentUrl":"https:\/\/www.ekholmnordic.se\/wp-content\/uploads\/2018\/03\/17.jpg","width":700,"height":500,"caption":"Prob Stinkkiller"},{"@type":"BreadcrumbList","@id":"https:\/\/www.ekholmnordic.se\/en\/produkt\/stinkkiller-2\/#breadcrumb","itemListElement":[{"@type":"ListItem","position":1,"name":"Hem","item":"https:\/\/www.ekholmnordic.se\/en\/"},{"@type":"ListItem","position":2,"name":"WEBSHOP","item":"https:\/\/www.ekholmnordic.se\/en\/webshop\/"},{"@type":"ListItem","position":3,"name":"STINKKILLER 650 g."}]},{"@type":"WebSite","@id":"https:\/\/www.ekholmnordic.se\/#website","url":"https:\/\/www.ekholmnordic.se\/","name":"Ekholm Vision - PROB SERIEN","description":"F\u00d6R EN OPTIMAL HUD OCH P\u00c4LSV\u00c5RD","potentialAction":[{"@type":"SearchAction","target":{"@type":"EntryPoint","urlTemplate":"https:\/\/www.ekholmnordic.se\/?s={search_term_string}"},"query-input":{"@type":"PropertyValueSpecification","valueRequired":true,"valueName":"search_term_string"}}],"inLanguage":"en-US"}]}},"_links":{"self":[{"href":"https:\/\/www.ekholmnordic.se\/en\/wp-json\/wp\/v2\/product\/2698","targetHints":{"allow":["GET"]}}],"collection":[{"href":"https:\/\/www.ekholmnordic.se\/en\/wp-json\/wp\/v2\/product"}],"about":[{"href":"https:\/\/www.ekholmnordic.se\/en\/wp-json\/wp\/v2\/types\/product"}],"replies":[{"embeddable":true,"href":"https:\/\/www.ekholmnordic.se\/en\/wp-json\/wp\/v2\/comments?post=2698"}],"wp:featuredmedia":[{"embeddable":true,"href":"https:\/\/www.ekholmnordic.se\/en\/wp-json\/wp\/v2\/media\/22746"}],"wp:attachment":[{"href":"https:\/\/www.ekholmnordic.se\/en\/wp-json\/wp\/v2\/media?parent=2698"}],"wp:term":[{"taxonomy":"product_brand","embeddable":true,"href":"https:\/\/www.ekholmnordic.se\/en\/wp-json\/wp\/v2\/product_brand?post=2698"},{"taxonomy":"product_cat","embeddable":true,"href":"https:\/\/www.ekholmnordic.se\/en\/wp-json\/wp\/v2\/product_cat?post=2698"},{"taxonomy":"product_tag","embeddable":true,"href":"https:\/\/www.ekholmnordic.se\/en\/wp-json\/wp\/v2\/product_tag?post=2698"}],"curies":[{"name":"wp","href":"https:\/\/api.w.org\/{rel}","templated":true}]}}