{"id":2554,"date":"2016-04-25T20:33:37","date_gmt":"2016-04-25T18:33:37","guid":{"rendered":"http:\/\/www.ekholmnordic.se\/product\/prob-supercreame-40-ml\/"},"modified":"2019-08-12T10:08:49","modified_gmt":"2019-08-12T08:08:49","slug":"prob-supercreame-40-ml","status":"publish","type":"product","link":"https:\/\/www.ekholmnordic.se\/en\/produkt\/prob-supercreame-40-ml\/","title":{"rendered":"PROB SUPERCREAME 40 ML"},"content":{"rendered":"<p><strong>An emollient cream for extra dry, sensitive or irritated skin.<\/strong><\/p>\n<p><strong>Enriched with high-concentration certified aloe vera and Pine tar.<\/strong><\/p>\n<p><strong>Gives a soft and silky feel, prevents cracked skin.<\/strong><\/p>\n<p><strong>Rub into skin as needed.<\/strong><\/p>\n<p><strong>INCI: Aqua, Aloe Barbadensis, Carthamus Tinctorius Seed Oil, Sodium, Stearoyl Lactylate, Glyceryl Stearate, Cetyl Alcohol, Pinus Wood Tar, Urea, Phenoxyglycerin<\/strong><\/p>\n","protected":false},"excerpt":{"rendered":"<h6>An emollient cream for extra dry, sensitive or irritated skin.<br \/>\nEnriched with high-concentration certified aloe vera and Pine tar.<\/h6>\n<h6><\/h6>\n","protected":false},"featured_media":19750,"comment_status":"closed","ping_status":"closed","template":"","meta":{"_monsterinsights_skip_tracking":false,"_monsterinsights_sitenote_active":false,"_monsterinsights_sitenote_note":"","_monsterinsights_sitenote_category":0},"product_brand":[],"product_cat":[54,51],"product_tag":[],"class_list":{"0":"post-2554","1":"product","2":"type-product","3":"status-publish","4":"has-post-thumbnail","6":"product_cat-veterinary-products-en","7":"product_cat-prob-ointmentcreame","10":"first","11":"instock","12":"taxable","13":"shipping-taxable","14":"purchasable","15":"product-type-simple"},"yoast_head":"<!-- This site is optimized with the Yoast SEO plugin v27.6 - https:\/\/yoast.com\/product\/yoast-seo-wordpress\/ -->\n<title>PROB SUPERCREAME 40 ML - Ekholm Vision - PROB SERIEN<\/title>\n<meta name=\"robots\" content=\"index, follow, max-snippet:-1, max-image-preview:large, max-video-preview:-1\" \/>\n<link rel=\"canonical\" href=\"https:\/\/www.ekholmnordic.se\/en\/produkt\/prob-supercreame-40-ml\/\" \/>\n<meta property=\"og:locale\" content=\"en_US\" \/>\n<meta property=\"og:type\" content=\"article\" \/>\n<meta property=\"og:title\" content=\"PROB SUPERCREAME 40 ML - Ekholm Vision - PROB SERIEN\" \/>\n<meta property=\"og:description\" content=\"An emollient cream for extra dry, sensitive or irritated skin. Enriched with high-concentration certified aloe vera and Pine tar.\" \/>\n<meta property=\"og:url\" content=\"https:\/\/www.ekholmnordic.se\/en\/produkt\/prob-supercreame-40-ml\/\" \/>\n<meta property=\"og:site_name\" content=\"Ekholm Vision - PROB SERIEN\" \/>\n<meta property=\"article:modified_time\" content=\"2019-08-12T08:08:49+00:00\" \/>\n<meta property=\"og:image\" content=\"https:\/\/www.ekholmnordic.se\/wp-content\/uploads\/2016\/04\/SUPER-40-ML-LITEN.jpg\" \/>\n\t<meta property=\"og:image:width\" content=\"2000\" \/>\n\t<meta property=\"og:image:height\" content=\"1557\" \/>\n\t<meta property=\"og:image:type\" content=\"image\/jpeg\" \/>\n<meta name=\"twitter:card\" content=\"summary_large_image\" \/>\n<script type=\"application\/ld+json\" class=\"yoast-schema-graph\">{\"@context\":\"https:\\\/\\\/schema.org\",\"@graph\":[{\"@type\":\"WebPage\",\"@id\":\"https:\\\/\\\/www.ekholmnordic.se\\\/en\\\/produkt\\\/prob-supercreame-40-ml\\\/\",\"url\":\"https:\\\/\\\/www.ekholmnordic.se\\\/en\\\/produkt\\\/prob-supercreame-40-ml\\\/\",\"name\":\"PROB SUPERCREAME 40 ML - Ekholm Vision - PROB SERIEN\",\"isPartOf\":{\"@id\":\"https:\\\/\\\/www.ekholmnordic.se\\\/#website\"},\"primaryImageOfPage\":{\"@id\":\"https:\\\/\\\/www.ekholmnordic.se\\\/en\\\/produkt\\\/prob-supercreame-40-ml\\\/#primaryimage\"},\"image\":{\"@id\":\"https:\\\/\\\/www.ekholmnordic.se\\\/en\\\/produkt\\\/prob-supercreame-40-ml\\\/#primaryimage\"},\"thumbnailUrl\":\"https:\\\/\\\/www.ekholmnordic.se\\\/wp-content\\\/uploads\\\/2016\\\/04\\\/SUPER-40-ML-LITEN.jpg\",\"datePublished\":\"2016-04-25T18:33:37+00:00\",\"dateModified\":\"2019-08-12T08:08:49+00:00\",\"breadcrumb\":{\"@id\":\"https:\\\/\\\/www.ekholmnordic.se\\\/en\\\/produkt\\\/prob-supercreame-40-ml\\\/#breadcrumb\"},\"inLanguage\":\"en-US\",\"potentialAction\":[{\"@type\":\"ReadAction\",\"target\":[\"https:\\\/\\\/www.ekholmnordic.se\\\/en\\\/produkt\\\/prob-supercreame-40-ml\\\/\"]}]},{\"@type\":\"ImageObject\",\"inLanguage\":\"en-US\",\"@id\":\"https:\\\/\\\/www.ekholmnordic.se\\\/en\\\/produkt\\\/prob-supercreame-40-ml\\\/#primaryimage\",\"url\":\"https:\\\/\\\/www.ekholmnordic.se\\\/wp-content\\\/uploads\\\/2016\\\/04\\\/SUPER-40-ML-LITEN.jpg\",\"contentUrl\":\"https:\\\/\\\/www.ekholmnordic.se\\\/wp-content\\\/uploads\\\/2016\\\/04\\\/SUPER-40-ML-LITEN.jpg\",\"width\":2000,\"height\":1557,\"caption\":\"mjukg\u00f6rande kr\u00e4m\"},{\"@type\":\"BreadcrumbList\",\"@id\":\"https:\\\/\\\/www.ekholmnordic.se\\\/en\\\/produkt\\\/prob-supercreame-40-ml\\\/#breadcrumb\",\"itemListElement\":[{\"@type\":\"ListItem\",\"position\":1,\"name\":\"Hem\",\"item\":\"https:\\\/\\\/www.ekholmnordic.se\\\/en\\\/\"},{\"@type\":\"ListItem\",\"position\":2,\"name\":\"WEBSHOP\",\"item\":\"https:\\\/\\\/www.ekholmnordic.se\\\/en\\\/webshop\\\/\"},{\"@type\":\"ListItem\",\"position\":3,\"name\":\"PROB SUPERCREAME 40 ML\"}]},{\"@type\":\"WebSite\",\"@id\":\"https:\\\/\\\/www.ekholmnordic.se\\\/#website\",\"url\":\"https:\\\/\\\/www.ekholmnordic.se\\\/\",\"name\":\"Ekholm Vision - PROB SERIEN\",\"description\":\"F\u00d6R EN OPTIMAL HUD OCH P\u00c4LSV\u00c5RD\",\"potentialAction\":[{\"@type\":\"SearchAction\",\"target\":{\"@type\":\"EntryPoint\",\"urlTemplate\":\"https:\\\/\\\/www.ekholmnordic.se\\\/?s={search_term_string}\"},\"query-input\":{\"@type\":\"PropertyValueSpecification\",\"valueRequired\":true,\"valueName\":\"search_term_string\"}}],\"inLanguage\":\"en-US\"}]}<\/script>\n<!-- \/ Yoast SEO plugin. -->","yoast_head_json":{"title":"PROB SUPERCREAME 40 ML - Ekholm Vision - PROB SERIEN","robots":{"index":"index","follow":"follow","max-snippet":"max-snippet:-1","max-image-preview":"max-image-preview:large","max-video-preview":"max-video-preview:-1"},"canonical":"https:\/\/www.ekholmnordic.se\/en\/produkt\/prob-supercreame-40-ml\/","og_locale":"en_US","og_type":"article","og_title":"PROB SUPERCREAME 40 ML - Ekholm Vision - PROB SERIEN","og_description":"An emollient cream for extra dry, sensitive or irritated skin. Enriched with high-concentration certified aloe vera and Pine tar.","og_url":"https:\/\/www.ekholmnordic.se\/en\/produkt\/prob-supercreame-40-ml\/","og_site_name":"Ekholm Vision - PROB SERIEN","article_modified_time":"2019-08-12T08:08:49+00:00","og_image":[{"width":2000,"height":1557,"url":"https:\/\/www.ekholmnordic.se\/wp-content\/uploads\/2016\/04\/SUPER-40-ML-LITEN.jpg","type":"image\/jpeg"}],"twitter_card":"summary_large_image","schema":{"@context":"https:\/\/schema.org","@graph":[{"@type":"WebPage","@id":"https:\/\/www.ekholmnordic.se\/en\/produkt\/prob-supercreame-40-ml\/","url":"https:\/\/www.ekholmnordic.se\/en\/produkt\/prob-supercreame-40-ml\/","name":"PROB SUPERCREAME 40 ML - Ekholm Vision - PROB SERIEN","isPartOf":{"@id":"https:\/\/www.ekholmnordic.se\/#website"},"primaryImageOfPage":{"@id":"https:\/\/www.ekholmnordic.se\/en\/produkt\/prob-supercreame-40-ml\/#primaryimage"},"image":{"@id":"https:\/\/www.ekholmnordic.se\/en\/produkt\/prob-supercreame-40-ml\/#primaryimage"},"thumbnailUrl":"https:\/\/www.ekholmnordic.se\/wp-content\/uploads\/2016\/04\/SUPER-40-ML-LITEN.jpg","datePublished":"2016-04-25T18:33:37+00:00","dateModified":"2019-08-12T08:08:49+00:00","breadcrumb":{"@id":"https:\/\/www.ekholmnordic.se\/en\/produkt\/prob-supercreame-40-ml\/#breadcrumb"},"inLanguage":"en-US","potentialAction":[{"@type":"ReadAction","target":["https:\/\/www.ekholmnordic.se\/en\/produkt\/prob-supercreame-40-ml\/"]}]},{"@type":"ImageObject","inLanguage":"en-US","@id":"https:\/\/www.ekholmnordic.se\/en\/produkt\/prob-supercreame-40-ml\/#primaryimage","url":"https:\/\/www.ekholmnordic.se\/wp-content\/uploads\/2016\/04\/SUPER-40-ML-LITEN.jpg","contentUrl":"https:\/\/www.ekholmnordic.se\/wp-content\/uploads\/2016\/04\/SUPER-40-ML-LITEN.jpg","width":2000,"height":1557,"caption":"mjukg\u00f6rande kr\u00e4m"},{"@type":"BreadcrumbList","@id":"https:\/\/www.ekholmnordic.se\/en\/produkt\/prob-supercreame-40-ml\/#breadcrumb","itemListElement":[{"@type":"ListItem","position":1,"name":"Hem","item":"https:\/\/www.ekholmnordic.se\/en\/"},{"@type":"ListItem","position":2,"name":"WEBSHOP","item":"https:\/\/www.ekholmnordic.se\/en\/webshop\/"},{"@type":"ListItem","position":3,"name":"PROB SUPERCREAME 40 ML"}]},{"@type":"WebSite","@id":"https:\/\/www.ekholmnordic.se\/#website","url":"https:\/\/www.ekholmnordic.se\/","name":"Ekholm Vision - PROB SERIEN","description":"F\u00d6R EN OPTIMAL HUD OCH P\u00c4LSV\u00c5RD","potentialAction":[{"@type":"SearchAction","target":{"@type":"EntryPoint","urlTemplate":"https:\/\/www.ekholmnordic.se\/?s={search_term_string}"},"query-input":{"@type":"PropertyValueSpecification","valueRequired":true,"valueName":"search_term_string"}}],"inLanguage":"en-US"}]}},"_links":{"self":[{"href":"https:\/\/www.ekholmnordic.se\/en\/wp-json\/wp\/v2\/product\/2554","targetHints":{"allow":["GET"]}}],"collection":[{"href":"https:\/\/www.ekholmnordic.se\/en\/wp-json\/wp\/v2\/product"}],"about":[{"href":"https:\/\/www.ekholmnordic.se\/en\/wp-json\/wp\/v2\/types\/product"}],"replies":[{"embeddable":true,"href":"https:\/\/www.ekholmnordic.se\/en\/wp-json\/wp\/v2\/comments?post=2554"}],"wp:featuredmedia":[{"embeddable":true,"href":"https:\/\/www.ekholmnordic.se\/en\/wp-json\/wp\/v2\/media\/19750"}],"wp:attachment":[{"href":"https:\/\/www.ekholmnordic.se\/en\/wp-json\/wp\/v2\/media?parent=2554"}],"wp:term":[{"taxonomy":"product_brand","embeddable":true,"href":"https:\/\/www.ekholmnordic.se\/en\/wp-json\/wp\/v2\/product_brand?post=2554"},{"taxonomy":"product_cat","embeddable":true,"href":"https:\/\/www.ekholmnordic.se\/en\/wp-json\/wp\/v2\/product_cat?post=2554"},{"taxonomy":"product_tag","embeddable":true,"href":"https:\/\/www.ekholmnordic.se\/en\/wp-json\/wp\/v2\/product_tag?post=2554"}],"curies":[{"name":"wp","href":"https:\/\/api.w.org\/{rel}","templated":true}]}}