{"id":2549,"date":"2016-06-07T23:35:46","date_gmt":"2016-06-07T21:35:46","guid":{"rendered":"http:\/\/www.ekholmnordic.se\/product\/prob-tarshampoo-200-ml\/"},"modified":"2019-08-12T09:51:03","modified_gmt":"2019-08-12T07:51:03","slug":"prob-tarshampoo-200-ml","status":"publish","type":"product","link":"https:\/\/www.ekholmnordic.se\/en\/produkt\/prob-tarshampoo-200-ml\/","title":{"rendered":"PROB TARSHAMPOO 200 ML"},"content":{"rendered":"<p id=\"tw-target-text\" class=\"tw-data-text tw-ta tw-text-small\" dir=\"ltr\" data-placeholder=\"\u00d6vers\u00e4ttning\"><span lang=\"en\">EKHOLMS PROB SHAMPOO<\/span><\/p>\n<p class=\"tw-data-text tw-ta tw-text-small\" dir=\"ltr\" data-placeholder=\"\u00d6vers\u00e4ttning\"><span lang=\"en\">Prob Schampo is a gentle grooming shampoo with a calming effect on sensitive and irritated skin.<br \/>\nSolves skin deposits and dandruff.<br \/>\nIs mouisturizing and efficiently cleansing, enhances the colors and provides nice luster in the fur.<br \/>\nShampoo contains extra oils and is therefore highly repellent for skin and fur even if you wash frequently. Has a very cleansing effect and is also used as a grooming shampoo because the shampoo enhances the colors effectively without bleach and dyes. <\/span><\/p>\n<p class=\"tw-data-text tw-ta tw-text-small\" dir=\"ltr\" data-placeholder=\"\u00d6vers\u00e4ttning\"><span lang=\"en\">Effectively removes urine stains, discoloration and dirt.\u00a0 Contains a minimum of emulsifier so that the bottle is shaken before use. The shampoo contains blue tart and is a fantastic summer shampoo because of the tarpaulin. The fragrance disappears almost completely when the coat is dried. Prob Schampot has a good effect against itching caused by insect bite and sun. Prob Schampot is a well proven product with many years on the market.<\/span><\/p>\n<p class=\"tw-data-text tw-ta tw-text-small\" dir=\"ltr\" data-placeholder=\"\u00d6vers\u00e4ttning\"><span lang=\"en\"> Combined with other Prob products like Prob Oil, Prob Deo and Prob Supercream. Can also be used for small puppies and pregnant animals. <\/span><\/p>\n<p class=\"tw-data-text tw-ta tw-text-small\" dir=\"ltr\" data-placeholder=\"\u00d6vers\u00e4ttning\"><span lang=\"en\">Instructions: <\/span><\/p>\n<p class=\"tw-data-text tw-ta tw-text-small\" dir=\"ltr\" data-placeholder=\"\u00d6vers\u00e4ttning\"><span lang=\"en\">\u00a0Soak the coat with water and work the shampoo into the fur.<br \/>\nIn case of skin irritation, allow for 20-30 minutes before thorough rinse. Wash initially preferably once a week or as needed. Used otherwise as a regular shampoo. <\/span><\/p>\n<p class=\"tw-data-text tw-ta tw-text-small\" dir=\"ltr\" data-placeholder=\"\u00d6vers\u00e4ttning\"><span lang=\"en\">200 ml <\/span><\/p>\n<p class=\"tw-data-text tw-ta tw-text-small\" dir=\"ltr\" data-placeholder=\"\u00d6vers\u00e4ttning\"><span lang=\"en\">INCI: Agua, PEG-7 Glyceryl Cocoate, Glycerol, Pinus Wood Tar, Sodium Laureth Sulphate, Phenoxyethanol<\/span><\/p>\n<p><img loading=\"lazy\" decoding=\"async\" class=\"alignleft size-medium wp-image-2099\" src=\"https:\/\/www.ekholmnordic.se\/wp-content\/uploads\/2017\/04\/18056683_1846389532352652_615378234237665232_n-225x300.jpg\" alt=\"\" width=\"225\" height=\"300\" srcset=\"https:\/\/www.ekholmnordic.se\/wp-content\/uploads\/2017\/04\/18056683_1846389532352652_615378234237665232_n-225x300.jpg 225w, https:\/\/www.ekholmnordic.se\/wp-content\/uploads\/2017\/04\/18056683_1846389532352652_615378234237665232_n-600x800.jpg 600w, https:\/\/www.ekholmnordic.se\/wp-content\/uploads\/2017\/04\/18056683_1846389532352652_615378234237665232_n-100x133.jpg 100w, https:\/\/www.ekholmnordic.se\/wp-content\/uploads\/2017\/04\/18056683_1846389532352652_615378234237665232_n.jpg 720w\" sizes=\"auto, (max-width: 225px) 100vw, 225px\" \/><img loading=\"lazy\" decoding=\"async\" class=\"alignleft size-medium wp-image-2123\" src=\"https:\/\/www.ekholmnordic.se\/wp-content\/uploads\/2017\/04\/Efter-tv\u00e4tt-Prob-Tj\u00e4rschampo-225x300.jpg\" alt=\"\" width=\"225\" height=\"300\" srcset=\"https:\/\/www.ekholmnordic.se\/wp-content\/uploads\/2017\/04\/Efter-tv\u00e4tt-Prob-Tj\u00e4rschampo-225x300.jpg 225w, https:\/\/www.ekholmnordic.se\/wp-content\/uploads\/2017\/04\/Efter-tv\u00e4tt-Prob-Tj\u00e4rschampo-600x800.jpg 600w, https:\/\/www.ekholmnordic.se\/wp-content\/uploads\/2017\/04\/Efter-tv\u00e4tt-Prob-Tj\u00e4rschampo-100x133.jpg 100w, https:\/\/www.ekholmnordic.se\/wp-content\/uploads\/2017\/04\/Efter-tv\u00e4tt-Prob-Tj\u00e4rschampo.jpg 720w\" sizes=\"auto, (max-width: 225px) 100vw, 225px\" \/><\/p>\n<p>&nbsp;<\/p>\n","protected":false},"excerpt":{"rendered":"<h6>PROB TAR SHAMPOO IS A MILD GROOMING SHAMPOO THAT SOOTHES IRRITATED SKIN.<br \/>\nHELPS TO REMOVE FLAKES OF SKIN AND DANDRUFF.<br \/>\nIS A GOOD CLEANSING AGENT AND REMOVES DISCOLOURATIONS AND DIRT EFFECTIVELY. MOISTURIZER FOR SKIN AND COATS.<br \/>\nBRINGS OUT COLOURS. FOR EVERYDAY USE AND COMPETITIONS.<br \/>\nFREE FROM COLORANTS, PARABEN, SCENTS OR BLEACHES.<\/h6>\n","protected":false},"featured_media":22461,"comment_status":"closed","ping_status":"closed","template":"","meta":{"_monsterinsights_skip_tracking":false,"_monsterinsights_sitenote_active":false,"_monsterinsights_sitenote_note":"","_monsterinsights_sitenote_category":0},"product_brand":[],"product_cat":[54,52],"product_tag":[],"class_list":{"0":"post-2549","1":"product","2":"type-product","3":"status-publish","4":"has-post-thumbnail","6":"product_cat-veterinary-products-en","7":"product_cat-prob-tarshampoo","10":"first","11":"outofstock","12":"taxable","13":"shipping-taxable","14":"purchasable","15":"product-type-simple"},"yoast_head":"<!-- This site is optimized with the Yoast SEO plugin v27.6 - https:\/\/yoast.com\/product\/yoast-seo-wordpress\/ -->\n<title>PROB TARSHAMPOO 200 ML - Ekholm Vision - PROB SERIEN<\/title>\n<meta name=\"robots\" content=\"index, follow, max-snippet:-1, max-image-preview:large, max-video-preview:-1\" \/>\n<link rel=\"canonical\" href=\"https:\/\/www.ekholmnordic.se\/en\/produkt\/prob-tarshampoo-200-ml\/\" \/>\n<meta property=\"og:locale\" content=\"en_US\" \/>\n<meta property=\"og:type\" content=\"article\" \/>\n<meta property=\"og:title\" content=\"PROB TARSHAMPOO 200 ML - Ekholm Vision - PROB SERIEN\" \/>\n<meta property=\"og:description\" content=\"PROB TAR SHAMPOO IS A MILD GROOMING SHAMPOO THAT SOOTHES IRRITATED SKIN. HELPS TO REMOVE FLAKES OF SKIN AND DANDRUFF. IS A GOOD CLEANSING AGENT AND REMOVES DISCOLOURATIONS AND DIRT EFFECTIVELY. MOISTURIZER FOR SKIN AND COATS. BRINGS OUT COLOURS. FOR EVERYDAY USE AND COMPETITIONS. FREE FROM COLORANTS, PARABEN, SCENTS OR BLEACHES.\" \/>\n<meta property=\"og:url\" content=\"https:\/\/www.ekholmnordic.se\/en\/produkt\/prob-tarshampoo-200-ml\/\" \/>\n<meta property=\"og:site_name\" content=\"Ekholm Vision - PROB SERIEN\" \/>\n<meta property=\"article:modified_time\" content=\"2019-08-12T07:51:03+00:00\" \/>\n<meta property=\"og:image\" content=\"https:\/\/www.ekholmnordic.se\/wp-content\/uploads\/2018\/03\/2.jpg\" \/>\n\t<meta property=\"og:image:width\" content=\"700\" \/>\n\t<meta property=\"og:image:height\" content=\"500\" \/>\n\t<meta property=\"og:image:type\" content=\"image\/jpeg\" \/>\n<meta name=\"twitter:card\" content=\"summary_large_image\" \/>\n<meta name=\"twitter:label1\" content=\"Est. reading time\" \/>\n\t<meta name=\"twitter:data1\" content=\"1 minute\" \/>\n<script type=\"application\/ld+json\" class=\"yoast-schema-graph\">{\"@context\":\"https:\\\/\\\/schema.org\",\"@graph\":[{\"@type\":\"WebPage\",\"@id\":\"https:\\\/\\\/www.ekholmnordic.se\\\/en\\\/produkt\\\/prob-tarshampoo-200-ml\\\/\",\"url\":\"https:\\\/\\\/www.ekholmnordic.se\\\/en\\\/produkt\\\/prob-tarshampoo-200-ml\\\/\",\"name\":\"PROB TARSHAMPOO 200 ML - Ekholm Vision - PROB SERIEN\",\"isPartOf\":{\"@id\":\"https:\\\/\\\/www.ekholmnordic.se\\\/#website\"},\"primaryImageOfPage\":{\"@id\":\"https:\\\/\\\/www.ekholmnordic.se\\\/en\\\/produkt\\\/prob-tarshampoo-200-ml\\\/#primaryimage\"},\"image\":{\"@id\":\"https:\\\/\\\/www.ekholmnordic.se\\\/en\\\/produkt\\\/prob-tarshampoo-200-ml\\\/#primaryimage\"},\"thumbnailUrl\":\"https:\\\/\\\/www.ekholmnordic.se\\\/wp-content\\\/uploads\\\/2018\\\/03\\\/2.jpg\",\"datePublished\":\"2016-06-07T21:35:46+00:00\",\"dateModified\":\"2019-08-12T07:51:03+00:00\",\"breadcrumb\":{\"@id\":\"https:\\\/\\\/www.ekholmnordic.se\\\/en\\\/produkt\\\/prob-tarshampoo-200-ml\\\/#breadcrumb\"},\"inLanguage\":\"en-US\",\"potentialAction\":[{\"@type\":\"ReadAction\",\"target\":[\"https:\\\/\\\/www.ekholmnordic.se\\\/en\\\/produkt\\\/prob-tarshampoo-200-ml\\\/\"]}]},{\"@type\":\"ImageObject\",\"inLanguage\":\"en-US\",\"@id\":\"https:\\\/\\\/www.ekholmnordic.se\\\/en\\\/produkt\\\/prob-tarshampoo-200-ml\\\/#primaryimage\",\"url\":\"https:\\\/\\\/www.ekholmnordic.se\\\/wp-content\\\/uploads\\\/2018\\\/03\\\/2.jpg\",\"contentUrl\":\"https:\\\/\\\/www.ekholmnordic.se\\\/wp-content\\\/uploads\\\/2018\\\/03\\\/2.jpg\",\"width\":700,\"height\":500,\"caption\":\"tj\u00e4rschampo\"},{\"@type\":\"BreadcrumbList\",\"@id\":\"https:\\\/\\\/www.ekholmnordic.se\\\/en\\\/produkt\\\/prob-tarshampoo-200-ml\\\/#breadcrumb\",\"itemListElement\":[{\"@type\":\"ListItem\",\"position\":1,\"name\":\"Hem\",\"item\":\"https:\\\/\\\/www.ekholmnordic.se\\\/en\\\/\"},{\"@type\":\"ListItem\",\"position\":2,\"name\":\"WEBSHOP\",\"item\":\"https:\\\/\\\/www.ekholmnordic.se\\\/en\\\/webshop\\\/\"},{\"@type\":\"ListItem\",\"position\":3,\"name\":\"PROB TARSHAMPOO 200 ML\"}]},{\"@type\":\"WebSite\",\"@id\":\"https:\\\/\\\/www.ekholmnordic.se\\\/#website\",\"url\":\"https:\\\/\\\/www.ekholmnordic.se\\\/\",\"name\":\"Ekholm Vision - PROB SERIEN\",\"description\":\"F\u00d6R EN OPTIMAL HUD OCH P\u00c4LSV\u00c5RD\",\"potentialAction\":[{\"@type\":\"SearchAction\",\"target\":{\"@type\":\"EntryPoint\",\"urlTemplate\":\"https:\\\/\\\/www.ekholmnordic.se\\\/?s={search_term_string}\"},\"query-input\":{\"@type\":\"PropertyValueSpecification\",\"valueRequired\":true,\"valueName\":\"search_term_string\"}}],\"inLanguage\":\"en-US\"}]}<\/script>\n<!-- \/ Yoast SEO plugin. -->","yoast_head_json":{"title":"PROB TARSHAMPOO 200 ML - Ekholm Vision - PROB SERIEN","robots":{"index":"index","follow":"follow","max-snippet":"max-snippet:-1","max-image-preview":"max-image-preview:large","max-video-preview":"max-video-preview:-1"},"canonical":"https:\/\/www.ekholmnordic.se\/en\/produkt\/prob-tarshampoo-200-ml\/","og_locale":"en_US","og_type":"article","og_title":"PROB TARSHAMPOO 200 ML - Ekholm Vision - PROB SERIEN","og_description":"PROB TAR SHAMPOO IS A MILD GROOMING SHAMPOO THAT SOOTHES IRRITATED SKIN. HELPS TO REMOVE FLAKES OF SKIN AND DANDRUFF. IS A GOOD CLEANSING AGENT AND REMOVES DISCOLOURATIONS AND DIRT EFFECTIVELY. MOISTURIZER FOR SKIN AND COATS. BRINGS OUT COLOURS. FOR EVERYDAY USE AND COMPETITIONS. FREE FROM COLORANTS, PARABEN, SCENTS OR BLEACHES.","og_url":"https:\/\/www.ekholmnordic.se\/en\/produkt\/prob-tarshampoo-200-ml\/","og_site_name":"Ekholm Vision - PROB SERIEN","article_modified_time":"2019-08-12T07:51:03+00:00","og_image":[{"width":700,"height":500,"url":"https:\/\/www.ekholmnordic.se\/wp-content\/uploads\/2018\/03\/2.jpg","type":"image\/jpeg"}],"twitter_card":"summary_large_image","twitter_misc":{"Est. reading time":"1 minute"},"schema":{"@context":"https:\/\/schema.org","@graph":[{"@type":"WebPage","@id":"https:\/\/www.ekholmnordic.se\/en\/produkt\/prob-tarshampoo-200-ml\/","url":"https:\/\/www.ekholmnordic.se\/en\/produkt\/prob-tarshampoo-200-ml\/","name":"PROB TARSHAMPOO 200 ML - Ekholm Vision - PROB SERIEN","isPartOf":{"@id":"https:\/\/www.ekholmnordic.se\/#website"},"primaryImageOfPage":{"@id":"https:\/\/www.ekholmnordic.se\/en\/produkt\/prob-tarshampoo-200-ml\/#primaryimage"},"image":{"@id":"https:\/\/www.ekholmnordic.se\/en\/produkt\/prob-tarshampoo-200-ml\/#primaryimage"},"thumbnailUrl":"https:\/\/www.ekholmnordic.se\/wp-content\/uploads\/2018\/03\/2.jpg","datePublished":"2016-06-07T21:35:46+00:00","dateModified":"2019-08-12T07:51:03+00:00","breadcrumb":{"@id":"https:\/\/www.ekholmnordic.se\/en\/produkt\/prob-tarshampoo-200-ml\/#breadcrumb"},"inLanguage":"en-US","potentialAction":[{"@type":"ReadAction","target":["https:\/\/www.ekholmnordic.se\/en\/produkt\/prob-tarshampoo-200-ml\/"]}]},{"@type":"ImageObject","inLanguage":"en-US","@id":"https:\/\/www.ekholmnordic.se\/en\/produkt\/prob-tarshampoo-200-ml\/#primaryimage","url":"https:\/\/www.ekholmnordic.se\/wp-content\/uploads\/2018\/03\/2.jpg","contentUrl":"https:\/\/www.ekholmnordic.se\/wp-content\/uploads\/2018\/03\/2.jpg","width":700,"height":500,"caption":"tj\u00e4rschampo"},{"@type":"BreadcrumbList","@id":"https:\/\/www.ekholmnordic.se\/en\/produkt\/prob-tarshampoo-200-ml\/#breadcrumb","itemListElement":[{"@type":"ListItem","position":1,"name":"Hem","item":"https:\/\/www.ekholmnordic.se\/en\/"},{"@type":"ListItem","position":2,"name":"WEBSHOP","item":"https:\/\/www.ekholmnordic.se\/en\/webshop\/"},{"@type":"ListItem","position":3,"name":"PROB TARSHAMPOO 200 ML"}]},{"@type":"WebSite","@id":"https:\/\/www.ekholmnordic.se\/#website","url":"https:\/\/www.ekholmnordic.se\/","name":"Ekholm Vision - PROB SERIEN","description":"F\u00d6R EN OPTIMAL HUD OCH P\u00c4LSV\u00c5RD","potentialAction":[{"@type":"SearchAction","target":{"@type":"EntryPoint","urlTemplate":"https:\/\/www.ekholmnordic.se\/?s={search_term_string}"},"query-input":{"@type":"PropertyValueSpecification","valueRequired":true,"valueName":"search_term_string"}}],"inLanguage":"en-US"}]}},"_links":{"self":[{"href":"https:\/\/www.ekholmnordic.se\/en\/wp-json\/wp\/v2\/product\/2549","targetHints":{"allow":["GET"]}}],"collection":[{"href":"https:\/\/www.ekholmnordic.se\/en\/wp-json\/wp\/v2\/product"}],"about":[{"href":"https:\/\/www.ekholmnordic.se\/en\/wp-json\/wp\/v2\/types\/product"}],"replies":[{"embeddable":true,"href":"https:\/\/www.ekholmnordic.se\/en\/wp-json\/wp\/v2\/comments?post=2549"}],"wp:featuredmedia":[{"embeddable":true,"href":"https:\/\/www.ekholmnordic.se\/en\/wp-json\/wp\/v2\/media\/22461"}],"wp:attachment":[{"href":"https:\/\/www.ekholmnordic.se\/en\/wp-json\/wp\/v2\/media?parent=2549"}],"wp:term":[{"taxonomy":"product_brand","embeddable":true,"href":"https:\/\/www.ekholmnordic.se\/en\/wp-json\/wp\/v2\/product_brand?post=2549"},{"taxonomy":"product_cat","embeddable":true,"href":"https:\/\/www.ekholmnordic.se\/en\/wp-json\/wp\/v2\/product_cat?post=2549"},{"taxonomy":"product_tag","embeddable":true,"href":"https:\/\/www.ekholmnordic.se\/en\/wp-json\/wp\/v2\/product_tag?post=2549"}],"curies":[{"name":"wp","href":"https:\/\/api.w.org\/{rel}","templated":true}]}}