{"id":2519,"date":"2016-06-07T23:41:57","date_gmt":"2016-06-07T21:41:57","guid":{"rendered":"http:\/\/www.ekholmnordic.se\/product\/prob-tar-shampoo\/"},"modified":"2019-08-12T09:49:54","modified_gmt":"2019-08-12T07:49:54","slug":"prob-tar-shampoo","status":"publish","type":"product","link":"https:\/\/www.ekholmnordic.se\/en\/produkt\/prob-tar-shampoo\/","title":{"rendered":"PROB TAR SHAMPOO"},"content":{"rendered":"<p>Suitable for sensitive animals.<\/p>\n<p>The coat has a nice luster.<\/p>\n<p>White coat becomes white without fur destructive bleach, effectively removes yellow urine stains etc.<\/p>\n<p>Very popular also by many exhibitors.<\/p>\n<p>Do not wipe the skin or coat even if you wash frequently.<\/p>\n<p>Wash as often as you like.<\/p>\n<p>&nbsp;<\/p>\n<p>PROB Schampo is also a practical, fantastic summer shampoo.<\/p>\n<p>Can also be used for small puppies and pregnant animals.<\/p>\n<p>An old and very well-proven shampoo that has been praised over the years.<\/p>\n<p>Contains an emulsifier or similar so shake the bottle.<\/p>\n<p>&nbsp;<\/p>\n<p>INCI: Aqua,\u00a0 Mipa Laurret Sulfat,\u00a0 Decyl Glucoside and Cocoamidopropyl Betaine, Pinus, Olea Europea, Glycerol, Calendula, Salviaofficialis, Myristica fragrance, Matricum, Urtica dioica, Arnica, <em>Phenoxyethanaol, CaprylylGlycol<\/em><em>,<\/em><\/p>\n<p>&nbsp;<\/p>\n","protected":false},"excerpt":{"rendered":"<h6><span style=\"font-size: 13.5pt;color: black\">PROB Tar shampoo is a mild grooming shampoo that soothes irritated skin.<br \/>\n<\/span><span style=\"font-size: 13.5pt;color: black\">Helps to remove flakes of skin and dandruff.<br \/>\n<\/span><span style=\"font-size: 13.5pt;color: black\">Is a good cleansing agent and removes discolourations and dirt effectively. Moisturizer for skin and coats.<\/span><\/h6>\n<h6><span style=\"font-size: 13.5pt;color: black\">Brings out colours. For everyday use and competitions.<\/span><\/h6>\n<h6><span style=\"font-size: 13.5pt;color: black\">Free from colorants, paraben, scents or bleaches.<\/span><\/h6>\n","protected":false},"featured_media":19520,"comment_status":"closed","ping_status":"closed","template":"","meta":{"_monsterinsights_skip_tracking":false,"_monsterinsights_sitenote_active":false,"_monsterinsights_sitenote_note":"","_monsterinsights_sitenote_category":0},"product_brand":[],"product_cat":[54,52],"product_tag":[],"class_list":{"0":"post-2519","1":"product","2":"type-product","3":"status-publish","4":"has-post-thumbnail","6":"product_cat-veterinary-products-en","7":"product_cat-prob-tarshampoo","10":"first","11":"instock","12":"taxable","13":"shipping-taxable","14":"purchasable","15":"product-type-simple"},"yoast_head":"<!-- This site is optimized with the Yoast SEO plugin v27.6 - https:\/\/yoast.com\/product\/yoast-seo-wordpress\/ -->\n<title>PROB TAR SHAMPOO - Ekholm Vision - PROB SERIEN<\/title>\n<meta name=\"robots\" content=\"index, follow, max-snippet:-1, max-image-preview:large, max-video-preview:-1\" \/>\n<link rel=\"canonical\" href=\"https:\/\/www.ekholmnordic.se\/produkt\/ekholms-prob-tjarschampo-for-hast-hund-mot-klada-och-kanslig-hud\/\" \/>\n<meta property=\"og:locale\" content=\"en_US\" \/>\n<meta property=\"og:type\" content=\"article\" \/>\n<meta property=\"og:title\" content=\"PROB TAR SHAMPOO - Ekholm Vision - PROB SERIEN\" \/>\n<meta property=\"og:description\" content=\"PROB Tar shampoo is a mild grooming shampoo that soothes irritated skin. Helps to remove flakes of skin and dandruff. Is a good cleansing agent and removes discolourations and dirt effectively. Moisturizer for skin and coats. Brings out colours. For everyday use and competitions. Free from colorants, paraben, scents or bleaches.\" \/>\n<meta property=\"og:url\" content=\"https:\/\/www.ekholmnordic.se\/produkt\/ekholms-prob-tjarschampo-for-hast-hund-mot-klada-och-kanslig-hud\/\" \/>\n<meta property=\"og:site_name\" content=\"Ekholm Vision - PROB SERIEN\" \/>\n<meta property=\"article:modified_time\" content=\"2019-08-12T07:49:54+00:00\" \/>\n<meta property=\"og:image\" content=\"http:\/\/www.ekholmnordic.se\/wp-content\/uploads\/2016\/06\/TJAR-SCH-25-L-LITEN.jpg\" \/>\n\t<meta property=\"og:image:width\" content=\"2000\" \/>\n\t<meta property=\"og:image:height\" content=\"2000\" \/>\n\t<meta property=\"og:image:type\" content=\"image\/jpeg\" \/>\n<meta name=\"twitter:card\" content=\"summary_large_image\" \/>\n<meta name=\"twitter:label1\" content=\"Est. reading time\" \/>\n\t<meta name=\"twitter:data1\" content=\"1 minute\" \/>\n<script type=\"application\/ld+json\" class=\"yoast-schema-graph\">{\"@context\":\"https:\\\/\\\/schema.org\",\"@graph\":[{\"@type\":\"WebPage\",\"@id\":\"https:\\\/\\\/www.ekholmnordic.se\\\/produkt\\\/ekholms-prob-tjarschampo-for-hast-hund-mot-klada-och-kanslig-hud\\\/\",\"url\":\"https:\\\/\\\/www.ekholmnordic.se\\\/produkt\\\/ekholms-prob-tjarschampo-for-hast-hund-mot-klada-och-kanslig-hud\\\/\",\"name\":\"PROB TAR SHAMPOO - Ekholm Vision - PROB SERIEN\",\"isPartOf\":{\"@id\":\"https:\\\/\\\/www.ekholmnordic.se\\\/#website\"},\"primaryImageOfPage\":{\"@id\":\"https:\\\/\\\/www.ekholmnordic.se\\\/produkt\\\/ekholms-prob-tjarschampo-for-hast-hund-mot-klada-och-kanslig-hud\\\/#primaryimage\"},\"image\":{\"@id\":\"https:\\\/\\\/www.ekholmnordic.se\\\/produkt\\\/ekholms-prob-tjarschampo-for-hast-hund-mot-klada-och-kanslig-hud\\\/#primaryimage\"},\"thumbnailUrl\":\"https:\\\/\\\/www.ekholmnordic.se\\\/wp-content\\\/uploads\\\/2016\\\/06\\\/TJAR-SCH-25-L-LITEN.jpg\",\"datePublished\":\"2016-06-07T21:41:57+00:00\",\"dateModified\":\"2019-08-12T07:49:54+00:00\",\"breadcrumb\":{\"@id\":\"https:\\\/\\\/www.ekholmnordic.se\\\/produkt\\\/ekholms-prob-tjarschampo-for-hast-hund-mot-klada-och-kanslig-hud\\\/#breadcrumb\"},\"inLanguage\":\"en-US\",\"potentialAction\":[{\"@type\":\"ReadAction\",\"target\":[\"https:\\\/\\\/www.ekholmnordic.se\\\/produkt\\\/ekholms-prob-tjarschampo-for-hast-hund-mot-klada-och-kanslig-hud\\\/\"]}]},{\"@type\":\"ImageObject\",\"inLanguage\":\"en-US\",\"@id\":\"https:\\\/\\\/www.ekholmnordic.se\\\/produkt\\\/ekholms-prob-tjarschampo-for-hast-hund-mot-klada-och-kanslig-hud\\\/#primaryimage\",\"url\":\"https:\\\/\\\/www.ekholmnordic.se\\\/wp-content\\\/uploads\\\/2016\\\/06\\\/TJAR-SCH-25-L-LITEN.jpg\",\"contentUrl\":\"https:\\\/\\\/www.ekholmnordic.se\\\/wp-content\\\/uploads\\\/2016\\\/06\\\/TJAR-SCH-25-L-LITEN.jpg\",\"width\":2000,\"height\":2000,\"caption\":\"tj\u00e4rschampo f\u00f6r h\u00e4st och hund\"},{\"@type\":\"BreadcrumbList\",\"@id\":\"https:\\\/\\\/www.ekholmnordic.se\\\/produkt\\\/ekholms-prob-tjarschampo-for-hast-hund-mot-klada-och-kanslig-hud\\\/#breadcrumb\",\"itemListElement\":[{\"@type\":\"ListItem\",\"position\":1,\"name\":\"Hem\",\"item\":\"https:\\\/\\\/www.ekholmnordic.se\\\/en\\\/\"},{\"@type\":\"ListItem\",\"position\":2,\"name\":\"WEBSHOP\",\"item\":\"https:\\\/\\\/www.ekholmnordic.se\\\/en\\\/webshop\\\/\"},{\"@type\":\"ListItem\",\"position\":3,\"name\":\"PROB TAR SHAMPOO\"}]},{\"@type\":\"WebSite\",\"@id\":\"https:\\\/\\\/www.ekholmnordic.se\\\/#website\",\"url\":\"https:\\\/\\\/www.ekholmnordic.se\\\/\",\"name\":\"Ekholm Vision - PROB SERIEN\",\"description\":\"F\u00d6R EN OPTIMAL HUD OCH P\u00c4LSV\u00c5RD\",\"potentialAction\":[{\"@type\":\"SearchAction\",\"target\":{\"@type\":\"EntryPoint\",\"urlTemplate\":\"https:\\\/\\\/www.ekholmnordic.se\\\/?s={search_term_string}\"},\"query-input\":{\"@type\":\"PropertyValueSpecification\",\"valueRequired\":true,\"valueName\":\"search_term_string\"}}],\"inLanguage\":\"en-US\"}]}<\/script>\n<!-- \/ Yoast SEO plugin. -->","yoast_head_json":{"title":"PROB TAR SHAMPOO - Ekholm Vision - PROB SERIEN","robots":{"index":"index","follow":"follow","max-snippet":"max-snippet:-1","max-image-preview":"max-image-preview:large","max-video-preview":"max-video-preview:-1"},"canonical":"https:\/\/www.ekholmnordic.se\/produkt\/ekholms-prob-tjarschampo-for-hast-hund-mot-klada-och-kanslig-hud\/","og_locale":"en_US","og_type":"article","og_title":"PROB TAR SHAMPOO - Ekholm Vision - PROB SERIEN","og_description":"PROB Tar shampoo is a mild grooming shampoo that soothes irritated skin. Helps to remove flakes of skin and dandruff. Is a good cleansing agent and removes discolourations and dirt effectively. Moisturizer for skin and coats. Brings out colours. For everyday use and competitions. Free from colorants, paraben, scents or bleaches.","og_url":"https:\/\/www.ekholmnordic.se\/produkt\/ekholms-prob-tjarschampo-for-hast-hund-mot-klada-och-kanslig-hud\/","og_site_name":"Ekholm Vision - PROB SERIEN","article_modified_time":"2019-08-12T07:49:54+00:00","og_image":[{"width":2000,"height":2000,"url":"http:\/\/www.ekholmnordic.se\/wp-content\/uploads\/2016\/06\/TJAR-SCH-25-L-LITEN.jpg","type":"image\/jpeg"}],"twitter_card":"summary_large_image","twitter_misc":{"Est. reading time":"1 minute"},"schema":{"@context":"https:\/\/schema.org","@graph":[{"@type":"WebPage","@id":"https:\/\/www.ekholmnordic.se\/produkt\/ekholms-prob-tjarschampo-for-hast-hund-mot-klada-och-kanslig-hud\/","url":"https:\/\/www.ekholmnordic.se\/produkt\/ekholms-prob-tjarschampo-for-hast-hund-mot-klada-och-kanslig-hud\/","name":"PROB TAR SHAMPOO - Ekholm Vision - PROB SERIEN","isPartOf":{"@id":"https:\/\/www.ekholmnordic.se\/#website"},"primaryImageOfPage":{"@id":"https:\/\/www.ekholmnordic.se\/produkt\/ekholms-prob-tjarschampo-for-hast-hund-mot-klada-och-kanslig-hud\/#primaryimage"},"image":{"@id":"https:\/\/www.ekholmnordic.se\/produkt\/ekholms-prob-tjarschampo-for-hast-hund-mot-klada-och-kanslig-hud\/#primaryimage"},"thumbnailUrl":"https:\/\/www.ekholmnordic.se\/wp-content\/uploads\/2016\/06\/TJAR-SCH-25-L-LITEN.jpg","datePublished":"2016-06-07T21:41:57+00:00","dateModified":"2019-08-12T07:49:54+00:00","breadcrumb":{"@id":"https:\/\/www.ekholmnordic.se\/produkt\/ekholms-prob-tjarschampo-for-hast-hund-mot-klada-och-kanslig-hud\/#breadcrumb"},"inLanguage":"en-US","potentialAction":[{"@type":"ReadAction","target":["https:\/\/www.ekholmnordic.se\/produkt\/ekholms-prob-tjarschampo-for-hast-hund-mot-klada-och-kanslig-hud\/"]}]},{"@type":"ImageObject","inLanguage":"en-US","@id":"https:\/\/www.ekholmnordic.se\/produkt\/ekholms-prob-tjarschampo-for-hast-hund-mot-klada-och-kanslig-hud\/#primaryimage","url":"https:\/\/www.ekholmnordic.se\/wp-content\/uploads\/2016\/06\/TJAR-SCH-25-L-LITEN.jpg","contentUrl":"https:\/\/www.ekholmnordic.se\/wp-content\/uploads\/2016\/06\/TJAR-SCH-25-L-LITEN.jpg","width":2000,"height":2000,"caption":"tj\u00e4rschampo f\u00f6r h\u00e4st och hund"},{"@type":"BreadcrumbList","@id":"https:\/\/www.ekholmnordic.se\/produkt\/ekholms-prob-tjarschampo-for-hast-hund-mot-klada-och-kanslig-hud\/#breadcrumb","itemListElement":[{"@type":"ListItem","position":1,"name":"Hem","item":"https:\/\/www.ekholmnordic.se\/en\/"},{"@type":"ListItem","position":2,"name":"WEBSHOP","item":"https:\/\/www.ekholmnordic.se\/en\/webshop\/"},{"@type":"ListItem","position":3,"name":"PROB TAR SHAMPOO"}]},{"@type":"WebSite","@id":"https:\/\/www.ekholmnordic.se\/#website","url":"https:\/\/www.ekholmnordic.se\/","name":"Ekholm Vision - PROB SERIEN","description":"F\u00d6R EN OPTIMAL HUD OCH P\u00c4LSV\u00c5RD","potentialAction":[{"@type":"SearchAction","target":{"@type":"EntryPoint","urlTemplate":"https:\/\/www.ekholmnordic.se\/?s={search_term_string}"},"query-input":{"@type":"PropertyValueSpecification","valueRequired":true,"valueName":"search_term_string"}}],"inLanguage":"en-US"}]}},"_links":{"self":[{"href":"https:\/\/www.ekholmnordic.se\/en\/wp-json\/wp\/v2\/product\/2519","targetHints":{"allow":["GET"]}}],"collection":[{"href":"https:\/\/www.ekholmnordic.se\/en\/wp-json\/wp\/v2\/product"}],"about":[{"href":"https:\/\/www.ekholmnordic.se\/en\/wp-json\/wp\/v2\/types\/product"}],"replies":[{"embeddable":true,"href":"https:\/\/www.ekholmnordic.se\/en\/wp-json\/wp\/v2\/comments?post=2519"}],"wp:featuredmedia":[{"embeddable":true,"href":"https:\/\/www.ekholmnordic.se\/en\/wp-json\/wp\/v2\/media\/19520"}],"wp:attachment":[{"href":"https:\/\/www.ekholmnordic.se\/en\/wp-json\/wp\/v2\/media?parent=2519"}],"wp:term":[{"taxonomy":"product_brand","embeddable":true,"href":"https:\/\/www.ekholmnordic.se\/en\/wp-json\/wp\/v2\/product_brand?post=2519"},{"taxonomy":"product_cat","embeddable":true,"href":"https:\/\/www.ekholmnordic.se\/en\/wp-json\/wp\/v2\/product_cat?post=2519"},{"taxonomy":"product_tag","embeddable":true,"href":"https:\/\/www.ekholmnordic.se\/en\/wp-json\/wp\/v2\/product_tag?post=2519"}],"curies":[{"name":"wp","href":"https:\/\/api.w.org\/{rel}","templated":true}]}}