{"id":7994,"date":"2019-05-18T22:58:44","date_gmt":"2019-05-18T20:58:44","guid":{"rendered":"https:\/\/www.ekholmnordic.se\/produkt\/prob-teershampoo-25-l\/"},"modified":"2022-10-11T08:25:12","modified_gmt":"2022-10-11T06:25:12","slug":"prob-teershampoo-25-l","status":"publish","type":"product","link":"https:\/\/www.ekholmnordic.se\/de\/produkt\/prob-teershampoo-25-l\/","title":{"rendered":"PROB TEERSHAMPOO 2,5 L"},"content":{"rendered":"<p>&nbsp;<\/p>\n<h1><strong>PROB TEERSHAMPOO<\/strong><\/h1>\n<p><strong>Prob Teershampoo<\/strong><\/p>\n<p><strong>Teershampoo der Marke Prob f\u00fcr Pferde, Hunde etc.<\/strong><br \/>\n<strong>Ein ausgezeichnetes Teershampoo speziell bei Juckreiz Schuppen und f\u00fcr empfindliche gereizte Haut. Ein beliebtes und bew\u00e4hrtes Produkt. Das Shampoo erzielt einen sehr sch\u00f6nen feinen Haarglanz, es beruhigt die Hast und es ist r\u00fcckfettend.<\/strong><\/p>\n<p><strong>Wirkdam gegen Juckreiz durch Insekten und Sonne.<\/strong><\/p>\n<p><strong>Enth\u00e4lt geringen Anteil an Emulgatoren. Flasche sch\u00fctteln.<\/strong><br \/>\n<strong>Das Fell mit Wasser befeuchten. Das Tier einschamponieren und 2-3 Minuten einwirken lassen.<\/strong><br \/>\n<strong>Bei Hautreizungen 20-30 Minuten einwirken lassen.<\/strong><br \/>\n<strong>Gr\u00fcndlich absp\u00fclen.<\/strong><\/p>\n<p><strong>Das Tier 1-mal\/Woche oder bei Bedarf einschamponieren.<\/strong><\/p>\n<p><strong>INCI: Agua, \u00d6l, Pinus-Holzteer,<\/strong><br \/>\n<strong>Konservierungsmittel<\/strong><br \/>\n<strong>Emulgator<\/strong><\/p>\n","protected":false},"excerpt":{"rendered":"<h6>PROB TEERSHAMPOO<\/h6>\n<h6>Das Teershampoo ist ein schonendes Pflegeshampoo und beruhigt gereizte Haut.<\/h6>\n<h6>L\u00f6st Hautablagerungen und Schuppen.<\/h6>\n<h6>Ist stark reinigend und entfernt wirksam Verf\u00e4rbungen und Schmutz. R\u00fcckfettend f\u00fcr Haut und Fell.<\/h6>\n","protected":false},"featured_media":7989,"comment_status":"closed","ping_status":"closed","template":"","meta":{"_monsterinsights_skip_tracking":false,"_monsterinsights_sitenote_active":false,"_monsterinsights_sitenote_note":"","_monsterinsights_sitenote_category":0},"product_brand":[],"product_cat":[45,62],"product_tag":[],"class_list":{"0":"post-7994","1":"product","2":"type-product","3":"status-publish","4":"has-post-thumbnail","6":"product_cat-tierarzneimittel","7":"product_cat-prob-teershampoo","10":"first","11":"outofstock","12":"taxable","13":"shipping-taxable","14":"purchasable","15":"product-type-simple"},"yoast_head":"<!-- This site is optimized with the Yoast SEO plugin v27.4 - https:\/\/yoast.com\/product\/yoast-seo-wordpress\/ -->\n<title>PROB TEERSHAMPOO 2,5 L - Ekholm Vision - PROB SERIEN<\/title>\n<meta name=\"robots\" content=\"index, follow, max-snippet:-1, max-image-preview:large, max-video-preview:-1\" \/>\n<link rel=\"canonical\" href=\"https:\/\/www.ekholmnordic.se\/?post_type=product&p=7977\" \/>\n<meta property=\"og:locale\" content=\"de_DE\" \/>\n<meta property=\"og:type\" content=\"article\" \/>\n<meta property=\"og:title\" content=\"PROB TEERSHAMPOO 2,5 L - Ekholm Vision - PROB SERIEN\" \/>\n<meta property=\"og:description\" content=\"PROB TEERSHAMPOO Das Teershampoo ist ein schonendes Pflegeshampoo und beruhigt gereizte Haut. L\u00f6st Hautablagerungen und Schuppen. Ist stark reinigend und entfernt wirksam Verf\u00e4rbungen und Schmutz. R\u00fcckfettend f\u00fcr Haut und Fell.\" \/>\n<meta property=\"og:url\" content=\"https:\/\/www.ekholmnordic.se\/?post_type=product&amp;p=7977\" \/>\n<meta property=\"og:site_name\" content=\"Ekholm Vision - PROB SERIEN\" \/>\n<meta property=\"article:modified_time\" content=\"2022-10-11T06:25:12+00:00\" \/>\n<meta property=\"og:image\" content=\"https:\/\/www.ekholmnordic.se\/wp-content\/uploads\/2016\/06\/25-L-TJ\u00c4RSCHAMPO-1024x680.jpg\" \/>\n\t<meta property=\"og:image:width\" content=\"1024\" \/>\n\t<meta property=\"og:image:height\" content=\"680\" \/>\n\t<meta property=\"og:image:type\" content=\"image\/jpeg\" \/>\n<meta name=\"twitter:card\" content=\"summary_large_image\" \/>\n<meta name=\"twitter:label1\" content=\"Gesch\u00e4tzte Lesezeit\" \/>\n\t<meta name=\"twitter:data1\" content=\"1\u00a0Minute\" \/>\n<script type=\"application\/ld+json\" class=\"yoast-schema-graph\">{\"@context\":\"https:\\\/\\\/schema.org\",\"@graph\":[{\"@type\":\"WebPage\",\"@id\":\"https:\\\/\\\/www.ekholmnordic.se\\\/?post_type=product&p=7977\",\"url\":\"https:\\\/\\\/www.ekholmnordic.se\\\/?post_type=product&p=7977\",\"name\":\"PROB TEERSHAMPOO 2,5 L - Ekholm Vision - PROB SERIEN\",\"isPartOf\":{\"@id\":\"https:\\\/\\\/www.ekholmnordic.se\\\/#website\"},\"primaryImageOfPage\":{\"@id\":\"https:\\\/\\\/www.ekholmnordic.se\\\/?post_type=product&p=7977#primaryimage\"},\"image\":{\"@id\":\"https:\\\/\\\/www.ekholmnordic.se\\\/?post_type=product&p=7977#primaryimage\"},\"thumbnailUrl\":\"https:\\\/\\\/www.ekholmnordic.se\\\/wp-content\\\/uploads\\\/2016\\\/06\\\/25-L-TJ\u00c4RSCHAMPO.jpg\",\"datePublished\":\"2019-05-18T20:58:44+00:00\",\"dateModified\":\"2022-10-11T06:25:12+00:00\",\"breadcrumb\":{\"@id\":\"https:\\\/\\\/www.ekholmnordic.se\\\/?post_type=product&p=7977#breadcrumb\"},\"inLanguage\":\"de\",\"potentialAction\":[{\"@type\":\"ReadAction\",\"target\":[\"https:\\\/\\\/www.ekholmnordic.se\\\/?post_type=product&p=7977\"]}]},{\"@type\":\"ImageObject\",\"inLanguage\":\"de\",\"@id\":\"https:\\\/\\\/www.ekholmnordic.se\\\/?post_type=product&p=7977#primaryimage\",\"url\":\"https:\\\/\\\/www.ekholmnordic.se\\\/wp-content\\\/uploads\\\/2016\\\/06\\\/25-L-TJ\u00c4RSCHAMPO.jpg\",\"contentUrl\":\"https:\\\/\\\/www.ekholmnordic.se\\\/wp-content\\\/uploads\\\/2016\\\/06\\\/25-L-TJ\u00c4RSCHAMPO.jpg\",\"width\":4288,\"height\":2848},{\"@type\":\"BreadcrumbList\",\"@id\":\"https:\\\/\\\/www.ekholmnordic.se\\\/?post_type=product&p=7977#breadcrumb\",\"itemListElement\":[{\"@type\":\"ListItem\",\"position\":1,\"name\":\"Hem\",\"item\":\"https:\\\/\\\/www.ekholmnordic.se\\\/de\\\/\"},{\"@type\":\"ListItem\",\"position\":2,\"name\":\"WEBSHOP\",\"item\":\"https:\\\/\\\/www.ekholmnordic.se\\\/de\\\/webshop\\\/\"},{\"@type\":\"ListItem\",\"position\":3,\"name\":\"PROB TEERSHAMPOO 2,5 L\"}]},{\"@type\":\"WebSite\",\"@id\":\"https:\\\/\\\/www.ekholmnordic.se\\\/#website\",\"url\":\"https:\\\/\\\/www.ekholmnordic.se\\\/\",\"name\":\"Ekholm Vision - PROB SERIEN\",\"description\":\"F\u00d6R EN OPTIMAL HUD OCH P\u00c4LSV\u00c5RD\",\"potentialAction\":[{\"@type\":\"SearchAction\",\"target\":{\"@type\":\"EntryPoint\",\"urlTemplate\":\"https:\\\/\\\/www.ekholmnordic.se\\\/?s={search_term_string}\"},\"query-input\":{\"@type\":\"PropertyValueSpecification\",\"valueRequired\":true,\"valueName\":\"search_term_string\"}}],\"inLanguage\":\"de\"}]}<\/script>\n<!-- \/ Yoast SEO plugin. -->","yoast_head_json":{"title":"PROB TEERSHAMPOO 2,5 L - Ekholm Vision - PROB SERIEN","robots":{"index":"index","follow":"follow","max-snippet":"max-snippet:-1","max-image-preview":"max-image-preview:large","max-video-preview":"max-video-preview:-1"},"canonical":"https:\/\/www.ekholmnordic.se\/?post_type=product&p=7977","og_locale":"de_DE","og_type":"article","og_title":"PROB TEERSHAMPOO 2,5 L - Ekholm Vision - PROB SERIEN","og_description":"PROB TEERSHAMPOO Das Teershampoo ist ein schonendes Pflegeshampoo und beruhigt gereizte Haut. L\u00f6st Hautablagerungen und Schuppen. Ist stark reinigend und entfernt wirksam Verf\u00e4rbungen und Schmutz. R\u00fcckfettend f\u00fcr Haut und Fell.","og_url":"https:\/\/www.ekholmnordic.se\/?post_type=product&p=7977","og_site_name":"Ekholm Vision - PROB SERIEN","article_modified_time":"2022-10-11T06:25:12+00:00","og_image":[{"width":1024,"height":680,"url":"https:\/\/www.ekholmnordic.se\/wp-content\/uploads\/2016\/06\/25-L-TJ\u00c4RSCHAMPO-1024x680.jpg","type":"image\/jpeg"}],"twitter_card":"summary_large_image","twitter_misc":{"Gesch\u00e4tzte Lesezeit":"1\u00a0Minute"},"schema":{"@context":"https:\/\/schema.org","@graph":[{"@type":"WebPage","@id":"https:\/\/www.ekholmnordic.se\/?post_type=product&p=7977","url":"https:\/\/www.ekholmnordic.se\/?post_type=product&p=7977","name":"PROB TEERSHAMPOO 2,5 L - Ekholm Vision - PROB SERIEN","isPartOf":{"@id":"https:\/\/www.ekholmnordic.se\/#website"},"primaryImageOfPage":{"@id":"https:\/\/www.ekholmnordic.se\/?post_type=product&p=7977#primaryimage"},"image":{"@id":"https:\/\/www.ekholmnordic.se\/?post_type=product&p=7977#primaryimage"},"thumbnailUrl":"https:\/\/www.ekholmnordic.se\/wp-content\/uploads\/2016\/06\/25-L-TJ\u00c4RSCHAMPO.jpg","datePublished":"2019-05-18T20:58:44+00:00","dateModified":"2022-10-11T06:25:12+00:00","breadcrumb":{"@id":"https:\/\/www.ekholmnordic.se\/?post_type=product&p=7977#breadcrumb"},"inLanguage":"de","potentialAction":[{"@type":"ReadAction","target":["https:\/\/www.ekholmnordic.se\/?post_type=product&p=7977"]}]},{"@type":"ImageObject","inLanguage":"de","@id":"https:\/\/www.ekholmnordic.se\/?post_type=product&p=7977#primaryimage","url":"https:\/\/www.ekholmnordic.se\/wp-content\/uploads\/2016\/06\/25-L-TJ\u00c4RSCHAMPO.jpg","contentUrl":"https:\/\/www.ekholmnordic.se\/wp-content\/uploads\/2016\/06\/25-L-TJ\u00c4RSCHAMPO.jpg","width":4288,"height":2848},{"@type":"BreadcrumbList","@id":"https:\/\/www.ekholmnordic.se\/?post_type=product&p=7977#breadcrumb","itemListElement":[{"@type":"ListItem","position":1,"name":"Hem","item":"https:\/\/www.ekholmnordic.se\/de\/"},{"@type":"ListItem","position":2,"name":"WEBSHOP","item":"https:\/\/www.ekholmnordic.se\/de\/webshop\/"},{"@type":"ListItem","position":3,"name":"PROB TEERSHAMPOO 2,5 L"}]},{"@type":"WebSite","@id":"https:\/\/www.ekholmnordic.se\/#website","url":"https:\/\/www.ekholmnordic.se\/","name":"Ekholm Vision - PROB SERIEN","description":"F\u00d6R EN OPTIMAL HUD OCH P\u00c4LSV\u00c5RD","potentialAction":[{"@type":"SearchAction","target":{"@type":"EntryPoint","urlTemplate":"https:\/\/www.ekholmnordic.se\/?s={search_term_string}"},"query-input":{"@type":"PropertyValueSpecification","valueRequired":true,"valueName":"search_term_string"}}],"inLanguage":"de"}]}},"_links":{"self":[{"href":"https:\/\/www.ekholmnordic.se\/de\/wp-json\/wp\/v2\/product\/7994","targetHints":{"allow":["GET"]}}],"collection":[{"href":"https:\/\/www.ekholmnordic.se\/de\/wp-json\/wp\/v2\/product"}],"about":[{"href":"https:\/\/www.ekholmnordic.se\/de\/wp-json\/wp\/v2\/types\/product"}],"replies":[{"embeddable":true,"href":"https:\/\/www.ekholmnordic.se\/de\/wp-json\/wp\/v2\/comments?post=7994"}],"wp:featuredmedia":[{"embeddable":true,"href":"https:\/\/www.ekholmnordic.se\/de\/wp-json\/wp\/v2\/media\/7989"}],"wp:attachment":[{"href":"https:\/\/www.ekholmnordic.se\/de\/wp-json\/wp\/v2\/media?parent=7994"}],"wp:term":[{"taxonomy":"product_brand","embeddable":true,"href":"https:\/\/www.ekholmnordic.se\/de\/wp-json\/wp\/v2\/product_brand?post=7994"},{"taxonomy":"product_cat","embeddable":true,"href":"https:\/\/www.ekholmnordic.se\/de\/wp-json\/wp\/v2\/product_cat?post=7994"},{"taxonomy":"product_tag","embeddable":true,"href":"https:\/\/www.ekholmnordic.se\/de\/wp-json\/wp\/v2\/product_tag?post=7994"}],"curies":[{"name":"wp","href":"https:\/\/api.w.org\/{rel}","templated":true}]}}