{"id":7825,"date":"2018-03-08T11:14:07","date_gmt":"2018-03-08T10:14:07","guid":{"rendered":"https:\/\/www.ekholmnordic.se\/produkt\/prob-deo-eukalyptus-and-lemongrass\/"},"modified":"2023-11-10T12:15:25","modified_gmt":"2023-11-10T11:15:25","slug":"prob-deo-eukalyptus-och-citrongraes","status":"publish","type":"product","link":"https:\/\/www.ekholmnordic.se\/de\/produkt\/prob-deo-eukalyptus-och-citrongraes\/","title":{"rendered":"PROB DEO Eukalyptus and lemongrass"},"content":{"rendered":"<h3><strong>PROB DEO med Eukalyptus och Citrongr\u00e4s<\/strong><\/h3>\n<h3><strong>F\u00f6r n\u00e5gra \u00e5r sedan <\/strong><strong>lanserade vi ut en ny Deo som fyller exakt samma funktion som v\u00e5r andra Deo.\u00a0<\/strong><br \/>\n<strong>I den h\u00e4r finns inte Tr\u00e4tj\u00e4ran utan ersatts av andra r\u00e5varor som bla Eukalyptus och Citrongr\u00e4s.\u00a0<\/strong><br \/>\n<strong>Ger en fr\u00e4sch doft.\u00a0<\/strong><\/h3>\n<h3><strong>Ger h\u00e4st och ryttare trivsel med PROB Deo, giftfritt.<\/strong><br \/>\n<strong>D\u00f6ljer och h\u00e5ller h\u00e4stens kropp fr\u00e4sch i alla f\u00f6rh\u00e5llanden.<\/strong><\/h3>\n<h3><strong>Den \u00e4r ett effektivt bra alternativ som f\u00f6r\u00e4ndrar och d\u00f6ljer h\u00e4stens doft.<\/strong><br \/>\n<strong>Deon ger v\u00e4lm\u00e5ende f\u00f6r h\u00e4st och ryttare. L\u00e4mpar sig utm\u00e4rkt \u00e4ven till andra djur.\u00a0<\/strong><\/h3>\n<h3><\/h3>\n<h3><strong>Finns i storlek\u00a0 750 ml f\u00e4rdigblandad i sprayflaska\u00a0<\/strong><\/h3>\n<h3><strong>Bruksanvisning:<\/strong><\/h3>\n<h3><strong>\u00a0Spraya \u00f6ver djuret en g\u00e5ng per dag. Om h\u00e4sten \u00e4r r\u00e4dd f\u00f6r spray kan DEON \u00e4ven appliceras med en svamp. Undvik spraya i \u00f6gon eller andningsv\u00e4gar.<\/strong><\/h3>\n<h3><strong>Genom att kombinera PROB Schampo och DEO f\u00e5r man ett extra gott resultat.\u00a0<\/strong><\/h3>\n<h3><strong>Ett utm\u00e4rkt alternativ att anv\u00e4nda p\u00e5 alla dr\u00e4ktiga och digivande djur.<\/strong><\/h3>\n<h3><strong>Ingen karens<\/strong><\/h3>\n<h3>INCI: Aqua, Glycerin, Camphor Oil, Eucalyptus Oil, Cymbopogon flexuosus Oil mm<\/h3>\n<h3>Full kartong rymmer 17 st. 5 % vid k\u00f6p av full kartong.<\/h3>\n","protected":false},"excerpt":{"rendered":"<h6>GIFTFRITT SPRAY<br \/>\nTill utomhusg\u00e5ende h\u00e4star och \u00f6vriga djur.<br \/>\nD\u00f6ljer och f\u00f6r\u00e4ndrar doften av djuret.<br \/>\nGer trivsel f\u00f6r djur och m\u00e4nniska<br \/>\nF\u00e4rdigblandad<br \/>\n750 ml spray<\/h6>\n","protected":false},"featured_media":22636,"comment_status":"closed","ping_status":"closed","template":"","meta":{"_monsterinsights_skip_tracking":false,"_monsterinsights_sitenote_active":false,"_monsterinsights_sitenote_note":"","_monsterinsights_sitenote_category":0},"product_brand":[],"product_cat":[45,125],"product_tag":[],"class_list":{"0":"post-7825","1":"product","2":"type-product","3":"status-publish","4":"has-post-thumbnail","6":"product_cat-tierarzneimittel","7":"product_cat-prob-deo-de","10":"first","11":"instock","12":"taxable","13":"shipping-taxable","14":"purchasable","15":"product-type-simple"},"yoast_head":"<!-- This site is optimized with the Yoast SEO plugin v27.4 - https:\/\/yoast.com\/product\/yoast-seo-wordpress\/ -->\n<title>PROB DEO Eukalyptus and lemongrass - Ekholm Vision - PROB SERIEN<\/title>\n<meta name=\"robots\" content=\"index, follow, max-snippet:-1, max-image-preview:large, max-video-preview:-1\" \/>\n<link rel=\"canonical\" href=\"https:\/\/www.ekholmnordic.se\/produkt\/prob-sommardeo-for-hast-med-eukalyptus-citrongras\/\" \/>\n<meta property=\"og:locale\" content=\"de_DE\" \/>\n<meta property=\"og:type\" content=\"article\" \/>\n<meta property=\"og:title\" content=\"PROB DEO Eukalyptus and lemongrass - Ekholm Vision - PROB SERIEN\" \/>\n<meta property=\"og:description\" content=\"GIFTFRITT SPRAY Till utomhusg\u00e5ende h\u00e4star och \u00f6vriga djur. D\u00f6ljer och f\u00f6r\u00e4ndrar doften av djuret. Ger trivsel f\u00f6r djur och m\u00e4nniska F\u00e4rdigblandad 750 ml spray\" \/>\n<meta property=\"og:url\" content=\"https:\/\/www.ekholmnordic.se\/produkt\/prob-sommardeo-for-hast-med-eukalyptus-citrongras\/\" \/>\n<meta property=\"og:site_name\" content=\"Ekholm Vision - PROB SERIEN\" \/>\n<meta property=\"article:modified_time\" content=\"2023-11-10T11:15:25+00:00\" \/>\n<meta property=\"og:image\" content=\"http:\/\/www.ekholmnordic.se\/wp-content\/uploads\/2018\/03\/11.jpg\" \/>\n\t<meta property=\"og:image:width\" content=\"700\" \/>\n\t<meta property=\"og:image:height\" content=\"500\" \/>\n\t<meta property=\"og:image:type\" content=\"image\/jpeg\" \/>\n<meta name=\"twitter:card\" content=\"summary_large_image\" \/>\n<meta name=\"twitter:label1\" content=\"Gesch\u00e4tzte Lesezeit\" \/>\n\t<meta name=\"twitter:data1\" content=\"1\u00a0Minute\" \/>\n<script type=\"application\/ld+json\" class=\"yoast-schema-graph\">{\"@context\":\"https:\\\/\\\/schema.org\",\"@graph\":[{\"@type\":\"WebPage\",\"@id\":\"https:\\\/\\\/www.ekholmnordic.se\\\/produkt\\\/prob-sommardeo-for-hast-med-eukalyptus-citrongras\\\/\",\"url\":\"https:\\\/\\\/www.ekholmnordic.se\\\/produkt\\\/prob-sommardeo-for-hast-med-eukalyptus-citrongras\\\/\",\"name\":\"PROB DEO Eukalyptus and lemongrass - Ekholm Vision - PROB SERIEN\",\"isPartOf\":{\"@id\":\"https:\\\/\\\/www.ekholmnordic.se\\\/#website\"},\"primaryImageOfPage\":{\"@id\":\"https:\\\/\\\/www.ekholmnordic.se\\\/produkt\\\/prob-sommardeo-for-hast-med-eukalyptus-citrongras\\\/#primaryimage\"},\"image\":{\"@id\":\"https:\\\/\\\/www.ekholmnordic.se\\\/produkt\\\/prob-sommardeo-for-hast-med-eukalyptus-citrongras\\\/#primaryimage\"},\"thumbnailUrl\":\"https:\\\/\\\/www.ekholmnordic.se\\\/wp-content\\\/uploads\\\/2018\\\/03\\\/11.jpg\",\"datePublished\":\"2018-03-08T10:14:07+00:00\",\"dateModified\":\"2023-11-10T11:15:25+00:00\",\"breadcrumb\":{\"@id\":\"https:\\\/\\\/www.ekholmnordic.se\\\/produkt\\\/prob-sommardeo-for-hast-med-eukalyptus-citrongras\\\/#breadcrumb\"},\"inLanguage\":\"de\",\"potentialAction\":[{\"@type\":\"ReadAction\",\"target\":[\"https:\\\/\\\/www.ekholmnordic.se\\\/produkt\\\/prob-sommardeo-for-hast-med-eukalyptus-citrongras\\\/\"]}]},{\"@type\":\"ImageObject\",\"inLanguage\":\"de\",\"@id\":\"https:\\\/\\\/www.ekholmnordic.se\\\/produkt\\\/prob-sommardeo-for-hast-med-eukalyptus-citrongras\\\/#primaryimage\",\"url\":\"https:\\\/\\\/www.ekholmnordic.se\\\/wp-content\\\/uploads\\\/2018\\\/03\\\/11.jpg\",\"contentUrl\":\"https:\\\/\\\/www.ekholmnordic.se\\\/wp-content\\\/uploads\\\/2018\\\/03\\\/11.jpg\",\"width\":700,\"height\":500,\"caption\":\"sommardeo eukalyptus\"},{\"@type\":\"BreadcrumbList\",\"@id\":\"https:\\\/\\\/www.ekholmnordic.se\\\/produkt\\\/prob-sommardeo-for-hast-med-eukalyptus-citrongras\\\/#breadcrumb\",\"itemListElement\":[{\"@type\":\"ListItem\",\"position\":1,\"name\":\"Hem\",\"item\":\"https:\\\/\\\/www.ekholmnordic.se\\\/de\\\/\"},{\"@type\":\"ListItem\",\"position\":2,\"name\":\"WEBSHOP\",\"item\":\"https:\\\/\\\/www.ekholmnordic.se\\\/de\\\/webshop\\\/\"},{\"@type\":\"ListItem\",\"position\":3,\"name\":\"PROB DEO Eukalyptus and lemongrass\"}]},{\"@type\":\"WebSite\",\"@id\":\"https:\\\/\\\/www.ekholmnordic.se\\\/#website\",\"url\":\"https:\\\/\\\/www.ekholmnordic.se\\\/\",\"name\":\"Ekholm Vision - PROB SERIEN\",\"description\":\"F\u00d6R EN OPTIMAL HUD OCH P\u00c4LSV\u00c5RD\",\"potentialAction\":[{\"@type\":\"SearchAction\",\"target\":{\"@type\":\"EntryPoint\",\"urlTemplate\":\"https:\\\/\\\/www.ekholmnordic.se\\\/?s={search_term_string}\"},\"query-input\":{\"@type\":\"PropertyValueSpecification\",\"valueRequired\":true,\"valueName\":\"search_term_string\"}}],\"inLanguage\":\"de\"}]}<\/script>\n<!-- \/ Yoast SEO plugin. -->","yoast_head_json":{"title":"PROB DEO Eukalyptus and lemongrass - Ekholm Vision - PROB SERIEN","robots":{"index":"index","follow":"follow","max-snippet":"max-snippet:-1","max-image-preview":"max-image-preview:large","max-video-preview":"max-video-preview:-1"},"canonical":"https:\/\/www.ekholmnordic.se\/produkt\/prob-sommardeo-for-hast-med-eukalyptus-citrongras\/","og_locale":"de_DE","og_type":"article","og_title":"PROB DEO Eukalyptus and lemongrass - Ekholm Vision - PROB SERIEN","og_description":"GIFTFRITT SPRAY Till utomhusg\u00e5ende h\u00e4star och \u00f6vriga djur. D\u00f6ljer och f\u00f6r\u00e4ndrar doften av djuret. Ger trivsel f\u00f6r djur och m\u00e4nniska F\u00e4rdigblandad 750 ml spray","og_url":"https:\/\/www.ekholmnordic.se\/produkt\/prob-sommardeo-for-hast-med-eukalyptus-citrongras\/","og_site_name":"Ekholm Vision - PROB SERIEN","article_modified_time":"2023-11-10T11:15:25+00:00","og_image":[{"width":700,"height":500,"url":"http:\/\/www.ekholmnordic.se\/wp-content\/uploads\/2018\/03\/11.jpg","type":"image\/jpeg"}],"twitter_card":"summary_large_image","twitter_misc":{"Gesch\u00e4tzte Lesezeit":"1\u00a0Minute"},"schema":{"@context":"https:\/\/schema.org","@graph":[{"@type":"WebPage","@id":"https:\/\/www.ekholmnordic.se\/produkt\/prob-sommardeo-for-hast-med-eukalyptus-citrongras\/","url":"https:\/\/www.ekholmnordic.se\/produkt\/prob-sommardeo-for-hast-med-eukalyptus-citrongras\/","name":"PROB DEO Eukalyptus and lemongrass - Ekholm Vision - PROB SERIEN","isPartOf":{"@id":"https:\/\/www.ekholmnordic.se\/#website"},"primaryImageOfPage":{"@id":"https:\/\/www.ekholmnordic.se\/produkt\/prob-sommardeo-for-hast-med-eukalyptus-citrongras\/#primaryimage"},"image":{"@id":"https:\/\/www.ekholmnordic.se\/produkt\/prob-sommardeo-for-hast-med-eukalyptus-citrongras\/#primaryimage"},"thumbnailUrl":"https:\/\/www.ekholmnordic.se\/wp-content\/uploads\/2018\/03\/11.jpg","datePublished":"2018-03-08T10:14:07+00:00","dateModified":"2023-11-10T11:15:25+00:00","breadcrumb":{"@id":"https:\/\/www.ekholmnordic.se\/produkt\/prob-sommardeo-for-hast-med-eukalyptus-citrongras\/#breadcrumb"},"inLanguage":"de","potentialAction":[{"@type":"ReadAction","target":["https:\/\/www.ekholmnordic.se\/produkt\/prob-sommardeo-for-hast-med-eukalyptus-citrongras\/"]}]},{"@type":"ImageObject","inLanguage":"de","@id":"https:\/\/www.ekholmnordic.se\/produkt\/prob-sommardeo-for-hast-med-eukalyptus-citrongras\/#primaryimage","url":"https:\/\/www.ekholmnordic.se\/wp-content\/uploads\/2018\/03\/11.jpg","contentUrl":"https:\/\/www.ekholmnordic.se\/wp-content\/uploads\/2018\/03\/11.jpg","width":700,"height":500,"caption":"sommardeo eukalyptus"},{"@type":"BreadcrumbList","@id":"https:\/\/www.ekholmnordic.se\/produkt\/prob-sommardeo-for-hast-med-eukalyptus-citrongras\/#breadcrumb","itemListElement":[{"@type":"ListItem","position":1,"name":"Hem","item":"https:\/\/www.ekholmnordic.se\/de\/"},{"@type":"ListItem","position":2,"name":"WEBSHOP","item":"https:\/\/www.ekholmnordic.se\/de\/webshop\/"},{"@type":"ListItem","position":3,"name":"PROB DEO Eukalyptus and lemongrass"}]},{"@type":"WebSite","@id":"https:\/\/www.ekholmnordic.se\/#website","url":"https:\/\/www.ekholmnordic.se\/","name":"Ekholm Vision - PROB SERIEN","description":"F\u00d6R EN OPTIMAL HUD OCH P\u00c4LSV\u00c5RD","potentialAction":[{"@type":"SearchAction","target":{"@type":"EntryPoint","urlTemplate":"https:\/\/www.ekholmnordic.se\/?s={search_term_string}"},"query-input":{"@type":"PropertyValueSpecification","valueRequired":true,"valueName":"search_term_string"}}],"inLanguage":"de"}]}},"_links":{"self":[{"href":"https:\/\/www.ekholmnordic.se\/de\/wp-json\/wp\/v2\/product\/7825","targetHints":{"allow":["GET"]}}],"collection":[{"href":"https:\/\/www.ekholmnordic.se\/de\/wp-json\/wp\/v2\/product"}],"about":[{"href":"https:\/\/www.ekholmnordic.se\/de\/wp-json\/wp\/v2\/types\/product"}],"replies":[{"embeddable":true,"href":"https:\/\/www.ekholmnordic.se\/de\/wp-json\/wp\/v2\/comments?post=7825"}],"wp:featuredmedia":[{"embeddable":true,"href":"https:\/\/www.ekholmnordic.se\/de\/wp-json\/wp\/v2\/media\/22636"}],"wp:attachment":[{"href":"https:\/\/www.ekholmnordic.se\/de\/wp-json\/wp\/v2\/media?parent=7825"}],"wp:term":[{"taxonomy":"product_brand","embeddable":true,"href":"https:\/\/www.ekholmnordic.se\/de\/wp-json\/wp\/v2\/product_brand?post=7825"},{"taxonomy":"product_cat","embeddable":true,"href":"https:\/\/www.ekholmnordic.se\/de\/wp-json\/wp\/v2\/product_cat?post=7825"},{"taxonomy":"product_tag","embeddable":true,"href":"https:\/\/www.ekholmnordic.se\/de\/wp-json\/wp\/v2\/product_tag?post=7825"}],"curies":[{"name":"wp","href":"https:\/\/api.w.org\/{rel}","templated":true}]}}