{"id":7387,"date":"2018-05-30T06:30:39","date_gmt":"2018-05-30T04:30:39","guid":{"rendered":"https:\/\/www.ekholmnordic.se\/produkt\/prob-package-2\/"},"modified":"2019-05-30T17:33:49","modified_gmt":"2019-05-30T15:33:49","slug":"prob-package-2","status":"publish","type":"product","link":"https:\/\/www.ekholmnordic.se\/de\/produkt\/prob-package-2\/","title":{"rendered":"PROB PACKAGE 2"},"content":{"rendered":"<p><img loading=\"lazy\" decoding=\"async\" class=\"alignleft size-medium wp-image-5023\" src=\"https:\/\/www.ekholmnordic.se\/wp-content\/uploads\/2018\/05\/PROB-SERIEN-300x235.jpg\" alt=\"\" width=\"300\" height=\"235\" srcset=\"https:\/\/www.ekholmnordic.se\/wp-content\/uploads\/2018\/05\/PROB-SERIEN-300x235.jpg 300w, https:\/\/www.ekholmnordic.se\/wp-content\/uploads\/2018\/05\/PROB-SERIEN-1024x802.jpg 1024w, https:\/\/www.ekholmnordic.se\/wp-content\/uploads\/2018\/05\/PROB-SERIEN-100x78.jpg 100w, https:\/\/www.ekholmnordic.se\/wp-content\/uploads\/2018\/05\/PROB-SERIEN-1004x787.jpg 1004w, https:\/\/www.ekholmnordic.se\/wp-content\/uploads\/2018\/05\/PROB-SERIEN-600x470.jpg 600w\" sizes=\"auto, (max-width: 300px) 100vw, 300px\" \/>The package includes:<\/p>\n<p>1 pcs Tar shampoo 500 ml<\/p>\n<p>1 pcs Supercreame 100 ml airless<\/p>\n<p>1 pcs Deo concentrate 500\u00a0 ml<\/p>\n<p>1 pcs Oil 200 ml<\/p>\n<p>Shampoo the horse once a week with Tarschampot, leave for about 30 minutes before rinsing if your horse have some kind of skinproblems otherwise use it like a common shampoo.<\/p>\n<p>Lubricate daily with Supercreame on exposed areas like chest, under the stomach and cheek, where the skin is irritated, it maintains the skin in a good condition.<\/p>\n<p>If you got itches in tale and mane.<br \/>\nDip the oil in mane and tail rot in the time interval that works for your horse. Start every third day. Always try on a smaller area to see that the horse reacts positively to it. If your horse reacts negatively stop the treatment with oil.<\/p>\n<p>You can wait with the oil 5-6 days until you get an opinion and can evaluate the first products you have started to use.<\/p>\n<p>This is because if you get a reaction to the oil, you do not need to quit other Prob products, but only stop treatment with the oil.<\/p>\n<p>You can start using the oil every third days and get a feeling which interval suits your own horse. Make sure you do not overdose but only drops about 5 cm apart. You massage a few seconds for the drop to flow more on the skin.<\/p>\n<p>If you need oil for dry hard skin on legs take the oil one day and the supercreme the other day and keep on use them as long as needed.<\/p>\n<p>One tip is that you start with a shampoo, then you can lubricate if there is a need twice a day with the Supercream. Deon should be sprayed on the coat daily and the best time for it is on afternoon \/ evening.<\/p>\n<p>Mix the Deo concentrate with 500 ml water in a empty spraybottle. Spray before every evening.<\/p>\n<p>&nbsp;<\/p>\n","protected":false},"excerpt":{"rendered":"<h6><strong>IF YOU WANT PRODUCTS AT HOME FOR A WIDE RANGE OF USES. HERE ARE FOUR PRODUCTS OFFERED \u00a0ALSO EFFECTIVE AGAINST THE ITCHES CAUSED BY INSECT.<\/strong><\/h6>\n","protected":false},"featured_media":7460,"comment_status":"closed","ping_status":"closed","template":"","meta":{"_monsterinsights_skip_tracking":false,"_monsterinsights_sitenote_active":false,"_monsterinsights_sitenote_note":"","_monsterinsights_sitenote_category":0},"product_brand":[],"product_cat":[45,125,60,61,62],"product_tag":[],"class_list":{"0":"post-7387","1":"product","2":"type-product","3":"status-publish","4":"has-post-thumbnail","6":"product_cat-tierarzneimittel","7":"product_cat-prob-deo-de","8":"product_cat-prob-oel","9":"product_cat-prob-salbecreame","10":"product_cat-prob-teershampoo","13":"first","14":"instock","15":"sale","16":"taxable","17":"shipping-taxable","18":"purchasable","19":"product-type-simple"},"yoast_head":"<!-- This site is optimized with the Yoast SEO plugin v27.4 - https:\/\/yoast.com\/product\/yoast-seo-wordpress\/ -->\n<title>PROB PACKAGE 2 - Ekholm Vision - PROB SERIEN<\/title>\n<meta name=\"robots\" content=\"index, follow, max-snippet:-1, max-image-preview:large, max-video-preview:-1\" \/>\n<link rel=\"canonical\" href=\"https:\/\/www.ekholmnordic.se\/de\/produkt\/prob-package-2\/\" \/>\n<meta property=\"og:locale\" content=\"de_DE\" \/>\n<meta property=\"og:type\" content=\"article\" \/>\n<meta property=\"og:title\" content=\"PROB PACKAGE 2 - Ekholm Vision - PROB SERIEN\" \/>\n<meta property=\"og:description\" content=\"IF YOU WANT PRODUCTS AT HOME FOR A WIDE RANGE OF USES. HERE ARE FOUR PRODUCTS OFFERED \u00a0ALSO EFFECTIVE AGAINST THE ITCHES CAUSED BY INSECT.\" \/>\n<meta property=\"og:url\" content=\"https:\/\/www.ekholmnordic.se\/de\/produkt\/prob-package-2\/\" \/>\n<meta property=\"og:site_name\" content=\"Ekholm Vision - PROB SERIEN\" \/>\n<meta property=\"article:modified_time\" content=\"2019-05-30T15:33:49+00:00\" \/>\n<meta property=\"og:image\" content=\"https:\/\/www.ekholmnordic.se\/wp-content\/uploads\/2018\/05\/Paket-2.jpg\" \/>\n\t<meta property=\"og:image:width\" content=\"3024\" \/>\n\t<meta property=\"og:image:height\" content=\"3024\" \/>\n\t<meta property=\"og:image:type\" content=\"image\/jpeg\" \/>\n<meta name=\"twitter:card\" content=\"summary_large_image\" \/>\n<meta name=\"twitter:label1\" content=\"Gesch\u00e4tzte Lesezeit\" \/>\n\t<meta name=\"twitter:data1\" content=\"2\u00a0Minuten\" \/>\n<script type=\"application\/ld+json\" class=\"yoast-schema-graph\">{\"@context\":\"https:\\\/\\\/schema.org\",\"@graph\":[{\"@type\":\"WebPage\",\"@id\":\"https:\\\/\\\/www.ekholmnordic.se\\\/de\\\/produkt\\\/prob-package-2\\\/\",\"url\":\"https:\\\/\\\/www.ekholmnordic.se\\\/de\\\/produkt\\\/prob-package-2\\\/\",\"name\":\"PROB PACKAGE 2 - Ekholm Vision - PROB SERIEN\",\"isPartOf\":{\"@id\":\"https:\\\/\\\/www.ekholmnordic.se\\\/#website\"},\"primaryImageOfPage\":{\"@id\":\"https:\\\/\\\/www.ekholmnordic.se\\\/de\\\/produkt\\\/prob-package-2\\\/#primaryimage\"},\"image\":{\"@id\":\"https:\\\/\\\/www.ekholmnordic.se\\\/de\\\/produkt\\\/prob-package-2\\\/#primaryimage\"},\"thumbnailUrl\":\"https:\\\/\\\/www.ekholmnordic.se\\\/wp-content\\\/uploads\\\/2018\\\/05\\\/Paket-2.jpg\",\"datePublished\":\"2018-05-30T04:30:39+00:00\",\"dateModified\":\"2019-05-30T15:33:49+00:00\",\"breadcrumb\":{\"@id\":\"https:\\\/\\\/www.ekholmnordic.se\\\/de\\\/produkt\\\/prob-package-2\\\/#breadcrumb\"},\"inLanguage\":\"de\",\"potentialAction\":[{\"@type\":\"ReadAction\",\"target\":[\"https:\\\/\\\/www.ekholmnordic.se\\\/de\\\/produkt\\\/prob-package-2\\\/\"]}]},{\"@type\":\"ImageObject\",\"inLanguage\":\"de\",\"@id\":\"https:\\\/\\\/www.ekholmnordic.se\\\/de\\\/produkt\\\/prob-package-2\\\/#primaryimage\",\"url\":\"https:\\\/\\\/www.ekholmnordic.se\\\/wp-content\\\/uploads\\\/2018\\\/05\\\/Paket-2.jpg\",\"contentUrl\":\"https:\\\/\\\/www.ekholmnordic.se\\\/wp-content\\\/uploads\\\/2018\\\/05\\\/Paket-2.jpg\",\"width\":3024,\"height\":3024},{\"@type\":\"BreadcrumbList\",\"@id\":\"https:\\\/\\\/www.ekholmnordic.se\\\/de\\\/produkt\\\/prob-package-2\\\/#breadcrumb\",\"itemListElement\":[{\"@type\":\"ListItem\",\"position\":1,\"name\":\"Hem\",\"item\":\"https:\\\/\\\/www.ekholmnordic.se\\\/de\\\/\"},{\"@type\":\"ListItem\",\"position\":2,\"name\":\"WEBSHOP\",\"item\":\"https:\\\/\\\/www.ekholmnordic.se\\\/de\\\/webshop\\\/\"},{\"@type\":\"ListItem\",\"position\":3,\"name\":\"PROB PACKAGE 2\"}]},{\"@type\":\"WebSite\",\"@id\":\"https:\\\/\\\/www.ekholmnordic.se\\\/#website\",\"url\":\"https:\\\/\\\/www.ekholmnordic.se\\\/\",\"name\":\"Ekholm Vision - PROB SERIEN\",\"description\":\"F\u00d6R EN OPTIMAL HUD OCH P\u00c4LSV\u00c5RD\",\"potentialAction\":[{\"@type\":\"SearchAction\",\"target\":{\"@type\":\"EntryPoint\",\"urlTemplate\":\"https:\\\/\\\/www.ekholmnordic.se\\\/?s={search_term_string}\"},\"query-input\":{\"@type\":\"PropertyValueSpecification\",\"valueRequired\":true,\"valueName\":\"search_term_string\"}}],\"inLanguage\":\"de\"}]}<\/script>\n<!-- \/ Yoast SEO plugin. -->","yoast_head_json":{"title":"PROB PACKAGE 2 - Ekholm Vision - PROB SERIEN","robots":{"index":"index","follow":"follow","max-snippet":"max-snippet:-1","max-image-preview":"max-image-preview:large","max-video-preview":"max-video-preview:-1"},"canonical":"https:\/\/www.ekholmnordic.se\/de\/produkt\/prob-package-2\/","og_locale":"de_DE","og_type":"article","og_title":"PROB PACKAGE 2 - Ekholm Vision - PROB SERIEN","og_description":"IF YOU WANT PRODUCTS AT HOME FOR A WIDE RANGE OF USES. HERE ARE FOUR PRODUCTS OFFERED \u00a0ALSO EFFECTIVE AGAINST THE ITCHES CAUSED BY INSECT.","og_url":"https:\/\/www.ekholmnordic.se\/de\/produkt\/prob-package-2\/","og_site_name":"Ekholm Vision - PROB SERIEN","article_modified_time":"2019-05-30T15:33:49+00:00","og_image":[{"width":3024,"height":3024,"url":"https:\/\/www.ekholmnordic.se\/wp-content\/uploads\/2018\/05\/Paket-2.jpg","type":"image\/jpeg"}],"twitter_card":"summary_large_image","twitter_misc":{"Gesch\u00e4tzte Lesezeit":"2\u00a0Minuten"},"schema":{"@context":"https:\/\/schema.org","@graph":[{"@type":"WebPage","@id":"https:\/\/www.ekholmnordic.se\/de\/produkt\/prob-package-2\/","url":"https:\/\/www.ekholmnordic.se\/de\/produkt\/prob-package-2\/","name":"PROB PACKAGE 2 - Ekholm Vision - PROB SERIEN","isPartOf":{"@id":"https:\/\/www.ekholmnordic.se\/#website"},"primaryImageOfPage":{"@id":"https:\/\/www.ekholmnordic.se\/de\/produkt\/prob-package-2\/#primaryimage"},"image":{"@id":"https:\/\/www.ekholmnordic.se\/de\/produkt\/prob-package-2\/#primaryimage"},"thumbnailUrl":"https:\/\/www.ekholmnordic.se\/wp-content\/uploads\/2018\/05\/Paket-2.jpg","datePublished":"2018-05-30T04:30:39+00:00","dateModified":"2019-05-30T15:33:49+00:00","breadcrumb":{"@id":"https:\/\/www.ekholmnordic.se\/de\/produkt\/prob-package-2\/#breadcrumb"},"inLanguage":"de","potentialAction":[{"@type":"ReadAction","target":["https:\/\/www.ekholmnordic.se\/de\/produkt\/prob-package-2\/"]}]},{"@type":"ImageObject","inLanguage":"de","@id":"https:\/\/www.ekholmnordic.se\/de\/produkt\/prob-package-2\/#primaryimage","url":"https:\/\/www.ekholmnordic.se\/wp-content\/uploads\/2018\/05\/Paket-2.jpg","contentUrl":"https:\/\/www.ekholmnordic.se\/wp-content\/uploads\/2018\/05\/Paket-2.jpg","width":3024,"height":3024},{"@type":"BreadcrumbList","@id":"https:\/\/www.ekholmnordic.se\/de\/produkt\/prob-package-2\/#breadcrumb","itemListElement":[{"@type":"ListItem","position":1,"name":"Hem","item":"https:\/\/www.ekholmnordic.se\/de\/"},{"@type":"ListItem","position":2,"name":"WEBSHOP","item":"https:\/\/www.ekholmnordic.se\/de\/webshop\/"},{"@type":"ListItem","position":3,"name":"PROB PACKAGE 2"}]},{"@type":"WebSite","@id":"https:\/\/www.ekholmnordic.se\/#website","url":"https:\/\/www.ekholmnordic.se\/","name":"Ekholm Vision - PROB SERIEN","description":"F\u00d6R EN OPTIMAL HUD OCH P\u00c4LSV\u00c5RD","potentialAction":[{"@type":"SearchAction","target":{"@type":"EntryPoint","urlTemplate":"https:\/\/www.ekholmnordic.se\/?s={search_term_string}"},"query-input":{"@type":"PropertyValueSpecification","valueRequired":true,"valueName":"search_term_string"}}],"inLanguage":"de"}]}},"_links":{"self":[{"href":"https:\/\/www.ekholmnordic.se\/de\/wp-json\/wp\/v2\/product\/7387","targetHints":{"allow":["GET"]}}],"collection":[{"href":"https:\/\/www.ekholmnordic.se\/de\/wp-json\/wp\/v2\/product"}],"about":[{"href":"https:\/\/www.ekholmnordic.se\/de\/wp-json\/wp\/v2\/types\/product"}],"replies":[{"embeddable":true,"href":"https:\/\/www.ekholmnordic.se\/de\/wp-json\/wp\/v2\/comments?post=7387"}],"wp:featuredmedia":[{"embeddable":true,"href":"https:\/\/www.ekholmnordic.se\/de\/wp-json\/wp\/v2\/media\/7460"}],"wp:attachment":[{"href":"https:\/\/www.ekholmnordic.se\/de\/wp-json\/wp\/v2\/media?parent=7387"}],"wp:term":[{"taxonomy":"product_brand","embeddable":true,"href":"https:\/\/www.ekholmnordic.se\/de\/wp-json\/wp\/v2\/product_brand?post=7387"},{"taxonomy":"product_cat","embeddable":true,"href":"https:\/\/www.ekholmnordic.se\/de\/wp-json\/wp\/v2\/product_cat?post=7387"},{"taxonomy":"product_tag","embeddable":true,"href":"https:\/\/www.ekholmnordic.se\/de\/wp-json\/wp\/v2\/product_tag?post=7387"}],"curies":[{"name":"wp","href":"https:\/\/api.w.org\/{rel}","templated":true}]}}