{"id":7251,"date":"2017-11-30T13:50:27","date_gmt":"2017-11-30T12:50:27","guid":{"rendered":"https:\/\/www.ekholmnordic.se\/produkt\/ls-heat-seat\/"},"modified":"2019-01-19T18:30:23","modified_gmt":"2019-01-19T17:30:23","slug":"ls-heat-seat","status":"publish","type":"product","link":"https:\/\/www.ekholmnordic.se\/de\/produkt\/ls-heat-seat\/","title":{"rendered":"LS HEAT SEAT"},"content":{"rendered":"<p id=\"tw-target-text\" class=\"tw-data-text tw-ta tw-text-small\" dir=\"ltr\" data-placeholder=\"\u00d6vers\u00e4ttning\"><span lang=\"de\">LS HEAT SEAT f\u00fcr den Sattel gibt Ihrem Sitz an kalten Wintertagen im Sattel eine angenehme W\u00e4rme. Es ist am Sattel angebracht, um eine optimale Passform zu erreichen. Mit Gummizug und Klettverschluss befestigt. Es besteht aus echtem schwedischem Naturschaffell<\/span><\/p>\n","protected":false},"excerpt":{"rendered":"<h6 id=\"tw-target-text\" class=\"tw-data-text tw-ta tw-text-medium\" dir=\"ltr\" data-placeholder=\"\u00d6vers\u00e4ttning\"><span lang=\"de\">Echte Haut der schwedischen Schaf.<\/span><\/h6>\n","protected":false},"featured_media":24086,"comment_status":"closed","ping_status":"closed","template":"","meta":{"_monsterinsights_skip_tracking":false,"_monsterinsights_sitenote_active":false,"_monsterinsights_sitenote_note":"","_monsterinsights_sitenote_category":0},"product_brand":[],"product_cat":[79],"product_tag":[],"class_list":{"0":"post-7251","1":"product","2":"type-product","3":"status-publish","4":"has-post-thumbnail","6":"product_cat-okategoriserad","9":"first","10":"instock","11":"taxable","12":"shipping-taxable","13":"product-type-external"},"yoast_head":"<!-- This site is optimized with the Yoast SEO plugin v27.5 - https:\/\/yoast.com\/product\/yoast-seo-wordpress\/ -->\n<title>LS HEAT SEAT - Ekholm Vision - PROB SERIEN<\/title>\n<meta name=\"robots\" content=\"index, follow, max-snippet:-1, max-image-preview:large, max-video-preview:-1\" \/>\n<link rel=\"canonical\" href=\"https:\/\/www.ekholmnordic.se\/produkt\/ls-vaermesits-foer-sadel\/\" \/>\n<meta property=\"og:locale\" content=\"de_DE\" \/>\n<meta property=\"og:type\" content=\"article\" \/>\n<meta property=\"og:title\" content=\"LS HEAT SEAT - Ekholm Vision - PROB SERIEN\" \/>\n<meta property=\"og:description\" content=\"Echte Haut der schwedischen Schaf.\" \/>\n<meta property=\"og:url\" content=\"https:\/\/www.ekholmnordic.se\/produkt\/ls-vaermesits-foer-sadel\/\" \/>\n<meta property=\"og:site_name\" content=\"Ekholm Vision - PROB SERIEN\" \/>\n<meta property=\"article:modified_time\" content=\"2019-01-19T17:30:23+00:00\" \/>\n<meta property=\"og:image\" content=\"https:\/\/www.ekholmnordic.se\/wp-content\/uploads\/2017\/11\/5.png\" \/>\n\t<meta property=\"og:image:width\" content=\"700\" \/>\n\t<meta property=\"og:image:height\" content=\"700\" \/>\n\t<meta property=\"og:image:type\" content=\"image\/png\" \/>\n<meta name=\"twitter:card\" content=\"summary_large_image\" \/>\n<script type=\"application\/ld+json\" class=\"yoast-schema-graph\">{\"@context\":\"https:\\\/\\\/schema.org\",\"@graph\":[{\"@type\":\"WebPage\",\"@id\":\"https:\\\/\\\/www.ekholmnordic.se\\\/produkt\\\/ls-vaermesits-foer-sadel\\\/\",\"url\":\"https:\\\/\\\/www.ekholmnordic.se\\\/produkt\\\/ls-vaermesits-foer-sadel\\\/\",\"name\":\"LS HEAT SEAT - Ekholm Vision - PROB SERIEN\",\"isPartOf\":{\"@id\":\"https:\\\/\\\/www.ekholmnordic.se\\\/#website\"},\"primaryImageOfPage\":{\"@id\":\"https:\\\/\\\/www.ekholmnordic.se\\\/produkt\\\/ls-vaermesits-foer-sadel\\\/#primaryimage\"},\"image\":{\"@id\":\"https:\\\/\\\/www.ekholmnordic.se\\\/produkt\\\/ls-vaermesits-foer-sadel\\\/#primaryimage\"},\"thumbnailUrl\":\"https:\\\/\\\/www.ekholmnordic.se\\\/wp-content\\\/uploads\\\/2017\\\/11\\\/5.png\",\"datePublished\":\"2017-11-30T12:50:27+00:00\",\"dateModified\":\"2019-01-19T17:30:23+00:00\",\"breadcrumb\":{\"@id\":\"https:\\\/\\\/www.ekholmnordic.se\\\/produkt\\\/ls-vaermesits-foer-sadel\\\/#breadcrumb\"},\"inLanguage\":\"de\",\"potentialAction\":[{\"@type\":\"ReadAction\",\"target\":[\"https:\\\/\\\/www.ekholmnordic.se\\\/produkt\\\/ls-vaermesits-foer-sadel\\\/\"]}]},{\"@type\":\"ImageObject\",\"inLanguage\":\"de\",\"@id\":\"https:\\\/\\\/www.ekholmnordic.se\\\/produkt\\\/ls-vaermesits-foer-sadel\\\/#primaryimage\",\"url\":\"https:\\\/\\\/www.ekholmnordic.se\\\/wp-content\\\/uploads\\\/2017\\\/11\\\/5.png\",\"contentUrl\":\"https:\\\/\\\/www.ekholmnordic.se\\\/wp-content\\\/uploads\\\/2017\\\/11\\\/5.png\",\"width\":700,\"height\":700},{\"@type\":\"BreadcrumbList\",\"@id\":\"https:\\\/\\\/www.ekholmnordic.se\\\/produkt\\\/ls-vaermesits-foer-sadel\\\/#breadcrumb\",\"itemListElement\":[{\"@type\":\"ListItem\",\"position\":1,\"name\":\"Hem\",\"item\":\"https:\\\/\\\/www.ekholmnordic.se\\\/de\\\/\"},{\"@type\":\"ListItem\",\"position\":2,\"name\":\"WEBSHOP\",\"item\":\"https:\\\/\\\/www.ekholmnordic.se\\\/de\\\/webshop\\\/\"},{\"@type\":\"ListItem\",\"position\":3,\"name\":\"LS HEAT SEAT\"}]},{\"@type\":\"WebSite\",\"@id\":\"https:\\\/\\\/www.ekholmnordic.se\\\/#website\",\"url\":\"https:\\\/\\\/www.ekholmnordic.se\\\/\",\"name\":\"Ekholm Vision - PROB SERIEN\",\"description\":\"F\u00d6R EN OPTIMAL HUD OCH P\u00c4LSV\u00c5RD\",\"potentialAction\":[{\"@type\":\"SearchAction\",\"target\":{\"@type\":\"EntryPoint\",\"urlTemplate\":\"https:\\\/\\\/www.ekholmnordic.se\\\/?s={search_term_string}\"},\"query-input\":{\"@type\":\"PropertyValueSpecification\",\"valueRequired\":true,\"valueName\":\"search_term_string\"}}],\"inLanguage\":\"de\"}]}<\/script>\n<!-- \/ Yoast SEO plugin. -->","yoast_head_json":{"title":"LS HEAT SEAT - Ekholm Vision - PROB SERIEN","robots":{"index":"index","follow":"follow","max-snippet":"max-snippet:-1","max-image-preview":"max-image-preview:large","max-video-preview":"max-video-preview:-1"},"canonical":"https:\/\/www.ekholmnordic.se\/produkt\/ls-vaermesits-foer-sadel\/","og_locale":"de_DE","og_type":"article","og_title":"LS HEAT SEAT - Ekholm Vision - PROB SERIEN","og_description":"Echte Haut der schwedischen Schaf.","og_url":"https:\/\/www.ekholmnordic.se\/produkt\/ls-vaermesits-foer-sadel\/","og_site_name":"Ekholm Vision - PROB SERIEN","article_modified_time":"2019-01-19T17:30:23+00:00","og_image":[{"width":700,"height":700,"url":"https:\/\/www.ekholmnordic.se\/wp-content\/uploads\/2017\/11\/5.png","type":"image\/png"}],"twitter_card":"summary_large_image","schema":{"@context":"https:\/\/schema.org","@graph":[{"@type":"WebPage","@id":"https:\/\/www.ekholmnordic.se\/produkt\/ls-vaermesits-foer-sadel\/","url":"https:\/\/www.ekholmnordic.se\/produkt\/ls-vaermesits-foer-sadel\/","name":"LS HEAT SEAT - Ekholm Vision - PROB SERIEN","isPartOf":{"@id":"https:\/\/www.ekholmnordic.se\/#website"},"primaryImageOfPage":{"@id":"https:\/\/www.ekholmnordic.se\/produkt\/ls-vaermesits-foer-sadel\/#primaryimage"},"image":{"@id":"https:\/\/www.ekholmnordic.se\/produkt\/ls-vaermesits-foer-sadel\/#primaryimage"},"thumbnailUrl":"https:\/\/www.ekholmnordic.se\/wp-content\/uploads\/2017\/11\/5.png","datePublished":"2017-11-30T12:50:27+00:00","dateModified":"2019-01-19T17:30:23+00:00","breadcrumb":{"@id":"https:\/\/www.ekholmnordic.se\/produkt\/ls-vaermesits-foer-sadel\/#breadcrumb"},"inLanguage":"de","potentialAction":[{"@type":"ReadAction","target":["https:\/\/www.ekholmnordic.se\/produkt\/ls-vaermesits-foer-sadel\/"]}]},{"@type":"ImageObject","inLanguage":"de","@id":"https:\/\/www.ekholmnordic.se\/produkt\/ls-vaermesits-foer-sadel\/#primaryimage","url":"https:\/\/www.ekholmnordic.se\/wp-content\/uploads\/2017\/11\/5.png","contentUrl":"https:\/\/www.ekholmnordic.se\/wp-content\/uploads\/2017\/11\/5.png","width":700,"height":700},{"@type":"BreadcrumbList","@id":"https:\/\/www.ekholmnordic.se\/produkt\/ls-vaermesits-foer-sadel\/#breadcrumb","itemListElement":[{"@type":"ListItem","position":1,"name":"Hem","item":"https:\/\/www.ekholmnordic.se\/de\/"},{"@type":"ListItem","position":2,"name":"WEBSHOP","item":"https:\/\/www.ekholmnordic.se\/de\/webshop\/"},{"@type":"ListItem","position":3,"name":"LS HEAT SEAT"}]},{"@type":"WebSite","@id":"https:\/\/www.ekholmnordic.se\/#website","url":"https:\/\/www.ekholmnordic.se\/","name":"Ekholm Vision - PROB SERIEN","description":"F\u00d6R EN OPTIMAL HUD OCH P\u00c4LSV\u00c5RD","potentialAction":[{"@type":"SearchAction","target":{"@type":"EntryPoint","urlTemplate":"https:\/\/www.ekholmnordic.se\/?s={search_term_string}"},"query-input":{"@type":"PropertyValueSpecification","valueRequired":true,"valueName":"search_term_string"}}],"inLanguage":"de"}]}},"_links":{"self":[{"href":"https:\/\/www.ekholmnordic.se\/de\/wp-json\/wp\/v2\/product\/7251","targetHints":{"allow":["GET"]}}],"collection":[{"href":"https:\/\/www.ekholmnordic.se\/de\/wp-json\/wp\/v2\/product"}],"about":[{"href":"https:\/\/www.ekholmnordic.se\/de\/wp-json\/wp\/v2\/types\/product"}],"replies":[{"embeddable":true,"href":"https:\/\/www.ekholmnordic.se\/de\/wp-json\/wp\/v2\/comments?post=7251"}],"wp:featuredmedia":[{"embeddable":true,"href":"https:\/\/www.ekholmnordic.se\/de\/wp-json\/wp\/v2\/media\/24086"}],"wp:attachment":[{"href":"https:\/\/www.ekholmnordic.se\/de\/wp-json\/wp\/v2\/media?parent=7251"}],"wp:term":[{"taxonomy":"product_brand","embeddable":true,"href":"https:\/\/www.ekholmnordic.se\/de\/wp-json\/wp\/v2\/product_brand?post=7251"},{"taxonomy":"product_cat","embeddable":true,"href":"https:\/\/www.ekholmnordic.se\/de\/wp-json\/wp\/v2\/product_cat?post=7251"},{"taxonomy":"product_tag","embeddable":true,"href":"https:\/\/www.ekholmnordic.se\/de\/wp-json\/wp\/v2\/product_tag?post=7251"}],"curies":[{"name":"wp","href":"https:\/\/api.w.org\/{rel}","templated":true}]}}