{"id":7212,"date":"2018-07-05T10:12:09","date_gmt":"2018-07-05T08:12:09","guid":{"rendered":"https:\/\/www.ekholmnordic.se\/produkt\/prob-hufpaket\/"},"modified":"2019-05-23T22:20:47","modified_gmt":"2019-05-23T20:20:47","slug":"prob-hufpaket","status":"publish","type":"product","link":"https:\/\/www.ekholmnordic.se\/de\/produkt\/prob-hufpaket\/","title":{"rendered":"PROB HUFPAKET"},"content":{"rendered":"<p><strong>PROB FROG STICKS ist ein 100% nat\u00fcrliches Produkt. Die Teer-basierte Sticks ist mit Bienenwachs, \u00d6l, Harz.<\/strong><\/p>\n<p><strong>Die Stiks Wird angewendet, als f\u00fcllung f\u00fcr tiefe Strahlfurchen und Hohlr<img loading=\"lazy\" decoding=\"async\" class=\"alignleft size-medium wp-image-6458\" src=\"https:\/\/www.ekholmnordic.se\/wp-content\/uploads\/2018\/07\/Hov-med-Surstr\u00e5lesticks-300x300.jpg\" alt=\"\" width=\"300\" height=\"300\" srcset=\"https:\/\/www.ekholmnordic.se\/wp-content\/uploads\/2018\/07\/Hov-med-Surstr\u00e5lesticks-300x300.jpg 300w, https:\/\/www.ekholmnordic.se\/wp-content\/uploads\/2018\/07\/Hov-med-Surstr\u00e5lesticks-150x150.jpg 150w, https:\/\/www.ekholmnordic.se\/wp-content\/uploads\/2018\/07\/Hov-med-Surstr\u00e5lesticks-100x100.jpg 100w, https:\/\/www.ekholmnordic.se\/wp-content\/uploads\/2018\/07\/Hov-med-Surstr\u00e5lesticks-865x864.jpg 865w, https:\/\/www.ekholmnordic.se\/wp-content\/uploads\/2018\/07\/Hov-med-Surstr\u00e5lesticks-600x599.jpg 600w, https:\/\/www.ekholmnordic.se\/wp-content\/uploads\/2018\/07\/Hov-med-Surstr\u00e5lesticks.jpg 960w\" sizes=\"auto, (max-width: 300px) 100vw, 300px\" \/>\u00e4ume und verhindern Ton, Feuchtigkeit und dergleichen einzudringen.<\/strong><\/p>\n<p><strong>Wenn das Pferd tiefe Strahlfuchen hat, oder wenn Sie Ver\u00e4nderungen im Strahl sehen, Dr\u00fccken Sie, nach der Reinigun einen PROB Salve Stick in der Strahlfuche. Ersetzen Sie den Stick nach 2-4 Tagen, oder nach dem Intervall, die zu Ihren<\/strong><\/p>\n<p><strong>Pferd passt. Fortsetzen Sie so lange, wie es n\u00f6tig ist.<\/strong><\/p>\n<p><strong>Sie finden extra Teerfahrt in den Eimer und es sind ca. 30-40 in einer separaten Verpackung. Verwenden Sie PROB HOOF BALM in Kombination mit PROB FROG STICKS f\u00fcr optimale Wirkung.<\/strong><\/p>\n<p>INCI: \u00d6l, Bienenwachs, Teer, propolis, resin<\/p>\n<p><strong>PROB HOOF BALM ist ein nat\u00fcrliches Produkt. Teer-basierte mit Bienenwachs, \u00d6l und Propolis der eine sch\u00fctzende Wirkung hat gegen Feuchtigkeit und extreme Belastungen.<\/strong><\/p>\n<p><strong>Regelm\u00e4\u00dfiger Gebrauch von PROB Hoof Balm h\u00e4lt den Huf in einem guten Zustand, Elastizit\u00e4t und Feuchtigkeitsausgleich.<\/strong><\/p>\n<p><strong>Gibt einen guten Glanz auf den Huf. Kann \u00fcberall auf dem Huf geb\u00fcrstet werden.<\/strong><\/p>\n<p>INCI: \u00d6l, Teer, Bienenwachs,propolis<\/p>\n<p>&nbsp;<\/p>\n<p>&nbsp;<\/p>\n<p>&nbsp;<\/p>\n","protected":false},"excerpt":{"rendered":"<p>PROB FROG STICKS ist ein 100% nat\u00fcrliches Produkt. Die Teer-basierte Sticks ist mit Bienenwachs, \u00d6l, Harz. Die Stiks Wird angewendet, als f\u00fcllung f\u00fcr tiefe Strahlfurchen und Hohlr\u00e4ume und verhindern Ton, Feuchtigkeit und dergleichen einzudringen. Wenn das Pferd tiefe Strahlfuchen hat, oder wenn Sie Ver\u00e4nderungen im Strahl sehen, Dr\u00fccken Sie, nach der Reinigun einen PROB Salve Stick in der Strahlfuche. Ersetzen &#8230; <a href=\"https:\/\/www.ekholmnordic.se\/de\/produkt\/prob-hufpaket\/\" class=\"more-link\">Read More<\/a><\/p>\n","protected":false},"featured_media":22389,"comment_status":"closed","ping_status":"closed","template":"","meta":{"_monsterinsights_skip_tracking":false,"_monsterinsights_sitenote_active":false,"_monsterinsights_sitenote_note":"","_monsterinsights_sitenote_category":0},"product_brand":[],"product_cat":[45,58],"product_tag":[],"class_list":{"0":"post-7212","1":"product","2":"type-product","3":"status-publish","4":"has-post-thumbnail","6":"product_cat-tierarzneimittel","7":"product_cat-hufflege","10":"first","11":"instock","12":"sale","13":"taxable","14":"shipping-taxable","15":"purchasable","16":"product-type-simple"},"yoast_head":"<!-- This site is optimized with the Yoast SEO plugin v27.4 - https:\/\/yoast.com\/product\/yoast-seo-wordpress\/ -->\n<title>PROB HUFPAKET - Ekholm Vision - PROB SERIEN<\/title>\n<meta name=\"robots\" content=\"index, follow, max-snippet:-1, max-image-preview:large, max-video-preview:-1\" \/>\n<link rel=\"canonical\" href=\"https:\/\/www.ekholmnordic.se\/de\/produkt\/prob-hufpaket\/\" \/>\n<meta property=\"og:locale\" content=\"de_DE\" \/>\n<meta property=\"og:type\" content=\"article\" \/>\n<meta property=\"og:title\" content=\"PROB HUFPAKET - Ekholm Vision - PROB SERIEN\" \/>\n<meta property=\"og:description\" content=\"PROB FROG STICKS ist ein 100% nat\u00fcrliches Produkt. Die Teer-basierte Sticks ist mit Bienenwachs, \u00d6l, Harz. Die Stiks Wird angewendet, als f\u00fcllung f\u00fcr tiefe Strahlfurchen und Hohlr\u00e4ume und verhindern Ton, Feuchtigkeit und dergleichen einzudringen. Wenn das Pferd tiefe Strahlfuchen hat, oder wenn Sie Ver\u00e4nderungen im Strahl sehen, Dr\u00fccken Sie, nach der Reinigun einen PROB Salve Stick in der Strahlfuche. Ersetzen ... Read More\" \/>\n<meta property=\"og:url\" content=\"https:\/\/www.ekholmnordic.se\/de\/produkt\/prob-hufpaket\/\" \/>\n<meta property=\"og:site_name\" content=\"Ekholm Vision - PROB SERIEN\" \/>\n<meta property=\"article:modified_time\" content=\"2019-05-23T20:20:47+00:00\" \/>\n<meta property=\"og:image\" content=\"https:\/\/www.ekholmnordic.se\/wp-content\/uploads\/2018\/07\/5.png\" \/>\n\t<meta property=\"og:image:width\" content=\"700\" \/>\n\t<meta property=\"og:image:height\" content=\"700\" \/>\n\t<meta property=\"og:image:type\" content=\"image\/png\" \/>\n<meta name=\"twitter:card\" content=\"summary_large_image\" \/>\n<meta name=\"twitter:label1\" content=\"Gesch\u00e4tzte Lesezeit\" \/>\n\t<meta name=\"twitter:data1\" content=\"1\u00a0Minute\" \/>\n<script type=\"application\/ld+json\" class=\"yoast-schema-graph\">{\"@context\":\"https:\\\/\\\/schema.org\",\"@graph\":[{\"@type\":\"WebPage\",\"@id\":\"https:\\\/\\\/www.ekholmnordic.se\\\/de\\\/produkt\\\/prob-hufpaket\\\/\",\"url\":\"https:\\\/\\\/www.ekholmnordic.se\\\/de\\\/produkt\\\/prob-hufpaket\\\/\",\"name\":\"PROB HUFPAKET - Ekholm Vision - PROB SERIEN\",\"isPartOf\":{\"@id\":\"https:\\\/\\\/www.ekholmnordic.se\\\/#website\"},\"primaryImageOfPage\":{\"@id\":\"https:\\\/\\\/www.ekholmnordic.se\\\/de\\\/produkt\\\/prob-hufpaket\\\/#primaryimage\"},\"image\":{\"@id\":\"https:\\\/\\\/www.ekholmnordic.se\\\/de\\\/produkt\\\/prob-hufpaket\\\/#primaryimage\"},\"thumbnailUrl\":\"https:\\\/\\\/www.ekholmnordic.se\\\/wp-content\\\/uploads\\\/2018\\\/07\\\/5.png\",\"datePublished\":\"2018-07-05T08:12:09+00:00\",\"dateModified\":\"2019-05-23T20:20:47+00:00\",\"breadcrumb\":{\"@id\":\"https:\\\/\\\/www.ekholmnordic.se\\\/de\\\/produkt\\\/prob-hufpaket\\\/#breadcrumb\"},\"inLanguage\":\"de\",\"potentialAction\":[{\"@type\":\"ReadAction\",\"target\":[\"https:\\\/\\\/www.ekholmnordic.se\\\/de\\\/produkt\\\/prob-hufpaket\\\/\"]}]},{\"@type\":\"ImageObject\",\"inLanguage\":\"de\",\"@id\":\"https:\\\/\\\/www.ekholmnordic.se\\\/de\\\/produkt\\\/prob-hufpaket\\\/#primaryimage\",\"url\":\"https:\\\/\\\/www.ekholmnordic.se\\\/wp-content\\\/uploads\\\/2018\\\/07\\\/5.png\",\"contentUrl\":\"https:\\\/\\\/www.ekholmnordic.se\\\/wp-content\\\/uploads\\\/2018\\\/07\\\/5.png\",\"width\":700,\"height\":700},{\"@type\":\"BreadcrumbList\",\"@id\":\"https:\\\/\\\/www.ekholmnordic.se\\\/de\\\/produkt\\\/prob-hufpaket\\\/#breadcrumb\",\"itemListElement\":[{\"@type\":\"ListItem\",\"position\":1,\"name\":\"Hem\",\"item\":\"https:\\\/\\\/www.ekholmnordic.se\\\/de\\\/\"},{\"@type\":\"ListItem\",\"position\":2,\"name\":\"WEBSHOP\",\"item\":\"https:\\\/\\\/www.ekholmnordic.se\\\/de\\\/webshop\\\/\"},{\"@type\":\"ListItem\",\"position\":3,\"name\":\"PROB HUFPAKET\"}]},{\"@type\":\"WebSite\",\"@id\":\"https:\\\/\\\/www.ekholmnordic.se\\\/#website\",\"url\":\"https:\\\/\\\/www.ekholmnordic.se\\\/\",\"name\":\"Ekholm Vision - PROB SERIEN\",\"description\":\"F\u00d6R EN OPTIMAL HUD OCH P\u00c4LSV\u00c5RD\",\"potentialAction\":[{\"@type\":\"SearchAction\",\"target\":{\"@type\":\"EntryPoint\",\"urlTemplate\":\"https:\\\/\\\/www.ekholmnordic.se\\\/?s={search_term_string}\"},\"query-input\":{\"@type\":\"PropertyValueSpecification\",\"valueRequired\":true,\"valueName\":\"search_term_string\"}}],\"inLanguage\":\"de\"}]}<\/script>\n<!-- \/ Yoast SEO plugin. -->","yoast_head_json":{"title":"PROB HUFPAKET - Ekholm Vision - PROB SERIEN","robots":{"index":"index","follow":"follow","max-snippet":"max-snippet:-1","max-image-preview":"max-image-preview:large","max-video-preview":"max-video-preview:-1"},"canonical":"https:\/\/www.ekholmnordic.se\/de\/produkt\/prob-hufpaket\/","og_locale":"de_DE","og_type":"article","og_title":"PROB HUFPAKET - Ekholm Vision - PROB SERIEN","og_description":"PROB FROG STICKS ist ein 100% nat\u00fcrliches Produkt. Die Teer-basierte Sticks ist mit Bienenwachs, \u00d6l, Harz. Die Stiks Wird angewendet, als f\u00fcllung f\u00fcr tiefe Strahlfurchen und Hohlr\u00e4ume und verhindern Ton, Feuchtigkeit und dergleichen einzudringen. Wenn das Pferd tiefe Strahlfuchen hat, oder wenn Sie Ver\u00e4nderungen im Strahl sehen, Dr\u00fccken Sie, nach der Reinigun einen PROB Salve Stick in der Strahlfuche. Ersetzen ... Read More","og_url":"https:\/\/www.ekholmnordic.se\/de\/produkt\/prob-hufpaket\/","og_site_name":"Ekholm Vision - PROB SERIEN","article_modified_time":"2019-05-23T20:20:47+00:00","og_image":[{"width":700,"height":700,"url":"https:\/\/www.ekholmnordic.se\/wp-content\/uploads\/2018\/07\/5.png","type":"image\/png"}],"twitter_card":"summary_large_image","twitter_misc":{"Gesch\u00e4tzte Lesezeit":"1\u00a0Minute"},"schema":{"@context":"https:\/\/schema.org","@graph":[{"@type":"WebPage","@id":"https:\/\/www.ekholmnordic.se\/de\/produkt\/prob-hufpaket\/","url":"https:\/\/www.ekholmnordic.se\/de\/produkt\/prob-hufpaket\/","name":"PROB HUFPAKET - Ekholm Vision - PROB SERIEN","isPartOf":{"@id":"https:\/\/www.ekholmnordic.se\/#website"},"primaryImageOfPage":{"@id":"https:\/\/www.ekholmnordic.se\/de\/produkt\/prob-hufpaket\/#primaryimage"},"image":{"@id":"https:\/\/www.ekholmnordic.se\/de\/produkt\/prob-hufpaket\/#primaryimage"},"thumbnailUrl":"https:\/\/www.ekholmnordic.se\/wp-content\/uploads\/2018\/07\/5.png","datePublished":"2018-07-05T08:12:09+00:00","dateModified":"2019-05-23T20:20:47+00:00","breadcrumb":{"@id":"https:\/\/www.ekholmnordic.se\/de\/produkt\/prob-hufpaket\/#breadcrumb"},"inLanguage":"de","potentialAction":[{"@type":"ReadAction","target":["https:\/\/www.ekholmnordic.se\/de\/produkt\/prob-hufpaket\/"]}]},{"@type":"ImageObject","inLanguage":"de","@id":"https:\/\/www.ekholmnordic.se\/de\/produkt\/prob-hufpaket\/#primaryimage","url":"https:\/\/www.ekholmnordic.se\/wp-content\/uploads\/2018\/07\/5.png","contentUrl":"https:\/\/www.ekholmnordic.se\/wp-content\/uploads\/2018\/07\/5.png","width":700,"height":700},{"@type":"BreadcrumbList","@id":"https:\/\/www.ekholmnordic.se\/de\/produkt\/prob-hufpaket\/#breadcrumb","itemListElement":[{"@type":"ListItem","position":1,"name":"Hem","item":"https:\/\/www.ekholmnordic.se\/de\/"},{"@type":"ListItem","position":2,"name":"WEBSHOP","item":"https:\/\/www.ekholmnordic.se\/de\/webshop\/"},{"@type":"ListItem","position":3,"name":"PROB HUFPAKET"}]},{"@type":"WebSite","@id":"https:\/\/www.ekholmnordic.se\/#website","url":"https:\/\/www.ekholmnordic.se\/","name":"Ekholm Vision - PROB SERIEN","description":"F\u00d6R EN OPTIMAL HUD OCH P\u00c4LSV\u00c5RD","potentialAction":[{"@type":"SearchAction","target":{"@type":"EntryPoint","urlTemplate":"https:\/\/www.ekholmnordic.se\/?s={search_term_string}"},"query-input":{"@type":"PropertyValueSpecification","valueRequired":true,"valueName":"search_term_string"}}],"inLanguage":"de"}]}},"_links":{"self":[{"href":"https:\/\/www.ekholmnordic.se\/de\/wp-json\/wp\/v2\/product\/7212","targetHints":{"allow":["GET"]}}],"collection":[{"href":"https:\/\/www.ekholmnordic.se\/de\/wp-json\/wp\/v2\/product"}],"about":[{"href":"https:\/\/www.ekholmnordic.se\/de\/wp-json\/wp\/v2\/types\/product"}],"replies":[{"embeddable":true,"href":"https:\/\/www.ekholmnordic.se\/de\/wp-json\/wp\/v2\/comments?post=7212"}],"wp:featuredmedia":[{"embeddable":true,"href":"https:\/\/www.ekholmnordic.se\/de\/wp-json\/wp\/v2\/media\/22389"}],"wp:attachment":[{"href":"https:\/\/www.ekholmnordic.se\/de\/wp-json\/wp\/v2\/media?parent=7212"}],"wp:term":[{"taxonomy":"product_brand","embeddable":true,"href":"https:\/\/www.ekholmnordic.se\/de\/wp-json\/wp\/v2\/product_brand?post=7212"},{"taxonomy":"product_cat","embeddable":true,"href":"https:\/\/www.ekholmnordic.se\/de\/wp-json\/wp\/v2\/product_cat?post=7212"},{"taxonomy":"product_tag","embeddable":true,"href":"https:\/\/www.ekholmnordic.se\/de\/wp-json\/wp\/v2\/product_tag?post=7212"}],"curies":[{"name":"wp","href":"https:\/\/api.w.org\/{rel}","templated":true}]}}