{"id":6962,"date":"2016-04-08T08:13:24","date_gmt":"2016-04-08T06:13:24","guid":{"rendered":"https:\/\/www.ekholmnordic.se\/produkt\/prob-hoof-balm\/"},"modified":"2023-11-13T11:35:12","modified_gmt":"2023-11-13T10:35:12","slug":"prob-hoof-balm","status":"publish","type":"product","link":"https:\/\/www.ekholmnordic.se\/de\/produkt\/prob-hoof-balm\/","title":{"rendered":"PROB HOOF BALM"},"content":{"rendered":"<p><strong>PROB HOOF BALM ist ein nat\u00fcrliches Produkt. Teer-basierte mit Bienenwachs, \u00d6l und Propolis der eine sch\u00fctzende Wirkung hat gegen Feuchtigkeit und extreme Belastungen.<\/strong><\/p>\n<p><strong>Regelm\u00e4\u00dfiger Gebrauch von PROB Hoof Balm h\u00e4lt den Huf in einem guten Zustand, Elastizit\u00e4t und Feuchtigkeitsausgleich.<\/strong><\/p>\n<p><strong>Gibt einen guten Glanz auf den Huf. Kann \u00fcberall auf dem Huf geb\u00fcrstet werden.<\/strong><\/p>\n<p><strong>PROB Hoof Balm sch\u00fctzt gegen \u00e4ussere Beeintr\u00e4chtigung durch Ton, Urin etc, der h\u00e4ngenbleibt und in die Hufe eindringen will.<\/strong><\/p>\n<p><strong>Bei weiterem Bedarf an Pflege kann man mit den PROB FROG STICKS kombinieren.<\/strong><\/p>\n<p>&nbsp;<\/p>\n<p><strong>INCI: \u00d6l, Teer, Bienenwachs&#8230;<\/strong><\/p>\n","protected":false},"excerpt":{"rendered":"<h6><strong>Regelm\u00e4\u00dfiger Gebrauch von PROB Hoof Balm h\u00e4lt den Huf in einem guten Zustand, Elastizit\u00e4t und Feuchtigkeitsausgleich.<\/strong><\/h6>\n","protected":false},"featured_media":22446,"comment_status":"closed","ping_status":"closed","template":"","meta":{"_monsterinsights_skip_tracking":false,"_monsterinsights_sitenote_active":false,"_monsterinsights_sitenote_note":"","_monsterinsights_sitenote_category":0},"product_brand":[],"product_cat":[45,58],"product_tag":[],"class_list":{"0":"post-6962","1":"product","2":"type-product","3":"status-publish","4":"has-post-thumbnail","6":"product_cat-tierarzneimittel","7":"product_cat-hufflege","10":"first","11":"instock","12":"taxable","13":"shipping-taxable","14":"purchasable","15":"product-type-simple"},"yoast_head":"<!-- This site is optimized with the Yoast SEO plugin v27.4 - https:\/\/yoast.com\/product\/yoast-seo-wordpress\/ -->\n<title>PROB HOOF BALM - Ekholm Vision - PROB SERIEN<\/title>\n<meta name=\"robots\" content=\"index, follow, max-snippet:-1, max-image-preview:large, max-video-preview:-1\" \/>\n<link rel=\"canonical\" href=\"https:\/\/www.ekholmnordic.se\/produkt\/ekholms-prob-hoof-balm-naturligt-hovbalsam-for-hast\/\" \/>\n<meta property=\"og:locale\" content=\"de_DE\" \/>\n<meta property=\"og:type\" content=\"article\" \/>\n<meta property=\"og:title\" content=\"PROB HOOF BALM - Ekholm Vision - PROB SERIEN\" \/>\n<meta property=\"og:description\" content=\"Regelm\u00e4\u00dfiger Gebrauch von PROB Hoof Balm h\u00e4lt den Huf in einem guten Zustand, Elastizit\u00e4t und Feuchtigkeitsausgleich.\" \/>\n<meta property=\"og:url\" content=\"https:\/\/www.ekholmnordic.se\/produkt\/ekholms-prob-hoof-balm-naturligt-hovbalsam-for-hast\/\" \/>\n<meta property=\"og:site_name\" content=\"Ekholm Vision - PROB SERIEN\" \/>\n<meta property=\"article:modified_time\" content=\"2023-11-13T10:35:12+00:00\" \/>\n<meta property=\"og:image\" content=\"https:\/\/www.ekholmnordic.se\/wp-content\/uploads\/2018\/03\/1.jpg\" \/>\n\t<meta property=\"og:image:width\" content=\"700\" \/>\n\t<meta property=\"og:image:height\" content=\"500\" \/>\n\t<meta property=\"og:image:type\" content=\"image\/jpeg\" \/>\n<meta name=\"twitter:card\" content=\"summary_large_image\" \/>\n<script type=\"application\/ld+json\" class=\"yoast-schema-graph\">{\"@context\":\"https:\\\/\\\/schema.org\",\"@graph\":[{\"@type\":\"WebPage\",\"@id\":\"https:\\\/\\\/www.ekholmnordic.se\\\/produkt\\\/ekholms-prob-hoof-balm-naturligt-hovbalsam-for-hast\\\/\",\"url\":\"https:\\\/\\\/www.ekholmnordic.se\\\/produkt\\\/ekholms-prob-hoof-balm-naturligt-hovbalsam-for-hast\\\/\",\"name\":\"PROB HOOF BALM - Ekholm Vision - PROB SERIEN\",\"isPartOf\":{\"@id\":\"https:\\\/\\\/www.ekholmnordic.se\\\/#website\"},\"primaryImageOfPage\":{\"@id\":\"https:\\\/\\\/www.ekholmnordic.se\\\/produkt\\\/ekholms-prob-hoof-balm-naturligt-hovbalsam-for-hast\\\/#primaryimage\"},\"image\":{\"@id\":\"https:\\\/\\\/www.ekholmnordic.se\\\/produkt\\\/ekholms-prob-hoof-balm-naturligt-hovbalsam-for-hast\\\/#primaryimage\"},\"thumbnailUrl\":\"https:\\\/\\\/www.ekholmnordic.se\\\/wp-content\\\/uploads\\\/2018\\\/03\\\/1.jpg\",\"datePublished\":\"2016-04-08T06:13:24+00:00\",\"dateModified\":\"2023-11-13T10:35:12+00:00\",\"breadcrumb\":{\"@id\":\"https:\\\/\\\/www.ekholmnordic.se\\\/produkt\\\/ekholms-prob-hoof-balm-naturligt-hovbalsam-for-hast\\\/#breadcrumb\"},\"inLanguage\":\"de\",\"potentialAction\":[{\"@type\":\"ReadAction\",\"target\":[\"https:\\\/\\\/www.ekholmnordic.se\\\/produkt\\\/ekholms-prob-hoof-balm-naturligt-hovbalsam-for-hast\\\/\"]}]},{\"@type\":\"ImageObject\",\"inLanguage\":\"de\",\"@id\":\"https:\\\/\\\/www.ekholmnordic.se\\\/produkt\\\/ekholms-prob-hoof-balm-naturligt-hovbalsam-for-hast\\\/#primaryimage\",\"url\":\"https:\\\/\\\/www.ekholmnordic.se\\\/wp-content\\\/uploads\\\/2018\\\/03\\\/1.jpg\",\"contentUrl\":\"https:\\\/\\\/www.ekholmnordic.se\\\/wp-content\\\/uploads\\\/2018\\\/03\\\/1.jpg\",\"width\":700,\"height\":500,\"caption\":\"Ekholms PROB Hovbalsam\"},{\"@type\":\"BreadcrumbList\",\"@id\":\"https:\\\/\\\/www.ekholmnordic.se\\\/produkt\\\/ekholms-prob-hoof-balm-naturligt-hovbalsam-for-hast\\\/#breadcrumb\",\"itemListElement\":[{\"@type\":\"ListItem\",\"position\":1,\"name\":\"Hem\",\"item\":\"https:\\\/\\\/www.ekholmnordic.se\\\/de\\\/\"},{\"@type\":\"ListItem\",\"position\":2,\"name\":\"WEBSHOP\",\"item\":\"https:\\\/\\\/www.ekholmnordic.se\\\/de\\\/webshop\\\/\"},{\"@type\":\"ListItem\",\"position\":3,\"name\":\"PROB HOOF BALM\"}]},{\"@type\":\"WebSite\",\"@id\":\"https:\\\/\\\/www.ekholmnordic.se\\\/#website\",\"url\":\"https:\\\/\\\/www.ekholmnordic.se\\\/\",\"name\":\"Ekholm Vision - PROB SERIEN\",\"description\":\"F\u00d6R EN OPTIMAL HUD OCH P\u00c4LSV\u00c5RD\",\"potentialAction\":[{\"@type\":\"SearchAction\",\"target\":{\"@type\":\"EntryPoint\",\"urlTemplate\":\"https:\\\/\\\/www.ekholmnordic.se\\\/?s={search_term_string}\"},\"query-input\":{\"@type\":\"PropertyValueSpecification\",\"valueRequired\":true,\"valueName\":\"search_term_string\"}}],\"inLanguage\":\"de\"}]}<\/script>\n<!-- \/ Yoast SEO plugin. -->","yoast_head_json":{"title":"PROB HOOF BALM - Ekholm Vision - PROB SERIEN","robots":{"index":"index","follow":"follow","max-snippet":"max-snippet:-1","max-image-preview":"max-image-preview:large","max-video-preview":"max-video-preview:-1"},"canonical":"https:\/\/www.ekholmnordic.se\/produkt\/ekholms-prob-hoof-balm-naturligt-hovbalsam-for-hast\/","og_locale":"de_DE","og_type":"article","og_title":"PROB HOOF BALM - Ekholm Vision - PROB SERIEN","og_description":"Regelm\u00e4\u00dfiger Gebrauch von PROB Hoof Balm h\u00e4lt den Huf in einem guten Zustand, Elastizit\u00e4t und Feuchtigkeitsausgleich.","og_url":"https:\/\/www.ekholmnordic.se\/produkt\/ekholms-prob-hoof-balm-naturligt-hovbalsam-for-hast\/","og_site_name":"Ekholm Vision - PROB SERIEN","article_modified_time":"2023-11-13T10:35:12+00:00","og_image":[{"width":700,"height":500,"url":"https:\/\/www.ekholmnordic.se\/wp-content\/uploads\/2018\/03\/1.jpg","type":"image\/jpeg"}],"twitter_card":"summary_large_image","schema":{"@context":"https:\/\/schema.org","@graph":[{"@type":"WebPage","@id":"https:\/\/www.ekholmnordic.se\/produkt\/ekholms-prob-hoof-balm-naturligt-hovbalsam-for-hast\/","url":"https:\/\/www.ekholmnordic.se\/produkt\/ekholms-prob-hoof-balm-naturligt-hovbalsam-for-hast\/","name":"PROB HOOF BALM - Ekholm Vision - PROB SERIEN","isPartOf":{"@id":"https:\/\/www.ekholmnordic.se\/#website"},"primaryImageOfPage":{"@id":"https:\/\/www.ekholmnordic.se\/produkt\/ekholms-prob-hoof-balm-naturligt-hovbalsam-for-hast\/#primaryimage"},"image":{"@id":"https:\/\/www.ekholmnordic.se\/produkt\/ekholms-prob-hoof-balm-naturligt-hovbalsam-for-hast\/#primaryimage"},"thumbnailUrl":"https:\/\/www.ekholmnordic.se\/wp-content\/uploads\/2018\/03\/1.jpg","datePublished":"2016-04-08T06:13:24+00:00","dateModified":"2023-11-13T10:35:12+00:00","breadcrumb":{"@id":"https:\/\/www.ekholmnordic.se\/produkt\/ekholms-prob-hoof-balm-naturligt-hovbalsam-for-hast\/#breadcrumb"},"inLanguage":"de","potentialAction":[{"@type":"ReadAction","target":["https:\/\/www.ekholmnordic.se\/produkt\/ekholms-prob-hoof-balm-naturligt-hovbalsam-for-hast\/"]}]},{"@type":"ImageObject","inLanguage":"de","@id":"https:\/\/www.ekholmnordic.se\/produkt\/ekholms-prob-hoof-balm-naturligt-hovbalsam-for-hast\/#primaryimage","url":"https:\/\/www.ekholmnordic.se\/wp-content\/uploads\/2018\/03\/1.jpg","contentUrl":"https:\/\/www.ekholmnordic.se\/wp-content\/uploads\/2018\/03\/1.jpg","width":700,"height":500,"caption":"Ekholms PROB Hovbalsam"},{"@type":"BreadcrumbList","@id":"https:\/\/www.ekholmnordic.se\/produkt\/ekholms-prob-hoof-balm-naturligt-hovbalsam-for-hast\/#breadcrumb","itemListElement":[{"@type":"ListItem","position":1,"name":"Hem","item":"https:\/\/www.ekholmnordic.se\/de\/"},{"@type":"ListItem","position":2,"name":"WEBSHOP","item":"https:\/\/www.ekholmnordic.se\/de\/webshop\/"},{"@type":"ListItem","position":3,"name":"PROB HOOF BALM"}]},{"@type":"WebSite","@id":"https:\/\/www.ekholmnordic.se\/#website","url":"https:\/\/www.ekholmnordic.se\/","name":"Ekholm Vision - PROB SERIEN","description":"F\u00d6R EN OPTIMAL HUD OCH P\u00c4LSV\u00c5RD","potentialAction":[{"@type":"SearchAction","target":{"@type":"EntryPoint","urlTemplate":"https:\/\/www.ekholmnordic.se\/?s={search_term_string}"},"query-input":{"@type":"PropertyValueSpecification","valueRequired":true,"valueName":"search_term_string"}}],"inLanguage":"de"}]}},"_links":{"self":[{"href":"https:\/\/www.ekholmnordic.se\/de\/wp-json\/wp\/v2\/product\/6962","targetHints":{"allow":["GET"]}}],"collection":[{"href":"https:\/\/www.ekholmnordic.se\/de\/wp-json\/wp\/v2\/product"}],"about":[{"href":"https:\/\/www.ekholmnordic.se\/de\/wp-json\/wp\/v2\/types\/product"}],"replies":[{"embeddable":true,"href":"https:\/\/www.ekholmnordic.se\/de\/wp-json\/wp\/v2\/comments?post=6962"}],"wp:featuredmedia":[{"embeddable":true,"href":"https:\/\/www.ekholmnordic.se\/de\/wp-json\/wp\/v2\/media\/22446"}],"wp:attachment":[{"href":"https:\/\/www.ekholmnordic.se\/de\/wp-json\/wp\/v2\/media?parent=6962"}],"wp:term":[{"taxonomy":"product_brand","embeddable":true,"href":"https:\/\/www.ekholmnordic.se\/de\/wp-json\/wp\/v2\/product_brand?post=6962"},{"taxonomy":"product_cat","embeddable":true,"href":"https:\/\/www.ekholmnordic.se\/de\/wp-json\/wp\/v2\/product_cat?post=6962"},{"taxonomy":"product_tag","embeddable":true,"href":"https:\/\/www.ekholmnordic.se\/de\/wp-json\/wp\/v2\/product_tag?post=6962"}],"curies":[{"name":"wp","href":"https:\/\/api.w.org\/{rel}","templated":true}]}}