{"id":6960,"date":"2016-04-08T08:16:38","date_gmt":"2016-04-08T06:16:38","guid":{"rendered":"https:\/\/www.ekholmnordic.se\/?post_type=product&#038;p=6960"},"modified":"2023-11-13T11:35:12","modified_gmt":"2023-11-13T10:35:12","slug":"prob-surstrale","status":"publish","type":"product","link":"https:\/\/www.ekholmnordic.se\/de\/produkt\/prob-surstrale\/","title":{"rendered":"PROB FROG STICKS"},"content":{"rendered":"<h6><strong>PROB SURSTR\u00c5LE HAR F\u00c5TT NYTT NAMN TILL PROB FROG STICKS.<br \/>\nMYCKET POPUL\u00c4R F\u00d6R DJUPA STR\u00c5LF\u00c5ROR VID H\u00d6ST, VINTER, V\u00c5R N\u00c4R DET \u00c4R LERIGA HAGAR.<br \/>\nHAR F\u00c5TT OTROLIGT FINA RECENSIONER MED GOTT RESULTAT<\/strong><\/h6>\n<h6><strong>Frog Sticks inneh\u00e5ller f\u00e4rdiga sticks som anv\u00e4nds som utfyllnad i djupa str\u00e5lf\u00e5ror och h\u00e5lv\u00e4ggar f\u00f6r att f\u00f6rhindra lera, urin mm att tr\u00e4nga in l\u00e4ngst in i h\u00e5lrummen.<\/strong><strong><img loading=\"lazy\" decoding=\"async\" class=\"alignleft size-medium wp-image-6372\" src=\"https:\/\/www.ekholmnordic.se\/wp-content\/uploads\/2018\/07\/Hov-med-Surstr\u00e5lesticks-300x300.jpg\" alt=\"\" width=\"300\" height=\"300\" srcset=\"https:\/\/www.ekholmnordic.se\/wp-content\/uploads\/2018\/07\/Hov-med-Surstr\u00e5lesticks-300x300.jpg 300w, https:\/\/www.ekholmnordic.se\/wp-content\/uploads\/2018\/07\/Hov-med-Surstr\u00e5lesticks-150x150.jpg 150w, https:\/\/www.ekholmnordic.se\/wp-content\/uploads\/2018\/07\/Hov-med-Surstr\u00e5lesticks-100x100.jpg 100w, https:\/\/www.ekholmnordic.se\/wp-content\/uploads\/2018\/07\/Hov-med-Surstr\u00e5lesticks-865x864.jpg 865w, https:\/\/www.ekholmnordic.se\/wp-content\/uploads\/2018\/07\/Hov-med-Surstr\u00e5lesticks-600x599.jpg 600w, https:\/\/www.ekholmnordic.se\/wp-content\/uploads\/2018\/07\/Hov-med-Surstr\u00e5lesticks.jpg 960w\" sizes=\"auto, (max-width: 300px) 100vw, 300px\" \/><\/strong><\/h6>\n<p><strong>Var uppm\u00e4rksam p\u00e5 hovarna b\u00e5de n\u00e4r h\u00e4sten \u00e4r \u00a0uppstallad \u00a0eller g\u00e5r p\u00e5 l\u00f6sdrift d\u00e5 hovarna \u00e4r mycket utsatta av urin, avf\u00f6ring mm, eller vid bl\u00f6tt och lerigt underlag.<\/strong><br \/>\n<strong>Se alltid till att kratsa hovarna varje dag.<\/strong><\/p>\n<p><strong>En snabb f\u00f6rebyggande \u00e5tg\u00e4rd, Kratsa hovarna varje dag, se till att str\u00e5len m\u00e5r bra.<\/strong><br \/>\n<strong><img loading=\"lazy\" decoding=\"async\" class=\"alignleft size-medium wp-image-6377\" src=\"https:\/\/www.ekholmnordic.se\/wp-content\/uploads\/2016\/04\/Surstr\u00e5le-gruksanvisning-300x273.jpg\" alt=\"\" width=\"300\" height=\"273\" srcset=\"https:\/\/www.ekholmnordic.se\/wp-content\/uploads\/2016\/04\/Surstr\u00e5le-gruksanvisning-300x273.jpg 300w, https:\/\/www.ekholmnordic.se\/wp-content\/uploads\/2016\/04\/Surstr\u00e5le-gruksanvisning-100x91.jpg 100w, https:\/\/www.ekholmnordic.se\/wp-content\/uploads\/2016\/04\/Surstr\u00e5le-gruksanvisning-600x545.jpg 600w, https:\/\/www.ekholmnordic.se\/wp-content\/uploads\/2016\/04\/Surstr\u00e5le-gruksanvisning.jpg 660w\" sizes=\"auto, (max-width: 300px) 100vw, 300px\" \/>Var uppm\u00e4rksam vid minsta f\u00f6r\u00e4ndring i str\u00e5len.<\/strong><\/p>\n<p><strong>Om h\u00e4sten har mycket djupa str\u00e5lf\u00e5ror eller om du ser f\u00f6r\u00e4ndringar i str\u00e5len, pressas ett PROB Salva stick in i str\u00e5len.\u00a0 Str\u00e5len \u00e5terf\u00e5r snabbt sin r\u00e4tta fuktbalans. Byt ut stickset efter 2-4 dagar eller efter det intervall som passar din h\u00e4st. F\u00f6rhindrar lera, urin, v\u00e4ta\u00a0 mm att tr\u00e4nga in. Ett mycket bra alternativ om din h\u00e4st har djupa str\u00e5lf\u00e5ror. Finns extra Tj\u00e4rdrev med i Surstr\u00e5lehinken och det finns ca 30-40 sticks med i separat f\u00f6rpackning. Anv\u00e4nds s\u00e5 l\u00e4nge behovet finns.<br \/>\nAnv\u00e4nd g\u00e4rna<span style=\"color: #993300\"><a style=\"color: #993300\" href=\"http:\/\/www.ekholmnordic.se\/produkt\/prob-hov-balsam\/\">\u00a0PROB HOV BALSAM\u00a0<\/a><\/span>regelbundet p\u00e5 hela hoven.\u00a0<\/strong><\/p>\n<p><strong>TIPS:<\/strong><br \/>\n<strong>Om det finns h\u00e5lv\u00e4ggar eller begynnande s\u00e5dana s\u00e5 anpassas sticksen efter den storleken och man g\u00f6r likadant som i str\u00e5lf\u00e5rorna. F\u00f6rhindrar lera mm att g\u00f6ra dem djupare.\u00a0 Anv\u00e4nd v\u00e5r <span style=\"color: #993300\"><a style=\"color: #993300\" href=\"http:\/\/www.ekholmnordic.se\/produkt\/prob-surstrale\/\">PROB OLJA<\/a><\/span> som droppas in innan du l\u00e4gger i anpassat sticks. Upprepa denna procedur med oljan varje g\u00e5ng du byter sticks just vid b\u00e4rranden.\u00a0<\/strong><\/p>\n<p><strong>\u00c4r str\u00e5lf\u00e5rorna eller h\u00e5lrummen mycket djupa och man beh\u00f6ver mer \u00e4n ett sticks s\u00e5 tar man ist\u00e4llet av det extra tj\u00e4rdrevet som finns med i f\u00f6rpackningen och fyller ut extra med det \u00f6ver det ilagda stickset i kombination med att man penslar med Hovbalsamet i omr\u00e5det och p\u00e5 det nya stickset.<\/strong><\/p>\n<p><strong>Kan med f\u00f6rdel anv\u00e4ndas \u00e4ven till f\u00f6l och dr\u00e4ktiga djur.<\/strong><\/p>\n<p><strong>Underh\u00e5ll hovarna s\u00e5 du slipper on\u00f6diga problem.<br \/>\nPROB FROG STICKS inneh\u00e5ller inga uttorkande l\u00f6sningsmedel.<\/strong><\/p>\n<p><strong>Inneh\u00e5ller nu extra tj\u00e4rdrev.<\/strong><\/p>\n<p><strong>Inneh\u00e5ller Tj\u00e4ra, Bivax, olika oljor. propolis och k\u00e5da.<br \/>\nIngen karens<\/strong><\/p>\n<p><strong>Vid best\u00e4llning av hela kartonger, 12 burkar per kartong r\u00e4knas automatisk av rabatt -5 %.<\/strong><\/p>\n<h6><\/h6>\n","protected":false},"excerpt":{"rendered":"<h6><strong>PROB Surstr\u00e5le inneh\u00e5ller f\u00e4rdiga sticks som anv\u00e4nds som utfyllnad i djupa str\u00e5lf\u00e5ror och h\u00e5lv\u00e4ggar f\u00f6r att f\u00f6rhindra lera mm att tr\u00e4nga in l\u00e4ngst in i h\u00e5lrummen.<\/strong><\/h6>\n<h5><\/h5>\n<h5><\/h5>\n<h5><\/h5>\n","protected":false},"featured_media":7045,"comment_status":"closed","ping_status":"closed","template":"","meta":{"_monsterinsights_skip_tracking":false,"_monsterinsights_sitenote_active":false,"_monsterinsights_sitenote_note":"","_monsterinsights_sitenote_category":0},"product_brand":[],"product_cat":[45,6,7,58],"product_tag":[],"class_list":{"0":"post-6960","1":"product","2":"type-product","3":"status-publish","4":"has-post-thumbnail","6":"product_cat-tierarzneimittel","7":"product_cat-veterinara-produkter","8":"product_cat-hov-vard","9":"product_cat-hufflege","12":"first","13":"instock","14":"taxable","15":"shipping-taxable","16":"purchasable","17":"product-type-simple"},"yoast_head":"<!-- This site is optimized with the Yoast SEO plugin v27.5 - https:\/\/yoast.com\/product\/yoast-seo-wordpress\/ -->\n<title>PROB FROG STICKS - Ekholm Vision - PROB SERIEN<\/title>\n<meta name=\"robots\" content=\"index, follow, max-snippet:-1, max-image-preview:large, max-video-preview:-1\" \/>\n<link rel=\"canonical\" href=\"https:\/\/www.ekholmnordic.se\/produkt\/prob-surstrale\/\" \/>\n<meta property=\"og:locale\" content=\"de_DE\" \/>\n<meta property=\"og:type\" content=\"article\" \/>\n<meta property=\"og:title\" content=\"PROB FROG STICKS - Ekholm Vision - PROB SERIEN\" \/>\n<meta property=\"og:description\" content=\"PROB Surstr\u00e5le inneh\u00e5ller f\u00e4rdiga sticks som anv\u00e4nds som utfyllnad i djupa str\u00e5lf\u00e5ror och h\u00e5lv\u00e4ggar f\u00f6r att f\u00f6rhindra lera mm att tr\u00e4nga in l\u00e4ngst in i h\u00e5lrummen.\" \/>\n<meta property=\"og:url\" content=\"https:\/\/www.ekholmnordic.se\/produkt\/prob-surstrale\/\" \/>\n<meta property=\"og:site_name\" content=\"Ekholm Vision - PROB SERIEN\" \/>\n<meta property=\"article:modified_time\" content=\"2023-11-13T10:35:12+00:00\" \/>\n<meta property=\"og:image\" content=\"https:\/\/www.ekholmnordic.se\/wp-content\/uploads\/2016\/04\/www_prob_frog_sticks.jpg\" \/>\n\t<meta property=\"og:image:width\" content=\"1677\" \/>\n\t<meta property=\"og:image:height\" content=\"2000\" \/>\n\t<meta property=\"og:image:type\" content=\"image\/jpeg\" \/>\n<meta name=\"twitter:card\" content=\"summary_large_image\" \/>\n<meta name=\"twitter:label1\" content=\"Gesch\u00e4tzte Lesezeit\" \/>\n\t<meta name=\"twitter:data1\" content=\"2\u00a0Minuten\" \/>\n<script type=\"application\/ld+json\" class=\"yoast-schema-graph\">{\"@context\":\"https:\\\/\\\/schema.org\",\"@graph\":[{\"@type\":\"WebPage\",\"@id\":\"https:\\\/\\\/www.ekholmnordic.se\\\/produkt\\\/prob-surstrale\\\/\",\"url\":\"https:\\\/\\\/www.ekholmnordic.se\\\/produkt\\\/prob-surstrale\\\/\",\"name\":\"PROB FROG STICKS - Ekholm Vision - PROB SERIEN\",\"isPartOf\":{\"@id\":\"https:\\\/\\\/www.ekholmnordic.se\\\/#website\"},\"primaryImageOfPage\":{\"@id\":\"https:\\\/\\\/www.ekholmnordic.se\\\/produkt\\\/prob-surstrale\\\/#primaryimage\"},\"image\":{\"@id\":\"https:\\\/\\\/www.ekholmnordic.se\\\/produkt\\\/prob-surstrale\\\/#primaryimage\"},\"thumbnailUrl\":\"https:\\\/\\\/www.ekholmnordic.se\\\/wp-content\\\/uploads\\\/2016\\\/04\\\/www_prob_frog_sticks.jpg\",\"datePublished\":\"2016-04-08T06:16:38+00:00\",\"dateModified\":\"2023-11-13T10:35:12+00:00\",\"breadcrumb\":{\"@id\":\"https:\\\/\\\/www.ekholmnordic.se\\\/produkt\\\/prob-surstrale\\\/#breadcrumb\"},\"inLanguage\":\"de\",\"potentialAction\":[{\"@type\":\"ReadAction\",\"target\":[\"https:\\\/\\\/www.ekholmnordic.se\\\/produkt\\\/prob-surstrale\\\/\"]}]},{\"@type\":\"ImageObject\",\"inLanguage\":\"de\",\"@id\":\"https:\\\/\\\/www.ekholmnordic.se\\\/produkt\\\/prob-surstrale\\\/#primaryimage\",\"url\":\"https:\\\/\\\/www.ekholmnordic.se\\\/wp-content\\\/uploads\\\/2016\\\/04\\\/www_prob_frog_sticks.jpg\",\"contentUrl\":\"https:\\\/\\\/www.ekholmnordic.se\\\/wp-content\\\/uploads\\\/2016\\\/04\\\/www_prob_frog_sticks.jpg\",\"width\":1677,\"height\":2000,\"caption\":\"frogsticks\"},{\"@type\":\"BreadcrumbList\",\"@id\":\"https:\\\/\\\/www.ekholmnordic.se\\\/produkt\\\/prob-surstrale\\\/#breadcrumb\",\"itemListElement\":[{\"@type\":\"ListItem\",\"position\":1,\"name\":\"Hem\",\"item\":\"https:\\\/\\\/www.ekholmnordic.se\\\/de\\\/\"},{\"@type\":\"ListItem\",\"position\":2,\"name\":\"WEBSHOP\",\"item\":\"https:\\\/\\\/www.ekholmnordic.se\\\/de\\\/webshop\\\/\"},{\"@type\":\"ListItem\",\"position\":3,\"name\":\"PROB FROG STICKS\"}]},{\"@type\":\"WebSite\",\"@id\":\"https:\\\/\\\/www.ekholmnordic.se\\\/#website\",\"url\":\"https:\\\/\\\/www.ekholmnordic.se\\\/\",\"name\":\"Ekholm Vision - PROB SERIEN\",\"description\":\"F\u00d6R EN OPTIMAL HUD OCH P\u00c4LSV\u00c5RD\",\"potentialAction\":[{\"@type\":\"SearchAction\",\"target\":{\"@type\":\"EntryPoint\",\"urlTemplate\":\"https:\\\/\\\/www.ekholmnordic.se\\\/?s={search_term_string}\"},\"query-input\":{\"@type\":\"PropertyValueSpecification\",\"valueRequired\":true,\"valueName\":\"search_term_string\"}}],\"inLanguage\":\"de\"}]}<\/script>\n<!-- \/ Yoast SEO plugin. -->","yoast_head_json":{"title":"PROB FROG STICKS - Ekholm Vision - PROB SERIEN","robots":{"index":"index","follow":"follow","max-snippet":"max-snippet:-1","max-image-preview":"max-image-preview:large","max-video-preview":"max-video-preview:-1"},"canonical":"https:\/\/www.ekholmnordic.se\/produkt\/prob-surstrale\/","og_locale":"de_DE","og_type":"article","og_title":"PROB FROG STICKS - Ekholm Vision - PROB SERIEN","og_description":"PROB Surstr\u00e5le inneh\u00e5ller f\u00e4rdiga sticks som anv\u00e4nds som utfyllnad i djupa str\u00e5lf\u00e5ror och h\u00e5lv\u00e4ggar f\u00f6r att f\u00f6rhindra lera mm att tr\u00e4nga in l\u00e4ngst in i h\u00e5lrummen.","og_url":"https:\/\/www.ekholmnordic.se\/produkt\/prob-surstrale\/","og_site_name":"Ekholm Vision - PROB SERIEN","article_modified_time":"2023-11-13T10:35:12+00:00","og_image":[{"width":1677,"height":2000,"url":"https:\/\/www.ekholmnordic.se\/wp-content\/uploads\/2016\/04\/www_prob_frog_sticks.jpg","type":"image\/jpeg"}],"twitter_card":"summary_large_image","twitter_misc":{"Gesch\u00e4tzte Lesezeit":"2\u00a0Minuten"},"schema":{"@context":"https:\/\/schema.org","@graph":[{"@type":"WebPage","@id":"https:\/\/www.ekholmnordic.se\/produkt\/prob-surstrale\/","url":"https:\/\/www.ekholmnordic.se\/produkt\/prob-surstrale\/","name":"PROB FROG STICKS - Ekholm Vision - PROB SERIEN","isPartOf":{"@id":"https:\/\/www.ekholmnordic.se\/#website"},"primaryImageOfPage":{"@id":"https:\/\/www.ekholmnordic.se\/produkt\/prob-surstrale\/#primaryimage"},"image":{"@id":"https:\/\/www.ekholmnordic.se\/produkt\/prob-surstrale\/#primaryimage"},"thumbnailUrl":"https:\/\/www.ekholmnordic.se\/wp-content\/uploads\/2016\/04\/www_prob_frog_sticks.jpg","datePublished":"2016-04-08T06:16:38+00:00","dateModified":"2023-11-13T10:35:12+00:00","breadcrumb":{"@id":"https:\/\/www.ekholmnordic.se\/produkt\/prob-surstrale\/#breadcrumb"},"inLanguage":"de","potentialAction":[{"@type":"ReadAction","target":["https:\/\/www.ekholmnordic.se\/produkt\/prob-surstrale\/"]}]},{"@type":"ImageObject","inLanguage":"de","@id":"https:\/\/www.ekholmnordic.se\/produkt\/prob-surstrale\/#primaryimage","url":"https:\/\/www.ekholmnordic.se\/wp-content\/uploads\/2016\/04\/www_prob_frog_sticks.jpg","contentUrl":"https:\/\/www.ekholmnordic.se\/wp-content\/uploads\/2016\/04\/www_prob_frog_sticks.jpg","width":1677,"height":2000,"caption":"frogsticks"},{"@type":"BreadcrumbList","@id":"https:\/\/www.ekholmnordic.se\/produkt\/prob-surstrale\/#breadcrumb","itemListElement":[{"@type":"ListItem","position":1,"name":"Hem","item":"https:\/\/www.ekholmnordic.se\/de\/"},{"@type":"ListItem","position":2,"name":"WEBSHOP","item":"https:\/\/www.ekholmnordic.se\/de\/webshop\/"},{"@type":"ListItem","position":3,"name":"PROB FROG STICKS"}]},{"@type":"WebSite","@id":"https:\/\/www.ekholmnordic.se\/#website","url":"https:\/\/www.ekholmnordic.se\/","name":"Ekholm Vision - PROB SERIEN","description":"F\u00d6R EN OPTIMAL HUD OCH P\u00c4LSV\u00c5RD","potentialAction":[{"@type":"SearchAction","target":{"@type":"EntryPoint","urlTemplate":"https:\/\/www.ekholmnordic.se\/?s={search_term_string}"},"query-input":{"@type":"PropertyValueSpecification","valueRequired":true,"valueName":"search_term_string"}}],"inLanguage":"de"}]}},"_links":{"self":[{"href":"https:\/\/www.ekholmnordic.se\/de\/wp-json\/wp\/v2\/product\/6960","targetHints":{"allow":["GET"]}}],"collection":[{"href":"https:\/\/www.ekholmnordic.se\/de\/wp-json\/wp\/v2\/product"}],"about":[{"href":"https:\/\/www.ekholmnordic.se\/de\/wp-json\/wp\/v2\/types\/product"}],"replies":[{"embeddable":true,"href":"https:\/\/www.ekholmnordic.se\/de\/wp-json\/wp\/v2\/comments?post=6960"}],"wp:featuredmedia":[{"embeddable":true,"href":"https:\/\/www.ekholmnordic.se\/de\/wp-json\/wp\/v2\/media\/7045"}],"wp:attachment":[{"href":"https:\/\/www.ekholmnordic.se\/de\/wp-json\/wp\/v2\/media?parent=6960"}],"wp:term":[{"taxonomy":"product_brand","embeddable":true,"href":"https:\/\/www.ekholmnordic.se\/de\/wp-json\/wp\/v2\/product_brand?post=6960"},{"taxonomy":"product_cat","embeddable":true,"href":"https:\/\/www.ekholmnordic.se\/de\/wp-json\/wp\/v2\/product_cat?post=6960"},{"taxonomy":"product_tag","embeddable":true,"href":"https:\/\/www.ekholmnordic.se\/de\/wp-json\/wp\/v2\/product_tag?post=6960"}],"curies":[{"name":"wp","href":"https:\/\/api.w.org\/{rel}","templated":true}]}}