{"id":2557,"date":"2016-04-25T20:33:37","date_gmt":"2016-04-25T18:33:37","guid":{"rendered":"http:\/\/www.ekholmnordic.se\/product\/prob-supercreame-40-ml\/"},"modified":"2019-08-12T10:08:49","modified_gmt":"2019-08-12T08:08:49","slug":"prob-supercreame-40-ml","status":"publish","type":"product","link":"https:\/\/www.ekholmnordic.se\/de\/produkt\/prob-supercreame-40-ml\/","title":{"rendered":"PROB SUPERCREAME 40 ML"},"content":{"rendered":"<p>Eine feuchtigkeitsspendende Creme f\u00fcr besonders trockene, empfindliche und gereizte Haut.<\/p>\n<p>Angereichert mit einem hohen Gehalt an zertifizierter Aloe Vera und Nadelholzteer.<\/p>\n<p>Sorgt f\u00fcr ein weiches und seidiges Gef\u00fchl. Verhindert Rissbildungen der Haut.<\/p>\n<p>Bei Bedarf Haut einreiben.<\/p>\n<p>INCI: Aqua, Aloe Barbadensis, Carthamus Tinctorius Seed Oil, Sodium, Stearoyl Lactylate, Glyceryl Stearate, Cetyl Alcohol, Pinus Wood Tar, Urea, Phenoxyglycerin<\/p>\n","protected":false},"excerpt":{"rendered":"<h6>Eine feuchtigkeitsspendende Creme f\u00fcr besonders trockene, empfindliche und gereizte Haut.<\/h6>\n<h6>Angereichert mit einem hohen Gehalt an zertifizierter Aloe Vera und Nadelholzteer.<\/h6>\n","protected":false},"featured_media":19754,"comment_status":"closed","ping_status":"closed","template":"","meta":{"_monsterinsights_skip_tracking":false,"_monsterinsights_sitenote_active":false,"_monsterinsights_sitenote_note":"","_monsterinsights_sitenote_category":0},"product_brand":[],"product_cat":[45,61],"product_tag":[],"class_list":{"0":"post-2557","1":"product","2":"type-product","3":"status-publish","4":"has-post-thumbnail","6":"product_cat-tierarzneimittel","7":"product_cat-prob-salbecreame","10":"first","11":"instock","12":"taxable","13":"shipping-taxable","14":"purchasable","15":"product-type-simple"},"yoast_head":"<!-- This site is optimized with the Yoast SEO plugin v27.6 - https:\/\/yoast.com\/product\/yoast-seo-wordpress\/ -->\n<title>PROB SUPERCREAME 40 ML - Ekholm Vision - PROB SERIEN<\/title>\n<meta name=\"robots\" content=\"index, follow, max-snippet:-1, max-image-preview:large, max-video-preview:-1\" \/>\n<link rel=\"canonical\" href=\"https:\/\/www.ekholmnordic.se\/produkt\/mjukgorande-kram-for-kanslig-hud-klada-fran-insektsbett\/\" \/>\n<meta property=\"og:locale\" content=\"de_DE\" \/>\n<meta property=\"og:type\" content=\"article\" \/>\n<meta property=\"og:title\" content=\"PROB SUPERCREAME 40 ML - Ekholm Vision - PROB SERIEN\" \/>\n<meta property=\"og:description\" content=\"Eine feuchtigkeitsspendende Creme f\u00fcr besonders trockene, empfindliche und gereizte Haut. Angereichert mit einem hohen Gehalt an zertifizierter Aloe Vera und Nadelholzteer.\" \/>\n<meta property=\"og:url\" content=\"https:\/\/www.ekholmnordic.se\/produkt\/mjukgorande-kram-for-kanslig-hud-klada-fran-insektsbett\/\" \/>\n<meta property=\"og:site_name\" content=\"Ekholm Vision - PROB SERIEN\" \/>\n<meta property=\"article:modified_time\" content=\"2019-08-12T08:08:49+00:00\" \/>\n<meta property=\"og:image\" content=\"https:\/\/www.ekholmnordic.se\/wp-content\/uploads\/2016\/04\/SUPER-40-ML-LITEN.jpg\" \/>\n\t<meta property=\"og:image:width\" content=\"2000\" \/>\n\t<meta property=\"og:image:height\" content=\"1557\" \/>\n\t<meta property=\"og:image:type\" content=\"image\/jpeg\" \/>\n<meta name=\"twitter:card\" content=\"summary_large_image\" \/>\n<script type=\"application\/ld+json\" class=\"yoast-schema-graph\">{\"@context\":\"https:\\\/\\\/schema.org\",\"@graph\":[{\"@type\":\"WebPage\",\"@id\":\"https:\\\/\\\/www.ekholmnordic.se\\\/produkt\\\/mjukgorande-kram-for-kanslig-hud-klada-fran-insektsbett\\\/\",\"url\":\"https:\\\/\\\/www.ekholmnordic.se\\\/produkt\\\/mjukgorande-kram-for-kanslig-hud-klada-fran-insektsbett\\\/\",\"name\":\"PROB SUPERCREAME 40 ML - Ekholm Vision - PROB SERIEN\",\"isPartOf\":{\"@id\":\"https:\\\/\\\/www.ekholmnordic.se\\\/#website\"},\"primaryImageOfPage\":{\"@id\":\"https:\\\/\\\/www.ekholmnordic.se\\\/produkt\\\/mjukgorande-kram-for-kanslig-hud-klada-fran-insektsbett\\\/#primaryimage\"},\"image\":{\"@id\":\"https:\\\/\\\/www.ekholmnordic.se\\\/produkt\\\/mjukgorande-kram-for-kanslig-hud-klada-fran-insektsbett\\\/#primaryimage\"},\"thumbnailUrl\":\"https:\\\/\\\/www.ekholmnordic.se\\\/wp-content\\\/uploads\\\/2016\\\/04\\\/SUPER-40-ML-LITEN.jpg\",\"datePublished\":\"2016-04-25T18:33:37+00:00\",\"dateModified\":\"2019-08-12T08:08:49+00:00\",\"breadcrumb\":{\"@id\":\"https:\\\/\\\/www.ekholmnordic.se\\\/produkt\\\/mjukgorande-kram-for-kanslig-hud-klada-fran-insektsbett\\\/#breadcrumb\"},\"inLanguage\":\"de\",\"potentialAction\":[{\"@type\":\"ReadAction\",\"target\":[\"https:\\\/\\\/www.ekholmnordic.se\\\/produkt\\\/mjukgorande-kram-for-kanslig-hud-klada-fran-insektsbett\\\/\"]}]},{\"@type\":\"ImageObject\",\"inLanguage\":\"de\",\"@id\":\"https:\\\/\\\/www.ekholmnordic.se\\\/produkt\\\/mjukgorande-kram-for-kanslig-hud-klada-fran-insektsbett\\\/#primaryimage\",\"url\":\"https:\\\/\\\/www.ekholmnordic.se\\\/wp-content\\\/uploads\\\/2016\\\/04\\\/SUPER-40-ML-LITEN.jpg\",\"contentUrl\":\"https:\\\/\\\/www.ekholmnordic.se\\\/wp-content\\\/uploads\\\/2016\\\/04\\\/SUPER-40-ML-LITEN.jpg\",\"width\":2000,\"height\":1557,\"caption\":\"mjukg\u00f6rande kr\u00e4m\"},{\"@type\":\"BreadcrumbList\",\"@id\":\"https:\\\/\\\/www.ekholmnordic.se\\\/produkt\\\/mjukgorande-kram-for-kanslig-hud-klada-fran-insektsbett\\\/#breadcrumb\",\"itemListElement\":[{\"@type\":\"ListItem\",\"position\":1,\"name\":\"Hem\",\"item\":\"https:\\\/\\\/www.ekholmnordic.se\\\/de\\\/\"},{\"@type\":\"ListItem\",\"position\":2,\"name\":\"WEBSHOP\",\"item\":\"https:\\\/\\\/www.ekholmnordic.se\\\/de\\\/webshop\\\/\"},{\"@type\":\"ListItem\",\"position\":3,\"name\":\"PROB SUPERCREAME 40 ML\"}]},{\"@type\":\"WebSite\",\"@id\":\"https:\\\/\\\/www.ekholmnordic.se\\\/#website\",\"url\":\"https:\\\/\\\/www.ekholmnordic.se\\\/\",\"name\":\"Ekholm Vision - PROB SERIEN\",\"description\":\"F\u00d6R EN OPTIMAL HUD OCH P\u00c4LSV\u00c5RD\",\"potentialAction\":[{\"@type\":\"SearchAction\",\"target\":{\"@type\":\"EntryPoint\",\"urlTemplate\":\"https:\\\/\\\/www.ekholmnordic.se\\\/?s={search_term_string}\"},\"query-input\":{\"@type\":\"PropertyValueSpecification\",\"valueRequired\":true,\"valueName\":\"search_term_string\"}}],\"inLanguage\":\"de\"}]}<\/script>\n<!-- \/ Yoast SEO plugin. -->","yoast_head_json":{"title":"PROB SUPERCREAME 40 ML - Ekholm Vision - PROB SERIEN","robots":{"index":"index","follow":"follow","max-snippet":"max-snippet:-1","max-image-preview":"max-image-preview:large","max-video-preview":"max-video-preview:-1"},"canonical":"https:\/\/www.ekholmnordic.se\/produkt\/mjukgorande-kram-for-kanslig-hud-klada-fran-insektsbett\/","og_locale":"de_DE","og_type":"article","og_title":"PROB SUPERCREAME 40 ML - Ekholm Vision - PROB SERIEN","og_description":"Eine feuchtigkeitsspendende Creme f\u00fcr besonders trockene, empfindliche und gereizte Haut. Angereichert mit einem hohen Gehalt an zertifizierter Aloe Vera und Nadelholzteer.","og_url":"https:\/\/www.ekholmnordic.se\/produkt\/mjukgorande-kram-for-kanslig-hud-klada-fran-insektsbett\/","og_site_name":"Ekholm Vision - PROB SERIEN","article_modified_time":"2019-08-12T08:08:49+00:00","og_image":[{"width":2000,"height":1557,"url":"https:\/\/www.ekholmnordic.se\/wp-content\/uploads\/2016\/04\/SUPER-40-ML-LITEN.jpg","type":"image\/jpeg"}],"twitter_card":"summary_large_image","schema":{"@context":"https:\/\/schema.org","@graph":[{"@type":"WebPage","@id":"https:\/\/www.ekholmnordic.se\/produkt\/mjukgorande-kram-for-kanslig-hud-klada-fran-insektsbett\/","url":"https:\/\/www.ekholmnordic.se\/produkt\/mjukgorande-kram-for-kanslig-hud-klada-fran-insektsbett\/","name":"PROB SUPERCREAME 40 ML - Ekholm Vision - PROB SERIEN","isPartOf":{"@id":"https:\/\/www.ekholmnordic.se\/#website"},"primaryImageOfPage":{"@id":"https:\/\/www.ekholmnordic.se\/produkt\/mjukgorande-kram-for-kanslig-hud-klada-fran-insektsbett\/#primaryimage"},"image":{"@id":"https:\/\/www.ekholmnordic.se\/produkt\/mjukgorande-kram-for-kanslig-hud-klada-fran-insektsbett\/#primaryimage"},"thumbnailUrl":"https:\/\/www.ekholmnordic.se\/wp-content\/uploads\/2016\/04\/SUPER-40-ML-LITEN.jpg","datePublished":"2016-04-25T18:33:37+00:00","dateModified":"2019-08-12T08:08:49+00:00","breadcrumb":{"@id":"https:\/\/www.ekholmnordic.se\/produkt\/mjukgorande-kram-for-kanslig-hud-klada-fran-insektsbett\/#breadcrumb"},"inLanguage":"de","potentialAction":[{"@type":"ReadAction","target":["https:\/\/www.ekholmnordic.se\/produkt\/mjukgorande-kram-for-kanslig-hud-klada-fran-insektsbett\/"]}]},{"@type":"ImageObject","inLanguage":"de","@id":"https:\/\/www.ekholmnordic.se\/produkt\/mjukgorande-kram-for-kanslig-hud-klada-fran-insektsbett\/#primaryimage","url":"https:\/\/www.ekholmnordic.se\/wp-content\/uploads\/2016\/04\/SUPER-40-ML-LITEN.jpg","contentUrl":"https:\/\/www.ekholmnordic.se\/wp-content\/uploads\/2016\/04\/SUPER-40-ML-LITEN.jpg","width":2000,"height":1557,"caption":"mjukg\u00f6rande kr\u00e4m"},{"@type":"BreadcrumbList","@id":"https:\/\/www.ekholmnordic.se\/produkt\/mjukgorande-kram-for-kanslig-hud-klada-fran-insektsbett\/#breadcrumb","itemListElement":[{"@type":"ListItem","position":1,"name":"Hem","item":"https:\/\/www.ekholmnordic.se\/de\/"},{"@type":"ListItem","position":2,"name":"WEBSHOP","item":"https:\/\/www.ekholmnordic.se\/de\/webshop\/"},{"@type":"ListItem","position":3,"name":"PROB SUPERCREAME 40 ML"}]},{"@type":"WebSite","@id":"https:\/\/www.ekholmnordic.se\/#website","url":"https:\/\/www.ekholmnordic.se\/","name":"Ekholm Vision - PROB SERIEN","description":"F\u00d6R EN OPTIMAL HUD OCH P\u00c4LSV\u00c5RD","potentialAction":[{"@type":"SearchAction","target":{"@type":"EntryPoint","urlTemplate":"https:\/\/www.ekholmnordic.se\/?s={search_term_string}"},"query-input":{"@type":"PropertyValueSpecification","valueRequired":true,"valueName":"search_term_string"}}],"inLanguage":"de"}]}},"_links":{"self":[{"href":"https:\/\/www.ekholmnordic.se\/de\/wp-json\/wp\/v2\/product\/2557","targetHints":{"allow":["GET"]}}],"collection":[{"href":"https:\/\/www.ekholmnordic.se\/de\/wp-json\/wp\/v2\/product"}],"about":[{"href":"https:\/\/www.ekholmnordic.se\/de\/wp-json\/wp\/v2\/types\/product"}],"replies":[{"embeddable":true,"href":"https:\/\/www.ekholmnordic.se\/de\/wp-json\/wp\/v2\/comments?post=2557"}],"wp:featuredmedia":[{"embeddable":true,"href":"https:\/\/www.ekholmnordic.se\/de\/wp-json\/wp\/v2\/media\/19754"}],"wp:attachment":[{"href":"https:\/\/www.ekholmnordic.se\/de\/wp-json\/wp\/v2\/media?parent=2557"}],"wp:term":[{"taxonomy":"product_brand","embeddable":true,"href":"https:\/\/www.ekholmnordic.se\/de\/wp-json\/wp\/v2\/product_brand?post=2557"},{"taxonomy":"product_cat","embeddable":true,"href":"https:\/\/www.ekholmnordic.se\/de\/wp-json\/wp\/v2\/product_cat?post=2557"},{"taxonomy":"product_tag","embeddable":true,"href":"https:\/\/www.ekholmnordic.se\/de\/wp-json\/wp\/v2\/product_tag?post=2557"}],"curies":[{"name":"wp","href":"https:\/\/api.w.org\/{rel}","templated":true}]}}