{"id":2544,"date":"2016-06-07T23:38:05","date_gmt":"2016-06-07T21:38:05","guid":{"rendered":"http:\/\/www.ekholmnordic.se\/product\/prob-teershampoo\/"},"modified":"2019-08-12T09:50:28","modified_gmt":"2019-08-12T07:50:28","slug":"prob-teershampoo","status":"publish","type":"product","link":"https:\/\/www.ekholmnordic.se\/de\/produkt\/prob-teershampoo\/","title":{"rendered":"PROB TEERSHAMPOO"},"content":{"rendered":"<h1>PROB TEERSHAMPOO<\/h1>\n<p>Prob Teershampoo<\/p>\n<p>Teershampoo der Marke Prob f\u00fcr Pferde, Hunde etc.<br \/>\nEin ausgezeichnetes Teershampoo speziell bei Juckreiz Schuppen und f\u00fcr empfindliche gereizte Haut. \u00a0Ein beliebtes und bew\u00e4hrtes Produkt. Das Shampoo erzielt einen sehr sch\u00f6nen feinen Haarglanz, es beruhigt die Hast und es ist r\u00fcckfettend.<\/p>\n<p>Wirkdam gegen Juckreiz durch Insekten und Sonne.<\/p>\n<p>Enth\u00e4lt geringen Anteil an Emulgatoren. Flasche sch\u00fctteln.<br \/>\nDas Fell mit Wasser befeuchten. Das Tier einschamponieren und 2-3 Minuten einwirken lassen.<br \/>\nBei Hautreizungen 20-30 Minuten einwirken lassen.<br \/>\nGr\u00fcndlich absp\u00fclen.<\/p>\n<p>Das Tier 1-mal\/Woche oder bei Bedarf einschamponieren.<\/p>\n<p>INCI: Agua, \u00d6l, \u00a0Pinus-Holzteer,<br \/>\nKonservierungsmittel<br \/>\nEmulgator<\/p>\n<p><img loading=\"lazy\" decoding=\"async\" class=\"alignleft size-medium wp-image-6500\" src=\"https:\/\/www.ekholmnordic.se\/wp-content\/uploads\/2016\/06\/Ben-f\u00f6re.-225x300.jpg\" alt=\"\" width=\"225\" height=\"300\" srcset=\"https:\/\/www.ekholmnordic.se\/wp-content\/uploads\/2016\/06\/Ben-f\u00f6re.-225x300.jpg 225w, https:\/\/www.ekholmnordic.se\/wp-content\/uploads\/2016\/06\/Ben-f\u00f6re.-100x133.jpg 100w, https:\/\/www.ekholmnordic.se\/wp-content\/uploads\/2016\/06\/Ben-f\u00f6re..jpg 280w\" sizes=\"auto, (max-width: 225px) 100vw, 225px\" \/><img loading=\"lazy\" decoding=\"async\" class=\"alignleft size-medium wp-image-6501\" src=\"https:\/\/www.ekholmnordic.se\/wp-content\/uploads\/2016\/06\/Ben-f\u00f6re-225x300.jpg\" alt=\"\" width=\"225\" height=\"300\" srcset=\"https:\/\/www.ekholmnordic.se\/wp-content\/uploads\/2016\/06\/Ben-f\u00f6re-225x300.jpg 225w, https:\/\/www.ekholmnordic.se\/wp-content\/uploads\/2016\/06\/Ben-f\u00f6re-100x133.jpg 100w, https:\/\/www.ekholmnordic.se\/wp-content\/uploads\/2016\/06\/Ben-f\u00f6re.jpg 280w\" sizes=\"auto, (max-width: 225px) 100vw, 225px\" \/><\/p>\n<p>&nbsp;<\/p>\n<p>&nbsp;<\/p>\n<p>&nbsp;<\/p>\n<p>&nbsp;<\/p>\n<p>&nbsp;<\/p>\n<p>&nbsp;<\/p>\n<p>&nbsp;<\/p>\n<p><img loading=\"lazy\" decoding=\"async\" class=\"alignleft size-medium wp-image-2103\" src=\"https:\/\/www.ekholmnordic.se\/wp-content\/uploads\/2017\/04\/18056683_1846389532352652_615378234237665232_n-225x300.jpg\" alt=\"\" width=\"225\" height=\"300\" srcset=\"https:\/\/www.ekholmnordic.se\/wp-content\/uploads\/2017\/04\/18056683_1846389532352652_615378234237665232_n-225x300.jpg 225w, https:\/\/www.ekholmnordic.se\/wp-content\/uploads\/2017\/04\/18056683_1846389532352652_615378234237665232_n-600x800.jpg 600w, https:\/\/www.ekholmnordic.se\/wp-content\/uploads\/2017\/04\/18056683_1846389532352652_615378234237665232_n-100x133.jpg 100w, https:\/\/www.ekholmnordic.se\/wp-content\/uploads\/2017\/04\/18056683_1846389532352652_615378234237665232_n.jpg 720w\" sizes=\"auto, (max-width: 225px) 100vw, 225px\" \/><img loading=\"lazy\" decoding=\"async\" class=\"alignleft size-medium wp-image-2109\" src=\"https:\/\/www.ekholmnordic.se\/wp-content\/uploads\/2017\/04\/18119300_1846389549019317_5149670187286508444_n-225x300.jpg\" alt=\"\" width=\"225\" height=\"300\" srcset=\"https:\/\/www.ekholmnordic.se\/wp-content\/uploads\/2017\/04\/18119300_1846389549019317_5149670187286508444_n-225x300.jpg 225w, https:\/\/www.ekholmnordic.se\/wp-content\/uploads\/2017\/04\/18119300_1846389549019317_5149670187286508444_n-600x800.jpg 600w, https:\/\/www.ekholmnordic.se\/wp-content\/uploads\/2017\/04\/18119300_1846389549019317_5149670187286508444_n-100x133.jpg 100w, https:\/\/www.ekholmnordic.se\/wp-content\/uploads\/2017\/04\/18119300_1846389549019317_5149670187286508444_n.jpg 720w\" sizes=\"auto, (max-width: 225px) 100vw, 225px\" \/><img loading=\"lazy\" decoding=\"async\" class=\"alignleft size-medium wp-image-2127\" src=\"https:\/\/www.ekholmnordic.se\/wp-content\/uploads\/2017\/04\/Efter-tv\u00e4tt-Prob-Tj\u00e4rschampo-225x300.jpg\" alt=\"\" width=\"225\" height=\"300\" srcset=\"https:\/\/www.ekholmnordic.se\/wp-content\/uploads\/2017\/04\/Efter-tv\u00e4tt-Prob-Tj\u00e4rschampo-225x300.jpg 225w, https:\/\/www.ekholmnordic.se\/wp-content\/uploads\/2017\/04\/Efter-tv\u00e4tt-Prob-Tj\u00e4rschampo-600x800.jpg 600w, https:\/\/www.ekholmnordic.se\/wp-content\/uploads\/2017\/04\/Efter-tv\u00e4tt-Prob-Tj\u00e4rschampo-100x133.jpg 100w, https:\/\/www.ekholmnordic.se\/wp-content\/uploads\/2017\/04\/Efter-tv\u00e4tt-Prob-Tj\u00e4rschampo.jpg 720w\" sizes=\"auto, (max-width: 225px) 100vw, 225px\" \/><\/p>\n","protected":false},"excerpt":{"rendered":"<h6>DAS TEERSHAMPOO IST EIN SCHONENDES PFLEGESHAMPOO UND BERUHIGT GEREIZTE HAUT.<br \/>\nL\u00d6ST HAUTABLAGERUNGEN UND SCHUPPEN.<br \/>\nIST STARK REINIGEND UND ENTFERNT WIRKSAM VERF\u00c4RBUNGEN UND SCHMUTZ. R\u00dcCKFETTEND F\u00dcR HAUT UND FELL.<br \/>\nVERST\u00c4RKT DIE FARBEN. F\u00dcR ALLTAG UND WETTKAMPF.<br \/>\nFREI VON FARBSTOFFEN, PARABENEN, PARF\u00dcM ODER BLEICHMITTELN<\/h6>\n","protected":false},"featured_media":22598,"comment_status":"closed","ping_status":"closed","template":"","meta":{"_monsterinsights_skip_tracking":false,"_monsterinsights_sitenote_active":false,"_monsterinsights_sitenote_note":"","_monsterinsights_sitenote_category":0},"product_brand":[],"product_cat":[45,62],"product_tag":[],"class_list":{"0":"post-2544","1":"product","2":"type-product","3":"status-publish","4":"has-post-thumbnail","6":"product_cat-tierarzneimittel","7":"product_cat-prob-teershampoo","10":"first","11":"instock","12":"taxable","13":"shipping-taxable","14":"purchasable","15":"product-type-simple"},"yoast_head":"<!-- This site is optimized with the Yoast SEO plugin v27.4 - https:\/\/yoast.com\/product\/yoast-seo-wordpress\/ -->\n<title>PROB TEERSHAMPOO - Ekholm Vision - PROB SERIEN<\/title>\n<meta name=\"robots\" content=\"index, follow, max-snippet:-1, max-image-preview:large, max-video-preview:-1\" \/>\n<link rel=\"canonical\" href=\"https:\/\/www.ekholmnordic.se\/produkt\/ekholms-prob-tjarschampo-for-hast-hund-mot-klada-och-kanslig-hud-2\/\" \/>\n<meta property=\"og:locale\" content=\"de_DE\" \/>\n<meta property=\"og:type\" content=\"article\" \/>\n<meta property=\"og:title\" content=\"PROB TEERSHAMPOO - Ekholm Vision - PROB SERIEN\" \/>\n<meta property=\"og:description\" content=\"DAS TEERSHAMPOO IST EIN SCHONENDES PFLEGESHAMPOO UND BERUHIGT GEREIZTE HAUT. L\u00d6ST HAUTABLAGERUNGEN UND SCHUPPEN. IST STARK REINIGEND UND ENTFERNT WIRKSAM VERF\u00c4RBUNGEN UND SCHMUTZ. R\u00dcCKFETTEND F\u00dcR HAUT UND FELL. VERST\u00c4RKT DIE FARBEN. F\u00dcR ALLTAG UND WETTKAMPF. FREI VON FARBSTOFFEN, PARABENEN, PARF\u00dcM ODER BLEICHMITTELN\" \/>\n<meta property=\"og:url\" content=\"https:\/\/www.ekholmnordic.se\/produkt\/ekholms-prob-tjarschampo-for-hast-hund-mot-klada-och-kanslig-hud-2\/\" \/>\n<meta property=\"og:site_name\" content=\"Ekholm Vision - PROB SERIEN\" \/>\n<meta property=\"article:modified_time\" content=\"2019-08-12T07:50:28+00:00\" \/>\n<meta property=\"og:image\" content=\"https:\/\/www.ekholmnordic.se\/wp-content\/uploads\/2018\/03\/9.jpg\" \/>\n\t<meta property=\"og:image:width\" content=\"700\" \/>\n\t<meta property=\"og:image:height\" content=\"500\" \/>\n\t<meta property=\"og:image:type\" content=\"image\/jpeg\" \/>\n<meta name=\"twitter:card\" content=\"summary_large_image\" \/>\n<meta name=\"twitter:label1\" content=\"Gesch\u00e4tzte Lesezeit\" \/>\n\t<meta name=\"twitter:data1\" content=\"1\u00a0Minute\" \/>\n<script type=\"application\/ld+json\" class=\"yoast-schema-graph\">{\"@context\":\"https:\\\/\\\/schema.org\",\"@graph\":[{\"@type\":\"WebPage\",\"@id\":\"https:\\\/\\\/www.ekholmnordic.se\\\/produkt\\\/ekholms-prob-tjarschampo-for-hast-hund-mot-klada-och-kanslig-hud-2\\\/\",\"url\":\"https:\\\/\\\/www.ekholmnordic.se\\\/produkt\\\/ekholms-prob-tjarschampo-for-hast-hund-mot-klada-och-kanslig-hud-2\\\/\",\"name\":\"PROB TEERSHAMPOO - Ekholm Vision - PROB SERIEN\",\"isPartOf\":{\"@id\":\"https:\\\/\\\/www.ekholmnordic.se\\\/#website\"},\"primaryImageOfPage\":{\"@id\":\"https:\\\/\\\/www.ekholmnordic.se\\\/produkt\\\/ekholms-prob-tjarschampo-for-hast-hund-mot-klada-och-kanslig-hud-2\\\/#primaryimage\"},\"image\":{\"@id\":\"https:\\\/\\\/www.ekholmnordic.se\\\/produkt\\\/ekholms-prob-tjarschampo-for-hast-hund-mot-klada-och-kanslig-hud-2\\\/#primaryimage\"},\"thumbnailUrl\":\"https:\\\/\\\/www.ekholmnordic.se\\\/wp-content\\\/uploads\\\/2018\\\/03\\\/9.jpg\",\"datePublished\":\"2016-06-07T21:38:05+00:00\",\"dateModified\":\"2019-08-12T07:50:28+00:00\",\"breadcrumb\":{\"@id\":\"https:\\\/\\\/www.ekholmnordic.se\\\/produkt\\\/ekholms-prob-tjarschampo-for-hast-hund-mot-klada-och-kanslig-hud-2\\\/#breadcrumb\"},\"inLanguage\":\"de\",\"potentialAction\":[{\"@type\":\"ReadAction\",\"target\":[\"https:\\\/\\\/www.ekholmnordic.se\\\/produkt\\\/ekholms-prob-tjarschampo-for-hast-hund-mot-klada-och-kanslig-hud-2\\\/\"]}]},{\"@type\":\"ImageObject\",\"inLanguage\":\"de\",\"@id\":\"https:\\\/\\\/www.ekholmnordic.se\\\/produkt\\\/ekholms-prob-tjarschampo-for-hast-hund-mot-klada-och-kanslig-hud-2\\\/#primaryimage\",\"url\":\"https:\\\/\\\/www.ekholmnordic.se\\\/wp-content\\\/uploads\\\/2018\\\/03\\\/9.jpg\",\"contentUrl\":\"https:\\\/\\\/www.ekholmnordic.se\\\/wp-content\\\/uploads\\\/2018\\\/03\\\/9.jpg\",\"width\":700,\"height\":500,\"caption\":\"tj\u00e4rschampo\"},{\"@type\":\"BreadcrumbList\",\"@id\":\"https:\\\/\\\/www.ekholmnordic.se\\\/produkt\\\/ekholms-prob-tjarschampo-for-hast-hund-mot-klada-och-kanslig-hud-2\\\/#breadcrumb\",\"itemListElement\":[{\"@type\":\"ListItem\",\"position\":1,\"name\":\"Hem\",\"item\":\"https:\\\/\\\/www.ekholmnordic.se\\\/de\\\/\"},{\"@type\":\"ListItem\",\"position\":2,\"name\":\"WEBSHOP\",\"item\":\"https:\\\/\\\/www.ekholmnordic.se\\\/de\\\/webshop\\\/\"},{\"@type\":\"ListItem\",\"position\":3,\"name\":\"PROB TEERSHAMPOO\"}]},{\"@type\":\"WebSite\",\"@id\":\"https:\\\/\\\/www.ekholmnordic.se\\\/#website\",\"url\":\"https:\\\/\\\/www.ekholmnordic.se\\\/\",\"name\":\"Ekholm Vision - PROB SERIEN\",\"description\":\"F\u00d6R EN OPTIMAL HUD OCH P\u00c4LSV\u00c5RD\",\"potentialAction\":[{\"@type\":\"SearchAction\",\"target\":{\"@type\":\"EntryPoint\",\"urlTemplate\":\"https:\\\/\\\/www.ekholmnordic.se\\\/?s={search_term_string}\"},\"query-input\":{\"@type\":\"PropertyValueSpecification\",\"valueRequired\":true,\"valueName\":\"search_term_string\"}}],\"inLanguage\":\"de\"}]}<\/script>\n<!-- \/ Yoast SEO plugin. -->","yoast_head_json":{"title":"PROB TEERSHAMPOO - Ekholm Vision - PROB SERIEN","robots":{"index":"index","follow":"follow","max-snippet":"max-snippet:-1","max-image-preview":"max-image-preview:large","max-video-preview":"max-video-preview:-1"},"canonical":"https:\/\/www.ekholmnordic.se\/produkt\/ekholms-prob-tjarschampo-for-hast-hund-mot-klada-och-kanslig-hud-2\/","og_locale":"de_DE","og_type":"article","og_title":"PROB TEERSHAMPOO - Ekholm Vision - PROB SERIEN","og_description":"DAS TEERSHAMPOO IST EIN SCHONENDES PFLEGESHAMPOO UND BERUHIGT GEREIZTE HAUT. L\u00d6ST HAUTABLAGERUNGEN UND SCHUPPEN. IST STARK REINIGEND UND ENTFERNT WIRKSAM VERF\u00c4RBUNGEN UND SCHMUTZ. R\u00dcCKFETTEND F\u00dcR HAUT UND FELL. VERST\u00c4RKT DIE FARBEN. F\u00dcR ALLTAG UND WETTKAMPF. FREI VON FARBSTOFFEN, PARABENEN, PARF\u00dcM ODER BLEICHMITTELN","og_url":"https:\/\/www.ekholmnordic.se\/produkt\/ekholms-prob-tjarschampo-for-hast-hund-mot-klada-och-kanslig-hud-2\/","og_site_name":"Ekholm Vision - PROB SERIEN","article_modified_time":"2019-08-12T07:50:28+00:00","og_image":[{"width":700,"height":500,"url":"https:\/\/www.ekholmnordic.se\/wp-content\/uploads\/2018\/03\/9.jpg","type":"image\/jpeg"}],"twitter_card":"summary_large_image","twitter_misc":{"Gesch\u00e4tzte Lesezeit":"1\u00a0Minute"},"schema":{"@context":"https:\/\/schema.org","@graph":[{"@type":"WebPage","@id":"https:\/\/www.ekholmnordic.se\/produkt\/ekholms-prob-tjarschampo-for-hast-hund-mot-klada-och-kanslig-hud-2\/","url":"https:\/\/www.ekholmnordic.se\/produkt\/ekholms-prob-tjarschampo-for-hast-hund-mot-klada-och-kanslig-hud-2\/","name":"PROB TEERSHAMPOO - Ekholm Vision - PROB SERIEN","isPartOf":{"@id":"https:\/\/www.ekholmnordic.se\/#website"},"primaryImageOfPage":{"@id":"https:\/\/www.ekholmnordic.se\/produkt\/ekholms-prob-tjarschampo-for-hast-hund-mot-klada-och-kanslig-hud-2\/#primaryimage"},"image":{"@id":"https:\/\/www.ekholmnordic.se\/produkt\/ekholms-prob-tjarschampo-for-hast-hund-mot-klada-och-kanslig-hud-2\/#primaryimage"},"thumbnailUrl":"https:\/\/www.ekholmnordic.se\/wp-content\/uploads\/2018\/03\/9.jpg","datePublished":"2016-06-07T21:38:05+00:00","dateModified":"2019-08-12T07:50:28+00:00","breadcrumb":{"@id":"https:\/\/www.ekholmnordic.se\/produkt\/ekholms-prob-tjarschampo-for-hast-hund-mot-klada-och-kanslig-hud-2\/#breadcrumb"},"inLanguage":"de","potentialAction":[{"@type":"ReadAction","target":["https:\/\/www.ekholmnordic.se\/produkt\/ekholms-prob-tjarschampo-for-hast-hund-mot-klada-och-kanslig-hud-2\/"]}]},{"@type":"ImageObject","inLanguage":"de","@id":"https:\/\/www.ekholmnordic.se\/produkt\/ekholms-prob-tjarschampo-for-hast-hund-mot-klada-och-kanslig-hud-2\/#primaryimage","url":"https:\/\/www.ekholmnordic.se\/wp-content\/uploads\/2018\/03\/9.jpg","contentUrl":"https:\/\/www.ekholmnordic.se\/wp-content\/uploads\/2018\/03\/9.jpg","width":700,"height":500,"caption":"tj\u00e4rschampo"},{"@type":"BreadcrumbList","@id":"https:\/\/www.ekholmnordic.se\/produkt\/ekholms-prob-tjarschampo-for-hast-hund-mot-klada-och-kanslig-hud-2\/#breadcrumb","itemListElement":[{"@type":"ListItem","position":1,"name":"Hem","item":"https:\/\/www.ekholmnordic.se\/de\/"},{"@type":"ListItem","position":2,"name":"WEBSHOP","item":"https:\/\/www.ekholmnordic.se\/de\/webshop\/"},{"@type":"ListItem","position":3,"name":"PROB TEERSHAMPOO"}]},{"@type":"WebSite","@id":"https:\/\/www.ekholmnordic.se\/#website","url":"https:\/\/www.ekholmnordic.se\/","name":"Ekholm Vision - PROB SERIEN","description":"F\u00d6R EN OPTIMAL HUD OCH P\u00c4LSV\u00c5RD","potentialAction":[{"@type":"SearchAction","target":{"@type":"EntryPoint","urlTemplate":"https:\/\/www.ekholmnordic.se\/?s={search_term_string}"},"query-input":{"@type":"PropertyValueSpecification","valueRequired":true,"valueName":"search_term_string"}}],"inLanguage":"de"}]}},"_links":{"self":[{"href":"https:\/\/www.ekholmnordic.se\/de\/wp-json\/wp\/v2\/product\/2544","targetHints":{"allow":["GET"]}}],"collection":[{"href":"https:\/\/www.ekholmnordic.se\/de\/wp-json\/wp\/v2\/product"}],"about":[{"href":"https:\/\/www.ekholmnordic.se\/de\/wp-json\/wp\/v2\/types\/product"}],"replies":[{"embeddable":true,"href":"https:\/\/www.ekholmnordic.se\/de\/wp-json\/wp\/v2\/comments?post=2544"}],"wp:featuredmedia":[{"embeddable":true,"href":"https:\/\/www.ekholmnordic.se\/de\/wp-json\/wp\/v2\/media\/22598"}],"wp:attachment":[{"href":"https:\/\/www.ekholmnordic.se\/de\/wp-json\/wp\/v2\/media?parent=2544"}],"wp:term":[{"taxonomy":"product_brand","embeddable":true,"href":"https:\/\/www.ekholmnordic.se\/de\/wp-json\/wp\/v2\/product_brand?post=2544"},{"taxonomy":"product_cat","embeddable":true,"href":"https:\/\/www.ekholmnordic.se\/de\/wp-json\/wp\/v2\/product_cat?post=2544"},{"taxonomy":"product_tag","embeddable":true,"href":"https:\/\/www.ekholmnordic.se\/de\/wp-json\/wp\/v2\/product_tag?post=2544"}],"curies":[{"name":"wp","href":"https:\/\/api.w.org\/{rel}","templated":true}]}}