{"id":118,"date":"2016-04-25T21:14:21","date_gmt":"2016-04-25T19:14:21","guid":{"rendered":"http:\/\/www.ekholmnordic.se\/?post_type=product&#038;p=118"},"modified":"2026-01-09T11:36:07","modified_gmt":"2026-01-09T10:36:07","slug":"118","status":"publish","type":"product","link":"https:\/\/www.ekholmnordic.se\/de\/produkt\/118\/","title":{"rendered":"SOMMARDEO H\u00c4ST 2,5 l"},"content":{"rendered":"<h3><span style=\"color: #333333;\">PROB SOMMAR DEO H\u00c4ST<\/span><\/h3>\n<p><strong><span style=\"color: #333333;\">Koncentrat,\u00a0Sp\u00e4d h\u00e4st deon med lika stora delar med vatten 1:1<br \/>\nOmskakas<\/span><\/strong><\/p>\n<p class=\"articleName\">\u00a0<strong>Ger h\u00e4st och ryttare trivsel med PROB deo h\u00e4st, giftfritt.<\/strong><\/p>\n<div class=\"articleInfo\">\n<div id=\"articleText\">\n<p><strong>D\u00f6ljer och h\u00e5ller h\u00e4stens kropp fr\u00e4sch i alla f\u00f6rh\u00e5llanden.<\/strong><br \/>\n<strong>H\u00e4st Deo \u00e4r en produkt som f\u00e5tt stor uppm\u00e4rksamhet.<\/strong><br \/>\n<strong>Den \u00e4r ett effektivt bra alternativ som f\u00f6r\u00e4ndrar, f\u00f6rb\u00e4ttra och d\u00f6ljer h\u00e4stens doft.<\/strong><br \/>\n<strong>Deon ger v\u00e4lm\u00e5ende f\u00f6r h\u00e4st och ryttare.L\u00e4mpar sig utm\u00e4rkt \u00e4ven till andra djur.\u00a0<\/strong><\/p>\n<p><strong>Doftar fr\u00e4scht av citrongr\u00e4s och tr\u00e4tj\u00e4ra.<\/strong><\/p>\n<p><strong>Finns i storlekar 500 ml och 2,5 liter<\/strong><\/p>\n<p>&nbsp;<\/p>\n<p><strong>Bruksanvisning:<\/strong><\/p>\n<p><strong>\u00a0Spraya \u00f6ver djuret en g\u00e5ng per dag. Om h\u00e4sten \u00e4r r\u00e4dd f\u00f6r spray kan DEON \u00e4ven appliceras med en fuktad svamp. Undvik spraya i \u00f6gon eller andningsv\u00e4gar.<\/strong><\/p>\n<p><strong>Genom att kombinera PROB Schampo, PROB Olja och DEO blir livet behagligare f\u00f6r alla.\u00a0<\/strong><\/p>\n<p><strong>Viktigt och tv\u00e4tta ibland, Deo produkterna kan ge sm\u00e5 missf\u00e4rgningar p\u00e5 vita h\u00e4star\/hundar. Tv\u00e4tta helst med PROB Schampon en g\u00e5ng i veckan eller varannan vecka s\u00e5 p\u00e4lsen h\u00e5ller sig ren och fin . PROB Schampo g\u00f6r p\u00e4lsen skinande ren och fin, vitt blir vitt, svart blir svart, \u00e4ven lugnar k\u00e4nslig hud.<\/strong><\/p>\n<p><b><strong>INCI: Aqua,\u00a0 Alcohol, Glycerol, Tar Pine, Cymbopogon flexuosus mm<\/strong><br \/>\n<\/b><\/p>\n<p><strong>Vid best\u00e4llning av hela kartonger, 24 x 500ml per kartong r\u00e4knas automatisk av rabatt -5 %.<\/strong><\/p>\n<p><strong>Finns i 500 ml och 2,5 liter<\/strong><\/p>\n<\/div>\n<h6>F\u00d6R UPPM\u00c4RKSAMHET!<br \/>\nPga av att djurv\u00e5rdsprodukter \u00e4r en kemisk produkt ska den ocks\u00e5 m\u00e4rkas som en kemisk produkt enligt kemikalieinspektionens regler.<\/h6>\n<h6>D\u00e4rf\u00f6r har flera av v\u00e5ra produkter varningsm\u00e4rken och varningstext.<br \/>\nInneh\u00e5ller produkten <strong>mer \u00e4n 3 %<\/strong> av en eller flera r\u00e5varor som har m\u00e4rkningar i sin koncentrerade form m\u00e5ste det \u00e4ven finnas exakt samma varningsm\u00e4rken och text p\u00e5 tillverkade produkter med annan % halt. D\u00e4rav m\u00e4rkningar! I detta fall f\u00f6r att Deon inneh\u00e5ller alkohol samt citrongr\u00e4s mer \u00e4n 3 %.<\/h6>\n<\/div>\n<div class=\"articleInfo\">\n<p>Faroangivelser<br \/>\nMycket brandfarlig v\u00e4tska och \u00e5nga<br \/>\nOrsakar allvarlig \u00f6gonirritation<br \/>\nSkyddsangivelser<br \/>\nHa f\u00f6rpackningen eller etiketten till hands om du m\u00e5ste s\u00f6ka l\u00e4karv\u00e5rd<br \/>\nF\u00f6rvaras o\u00e5tkomligt f\u00f6r barn<br \/>\nF\u00e5r inte uts\u00e4ttas f\u00f6r v\u00e4rme, heta ytor, gnistor, \u00f6ppna l\u00e5gor och andra ant\u00e4ndningsk\u00e4llor. R\u00f6kning<br \/>\nf\u00f6rbjuden<br \/>\nAnv\u00e4nd \u00f6gonskydd\/ansiktsskydd<br \/>\nVid best\u00e5ende \u00f6gonirritation: S\u00f6k l\u00e4karhj\u00e4lp<br \/>\nF\u00f6rvaras p\u00e5 v\u00e4l ventilerad plats. F\u00f6rvaras svalt<br \/>\nInneh\u00e5llet och beh\u00e5llaren l\u00e4mnas till auktoriserad avfallshanteringsanl\u00e4ggning<br \/>\nInneh\u00e5ller Cymbopogon Flexuosus extrakt. Kan orsaka allvarlig reaktion<\/p>\n<p>&nbsp;<\/p>\n<p><img loading=\"lazy\" decoding=\"async\" class=\"alignleft size-full wp-image-18426\" src=\"https:\/\/www.ekholmnordic.se\/wp-content\/uploads\/2020\/03\/brandfarliogt.gif\" alt=\"\" width=\"77\" height=\"77\" \/><img loading=\"lazy\" decoding=\"async\" class=\"alignleft size-full wp-image-18407\" src=\"https:\/\/www.ekholmnordic.se\/wp-content\/uploads\/2020\/03\/skadligt.gif\" alt=\"\" width=\"77\" height=\"77\" \/><\/p>\n<\/div>\n","protected":false},"excerpt":{"rendered":"<h6><strong>F\u00f6r\u00e4ndrar, f\u00f6rb\u00e4ttrar och d\u00f6ljer doften av djuret.<\/strong><br \/>\n<strong>En gammal omtyckt och mycket popul\u00e4r produkt.<\/strong><\/h6>\n","protected":false},"featured_media":19734,"comment_status":"closed","ping_status":"closed","template":"","meta":{"_monsterinsights_skip_tracking":false,"_monsterinsights_sitenote_active":false,"_monsterinsights_sitenote_note":"","_monsterinsights_sitenote_category":0},"product_brand":[],"product_cat":[45,125],"product_tag":[],"class_list":{"0":"post-118","1":"product","2":"type-product","3":"status-publish","4":"has-post-thumbnail","6":"product_cat-tierarzneimittel","7":"product_cat-prob-deo-de","10":"first","11":"instock","12":"taxable","13":"shipping-taxable","14":"purchasable","15":"product-type-simple"},"yoast_head":"<!-- This site is optimized with the Yoast SEO plugin v27.5 - https:\/\/yoast.com\/product\/yoast-seo-wordpress\/ -->\n<title>SOMMARDEO H\u00c4ST 2,5 l - Ekholm Vision - PROB SERIEN<\/title>\n<meta name=\"robots\" content=\"index, follow, max-snippet:-1, max-image-preview:large, max-video-preview:-1\" \/>\n<link rel=\"canonical\" href=\"https:\/\/www.ekholmnordic.se\/de\/produkt\/118\/\" \/>\n<meta property=\"og:locale\" content=\"de_DE\" \/>\n<meta property=\"og:type\" content=\"article\" \/>\n<meta property=\"og:title\" content=\"SOMMARDEO H\u00c4ST 2,5 l - Ekholm Vision - PROB SERIEN\" \/>\n<meta property=\"og:description\" content=\"F\u00f6r\u00e4ndrar, f\u00f6rb\u00e4ttrar och d\u00f6ljer doften av djuret. En gammal omtyckt och mycket popul\u00e4r produkt.\" \/>\n<meta property=\"og:url\" content=\"https:\/\/www.ekholmnordic.se\/de\/produkt\/118\/\" \/>\n<meta property=\"og:site_name\" content=\"Ekholm Vision - PROB SERIEN\" \/>\n<meta property=\"article:modified_time\" content=\"2026-01-09T10:36:07+00:00\" \/>\n<meta property=\"og:image\" content=\"http:\/\/www.ekholmnordic.se\/wp-content\/uploads\/2016\/04\/DEO-25-L-LITEN.jpg\" \/>\n\t<meta property=\"og:image:width\" content=\"2000\" \/>\n\t<meta property=\"og:image:height\" content=\"2000\" \/>\n\t<meta property=\"og:image:type\" content=\"image\/jpeg\" \/>\n<meta name=\"twitter:card\" content=\"summary_large_image\" \/>\n<meta name=\"twitter:label1\" content=\"Gesch\u00e4tzte Lesezeit\" \/>\n\t<meta name=\"twitter:data1\" content=\"3\u00a0Minuten\" \/>\n<script type=\"application\/ld+json\" class=\"yoast-schema-graph\">{\"@context\":\"https:\\\/\\\/schema.org\",\"@graph\":[{\"@type\":\"WebPage\",\"@id\":\"https:\\\/\\\/www.ekholmnordic.se\\\/de\\\/produkt\\\/118\\\/\",\"url\":\"https:\\\/\\\/www.ekholmnordic.se\\\/de\\\/produkt\\\/118\\\/\",\"name\":\"SOMMARDEO H\u00c4ST 2,5 l - Ekholm Vision - PROB SERIEN\",\"isPartOf\":{\"@id\":\"https:\\\/\\\/www.ekholmnordic.se\\\/#website\"},\"primaryImageOfPage\":{\"@id\":\"https:\\\/\\\/www.ekholmnordic.se\\\/de\\\/produkt\\\/118\\\/#primaryimage\"},\"image\":{\"@id\":\"https:\\\/\\\/www.ekholmnordic.se\\\/de\\\/produkt\\\/118\\\/#primaryimage\"},\"thumbnailUrl\":\"https:\\\/\\\/www.ekholmnordic.se\\\/wp-content\\\/uploads\\\/2016\\\/04\\\/DEO-25-L-LITEN.jpg\",\"datePublished\":\"2016-04-25T19:14:21+00:00\",\"dateModified\":\"2026-01-09T10:36:07+00:00\",\"breadcrumb\":{\"@id\":\"https:\\\/\\\/www.ekholmnordic.se\\\/de\\\/produkt\\\/118\\\/#breadcrumb\"},\"inLanguage\":\"de\",\"potentialAction\":[{\"@type\":\"ReadAction\",\"target\":[\"https:\\\/\\\/www.ekholmnordic.se\\\/de\\\/produkt\\\/118\\\/\"]}]},{\"@type\":\"ImageObject\",\"inLanguage\":\"de\",\"@id\":\"https:\\\/\\\/www.ekholmnordic.se\\\/de\\\/produkt\\\/118\\\/#primaryimage\",\"url\":\"https:\\\/\\\/www.ekholmnordic.se\\\/wp-content\\\/uploads\\\/2016\\\/04\\\/DEO-25-L-LITEN.jpg\",\"contentUrl\":\"https:\\\/\\\/www.ekholmnordic.se\\\/wp-content\\\/uploads\\\/2016\\\/04\\\/DEO-25-L-LITEN.jpg\",\"width\":2000,\"height\":2000,\"caption\":\"sommardeo tj\u00e4ra\"},{\"@type\":\"BreadcrumbList\",\"@id\":\"https:\\\/\\\/www.ekholmnordic.se\\\/de\\\/produkt\\\/118\\\/#breadcrumb\",\"itemListElement\":[{\"@type\":\"ListItem\",\"position\":1,\"name\":\"Hem\",\"item\":\"https:\\\/\\\/www.ekholmnordic.se\\\/de\\\/\"},{\"@type\":\"ListItem\",\"position\":2,\"name\":\"WEBSHOP\",\"item\":\"https:\\\/\\\/www.ekholmnordic.se\\\/de\\\/webshop\\\/\"},{\"@type\":\"ListItem\",\"position\":3,\"name\":\"SOMMARDEO H\u00c4ST 2,5 l\"}]},{\"@type\":\"WebSite\",\"@id\":\"https:\\\/\\\/www.ekholmnordic.se\\\/#website\",\"url\":\"https:\\\/\\\/www.ekholmnordic.se\\\/\",\"name\":\"Ekholm Vision - PROB SERIEN\",\"description\":\"F\u00d6R EN OPTIMAL HUD OCH P\u00c4LSV\u00c5RD\",\"potentialAction\":[{\"@type\":\"SearchAction\",\"target\":{\"@type\":\"EntryPoint\",\"urlTemplate\":\"https:\\\/\\\/www.ekholmnordic.se\\\/?s={search_term_string}\"},\"query-input\":{\"@type\":\"PropertyValueSpecification\",\"valueRequired\":true,\"valueName\":\"search_term_string\"}}],\"inLanguage\":\"de\"}]}<\/script>\n<!-- \/ Yoast SEO plugin. -->","yoast_head_json":{"title":"SOMMARDEO H\u00c4ST 2,5 l - Ekholm Vision - PROB SERIEN","robots":{"index":"index","follow":"follow","max-snippet":"max-snippet:-1","max-image-preview":"max-image-preview:large","max-video-preview":"max-video-preview:-1"},"canonical":"https:\/\/www.ekholmnordic.se\/de\/produkt\/118\/","og_locale":"de_DE","og_type":"article","og_title":"SOMMARDEO H\u00c4ST 2,5 l - Ekholm Vision - PROB SERIEN","og_description":"F\u00f6r\u00e4ndrar, f\u00f6rb\u00e4ttrar och d\u00f6ljer doften av djuret. En gammal omtyckt och mycket popul\u00e4r produkt.","og_url":"https:\/\/www.ekholmnordic.se\/de\/produkt\/118\/","og_site_name":"Ekholm Vision - PROB SERIEN","article_modified_time":"2026-01-09T10:36:07+00:00","og_image":[{"width":2000,"height":2000,"url":"http:\/\/www.ekholmnordic.se\/wp-content\/uploads\/2016\/04\/DEO-25-L-LITEN.jpg","type":"image\/jpeg"}],"twitter_card":"summary_large_image","twitter_misc":{"Gesch\u00e4tzte Lesezeit":"3\u00a0Minuten"},"schema":{"@context":"https:\/\/schema.org","@graph":[{"@type":"WebPage","@id":"https:\/\/www.ekholmnordic.se\/de\/produkt\/118\/","url":"https:\/\/www.ekholmnordic.se\/de\/produkt\/118\/","name":"SOMMARDEO H\u00c4ST 2,5 l - Ekholm Vision - PROB SERIEN","isPartOf":{"@id":"https:\/\/www.ekholmnordic.se\/#website"},"primaryImageOfPage":{"@id":"https:\/\/www.ekholmnordic.se\/de\/produkt\/118\/#primaryimage"},"image":{"@id":"https:\/\/www.ekholmnordic.se\/de\/produkt\/118\/#primaryimage"},"thumbnailUrl":"https:\/\/www.ekholmnordic.se\/wp-content\/uploads\/2016\/04\/DEO-25-L-LITEN.jpg","datePublished":"2016-04-25T19:14:21+00:00","dateModified":"2026-01-09T10:36:07+00:00","breadcrumb":{"@id":"https:\/\/www.ekholmnordic.se\/de\/produkt\/118\/#breadcrumb"},"inLanguage":"de","potentialAction":[{"@type":"ReadAction","target":["https:\/\/www.ekholmnordic.se\/de\/produkt\/118\/"]}]},{"@type":"ImageObject","inLanguage":"de","@id":"https:\/\/www.ekholmnordic.se\/de\/produkt\/118\/#primaryimage","url":"https:\/\/www.ekholmnordic.se\/wp-content\/uploads\/2016\/04\/DEO-25-L-LITEN.jpg","contentUrl":"https:\/\/www.ekholmnordic.se\/wp-content\/uploads\/2016\/04\/DEO-25-L-LITEN.jpg","width":2000,"height":2000,"caption":"sommardeo tj\u00e4ra"},{"@type":"BreadcrumbList","@id":"https:\/\/www.ekholmnordic.se\/de\/produkt\/118\/#breadcrumb","itemListElement":[{"@type":"ListItem","position":1,"name":"Hem","item":"https:\/\/www.ekholmnordic.se\/de\/"},{"@type":"ListItem","position":2,"name":"WEBSHOP","item":"https:\/\/www.ekholmnordic.se\/de\/webshop\/"},{"@type":"ListItem","position":3,"name":"SOMMARDEO H\u00c4ST 2,5 l"}]},{"@type":"WebSite","@id":"https:\/\/www.ekholmnordic.se\/#website","url":"https:\/\/www.ekholmnordic.se\/","name":"Ekholm Vision - PROB SERIEN","description":"F\u00d6R EN OPTIMAL HUD OCH P\u00c4LSV\u00c5RD","potentialAction":[{"@type":"SearchAction","target":{"@type":"EntryPoint","urlTemplate":"https:\/\/www.ekholmnordic.se\/?s={search_term_string}"},"query-input":{"@type":"PropertyValueSpecification","valueRequired":true,"valueName":"search_term_string"}}],"inLanguage":"de"}]}},"_links":{"self":[{"href":"https:\/\/www.ekholmnordic.se\/de\/wp-json\/wp\/v2\/product\/118","targetHints":{"allow":["GET"]}}],"collection":[{"href":"https:\/\/www.ekholmnordic.se\/de\/wp-json\/wp\/v2\/product"}],"about":[{"href":"https:\/\/www.ekholmnordic.se\/de\/wp-json\/wp\/v2\/types\/product"}],"replies":[{"embeddable":true,"href":"https:\/\/www.ekholmnordic.se\/de\/wp-json\/wp\/v2\/comments?post=118"}],"wp:featuredmedia":[{"embeddable":true,"href":"https:\/\/www.ekholmnordic.se\/de\/wp-json\/wp\/v2\/media\/19734"}],"wp:attachment":[{"href":"https:\/\/www.ekholmnordic.se\/de\/wp-json\/wp\/v2\/media?parent=118"}],"wp:term":[{"taxonomy":"product_brand","embeddable":true,"href":"https:\/\/www.ekholmnordic.se\/de\/wp-json\/wp\/v2\/product_brand?post=118"},{"taxonomy":"product_cat","embeddable":true,"href":"https:\/\/www.ekholmnordic.se\/de\/wp-json\/wp\/v2\/product_cat?post=118"},{"taxonomy":"product_tag","embeddable":true,"href":"https:\/\/www.ekholmnordic.se\/de\/wp-json\/wp\/v2\/product_tag?post=118"}],"curies":[{"name":"wp","href":"https:\/\/api.w.org\/{rel}","templated":true}]}}