{"id":3933,"date":"2016-05-13T08:30:16","date_gmt":"2016-05-13T06:30:16","guid":{"rendered":"http:\/\/www.ekholmnordic.se\/om-oss\/"},"modified":"2024-03-12T09:15:20","modified_gmt":"2024-03-12T08:15:20","slug":"om-oss","status":"publish","type":"page","link":"https:\/\/www.ekholmnordic.se\/de\/om-oss\/","title":{"rendered":"KONTAKT \/ OM OSS"},"content":{"rendered":"<h2><\/h2>\n<h2><\/h2>\n<h2><\/h2>\n<h2 style=\"text-align: center;\"><span style=\"color: #000000;\"><strong>Ekholm Vision AB<\/strong><\/span><\/h2>\n<p style=\"text-align: center;\"><span style=\"color: #333333;\">info@ekholmnordic.eu<\/span><\/p>\n<p style=\"text-align: center;\"><span style=\"color: #333333;\">Har Ni fr\u00e5gor om v\u00e5ra produkter eller vill ha r\u00e5d \u00e4r Ni v\u00e4lkomna att ringa eller mejl<\/span><span style=\"color: #333333;\">a.<\/span><\/p>\n<p>&nbsp;<\/p>\n<p>&nbsp;<\/p>\n<p style=\"text-align: center;\"><strong><span style=\"color: #333333;\">Jari Ekh<\/span><span style=\"color: #333333;\">olm<br \/>\nYdregatan 17 C<\/span><\/strong><br \/>\n<strong> <span style=\"color: #333333;\"> 57374 YDRE<\/span><\/strong><\/p>\n<p style=\"text-align: center;\"><strong><span style=\"color: #333333;\">073-997 13 38<\/span><\/strong><br \/>\n<strong> <span style=\"color: #333333;\"> info@ekholmnordic.eu<\/span><\/strong><\/p>\n<p>&nbsp;<\/p>\n<h2>EKHOLM VISION AB &#8211; PROB SERIEN<\/h2>\n<p><strong><span style=\"color: #333333;\">Ekholms PROB ing\u00e5r i moderf\u00f6retaget Ekholm Vision AB, \u00e4ven k\u00e4nt under namnet Ekholm Nordic, med den v\u00e4lk\u00e4nda PROB Serien som baserar sig p\u00e5 naturprodukter.<\/span><\/strong><\/p>\n<p><strong><span style=\"color: #333333;\">Rekommenderad av m\u00e5nga veterin\u00e4rer och hj\u00e4lpt massor med djur med hudproblem.<\/span><\/strong><\/p>\n<p><strong><span style=\"color: #333333;\">F\u00f6retaget \u00e4r ett familjef\u00f6retag i tv\u00e5 generationer som grundades 1975 i Finland av Rita Ekholm, d\u00e5 under namnet Ajan Kemia (Tidens Kemi)<\/span><\/strong><br \/>\n<strong><span style=\"color: #333333;\"> F\u00f6retaget var d\u00e5 delvis koncentrerat p\u00e5 tyngre kemikalier till industrin, men har sakta \u00f6verg\u00e5tt enbart mot milj\u00f6v\u00e4nliga naturprodukter<\/span><\/strong><br \/>\n<strong><span style=\"color: #333333;\"> De senaste 28 \u00e5ren bedrivs hela verksamheten fr\u00e5n Sverige.<\/span><\/strong><br \/>\n<strong><span style=\"color: #333333;\"> F\u00f6retaget finns i \u00d6sterbymo i Ydre Kommun, \u00d6sterg\u00f6tland.<\/span><\/strong><\/p>\n<p><strong><span style=\"color: #333333;\">F\u00f6retaget har i samband med flytten till Ydre gjort en generationsskifte och numera \u00e4r Jari Ekholm \u00e4gare av Ekholm Vision.<\/span><\/strong><\/p>\n<p><strong><span style=\"color: #333333;\">Sedan 2005 har sonen Jari Ekholm ansvarat f\u00f6r produktionen och mycket annat, samt varit en stor inspirationsk\u00e4lla f\u00f6r nya tankar och id\u00e9er samt tagit ett stort ansvar f\u00f6r exporten.<\/span><\/strong><\/p>\n<p><strong><span style=\"color: #333333;\">Som det ser ut idag finns det stora m\u00f6jligheter \u00e4ven f\u00f6r en tredje generation som redan nu jobbar och deltar i verksamheten.\u00a0<\/span><\/strong><\/p>\n<p><strong><span style=\"color: #333333;\">Vi har ett gott rykte p\u00e5 marknaden, vi \u00e4r v\u00e4lk\u00e4nda f\u00f6r att alltid s\u00e4tta kunden i fokus. V\u00e5r styrka \u00e4r att vi lyssnar och samarbetar med v\u00e5ra handlare och konsumenter som ocks\u00e5 hj\u00e4lpt oss i v\u00e5r produktutveckling av PROB serien till att bli en effektiv produktserie p\u00e5 marknaden.<\/span><\/strong><br \/>\n<strong><span style=\"color: #333333;\"> Vi hoppas att det fina samarbetet forts\u00e4tter.<\/span><\/strong><\/p>\n<p><strong><span style=\"color: #333333;\">V\u00e5r str\u00e4van har alltid varit att h\u00e5lla h\u00f6gsta m\u00f6jliga kvalit\u00e9 och kundservice, samt vara tillg\u00e4ngliga f\u00f6r handlarna som konsumenterna.<\/span><\/strong><\/p>\n<p>&nbsp;<\/p>\n","protected":false},"excerpt":{"rendered":"<p>Ekholm Vision AB info@ekholmnordic.eu Har Ni fr\u00e5gor om v\u00e5ra produkter eller vill ha r\u00e5d \u00e4r Ni v\u00e4lkomna att ringa eller mejla. &nbsp; &nbsp; Jari Ekholm Ydregatan 17 C 57374 YDRE 073-997 13 38 info@ekholmnordic.eu &nbsp; EKHOLM VISION AB &#8211; PROB SERIEN Ekholms PROB ing\u00e5r i moderf\u00f6retaget Ekholm Vision AB, \u00e4ven k\u00e4nt under namnet Ekholm Nordic, med den v\u00e4lk\u00e4nda PROB Serien &#8230; <a href=\"https:\/\/www.ekholmnordic.se\/de\/om-oss\/\" class=\"more-link\">Read More<\/a><\/p>\n","protected":false},"author":3,"featured_media":3044,"parent":0,"menu_order":0,"comment_status":"closed","ping_status":"closed","template":"","meta":{"_monsterinsights_skip_tracking":false,"_monsterinsights_sitenote_active":false,"_monsterinsights_sitenote_note":"","_monsterinsights_sitenote_category":0,"footnotes":""},"class_list":["post-3933","page","type-page","status-publish","has-post-thumbnail","hentry"],"yoast_head":"<!-- This site is optimized with the Yoast SEO plugin v27.4 - https:\/\/yoast.com\/product\/yoast-seo-wordpress\/ -->\n<title>KONTAKT \/ OM OSS - Ekholm Vision - PROB SERIEN<\/title>\n<meta name=\"robots\" content=\"index, follow, max-snippet:-1, max-image-preview:large, max-video-preview:-1\" \/>\n<link rel=\"canonical\" href=\"https:\/\/www.ekholmnordic.se\/om-oss\/\" \/>\n<meta property=\"og:locale\" content=\"de_DE\" \/>\n<meta property=\"og:type\" content=\"article\" \/>\n<meta property=\"og:title\" content=\"KONTAKT \/ OM OSS - Ekholm Vision - PROB SERIEN\" \/>\n<meta property=\"og:description\" content=\"Ekholm Vision AB info@ekholmnordic.eu Har Ni fr\u00e5gor om v\u00e5ra produkter eller vill ha r\u00e5d \u00e4r Ni v\u00e4lkomna att ringa eller mejla. &nbsp; &nbsp; Jari Ekholm Ydregatan 17 C 57374 YDRE 073-997 13 38 info@ekholmnordic.eu &nbsp; EKHOLM VISION AB &#8211; PROB SERIEN Ekholms PROB ing\u00e5r i moderf\u00f6retaget Ekholm Vision AB, \u00e4ven k\u00e4nt under namnet Ekholm Nordic, med den v\u00e4lk\u00e4nda PROB Serien ... Read More\" \/>\n<meta property=\"og:url\" content=\"https:\/\/www.ekholmnordic.se\/om-oss\/\" \/>\n<meta property=\"og:site_name\" content=\"Ekholm Vision - PROB SERIEN\" \/>\n<meta property=\"article:modified_time\" content=\"2024-03-12T08:15:20+00:00\" \/>\n<meta property=\"og:image\" content=\"https:\/\/www.ekholmnordic.se\/wp-content\/uploads\/2016\/05\/Ydregatan-17-C.jpg\" \/>\n\t<meta property=\"og:image:width\" content=\"1136\" \/>\n\t<meta property=\"og:image:height\" content=\"852\" \/>\n\t<meta property=\"og:image:type\" content=\"image\/jpeg\" \/>\n<meta name=\"twitter:card\" content=\"summary_large_image\" \/>\n<meta name=\"twitter:label1\" content=\"Gesch\u00e4tzte Lesezeit\" \/>\n\t<meta name=\"twitter:data1\" content=\"2\u00a0Minuten\" \/>\n<script type=\"application\/ld+json\" class=\"yoast-schema-graph\">{\"@context\":\"https:\\\/\\\/schema.org\",\"@graph\":[{\"@type\":\"WebPage\",\"@id\":\"https:\\\/\\\/www.ekholmnordic.se\\\/om-oss\\\/\",\"url\":\"https:\\\/\\\/www.ekholmnordic.se\\\/om-oss\\\/\",\"name\":\"KONTAKT \\\/ OM OSS - Ekholm Vision - PROB SERIEN\",\"isPartOf\":{\"@id\":\"https:\\\/\\\/www.ekholmnordic.se\\\/#website\"},\"primaryImageOfPage\":{\"@id\":\"https:\\\/\\\/www.ekholmnordic.se\\\/om-oss\\\/#primaryimage\"},\"image\":{\"@id\":\"https:\\\/\\\/www.ekholmnordic.se\\\/om-oss\\\/#primaryimage\"},\"thumbnailUrl\":\"https:\\\/\\\/www.ekholmnordic.se\\\/wp-content\\\/uploads\\\/2016\\\/05\\\/Ydregatan-17-C.jpg\",\"datePublished\":\"2016-05-13T06:30:16+00:00\",\"dateModified\":\"2024-03-12T08:15:20+00:00\",\"breadcrumb\":{\"@id\":\"https:\\\/\\\/www.ekholmnordic.se\\\/om-oss\\\/#breadcrumb\"},\"inLanguage\":\"de\",\"potentialAction\":[{\"@type\":\"ReadAction\",\"target\":[\"https:\\\/\\\/www.ekholmnordic.se\\\/om-oss\\\/\"]}]},{\"@type\":\"ImageObject\",\"inLanguage\":\"de\",\"@id\":\"https:\\\/\\\/www.ekholmnordic.se\\\/om-oss\\\/#primaryimage\",\"url\":\"https:\\\/\\\/www.ekholmnordic.se\\\/wp-content\\\/uploads\\\/2016\\\/05\\\/Ydregatan-17-C.jpg\",\"contentUrl\":\"https:\\\/\\\/www.ekholmnordic.se\\\/wp-content\\\/uploads\\\/2016\\\/05\\\/Ydregatan-17-C.jpg\",\"width\":1136,\"height\":852},{\"@type\":\"BreadcrumbList\",\"@id\":\"https:\\\/\\\/www.ekholmnordic.se\\\/om-oss\\\/#breadcrumb\",\"itemListElement\":[{\"@type\":\"ListItem\",\"position\":1,\"name\":\"Hem\",\"item\":\"https:\\\/\\\/www.ekholmnordic.se\\\/de\\\/\"},{\"@type\":\"ListItem\",\"position\":2,\"name\":\"KONTAKT \\\/ OM OSS\"}]},{\"@type\":\"WebSite\",\"@id\":\"https:\\\/\\\/www.ekholmnordic.se\\\/#website\",\"url\":\"https:\\\/\\\/www.ekholmnordic.se\\\/\",\"name\":\"Ekholm Vision - PROB SERIEN\",\"description\":\"F\u00d6R EN OPTIMAL HUD OCH P\u00c4LSV\u00c5RD\",\"potentialAction\":[{\"@type\":\"SearchAction\",\"target\":{\"@type\":\"EntryPoint\",\"urlTemplate\":\"https:\\\/\\\/www.ekholmnordic.se\\\/?s={search_term_string}\"},\"query-input\":{\"@type\":\"PropertyValueSpecification\",\"valueRequired\":true,\"valueName\":\"search_term_string\"}}],\"inLanguage\":\"de\"}]}<\/script>\n<!-- \/ Yoast SEO plugin. -->","yoast_head_json":{"title":"KONTAKT \/ OM OSS - Ekholm Vision - PROB SERIEN","robots":{"index":"index","follow":"follow","max-snippet":"max-snippet:-1","max-image-preview":"max-image-preview:large","max-video-preview":"max-video-preview:-1"},"canonical":"https:\/\/www.ekholmnordic.se\/om-oss\/","og_locale":"de_DE","og_type":"article","og_title":"KONTAKT \/ OM OSS - Ekholm Vision - PROB SERIEN","og_description":"Ekholm Vision AB info@ekholmnordic.eu Har Ni fr\u00e5gor om v\u00e5ra produkter eller vill ha r\u00e5d \u00e4r Ni v\u00e4lkomna att ringa eller mejla. &nbsp; &nbsp; Jari Ekholm Ydregatan 17 C 57374 YDRE 073-997 13 38 info@ekholmnordic.eu &nbsp; EKHOLM VISION AB &#8211; PROB SERIEN Ekholms PROB ing\u00e5r i moderf\u00f6retaget Ekholm Vision AB, \u00e4ven k\u00e4nt under namnet Ekholm Nordic, med den v\u00e4lk\u00e4nda PROB Serien ... Read More","og_url":"https:\/\/www.ekholmnordic.se\/om-oss\/","og_site_name":"Ekholm Vision - PROB SERIEN","article_modified_time":"2024-03-12T08:15:20+00:00","og_image":[{"width":1136,"height":852,"url":"https:\/\/www.ekholmnordic.se\/wp-content\/uploads\/2016\/05\/Ydregatan-17-C.jpg","type":"image\/jpeg"}],"twitter_card":"summary_large_image","twitter_misc":{"Gesch\u00e4tzte Lesezeit":"2\u00a0Minuten"},"schema":{"@context":"https:\/\/schema.org","@graph":[{"@type":"WebPage","@id":"https:\/\/www.ekholmnordic.se\/om-oss\/","url":"https:\/\/www.ekholmnordic.se\/om-oss\/","name":"KONTAKT \/ OM OSS - Ekholm Vision - PROB SERIEN","isPartOf":{"@id":"https:\/\/www.ekholmnordic.se\/#website"},"primaryImageOfPage":{"@id":"https:\/\/www.ekholmnordic.se\/om-oss\/#primaryimage"},"image":{"@id":"https:\/\/www.ekholmnordic.se\/om-oss\/#primaryimage"},"thumbnailUrl":"https:\/\/www.ekholmnordic.se\/wp-content\/uploads\/2016\/05\/Ydregatan-17-C.jpg","datePublished":"2016-05-13T06:30:16+00:00","dateModified":"2024-03-12T08:15:20+00:00","breadcrumb":{"@id":"https:\/\/www.ekholmnordic.se\/om-oss\/#breadcrumb"},"inLanguage":"de","potentialAction":[{"@type":"ReadAction","target":["https:\/\/www.ekholmnordic.se\/om-oss\/"]}]},{"@type":"ImageObject","inLanguage":"de","@id":"https:\/\/www.ekholmnordic.se\/om-oss\/#primaryimage","url":"https:\/\/www.ekholmnordic.se\/wp-content\/uploads\/2016\/05\/Ydregatan-17-C.jpg","contentUrl":"https:\/\/www.ekholmnordic.se\/wp-content\/uploads\/2016\/05\/Ydregatan-17-C.jpg","width":1136,"height":852},{"@type":"BreadcrumbList","@id":"https:\/\/www.ekholmnordic.se\/om-oss\/#breadcrumb","itemListElement":[{"@type":"ListItem","position":1,"name":"Hem","item":"https:\/\/www.ekholmnordic.se\/de\/"},{"@type":"ListItem","position":2,"name":"KONTAKT \/ OM OSS"}]},{"@type":"WebSite","@id":"https:\/\/www.ekholmnordic.se\/#website","url":"https:\/\/www.ekholmnordic.se\/","name":"Ekholm Vision - PROB SERIEN","description":"F\u00d6R EN OPTIMAL HUD OCH P\u00c4LSV\u00c5RD","potentialAction":[{"@type":"SearchAction","target":{"@type":"EntryPoint","urlTemplate":"https:\/\/www.ekholmnordic.se\/?s={search_term_string}"},"query-input":{"@type":"PropertyValueSpecification","valueRequired":true,"valueName":"search_term_string"}}],"inLanguage":"de"}]}},"_links":{"self":[{"href":"https:\/\/www.ekholmnordic.se\/de\/wp-json\/wp\/v2\/pages\/3933","targetHints":{"allow":["GET"]}}],"collection":[{"href":"https:\/\/www.ekholmnordic.se\/de\/wp-json\/wp\/v2\/pages"}],"about":[{"href":"https:\/\/www.ekholmnordic.se\/de\/wp-json\/wp\/v2\/types\/page"}],"author":[{"embeddable":true,"href":"https:\/\/www.ekholmnordic.se\/de\/wp-json\/wp\/v2\/users\/3"}],"replies":[{"embeddable":true,"href":"https:\/\/www.ekholmnordic.se\/de\/wp-json\/wp\/v2\/comments?post=3933"}],"version-history":[{"count":4,"href":"https:\/\/www.ekholmnordic.se\/de\/wp-json\/wp\/v2\/pages\/3933\/revisions"}],"predecessor-version":[{"id":23097,"href":"https:\/\/www.ekholmnordic.se\/de\/wp-json\/wp\/v2\/pages\/3933\/revisions\/23097"}],"wp:featuredmedia":[{"embeddable":true,"href":"https:\/\/www.ekholmnordic.se\/de\/wp-json\/wp\/v2\/media\/3044"}],"wp:attachment":[{"href":"https:\/\/www.ekholmnordic.se\/de\/wp-json\/wp\/v2\/media?parent=3933"}],"curies":[{"name":"wp","href":"https:\/\/api.w.org\/{rel}","templated":true}]}}