{"id":7958,"date":"2016-04-25T20:47:12","date_gmt":"2016-04-25T18:47:12","guid":{"rendered":"https:\/\/www.ekholmnordic.se\/produkt\/prob-deo-tar-and-lemongrass\/"},"modified":"2019-08-12T10:07:46","modified_gmt":"2019-08-12T08:07:46","slug":"prob-deo-tar-and-lemongrass","status":"publish","type":"product","link":"https:\/\/www.ekholmnordic.se\/da\/produkt\/prob-deo-tar-and-lemongrass\/","title":{"rendered":"PROB DEO ( Tar and lemongrass)"},"content":{"rendered":"<h3><strong>PROB DEO (Tar and lemongrass) spray 750 ml<\/strong><\/h3>\n<p><strong>Produktet er helt GIFT FRIT for b\u00e5de hesten, dens venner p\u00e5 folden, naturen og os mennesker.<br \/>\n<\/strong><\/p>\n<p><strong>PROB SOMMERDEO\u00a0klar til brug<\/strong><\/p>\n<p><strong>Skal omrystes f\u00f8r brug.<\/strong><\/p>\n<p><strong>Giver hest og ryttere velv\u00e6re med PROB Deo. Fungerer ogs\u00e5 godt til andre dyr.<\/strong><br \/>\n<strong>Produktet er helt GIFT FRIT for b\u00e5de hesten, dens venner p\u00e5 folden, naturen og os mennesker.<\/strong><\/p>\n<p><strong>Skjuler og holder hestens krop frisk under alle forhold.\u00a0<\/strong><br \/>\n<strong>Hest Deo er et produkt som har f\u00e5et meget opm\u00e6rksomhed.\u00a0<\/strong><br \/>\n<strong>Den er et effektivt og godt alternativ som \u00e6ndrer, forbedrer og skjuler hestens duft.<br \/>\n<\/strong><strong>Sommer Deo er let at anvende og fedter ikke i dyrets pels.<\/strong><br \/>\n<strong>Det for\u00e5rsager ikke solskoldninger.\u00a0<\/strong><br \/>\n<strong>Anvendelse:<\/strong><\/p>\n<p><strong>Hesten sprayes 1 gang dagligt.<\/strong><br \/>\n<strong>Undg\u00e5 at spraye t\u00e6t p\u00e5 \u00f8jne og luftveje. Her kan du p\u00e5f\u00f8re Deo\u00b4en med en opvredet svamp eller klud &#8211; som herefter forsigtigt p\u00e5f\u00f8res omkring \u00f8jne og mule.<\/strong><br \/>\n<strong>Tip:<\/strong><br \/>\n<strong>vasker du din hest i sommerperioden, s\u00e5 f\u00e5r du en KLAR EFFEKT ved at bruge EKHOLM\u00a0 PROB TJ\u00c6RESHAMPOO. Skyl dyret,\u00a0 shamponera in dyret. Lad det sidde 20-30 min. og skyld ud.<\/strong><\/p>\n<p><strong>Pakning:<\/strong><\/p>\n<p><strong>F\u00e5s i st\u00f8rrelse 750 ml f\u00e6rdigblandet p\u00e5 spr\u00f8jteflaske.\u00a0<\/strong><\/p>\n<p><b><strong>INCI: Aqua,\u00a0 Alcohol, Glycerol, Tar Pine, Cymbopogon flexuosus mm<\/strong><\/b><\/p>\n<p><strong>5% rabat ved k\u00f8b af en fuld karton.\u00a0 Indeholder 17 stk.<\/strong><\/p>\n","protected":false},"excerpt":{"rendered":"<h6><\/h6>\n<h6><strong>GIVER HEST OG RYTTERE VELV\u00c6RE MED PROB DEO. FUNGERER OGS\u00c5 GODT TIL ANDRE DYR.<\/strong><\/h6>\n<h6><strong>PRODUKTET ER HELT GIFT FRIT FOR B\u00c5DE HESTEN, DENS VENNER P\u00c5 FOLDEN, NATUREN OG OS MENNESKER.<\/strong><\/h6>\n<h6><strong>SKJULER OG HOLDER HESTENS KROP FRISK UNDER ALLE FORHOLD.<\/strong><\/h6>\n","protected":false},"featured_media":22535,"comment_status":"closed","ping_status":"closed","template":"","meta":{"_monsterinsights_skip_tracking":false,"_monsterinsights_sitenote_active":false,"_monsterinsights_sitenote_note":"","_monsterinsights_sitenote_category":0},"product_brand":[],"product_cat":[104,107],"product_tag":[],"class_list":{"0":"post-7958","1":"product","2":"type-product","3":"status-publish","4":"has-post-thumbnail","6":"product_cat-alle-prob-produkter","7":"product_cat-prob-s","10":"first","11":"instock","12":"taxable","13":"shipping-taxable","14":"purchasable","15":"product-type-simple"},"yoast_head":"<!-- This site is optimized with the Yoast SEO plugin v27.5 - https:\/\/yoast.com\/product\/yoast-seo-wordpress\/ -->\n<title>PROB DEO ( Tar and lemongrass) - Ekholm Vision - PROB SERIEN<\/title>\n<meta name=\"robots\" content=\"index, follow, max-snippet:-1, max-image-preview:large, max-video-preview:-1\" \/>\n<link rel=\"canonical\" href=\"https:\/\/www.ekholmnordic.se\/produkt\/prob-sommardeo-spray-750-ml\/\" \/>\n<meta property=\"og:locale\" content=\"da_DK\" \/>\n<meta property=\"og:type\" content=\"article\" \/>\n<meta property=\"og:title\" content=\"PROB DEO ( Tar and lemongrass) - Ekholm Vision - PROB SERIEN\" \/>\n<meta property=\"og:description\" content=\"GIVER HEST OG RYTTERE VELV\u00c6RE MED PROB DEO. FUNGERER OGS\u00c5 GODT TIL ANDRE DYR. PRODUKTET ER HELT GIFT FRIT FOR B\u00c5DE HESTEN, DENS VENNER P\u00c5 FOLDEN, NATUREN OG OS MENNESKER. SKJULER OG HOLDER HESTENS KROP FRISK UNDER ALLE FORHOLD.\" \/>\n<meta property=\"og:url\" content=\"https:\/\/www.ekholmnordic.se\/produkt\/prob-sommardeo-spray-750-ml\/\" \/>\n<meta property=\"og:site_name\" content=\"Ekholm Vision - PROB SERIEN\" \/>\n<meta property=\"article:modified_time\" content=\"2019-08-12T08:07:46+00:00\" \/>\n<meta property=\"og:image\" content=\"http:\/\/www.ekholmnordic.se\/wp-content\/uploads\/2018\/03\/6.jpg\" \/>\n\t<meta property=\"og:image:width\" content=\"700\" \/>\n\t<meta property=\"og:image:height\" content=\"500\" \/>\n\t<meta property=\"og:image:type\" content=\"image\/jpeg\" \/>\n<meta name=\"twitter:card\" content=\"summary_large_image\" \/>\n<meta name=\"twitter:label1\" content=\"Estimeret l\u00e6setid\" \/>\n\t<meta name=\"twitter:data1\" content=\"1 minut\" \/>\n<script type=\"application\/ld+json\" class=\"yoast-schema-graph\">{\"@context\":\"https:\\\/\\\/schema.org\",\"@graph\":[{\"@type\":\"WebPage\",\"@id\":\"https:\\\/\\\/www.ekholmnordic.se\\\/produkt\\\/prob-sommardeo-spray-750-ml\\\/\",\"url\":\"https:\\\/\\\/www.ekholmnordic.se\\\/produkt\\\/prob-sommardeo-spray-750-ml\\\/\",\"name\":\"PROB DEO ( Tar and lemongrass) - Ekholm Vision - PROB SERIEN\",\"isPartOf\":{\"@id\":\"https:\\\/\\\/www.ekholmnordic.se\\\/#website\"},\"primaryImageOfPage\":{\"@id\":\"https:\\\/\\\/www.ekholmnordic.se\\\/produkt\\\/prob-sommardeo-spray-750-ml\\\/#primaryimage\"},\"image\":{\"@id\":\"https:\\\/\\\/www.ekholmnordic.se\\\/produkt\\\/prob-sommardeo-spray-750-ml\\\/#primaryimage\"},\"thumbnailUrl\":\"https:\\\/\\\/www.ekholmnordic.se\\\/wp-content\\\/uploads\\\/2018\\\/03\\\/6.jpg\",\"datePublished\":\"2016-04-25T18:47:12+00:00\",\"dateModified\":\"2019-08-12T08:07:46+00:00\",\"breadcrumb\":{\"@id\":\"https:\\\/\\\/www.ekholmnordic.se\\\/produkt\\\/prob-sommardeo-spray-750-ml\\\/#breadcrumb\"},\"inLanguage\":\"da-DK\",\"potentialAction\":[{\"@type\":\"ReadAction\",\"target\":[\"https:\\\/\\\/www.ekholmnordic.se\\\/produkt\\\/prob-sommardeo-spray-750-ml\\\/\"]}]},{\"@type\":\"ImageObject\",\"inLanguage\":\"da-DK\",\"@id\":\"https:\\\/\\\/www.ekholmnordic.se\\\/produkt\\\/prob-sommardeo-spray-750-ml\\\/#primaryimage\",\"url\":\"https:\\\/\\\/www.ekholmnordic.se\\\/wp-content\\\/uploads\\\/2018\\\/03\\\/6.jpg\",\"contentUrl\":\"https:\\\/\\\/www.ekholmnordic.se\\\/wp-content\\\/uploads\\\/2018\\\/03\\\/6.jpg\",\"width\":700,\"height\":500,\"caption\":\"sommardeo talltj\u00e4ra\"},{\"@type\":\"BreadcrumbList\",\"@id\":\"https:\\\/\\\/www.ekholmnordic.se\\\/produkt\\\/prob-sommardeo-spray-750-ml\\\/#breadcrumb\",\"itemListElement\":[{\"@type\":\"ListItem\",\"position\":1,\"name\":\"Hem\",\"item\":\"https:\\\/\\\/www.ekholmnordic.se\\\/da\\\/\"},{\"@type\":\"ListItem\",\"position\":2,\"name\":\"WEBSHOP\",\"item\":\"https:\\\/\\\/www.ekholmnordic.se\\\/da\\\/webshop\\\/\"},{\"@type\":\"ListItem\",\"position\":3,\"name\":\"PROB DEO ( Tar and lemongrass)\"}]},{\"@type\":\"WebSite\",\"@id\":\"https:\\\/\\\/www.ekholmnordic.se\\\/#website\",\"url\":\"https:\\\/\\\/www.ekholmnordic.se\\\/\",\"name\":\"Ekholm Vision - PROB SERIEN\",\"description\":\"F\u00d6R EN OPTIMAL HUD OCH P\u00c4LSV\u00c5RD\",\"potentialAction\":[{\"@type\":\"SearchAction\",\"target\":{\"@type\":\"EntryPoint\",\"urlTemplate\":\"https:\\\/\\\/www.ekholmnordic.se\\\/?s={search_term_string}\"},\"query-input\":{\"@type\":\"PropertyValueSpecification\",\"valueRequired\":true,\"valueName\":\"search_term_string\"}}],\"inLanguage\":\"da-DK\"}]}<\/script>\n<!-- \/ Yoast SEO plugin. -->","yoast_head_json":{"title":"PROB DEO ( Tar and lemongrass) - Ekholm Vision - PROB SERIEN","robots":{"index":"index","follow":"follow","max-snippet":"max-snippet:-1","max-image-preview":"max-image-preview:large","max-video-preview":"max-video-preview:-1"},"canonical":"https:\/\/www.ekholmnordic.se\/produkt\/prob-sommardeo-spray-750-ml\/","og_locale":"da_DK","og_type":"article","og_title":"PROB DEO ( Tar and lemongrass) - Ekholm Vision - PROB SERIEN","og_description":"GIVER HEST OG RYTTERE VELV\u00c6RE MED PROB DEO. FUNGERER OGS\u00c5 GODT TIL ANDRE DYR. PRODUKTET ER HELT GIFT FRIT FOR B\u00c5DE HESTEN, DENS VENNER P\u00c5 FOLDEN, NATUREN OG OS MENNESKER. SKJULER OG HOLDER HESTENS KROP FRISK UNDER ALLE FORHOLD.","og_url":"https:\/\/www.ekholmnordic.se\/produkt\/prob-sommardeo-spray-750-ml\/","og_site_name":"Ekholm Vision - PROB SERIEN","article_modified_time":"2019-08-12T08:07:46+00:00","og_image":[{"width":700,"height":500,"url":"http:\/\/www.ekholmnordic.se\/wp-content\/uploads\/2018\/03\/6.jpg","type":"image\/jpeg"}],"twitter_card":"summary_large_image","twitter_misc":{"Estimeret l\u00e6setid":"1 minut"},"schema":{"@context":"https:\/\/schema.org","@graph":[{"@type":"WebPage","@id":"https:\/\/www.ekholmnordic.se\/produkt\/prob-sommardeo-spray-750-ml\/","url":"https:\/\/www.ekholmnordic.se\/produkt\/prob-sommardeo-spray-750-ml\/","name":"PROB DEO ( Tar and lemongrass) - Ekholm Vision - PROB SERIEN","isPartOf":{"@id":"https:\/\/www.ekholmnordic.se\/#website"},"primaryImageOfPage":{"@id":"https:\/\/www.ekholmnordic.se\/produkt\/prob-sommardeo-spray-750-ml\/#primaryimage"},"image":{"@id":"https:\/\/www.ekholmnordic.se\/produkt\/prob-sommardeo-spray-750-ml\/#primaryimage"},"thumbnailUrl":"https:\/\/www.ekholmnordic.se\/wp-content\/uploads\/2018\/03\/6.jpg","datePublished":"2016-04-25T18:47:12+00:00","dateModified":"2019-08-12T08:07:46+00:00","breadcrumb":{"@id":"https:\/\/www.ekholmnordic.se\/produkt\/prob-sommardeo-spray-750-ml\/#breadcrumb"},"inLanguage":"da-DK","potentialAction":[{"@type":"ReadAction","target":["https:\/\/www.ekholmnordic.se\/produkt\/prob-sommardeo-spray-750-ml\/"]}]},{"@type":"ImageObject","inLanguage":"da-DK","@id":"https:\/\/www.ekholmnordic.se\/produkt\/prob-sommardeo-spray-750-ml\/#primaryimage","url":"https:\/\/www.ekholmnordic.se\/wp-content\/uploads\/2018\/03\/6.jpg","contentUrl":"https:\/\/www.ekholmnordic.se\/wp-content\/uploads\/2018\/03\/6.jpg","width":700,"height":500,"caption":"sommardeo talltj\u00e4ra"},{"@type":"BreadcrumbList","@id":"https:\/\/www.ekholmnordic.se\/produkt\/prob-sommardeo-spray-750-ml\/#breadcrumb","itemListElement":[{"@type":"ListItem","position":1,"name":"Hem","item":"https:\/\/www.ekholmnordic.se\/da\/"},{"@type":"ListItem","position":2,"name":"WEBSHOP","item":"https:\/\/www.ekholmnordic.se\/da\/webshop\/"},{"@type":"ListItem","position":3,"name":"PROB DEO ( Tar and lemongrass)"}]},{"@type":"WebSite","@id":"https:\/\/www.ekholmnordic.se\/#website","url":"https:\/\/www.ekholmnordic.se\/","name":"Ekholm Vision - PROB SERIEN","description":"F\u00d6R EN OPTIMAL HUD OCH P\u00c4LSV\u00c5RD","potentialAction":[{"@type":"SearchAction","target":{"@type":"EntryPoint","urlTemplate":"https:\/\/www.ekholmnordic.se\/?s={search_term_string}"},"query-input":{"@type":"PropertyValueSpecification","valueRequired":true,"valueName":"search_term_string"}}],"inLanguage":"da-DK"}]}},"_links":{"self":[{"href":"https:\/\/www.ekholmnordic.se\/da\/wp-json\/wp\/v2\/product\/7958","targetHints":{"allow":["GET"]}}],"collection":[{"href":"https:\/\/www.ekholmnordic.se\/da\/wp-json\/wp\/v2\/product"}],"about":[{"href":"https:\/\/www.ekholmnordic.se\/da\/wp-json\/wp\/v2\/types\/product"}],"replies":[{"embeddable":true,"href":"https:\/\/www.ekholmnordic.se\/da\/wp-json\/wp\/v2\/comments?post=7958"}],"wp:featuredmedia":[{"embeddable":true,"href":"https:\/\/www.ekholmnordic.se\/da\/wp-json\/wp\/v2\/media\/22535"}],"wp:attachment":[{"href":"https:\/\/www.ekholmnordic.se\/da\/wp-json\/wp\/v2\/media?parent=7958"}],"wp:term":[{"taxonomy":"product_brand","embeddable":true,"href":"https:\/\/www.ekholmnordic.se\/da\/wp-json\/wp\/v2\/product_brand?post=7958"},{"taxonomy":"product_cat","embeddable":true,"href":"https:\/\/www.ekholmnordic.se\/da\/wp-json\/wp\/v2\/product_cat?post=7958"},{"taxonomy":"product_tag","embeddable":true,"href":"https:\/\/www.ekholmnordic.se\/da\/wp-json\/wp\/v2\/product_tag?post=7958"}],"curies":[{"name":"wp","href":"https:\/\/api.w.org\/{rel}","templated":true}]}}