{"id":6716,"date":"2016-04-08T08:16:38","date_gmt":"2016-04-08T06:16:38","guid":{"rendered":"https:\/\/www.ekholmnordic.se\/produkt\/prob-surstrale\/"},"modified":"2019-08-12T10:31:02","modified_gmt":"2019-08-12T08:31:02","slug":"prob-surstrale","status":"publish","type":"product","link":"https:\/\/www.ekholmnordic.se\/da\/produkt\/prob-surstrale\/","title":{"rendered":"PROB FROGSTICKS"},"content":{"rendered":"<h6><strong>PROB SURSTR\u00c5LE INDEHOLDER BRUGS KLARE STIKS TIL AT BRUGE SOM UDFYLDNING I DYBE STR\u00c5LEFURER OG HUL V\u00c6G FOR AT FORHINDRE MUDDER OG SNAVS AT TR\u00c6NGE IND.<\/strong><\/h6>\n<p><strong><img loading=\"lazy\" decoding=\"async\" class=\"alignleft size-medium wp-image-6372\" src=\"https:\/\/www.ekholmnordic.se\/wp-content\/uploads\/2018\/07\/Hov-med-Surstr\u00e5lesticks-300x300.jpg\" alt=\"\" width=\"300\" height=\"300\" srcset=\"https:\/\/www.ekholmnordic.se\/wp-content\/uploads\/2018\/07\/Hov-med-Surstr\u00e5lesticks-300x300.jpg 300w, https:\/\/www.ekholmnordic.se\/wp-content\/uploads\/2018\/07\/Hov-med-Surstr\u00e5lesticks-150x150.jpg 150w, https:\/\/www.ekholmnordic.se\/wp-content\/uploads\/2018\/07\/Hov-med-Surstr\u00e5lesticks-100x100.jpg 100w, https:\/\/www.ekholmnordic.se\/wp-content\/uploads\/2018\/07\/Hov-med-Surstr\u00e5lesticks-865x864.jpg 865w, https:\/\/www.ekholmnordic.se\/wp-content\/uploads\/2018\/07\/Hov-med-Surstr\u00e5lesticks-600x599.jpg 600w, https:\/\/www.ekholmnordic.se\/wp-content\/uploads\/2018\/07\/Hov-med-Surstr\u00e5lesticks.jpg 960w\" sizes=\"auto, (max-width: 300px) 100vw, 300px\" \/><\/strong><\/p>\n<p><strong>PROB FROGSTICKS er et 100% naturligt produkt. Tj\u00e6rebaserede stiks med bivoks, olier, harpiks.<\/strong><br \/>\n<strong>Stiksen bruges som udfyldning i dybe str\u00e5lefurer og hulrum for at forhindre ler mv. at tr\u00e6nge ind.<\/strong><\/p>\n<p><strong>Hvis hesten har dybe str\u00e5lefurer eller hvis du ser forandringer i str\u00e5len, presses en PROB Salve stik ind i str\u00e5lefuren efter reng\u00f8ring. Det forhinder ler, fugt og lignende at tr\u00e6nge ind. Udskift stik efter 2-4 dage eller efter det interval som passer til din hest. Forts\u00e6t s\u00e5 l\u00e6nge der findes et behov.<\/strong><\/p>\n<p><strong><img loading=\"lazy\" decoding=\"async\" class=\"alignleft size-medium wp-image-6377\" src=\"https:\/\/www.ekholmnordic.se\/wp-content\/uploads\/2016\/04\/Surstr\u00e5le-gruksanvisning-300x273.jpg\" alt=\"\" width=\"300\" height=\"273\" srcset=\"https:\/\/www.ekholmnordic.se\/wp-content\/uploads\/2016\/04\/Surstr\u00e5le-gruksanvisning-300x273.jpg 300w, https:\/\/www.ekholmnordic.se\/wp-content\/uploads\/2016\/04\/Surstr\u00e5le-gruksanvisning-100x91.jpg 100w, https:\/\/www.ekholmnordic.se\/wp-content\/uploads\/2016\/04\/Surstr\u00e5le-gruksanvisning-600x545.jpg 600w, https:\/\/www.ekholmnordic.se\/wp-content\/uploads\/2016\/04\/Surstr\u00e5le-gruksanvisning.jpg 660w\" sizes=\"auto, (max-width: 300px) 100vw, 300px\" \/>Det er ekstra Tj\u00e6redrev med i Frogsticksspanden og det findes ca. 30-40 stiks med i en separat pakke. <\/strong><br \/>\n<strong>Brug gerne PROB HOV balsam i kombination med PROB Surstr\u00e5le for optimal effekt.<\/strong><\/p>\n<p>&nbsp;<\/p>\n<p>&nbsp;<\/p>\n<p><strong>TIP: <\/strong><br \/>\n<strong>Hvis din hest begynder at f\u00e5, eller har hul v\u00e6g, s\u00e5 tilpas stiksen efter den st\u00f8rrelse og g\u00f8r det samme som i str\u00e5lefuren. Forhindrer ler etc. fra at g\u00f8re dem dybere. Brug vores PROB OLIE, nogle dr\u00e5ber inden du bruger din tilpassede stik. Gentag denne procedure med olien hver gang du udskifter stiks lige ved dragterne.<\/strong><\/p>\n<p><strong>Hvis str\u00e5lfurerne eller hulrummene er meget dybe og du har brug for mere end et stik, s\u00e5 tager du i stedet af det ekstre tj\u00e6redrev som medf\u00f8lger i pakken, og udfylder ekstra med dette over det ilagte stik i kombination med at du pensler Hovbalsam i omr\u00e5det og p\u00e5 det nye stik.<\/strong><\/p>\n<p><strong>Kan med fordel bruges til f\u00f8l og dr\u00e6gtige dyr.<\/strong><\/p>\n<p><strong>Vedligehold hoverne for at undg\u00e5 un\u00f8dige problemer. <\/strong><br \/>\n<strong>PROB Surstr\u00e5le indeholder ingen dehydrerende opl\u00f8sningsmidler.<\/strong><\/p>\n<p><strong>Indeholder nu ekstra tj\u00e6redrev.<\/strong><\/p>\n<p><strong>Indeholder tj\u00e6re, bivoks, forskellige olier.<\/strong><\/p>\n<p><strong>Ingen karens.<\/strong><\/p>\n","protected":false},"excerpt":{"rendered":"<h6><strong style=\"font-size: 16px\">PROB SURSTR\u00c5LE INDEHOLDER BRUGS KLARE STIKS TIL AT BRUGE SOM UDFYLDNING I DYBE STR\u00c5LEFURER OG HUL V\u00c6G FOR AT FORHINDRE MUDDER OG SNAVS AT TR\u00c6NGE IND.<\/strong><\/h6>\n","protected":false},"featured_media":7042,"comment_status":"closed","ping_status":"closed","template":"","meta":{"_monsterinsights_skip_tracking":false,"_monsterinsights_sitenote_active":false,"_monsterinsights_sitenote_note":"","_monsterinsights_sitenote_category":0},"product_brand":[],"product_cat":[104,6,106,7],"product_tag":[],"class_list":{"0":"post-6716","1":"product","2":"type-product","3":"status-publish","4":"has-post-thumbnail","6":"product_cat-alle-prob-produkter","7":"product_cat-veterinara-produkter","8":"product_cat-hovpleje","9":"product_cat-hov-vard","12":"first","13":"instock","14":"taxable","15":"shipping-taxable","16":"purchasable","17":"product-type-simple"},"yoast_head":"<!-- This site is optimized with the Yoast SEO plugin v27.6 - https:\/\/yoast.com\/product\/yoast-seo-wordpress\/ -->\n<title>PROB FROGSTICKS - Ekholm Vision - PROB SERIEN<\/title>\n<meta name=\"robots\" content=\"index, follow, max-snippet:-1, max-image-preview:large, max-video-preview:-1\" \/>\n<link rel=\"canonical\" href=\"https:\/\/www.ekholmnordic.se\/produkt\/prob-surstrale\/\" \/>\n<meta property=\"og:locale\" content=\"da_DK\" \/>\n<meta property=\"og:type\" content=\"article\" \/>\n<meta property=\"og:title\" content=\"PROB FROGSTICKS - Ekholm Vision - PROB SERIEN\" \/>\n<meta property=\"og:description\" content=\"PROB SURSTR\u00c5LE INDEHOLDER BRUGS KLARE STIKS TIL AT BRUGE SOM UDFYLDNING I DYBE STR\u00c5LEFURER OG HUL V\u00c6G FOR AT FORHINDRE MUDDER OG SNAVS AT TR\u00c6NGE IND.\" \/>\n<meta property=\"og:url\" content=\"https:\/\/www.ekholmnordic.se\/produkt\/prob-surstrale\/\" \/>\n<meta property=\"og:site_name\" content=\"Ekholm Vision - PROB SERIEN\" \/>\n<meta property=\"article:modified_time\" content=\"2019-08-12T08:31:02+00:00\" \/>\n<meta property=\"og:image\" content=\"https:\/\/www.ekholmnordic.se\/wp-content\/uploads\/2016\/04\/www_prob_frog_sticks.jpg\" \/>\n\t<meta property=\"og:image:width\" content=\"1677\" \/>\n\t<meta property=\"og:image:height\" content=\"2000\" \/>\n\t<meta property=\"og:image:type\" content=\"image\/jpeg\" \/>\n<meta name=\"twitter:card\" content=\"summary_large_image\" \/>\n<meta name=\"twitter:label1\" content=\"Estimeret l\u00e6setid\" \/>\n\t<meta name=\"twitter:data1\" content=\"2 minutter\" \/>\n<script type=\"application\/ld+json\" class=\"yoast-schema-graph\">{\"@context\":\"https:\\\/\\\/schema.org\",\"@graph\":[{\"@type\":\"WebPage\",\"@id\":\"https:\\\/\\\/www.ekholmnordic.se\\\/produkt\\\/prob-surstrale\\\/\",\"url\":\"https:\\\/\\\/www.ekholmnordic.se\\\/produkt\\\/prob-surstrale\\\/\",\"name\":\"PROB FROGSTICKS - Ekholm Vision - PROB SERIEN\",\"isPartOf\":{\"@id\":\"https:\\\/\\\/www.ekholmnordic.se\\\/#website\"},\"primaryImageOfPage\":{\"@id\":\"https:\\\/\\\/www.ekholmnordic.se\\\/produkt\\\/prob-surstrale\\\/#primaryimage\"},\"image\":{\"@id\":\"https:\\\/\\\/www.ekholmnordic.se\\\/produkt\\\/prob-surstrale\\\/#primaryimage\"},\"thumbnailUrl\":\"https:\\\/\\\/www.ekholmnordic.se\\\/wp-content\\\/uploads\\\/2016\\\/04\\\/www_prob_frog_sticks.jpg\",\"datePublished\":\"2016-04-08T06:16:38+00:00\",\"dateModified\":\"2019-08-12T08:31:02+00:00\",\"breadcrumb\":{\"@id\":\"https:\\\/\\\/www.ekholmnordic.se\\\/produkt\\\/prob-surstrale\\\/#breadcrumb\"},\"inLanguage\":\"da-DK\",\"potentialAction\":[{\"@type\":\"ReadAction\",\"target\":[\"https:\\\/\\\/www.ekholmnordic.se\\\/produkt\\\/prob-surstrale\\\/\"]}]},{\"@type\":\"ImageObject\",\"inLanguage\":\"da-DK\",\"@id\":\"https:\\\/\\\/www.ekholmnordic.se\\\/produkt\\\/prob-surstrale\\\/#primaryimage\",\"url\":\"https:\\\/\\\/www.ekholmnordic.se\\\/wp-content\\\/uploads\\\/2016\\\/04\\\/www_prob_frog_sticks.jpg\",\"contentUrl\":\"https:\\\/\\\/www.ekholmnordic.se\\\/wp-content\\\/uploads\\\/2016\\\/04\\\/www_prob_frog_sticks.jpg\",\"width\":1677,\"height\":2000,\"caption\":\"frogsticks\"},{\"@type\":\"BreadcrumbList\",\"@id\":\"https:\\\/\\\/www.ekholmnordic.se\\\/produkt\\\/prob-surstrale\\\/#breadcrumb\",\"itemListElement\":[{\"@type\":\"ListItem\",\"position\":1,\"name\":\"Hem\",\"item\":\"https:\\\/\\\/www.ekholmnordic.se\\\/da\\\/\"},{\"@type\":\"ListItem\",\"position\":2,\"name\":\"WEBSHOP\",\"item\":\"https:\\\/\\\/www.ekholmnordic.se\\\/da\\\/webshop\\\/\"},{\"@type\":\"ListItem\",\"position\":3,\"name\":\"PROB FROGSTICKS\"}]},{\"@type\":\"WebSite\",\"@id\":\"https:\\\/\\\/www.ekholmnordic.se\\\/#website\",\"url\":\"https:\\\/\\\/www.ekholmnordic.se\\\/\",\"name\":\"Ekholm Vision - PROB SERIEN\",\"description\":\"F\u00d6R EN OPTIMAL HUD OCH P\u00c4LSV\u00c5RD\",\"potentialAction\":[{\"@type\":\"SearchAction\",\"target\":{\"@type\":\"EntryPoint\",\"urlTemplate\":\"https:\\\/\\\/www.ekholmnordic.se\\\/?s={search_term_string}\"},\"query-input\":{\"@type\":\"PropertyValueSpecification\",\"valueRequired\":true,\"valueName\":\"search_term_string\"}}],\"inLanguage\":\"da-DK\"}]}<\/script>\n<!-- \/ Yoast SEO plugin. -->","yoast_head_json":{"title":"PROB FROGSTICKS - Ekholm Vision - PROB SERIEN","robots":{"index":"index","follow":"follow","max-snippet":"max-snippet:-1","max-image-preview":"max-image-preview:large","max-video-preview":"max-video-preview:-1"},"canonical":"https:\/\/www.ekholmnordic.se\/produkt\/prob-surstrale\/","og_locale":"da_DK","og_type":"article","og_title":"PROB FROGSTICKS - Ekholm Vision - PROB SERIEN","og_description":"PROB SURSTR\u00c5LE INDEHOLDER BRUGS KLARE STIKS TIL AT BRUGE SOM UDFYLDNING I DYBE STR\u00c5LEFURER OG HUL V\u00c6G FOR AT FORHINDRE MUDDER OG SNAVS AT TR\u00c6NGE IND.","og_url":"https:\/\/www.ekholmnordic.se\/produkt\/prob-surstrale\/","og_site_name":"Ekholm Vision - PROB SERIEN","article_modified_time":"2019-08-12T08:31:02+00:00","og_image":[{"width":1677,"height":2000,"url":"https:\/\/www.ekholmnordic.se\/wp-content\/uploads\/2016\/04\/www_prob_frog_sticks.jpg","type":"image\/jpeg"}],"twitter_card":"summary_large_image","twitter_misc":{"Estimeret l\u00e6setid":"2 minutter"},"schema":{"@context":"https:\/\/schema.org","@graph":[{"@type":"WebPage","@id":"https:\/\/www.ekholmnordic.se\/produkt\/prob-surstrale\/","url":"https:\/\/www.ekholmnordic.se\/produkt\/prob-surstrale\/","name":"PROB FROGSTICKS - Ekholm Vision - PROB SERIEN","isPartOf":{"@id":"https:\/\/www.ekholmnordic.se\/#website"},"primaryImageOfPage":{"@id":"https:\/\/www.ekholmnordic.se\/produkt\/prob-surstrale\/#primaryimage"},"image":{"@id":"https:\/\/www.ekholmnordic.se\/produkt\/prob-surstrale\/#primaryimage"},"thumbnailUrl":"https:\/\/www.ekholmnordic.se\/wp-content\/uploads\/2016\/04\/www_prob_frog_sticks.jpg","datePublished":"2016-04-08T06:16:38+00:00","dateModified":"2019-08-12T08:31:02+00:00","breadcrumb":{"@id":"https:\/\/www.ekholmnordic.se\/produkt\/prob-surstrale\/#breadcrumb"},"inLanguage":"da-DK","potentialAction":[{"@type":"ReadAction","target":["https:\/\/www.ekholmnordic.se\/produkt\/prob-surstrale\/"]}]},{"@type":"ImageObject","inLanguage":"da-DK","@id":"https:\/\/www.ekholmnordic.se\/produkt\/prob-surstrale\/#primaryimage","url":"https:\/\/www.ekholmnordic.se\/wp-content\/uploads\/2016\/04\/www_prob_frog_sticks.jpg","contentUrl":"https:\/\/www.ekholmnordic.se\/wp-content\/uploads\/2016\/04\/www_prob_frog_sticks.jpg","width":1677,"height":2000,"caption":"frogsticks"},{"@type":"BreadcrumbList","@id":"https:\/\/www.ekholmnordic.se\/produkt\/prob-surstrale\/#breadcrumb","itemListElement":[{"@type":"ListItem","position":1,"name":"Hem","item":"https:\/\/www.ekholmnordic.se\/da\/"},{"@type":"ListItem","position":2,"name":"WEBSHOP","item":"https:\/\/www.ekholmnordic.se\/da\/webshop\/"},{"@type":"ListItem","position":3,"name":"PROB FROGSTICKS"}]},{"@type":"WebSite","@id":"https:\/\/www.ekholmnordic.se\/#website","url":"https:\/\/www.ekholmnordic.se\/","name":"Ekholm Vision - PROB SERIEN","description":"F\u00d6R EN OPTIMAL HUD OCH P\u00c4LSV\u00c5RD","potentialAction":[{"@type":"SearchAction","target":{"@type":"EntryPoint","urlTemplate":"https:\/\/www.ekholmnordic.se\/?s={search_term_string}"},"query-input":{"@type":"PropertyValueSpecification","valueRequired":true,"valueName":"search_term_string"}}],"inLanguage":"da-DK"}]}},"_links":{"self":[{"href":"https:\/\/www.ekholmnordic.se\/da\/wp-json\/wp\/v2\/product\/6716","targetHints":{"allow":["GET"]}}],"collection":[{"href":"https:\/\/www.ekholmnordic.se\/da\/wp-json\/wp\/v2\/product"}],"about":[{"href":"https:\/\/www.ekholmnordic.se\/da\/wp-json\/wp\/v2\/types\/product"}],"replies":[{"embeddable":true,"href":"https:\/\/www.ekholmnordic.se\/da\/wp-json\/wp\/v2\/comments?post=6716"}],"wp:featuredmedia":[{"embeddable":true,"href":"https:\/\/www.ekholmnordic.se\/da\/wp-json\/wp\/v2\/media\/7042"}],"wp:attachment":[{"href":"https:\/\/www.ekholmnordic.se\/da\/wp-json\/wp\/v2\/media?parent=6716"}],"wp:term":[{"taxonomy":"product_brand","embeddable":true,"href":"https:\/\/www.ekholmnordic.se\/da\/wp-json\/wp\/v2\/product_brand?post=6716"},{"taxonomy":"product_cat","embeddable":true,"href":"https:\/\/www.ekholmnordic.se\/da\/wp-json\/wp\/v2\/product_cat?post=6716"},{"taxonomy":"product_tag","embeddable":true,"href":"https:\/\/www.ekholmnordic.se\/da\/wp-json\/wp\/v2\/product_tag?post=6716"}],"curies":[{"name":"wp","href":"https:\/\/api.w.org\/{rel}","templated":true}]}}