{"id":6527,"date":"2016-04-08T08:26:58","date_gmt":"2016-04-08T06:26:58","guid":{"rendered":"https:\/\/www.ekholmnordic.se\/produkt\/prob-paket-deo-2\/"},"modified":"2018-09-09T22:04:33","modified_gmt":"2018-09-09T20:04:33","slug":"prob-paket-deo-2","status":"publish","type":"product","link":"https:\/\/www.ekholmnordic.se\/da\/produkt\/prob-paket-deo-2\/","title":{"rendered":"PROB PAKET (DEO, TJ\u00c6RESHAMPOO, OLIE ) 2,5 L"},"content":{"rendered":"<p>&nbsp;<\/p>\n<p><strong>Her tilbydes fire produkter som alle har vist sig v\u00e6re effektive mod kl\u00f8e for\u00e5rsaget af insektangreb.<\/strong><br \/>\n<strong>Eller hvis man vil have produkterne hjemme for at kunne anvende dem i en bred vifte.<\/strong><\/p>\n<p><strong>Shamponere hesten en gang om ugen med Tj\u00e6reshampoo, lad virke i ca. 30 minutter f\u00f8r skylning.<\/strong><br \/>\n<strong>Dip olien i man og halerod i den tidsinterval der fungerer for din hest. Pr\u00f8v altid p\u00e5 et mindre omr\u00e5de for at se om hesten reagerer positivt p\u00e5 den. Ved en eventuel reaktion, b\u00f8r man stoppe behandlingen.<\/strong><\/p>\n<p><strong>Bland koncentrat Deo 1:1 med vand i en tom sprayflaske. Spray hver eftermiddag\/aften for at holde huden i god stand.<\/strong><\/p>\n<p><strong>Et tip er at man starter med en shamponering.<\/strong><br \/>\n<strong>Deon b\u00f8r spr\u00f8jtes p\u00e5 pelsen dagligt og den bedste tid til det er p\u00e5 eftermiddagen\/aften.<\/strong><br \/>\n<strong>Olien kan man vente med i 5-6 dage, indtil du har se effekten og kan evaluere de f\u00f8rste produkter du er begyndt at bruge.<\/strong><br \/>\n<strong>\u00c5rsagen til at vi opfordrer med at vente med olien, er at hvis din hest f\u00e5r en reaktion p\u00e5 olien, s\u00e5 beh\u00f8ver du ikke afslutte med de \u00f8vrige Prob-produkter, men kan n\u00f8jes med at stoppe med olien.<\/strong><br \/>\n<strong>Du kan bruge olien hver tredje dag og f\u00e5 en fornemmelse hvilket interval der passer din egen hest. Det er vigtigt at du ikke overdoserer, men kun dr\u00e5ber med et mellemrum p\u00e5 ca. 5 cm. Du masserer et par sekunder i hestens h\u00e5r for at dr\u00e5ben skal flyde ud mere p\u00e5 huden.<\/strong><\/p>\n<p><strong>Se beskrivelse p\u00e5 det respektive produkts egen side.<\/strong><\/p>\n","protected":false},"excerpt":{"rendered":"<h6><\/h6>\n<h6><strong>EN EFFEKTIV PAKKE FOR ATT OPRETHOLDE HESTENS HUD I GOD STAND.<br \/>\nGOD MOD KL\u00d8E FOR\u00c5RSAGET AF INSEKTER OG SOL.<br \/>\n<\/strong>1 ST\u00a0TJ\u00c6RESHAMPOO 2,5 L<br \/>\n1 ST PROB OLIE 2,5 L<br \/>\n1 ST PROB DEO (KONCENTRAT) 2,5 L<\/h6>\n<h6 id=\"tw-target-text\" class=\"tw-data-text tw-ta tw-text-medium\" dir=\"ltr\" data-placeholder=\"\u00d6vers\u00e4ttning\"><strong><span lang=\"da\">KUN TIL FORBRUGERE<\/span><\/strong><\/h6>\n","protected":false},"featured_media":22888,"comment_status":"closed","ping_status":"closed","template":"","meta":{"_monsterinsights_skip_tracking":false,"_monsterinsights_sitenote_active":false,"_monsterinsights_sitenote_note":"","_monsterinsights_sitenote_category":0},"product_brand":[],"product_cat":[104,108,107,110],"product_tag":[],"class_list":{"0":"post-6527","1":"product","2":"type-product","3":"status-publish","4":"has-post-thumbnail","6":"product_cat-alle-prob-produkter","7":"product_cat-prob-o","8":"product_cat-prob-s","9":"product_cat-prob-tjaereshampoo","12":"first","13":"instock","14":"sale","15":"taxable","16":"shipping-taxable","17":"purchasable","18":"product-type-simple"},"yoast_head":"<!-- This site is optimized with the Yoast SEO plugin v27.5 - https:\/\/yoast.com\/product\/yoast-seo-wordpress\/ -->\n<title>PROB PAKET (DEO, TJ\u00c6RESHAMPOO, OLIE ) 2,5 L - Ekholm Vision - PROB SERIEN<\/title>\n<meta name=\"robots\" content=\"index, follow, max-snippet:-1, max-image-preview:large, max-video-preview:-1\" \/>\n<link rel=\"canonical\" href=\"https:\/\/www.ekholmnordic.se\/produkt\/prob-paket-olja-schampo-hast-deo-dunkar-3-x-25-liter\/\" \/>\n<meta property=\"og:locale\" content=\"da_DK\" \/>\n<meta property=\"og:type\" content=\"article\" \/>\n<meta property=\"og:title\" content=\"PROB PAKET (DEO, TJ\u00c6RESHAMPOO, OLIE ) 2,5 L - Ekholm Vision - PROB SERIEN\" \/>\n<meta property=\"og:description\" content=\"EN EFFEKTIV PAKKE FOR ATT OPRETHOLDE HESTENS HUD I GOD STAND. GOD MOD KL\u00d8E FOR\u00c5RSAGET AF INSEKTER OG SOL. 1 ST\u00a0TJ\u00c6RESHAMPOO 2,5 L 1 ST PROB OLIE 2,5 L 1 ST PROB DEO (KONCENTRAT) 2,5 L KUN TIL FORBRUGERE\" \/>\n<meta property=\"og:url\" content=\"https:\/\/www.ekholmnordic.se\/produkt\/prob-paket-olja-schampo-hast-deo-dunkar-3-x-25-liter\/\" \/>\n<meta property=\"og:site_name\" content=\"Ekholm Vision - PROB SERIEN\" \/>\n<meta property=\"article:modified_time\" content=\"2018-09-09T20:04:33+00:00\" \/>\n<meta property=\"og:image\" content=\"https:\/\/www.ekholmnordic.se\/wp-content\/uploads\/2016\/04\/PROB-PRODUKTER-paket-dunk.jpg\" \/>\n\t<meta property=\"og:image:width\" content=\"700\" \/>\n\t<meta property=\"og:image:height\" content=\"700\" \/>\n\t<meta property=\"og:image:type\" content=\"image\/jpeg\" \/>\n<meta name=\"twitter:card\" content=\"summary_large_image\" \/>\n<meta name=\"twitter:label1\" content=\"Estimeret l\u00e6setid\" \/>\n\t<meta name=\"twitter:data1\" content=\"1 minut\" \/>\n<script type=\"application\/ld+json\" class=\"yoast-schema-graph\">{\"@context\":\"https:\\\/\\\/schema.org\",\"@graph\":[{\"@type\":\"WebPage\",\"@id\":\"https:\\\/\\\/www.ekholmnordic.se\\\/produkt\\\/prob-paket-olja-schampo-hast-deo-dunkar-3-x-25-liter\\\/\",\"url\":\"https:\\\/\\\/www.ekholmnordic.se\\\/produkt\\\/prob-paket-olja-schampo-hast-deo-dunkar-3-x-25-liter\\\/\",\"name\":\"PROB PAKET (DEO, TJ\u00c6RESHAMPOO, OLIE ) 2,5 L - Ekholm Vision - PROB SERIEN\",\"isPartOf\":{\"@id\":\"https:\\\/\\\/www.ekholmnordic.se\\\/#website\"},\"primaryImageOfPage\":{\"@id\":\"https:\\\/\\\/www.ekholmnordic.se\\\/produkt\\\/prob-paket-olja-schampo-hast-deo-dunkar-3-x-25-liter\\\/#primaryimage\"},\"image\":{\"@id\":\"https:\\\/\\\/www.ekholmnordic.se\\\/produkt\\\/prob-paket-olja-schampo-hast-deo-dunkar-3-x-25-liter\\\/#primaryimage\"},\"thumbnailUrl\":\"https:\\\/\\\/www.ekholmnordic.se\\\/wp-content\\\/uploads\\\/2016\\\/04\\\/PROB-PRODUKTER-paket-dunk.jpg\",\"datePublished\":\"2016-04-08T06:26:58+00:00\",\"dateModified\":\"2018-09-09T20:04:33+00:00\",\"breadcrumb\":{\"@id\":\"https:\\\/\\\/www.ekholmnordic.se\\\/produkt\\\/prob-paket-olja-schampo-hast-deo-dunkar-3-x-25-liter\\\/#breadcrumb\"},\"inLanguage\":\"da-DK\",\"potentialAction\":[{\"@type\":\"ReadAction\",\"target\":[\"https:\\\/\\\/www.ekholmnordic.se\\\/produkt\\\/prob-paket-olja-schampo-hast-deo-dunkar-3-x-25-liter\\\/\"]}]},{\"@type\":\"ImageObject\",\"inLanguage\":\"da-DK\",\"@id\":\"https:\\\/\\\/www.ekholmnordic.se\\\/produkt\\\/prob-paket-olja-schampo-hast-deo-dunkar-3-x-25-liter\\\/#primaryimage\",\"url\":\"https:\\\/\\\/www.ekholmnordic.se\\\/wp-content\\\/uploads\\\/2016\\\/04\\\/PROB-PRODUKTER-paket-dunk.jpg\",\"contentUrl\":\"https:\\\/\\\/www.ekholmnordic.se\\\/wp-content\\\/uploads\\\/2016\\\/04\\\/PROB-PRODUKTER-paket-dunk.jpg\",\"width\":700,\"height\":700},{\"@type\":\"BreadcrumbList\",\"@id\":\"https:\\\/\\\/www.ekholmnordic.se\\\/produkt\\\/prob-paket-olja-schampo-hast-deo-dunkar-3-x-25-liter\\\/#breadcrumb\",\"itemListElement\":[{\"@type\":\"ListItem\",\"position\":1,\"name\":\"Hem\",\"item\":\"https:\\\/\\\/www.ekholmnordic.se\\\/da\\\/\"},{\"@type\":\"ListItem\",\"position\":2,\"name\":\"WEBSHOP\",\"item\":\"https:\\\/\\\/www.ekholmnordic.se\\\/da\\\/webshop\\\/\"},{\"@type\":\"ListItem\",\"position\":3,\"name\":\"PROB PAKET (DEO, TJ\u00c6RESHAMPOO, OLIE ) 2,5 L\"}]},{\"@type\":\"WebSite\",\"@id\":\"https:\\\/\\\/www.ekholmnordic.se\\\/#website\",\"url\":\"https:\\\/\\\/www.ekholmnordic.se\\\/\",\"name\":\"Ekholm Vision - PROB SERIEN\",\"description\":\"F\u00d6R EN OPTIMAL HUD OCH P\u00c4LSV\u00c5RD\",\"potentialAction\":[{\"@type\":\"SearchAction\",\"target\":{\"@type\":\"EntryPoint\",\"urlTemplate\":\"https:\\\/\\\/www.ekholmnordic.se\\\/?s={search_term_string}\"},\"query-input\":{\"@type\":\"PropertyValueSpecification\",\"valueRequired\":true,\"valueName\":\"search_term_string\"}}],\"inLanguage\":\"da-DK\"}]}<\/script>\n<!-- \/ Yoast SEO plugin. -->","yoast_head_json":{"title":"PROB PAKET (DEO, TJ\u00c6RESHAMPOO, OLIE ) 2,5 L - Ekholm Vision - PROB SERIEN","robots":{"index":"index","follow":"follow","max-snippet":"max-snippet:-1","max-image-preview":"max-image-preview:large","max-video-preview":"max-video-preview:-1"},"canonical":"https:\/\/www.ekholmnordic.se\/produkt\/prob-paket-olja-schampo-hast-deo-dunkar-3-x-25-liter\/","og_locale":"da_DK","og_type":"article","og_title":"PROB PAKET (DEO, TJ\u00c6RESHAMPOO, OLIE ) 2,5 L - Ekholm Vision - PROB SERIEN","og_description":"EN EFFEKTIV PAKKE FOR ATT OPRETHOLDE HESTENS HUD I GOD STAND. GOD MOD KL\u00d8E FOR\u00c5RSAGET AF INSEKTER OG SOL. 1 ST\u00a0TJ\u00c6RESHAMPOO 2,5 L 1 ST PROB OLIE 2,5 L 1 ST PROB DEO (KONCENTRAT) 2,5 L KUN TIL FORBRUGERE","og_url":"https:\/\/www.ekholmnordic.se\/produkt\/prob-paket-olja-schampo-hast-deo-dunkar-3-x-25-liter\/","og_site_name":"Ekholm Vision - PROB SERIEN","article_modified_time":"2018-09-09T20:04:33+00:00","og_image":[{"width":700,"height":700,"url":"https:\/\/www.ekholmnordic.se\/wp-content\/uploads\/2016\/04\/PROB-PRODUKTER-paket-dunk.jpg","type":"image\/jpeg"}],"twitter_card":"summary_large_image","twitter_misc":{"Estimeret l\u00e6setid":"1 minut"},"schema":{"@context":"https:\/\/schema.org","@graph":[{"@type":"WebPage","@id":"https:\/\/www.ekholmnordic.se\/produkt\/prob-paket-olja-schampo-hast-deo-dunkar-3-x-25-liter\/","url":"https:\/\/www.ekholmnordic.se\/produkt\/prob-paket-olja-schampo-hast-deo-dunkar-3-x-25-liter\/","name":"PROB PAKET (DEO, TJ\u00c6RESHAMPOO, OLIE ) 2,5 L - Ekholm Vision - PROB SERIEN","isPartOf":{"@id":"https:\/\/www.ekholmnordic.se\/#website"},"primaryImageOfPage":{"@id":"https:\/\/www.ekholmnordic.se\/produkt\/prob-paket-olja-schampo-hast-deo-dunkar-3-x-25-liter\/#primaryimage"},"image":{"@id":"https:\/\/www.ekholmnordic.se\/produkt\/prob-paket-olja-schampo-hast-deo-dunkar-3-x-25-liter\/#primaryimage"},"thumbnailUrl":"https:\/\/www.ekholmnordic.se\/wp-content\/uploads\/2016\/04\/PROB-PRODUKTER-paket-dunk.jpg","datePublished":"2016-04-08T06:26:58+00:00","dateModified":"2018-09-09T20:04:33+00:00","breadcrumb":{"@id":"https:\/\/www.ekholmnordic.se\/produkt\/prob-paket-olja-schampo-hast-deo-dunkar-3-x-25-liter\/#breadcrumb"},"inLanguage":"da-DK","potentialAction":[{"@type":"ReadAction","target":["https:\/\/www.ekholmnordic.se\/produkt\/prob-paket-olja-schampo-hast-deo-dunkar-3-x-25-liter\/"]}]},{"@type":"ImageObject","inLanguage":"da-DK","@id":"https:\/\/www.ekholmnordic.se\/produkt\/prob-paket-olja-schampo-hast-deo-dunkar-3-x-25-liter\/#primaryimage","url":"https:\/\/www.ekholmnordic.se\/wp-content\/uploads\/2016\/04\/PROB-PRODUKTER-paket-dunk.jpg","contentUrl":"https:\/\/www.ekholmnordic.se\/wp-content\/uploads\/2016\/04\/PROB-PRODUKTER-paket-dunk.jpg","width":700,"height":700},{"@type":"BreadcrumbList","@id":"https:\/\/www.ekholmnordic.se\/produkt\/prob-paket-olja-schampo-hast-deo-dunkar-3-x-25-liter\/#breadcrumb","itemListElement":[{"@type":"ListItem","position":1,"name":"Hem","item":"https:\/\/www.ekholmnordic.se\/da\/"},{"@type":"ListItem","position":2,"name":"WEBSHOP","item":"https:\/\/www.ekholmnordic.se\/da\/webshop\/"},{"@type":"ListItem","position":3,"name":"PROB PAKET (DEO, TJ\u00c6RESHAMPOO, OLIE ) 2,5 L"}]},{"@type":"WebSite","@id":"https:\/\/www.ekholmnordic.se\/#website","url":"https:\/\/www.ekholmnordic.se\/","name":"Ekholm Vision - PROB SERIEN","description":"F\u00d6R EN OPTIMAL HUD OCH P\u00c4LSV\u00c5RD","potentialAction":[{"@type":"SearchAction","target":{"@type":"EntryPoint","urlTemplate":"https:\/\/www.ekholmnordic.se\/?s={search_term_string}"},"query-input":{"@type":"PropertyValueSpecification","valueRequired":true,"valueName":"search_term_string"}}],"inLanguage":"da-DK"}]}},"_links":{"self":[{"href":"https:\/\/www.ekholmnordic.se\/da\/wp-json\/wp\/v2\/product\/6527","targetHints":{"allow":["GET"]}}],"collection":[{"href":"https:\/\/www.ekholmnordic.se\/da\/wp-json\/wp\/v2\/product"}],"about":[{"href":"https:\/\/www.ekholmnordic.se\/da\/wp-json\/wp\/v2\/types\/product"}],"replies":[{"embeddable":true,"href":"https:\/\/www.ekholmnordic.se\/da\/wp-json\/wp\/v2\/comments?post=6527"}],"wp:featuredmedia":[{"embeddable":true,"href":"https:\/\/www.ekholmnordic.se\/da\/wp-json\/wp\/v2\/media\/22888"}],"wp:attachment":[{"href":"https:\/\/www.ekholmnordic.se\/da\/wp-json\/wp\/v2\/media?parent=6527"}],"wp:term":[{"taxonomy":"product_brand","embeddable":true,"href":"https:\/\/www.ekholmnordic.se\/da\/wp-json\/wp\/v2\/product_brand?post=6527"},{"taxonomy":"product_cat","embeddable":true,"href":"https:\/\/www.ekholmnordic.se\/da\/wp-json\/wp\/v2\/product_cat?post=6527"},{"taxonomy":"product_tag","embeddable":true,"href":"https:\/\/www.ekholmnordic.se\/da\/wp-json\/wp\/v2\/product_tag?post=6527"}],"curies":[{"name":"wp","href":"https:\/\/api.w.org\/{rel}","templated":true}]}}