{"id":6524,"date":"2016-04-19T12:57:57","date_gmt":"2016-04-19T10:57:57","guid":{"rendered":"https:\/\/www.ekholmnordic.se\/produkt\/prob-olie-500-ml\/"},"modified":"2023-11-09T19:45:01","modified_gmt":"2023-11-09T18:45:01","slug":"prob-olja","status":"publish","type":"product","link":"https:\/\/www.ekholmnordic.se\/da\/produkt\/prob-olja\/","title":{"rendered":"PROB OLIE 500 ML"},"content":{"rendered":"<h2 id=\"articleText\"><strong><span style=\"color: #333333\">PROB OLJA\u00a0<\/span><\/strong><\/h2>\n<p>PROB Oljan \u00e4r en \u00e5terfettande alkohol och tj\u00e4rbaserad olja till torr och irriterad\u00a0 hud.<br \/>\nOljan har en god effekt mot kl\u00e5da som orsakats av insektsstick och sol. Tex kan kl\u00e5dan sitta i mankammen och svansroten.<\/p>\n<p>L\u00e4tt att applicera genom t\u00e4ta p\u00e4lsar, mankam och svansrot med sin spetskapsyl.<br \/>\nOljan \u00e4r dryg och absorberar fort in i huden, inget kladdig i p\u00e4ls, man, svans och ingen risk f\u00f6r br\u00e4nnskador i starkt solljus.<\/p>\n<p>Vi rekommenderar att pr\u00f6va produkten p\u00e5 mindre omr\u00e5de (mynttest) f\u00f6rsta g\u00e5ngen man anv\u00e4nder oljan f\u00f6r att se s\u00e5 h\u00e4sten inte reagerar negativt p\u00e5 den. Den inneh\u00e5ller alkohol och kan upplevas skarp av vissa h\u00e4star. Vid eventuell irritation, tv\u00e4tta med tv\u00e5l och vatten och avbryt behandling.<br \/>\n<span style=\"color: #333333\">Undvik \u00f6gon och andningsv\u00e4gar.<\/span><\/p>\n<p><strong>Bruksanvisning:<\/strong><br \/>\nApplicera droppvis p\u00e5 huden med ca 5\u00a0 centimeters mellanrum.\u00a0 Oljan \u00e4r mycket flytande och sprids l\u00e4tt ut p\u00e5 st\u00f6rre omr\u00e5de med l\u00e4tt massage p\u00e5 taglet n\u00e5gra sekunder efter applicering.<br \/>\n<span style=\"color: #333333\">Applicera f\u00f6rst var tredje dag, s\u00e5 l\u00e4nge behovet kvarst\u00e5r, d\u00e4refter vid behov. F\u00f6rs\u00f6k hitta den intervall som passar just din h\u00e4st. Det kan r\u00e4cka med n\u00e5gra ggr i vecka, en g\u00e5ng i veckan, medans andra anv\u00e4nder var dag. <\/span><\/p>\n<p><span style=\"color: #333333\">Med flaskans spetskork \u00e4r det l\u00e4tt att applicera in i manen och svansen.\u00a0<\/span><\/p>\n<p><strong>Ingen karens<\/strong><\/p>\n<p>&nbsp;<\/p>\n<p><span style=\"color: #333333\">HUNDAR<\/span><br \/>\n<span style=\"color: #333333\">Om hunden har problem med sina tassar, \u00e4r det vanligt att de b\u00f6rjar intensivt slicka, nagga och bita sina tassar.<\/span><br \/>\n<span style=\"color: #333333\">Bryter oftast effektivt beteendet.\u00a0<\/span><br \/>\n<span style=\"color: #333333\">Varva helst med <a style=\"color: #333333\" href=\"http:\/\/www.ekholmnordic.se\/produkt\/prob-superkram\/\">PROB SUPER CREAM <\/a>och <a style=\"color: #333333\" href=\"http:\/\/www.ekholmnordic.se\/produkt\/prob-olja\/\">PROB OLJAN<\/a> \u00a0inomhus.<\/span><br \/>\n<span style=\"color: #333333\">I kyla och vinterbruk anv\u00e4nd <a href=\"http:\/\/www.ekholmnordic.se\/produkt\/prob-tassalva-140-ml\/\">PROB TASSALVA<\/a>.<\/span><br \/>\n<span style=\"color: #333333\">Om du underh\u00e5ller tassarna regelbundet slipper du on\u00f6diga tassproblem.<\/span><\/p>\n<p><span style=\"color: #333333\">PROB Oljan har en skarp tj\u00e4rdoft som relativt snabbt d\u00e4mpas ner.<\/span><\/p>\n<p><span style=\"color: #333333\">Kombinera g\u00e4rna med <a style=\"color: #333333\" href=\"http:\/\/www.ekholmnordic.se\/produkt-kategori\/prob-tjar-schampo\/\">TJ\u00c4RSCHAMPO<\/a>.\u00a0\u00a0<\/span><br \/>\n<span style=\"color: #333333\">Kan med f\u00f6rdel anv\u00e4ndas \u00e4ven till valpar och dr\u00e4ktiga djur.\u00a0<\/span><\/p>\n<h6><\/h6>\n<div id=\"articleText\">\n<h6>F\u00d6R UPPM\u00c4RKSAMHET<br \/>\nPga av att djurv\u00e5rdsprodukter \u00e4r en kemisk produkt ska den ocks\u00e5 m\u00e4rkas som en kemisk produkt enligt kemikalieinspektionens regler.<\/h6>\n<\/div>\n<h6>D\u00e4rf\u00f6r har flera av v\u00e5ra produkter varningsm\u00e4rken och varningstext.<br \/>\nInneh\u00e5ller produkten <strong>mer \u00e4n 3 %<\/strong> av en eller flera r\u00e5varor som har m\u00e4rkningar i sin koncentrerade form m\u00e5ste det \u00e4ven finnas exakt samma varningsm\u00e4rken och text p\u00e5 tillverkade produkter med annan % halt. D\u00e4rav m\u00e4rkningar! I detta fall f\u00f6r att Oljan inneh\u00e5ller alkohol mer \u00e4n 3 %.<\/h6>\n<p>&nbsp;<\/p>\n<p>&nbsp;<\/p>\n<p><span style=\"color: #333333\"><strong>INCI-namn: <\/strong>Etanol, Isopropylalcohol, Water,\u00a0 Olea Europea, Glycerin, Pinus, Calendula, Urtica dioica<\/span><\/p>\n<p><span style=\"color: #333333\">Finns i 200, 500 ml samt 2,5 liter.<\/span><\/p>\n<div class=\"buyinfo\"><\/div>\n<p>24 st flaskor \u00e4r full kartong och ger 5 % vid best\u00e4llning av hel kartong<\/p>\n<p>&nbsp;<\/p>\n<div class=\"articleInfo\">\n<p>Faroangivelser<br \/>\nMycket brandfarlig v\u00e4tska och \u00e5nga<br \/>\nOrsakar allvarlig \u00f6gonirritation<br \/>\nSkyddsangivelser<br \/>\nHa f\u00f6rpackningen eller etiketten till hands om du m\u00e5ste s\u00f6ka l\u00e4karv\u00e5rd<br \/>\nF\u00f6rvaras o\u00e5tkomligt f\u00f6r barn<br \/>\nF\u00e5r inte uts\u00e4ttas f\u00f6r v\u00e4rme, heta ytor, gnistor, \u00f6ppna l\u00e5gor och andra ant\u00e4ndningsk\u00e4llor. R\u00f6kning<br \/>\nf\u00f6rbjuden<br \/>\nAnv\u00e4nd \u00f6gonskydd\/ansiktsskydd<br \/>\nVid best\u00e5ende \u00f6gonirritation: S\u00f6k l\u00e4karhj\u00e4lp<br \/>\nF\u00f6rvaras p\u00e5 v\u00e4l ventilerad plats. F\u00f6rvaras svalt<br \/>\nInneh\u00e5llet och beh\u00e5llaren l\u00e4mnas till auktoriserad avfallshanteringsanl\u00e4ggning<\/p>\n<p>&nbsp;<\/p>\n<p><img loading=\"lazy\" decoding=\"async\" class=\"alignleft size-full wp-image-18426\" src=\"http:\/\/www.ekholmnordic.se\/wp-content\/uploads\/2020\/03\/brandfarliogt.gif\" alt=\"\" width=\"77\" height=\"77\" \/><img loading=\"lazy\" decoding=\"async\" class=\"alignleft size-full wp-image-18407\" src=\"http:\/\/www.ekholmnordic.se\/wp-content\/uploads\/2020\/03\/skadligt.gif\" alt=\"\" width=\"77\" height=\"77\" \/><\/p>\n<\/div>\n<p>&nbsp;<\/p>\n","protected":false},"excerpt":{"rendered":"<h6><strong>Anv\u00e4nd oljan till torr och irriterad hud.<br \/>\n<\/strong>\u00c4r starkt alkoholbaserad.<br \/>\nHar en god effekt mot kl\u00e5da orsakat av insekter och sol.<\/h6>\n","protected":false},"featured_media":4569,"comment_status":"closed","ping_status":"closed","template":"","meta":{"_monsterinsights_skip_tracking":false,"_monsterinsights_sitenote_active":false,"_monsterinsights_sitenote_note":"","_monsterinsights_sitenote_category":0},"product_brand":[],"product_cat":[104,106,108],"product_tag":[],"class_list":{"0":"post-6524","1":"product","2":"type-product","3":"status-publish","4":"has-post-thumbnail","6":"product_cat-alle-prob-produkter","7":"product_cat-hovpleje","8":"product_cat-prob-o","11":"first","12":"instock","13":"taxable","14":"shipping-taxable","15":"purchasable","16":"product-type-simple"},"yoast_head":"<!-- This site is optimized with the Yoast SEO plugin v27.5 - https:\/\/yoast.com\/product\/yoast-seo-wordpress\/ -->\n<title>PROB OLIE 500 ML - Ekholm Vision - PROB SERIEN<\/title>\n<meta name=\"robots\" content=\"index, follow, max-snippet:-1, max-image-preview:large, max-video-preview:-1\" \/>\n<link rel=\"canonical\" href=\"https:\/\/www.ekholmnordic.se\/produkt\/prob-olja-alkohol-och-tjarbaserad-olja-for-hast-och-hund-3\/\" \/>\n<meta property=\"og:locale\" content=\"da_DK\" \/>\n<meta property=\"og:type\" content=\"article\" \/>\n<meta property=\"og:title\" content=\"PROB OLIE 500 ML - Ekholm Vision - PROB SERIEN\" \/>\n<meta property=\"og:description\" content=\"Anv\u00e4nd oljan till torr och irriterad hud. \u00c4r starkt alkoholbaserad. Har en god effekt mot kl\u00e5da orsakat av insekter och sol.\" \/>\n<meta property=\"og:url\" content=\"https:\/\/www.ekholmnordic.se\/produkt\/prob-olja-alkohol-och-tjarbaserad-olja-for-hast-och-hund-3\/\" \/>\n<meta property=\"og:site_name\" content=\"Ekholm Vision - PROB SERIEN\" \/>\n<meta property=\"article:modified_time\" content=\"2023-11-09T18:45:01+00:00\" \/>\n<meta property=\"og:image\" content=\"http:\/\/www.ekholmnordic.se\/wp-content\/uploads\/2016\/06\/Prob-Oil-500.-ml.-683x1024.jpg\" \/>\n\t<meta property=\"og:image:width\" content=\"683\" \/>\n\t<meta property=\"og:image:height\" content=\"1024\" \/>\n\t<meta property=\"og:image:type\" content=\"image\/jpeg\" \/>\n<meta name=\"twitter:card\" content=\"summary_large_image\" \/>\n<meta name=\"twitter:label1\" content=\"Estimeret l\u00e6setid\" \/>\n\t<meta name=\"twitter:data1\" content=\"3 minutter\" \/>\n<script type=\"application\/ld+json\" class=\"yoast-schema-graph\">{\"@context\":\"https:\\\/\\\/schema.org\",\"@graph\":[{\"@type\":\"WebPage\",\"@id\":\"https:\\\/\\\/www.ekholmnordic.se\\\/produkt\\\/prob-olja-alkohol-och-tjarbaserad-olja-for-hast-och-hund-3\\\/\",\"url\":\"https:\\\/\\\/www.ekholmnordic.se\\\/produkt\\\/prob-olja-alkohol-och-tjarbaserad-olja-for-hast-och-hund-3\\\/\",\"name\":\"PROB OLIE 500 ML - Ekholm Vision - PROB SERIEN\",\"isPartOf\":{\"@id\":\"https:\\\/\\\/www.ekholmnordic.se\\\/#website\"},\"primaryImageOfPage\":{\"@id\":\"https:\\\/\\\/www.ekholmnordic.se\\\/produkt\\\/prob-olja-alkohol-och-tjarbaserad-olja-for-hast-och-hund-3\\\/#primaryimage\"},\"image\":{\"@id\":\"https:\\\/\\\/www.ekholmnordic.se\\\/produkt\\\/prob-olja-alkohol-och-tjarbaserad-olja-for-hast-och-hund-3\\\/#primaryimage\"},\"thumbnailUrl\":\"https:\\\/\\\/www.ekholmnordic.se\\\/wp-content\\\/uploads\\\/2016\\\/06\\\/Prob-Oil-500.-ml..jpg\",\"datePublished\":\"2016-04-19T10:57:57+00:00\",\"dateModified\":\"2023-11-09T18:45:01+00:00\",\"breadcrumb\":{\"@id\":\"https:\\\/\\\/www.ekholmnordic.se\\\/produkt\\\/prob-olja-alkohol-och-tjarbaserad-olja-for-hast-och-hund-3\\\/#breadcrumb\"},\"inLanguage\":\"da-DK\",\"potentialAction\":[{\"@type\":\"ReadAction\",\"target\":[\"https:\\\/\\\/www.ekholmnordic.se\\\/produkt\\\/prob-olja-alkohol-och-tjarbaserad-olja-for-hast-och-hund-3\\\/\"]}]},{\"@type\":\"ImageObject\",\"inLanguage\":\"da-DK\",\"@id\":\"https:\\\/\\\/www.ekholmnordic.se\\\/produkt\\\/prob-olja-alkohol-och-tjarbaserad-olja-for-hast-och-hund-3\\\/#primaryimage\",\"url\":\"https:\\\/\\\/www.ekholmnordic.se\\\/wp-content\\\/uploads\\\/2016\\\/06\\\/Prob-Oil-500.-ml..jpg\",\"contentUrl\":\"https:\\\/\\\/www.ekholmnordic.se\\\/wp-content\\\/uploads\\\/2016\\\/06\\\/Prob-Oil-500.-ml..jpg\",\"width\":6605,\"height\":9907,\"caption\":\"prob olja\"},{\"@type\":\"BreadcrumbList\",\"@id\":\"https:\\\/\\\/www.ekholmnordic.se\\\/produkt\\\/prob-olja-alkohol-och-tjarbaserad-olja-for-hast-och-hund-3\\\/#breadcrumb\",\"itemListElement\":[{\"@type\":\"ListItem\",\"position\":1,\"name\":\"Hem\",\"item\":\"https:\\\/\\\/www.ekholmnordic.se\\\/da\\\/\"},{\"@type\":\"ListItem\",\"position\":2,\"name\":\"WEBSHOP\",\"item\":\"https:\\\/\\\/www.ekholmnordic.se\\\/da\\\/webshop\\\/\"},{\"@type\":\"ListItem\",\"position\":3,\"name\":\"PROB OLIE 500 ML\"}]},{\"@type\":\"WebSite\",\"@id\":\"https:\\\/\\\/www.ekholmnordic.se\\\/#website\",\"url\":\"https:\\\/\\\/www.ekholmnordic.se\\\/\",\"name\":\"Ekholm Vision - PROB SERIEN\",\"description\":\"F\u00d6R EN OPTIMAL HUD OCH P\u00c4LSV\u00c5RD\",\"potentialAction\":[{\"@type\":\"SearchAction\",\"target\":{\"@type\":\"EntryPoint\",\"urlTemplate\":\"https:\\\/\\\/www.ekholmnordic.se\\\/?s={search_term_string}\"},\"query-input\":{\"@type\":\"PropertyValueSpecification\",\"valueRequired\":true,\"valueName\":\"search_term_string\"}}],\"inLanguage\":\"da-DK\"}]}<\/script>\n<!-- \/ Yoast SEO plugin. -->","yoast_head_json":{"title":"PROB OLIE 500 ML - Ekholm Vision - PROB SERIEN","robots":{"index":"index","follow":"follow","max-snippet":"max-snippet:-1","max-image-preview":"max-image-preview:large","max-video-preview":"max-video-preview:-1"},"canonical":"https:\/\/www.ekholmnordic.se\/produkt\/prob-olja-alkohol-och-tjarbaserad-olja-for-hast-och-hund-3\/","og_locale":"da_DK","og_type":"article","og_title":"PROB OLIE 500 ML - Ekholm Vision - PROB SERIEN","og_description":"Anv\u00e4nd oljan till torr och irriterad hud. \u00c4r starkt alkoholbaserad. Har en god effekt mot kl\u00e5da orsakat av insekter och sol.","og_url":"https:\/\/www.ekholmnordic.se\/produkt\/prob-olja-alkohol-och-tjarbaserad-olja-for-hast-och-hund-3\/","og_site_name":"Ekholm Vision - PROB SERIEN","article_modified_time":"2023-11-09T18:45:01+00:00","og_image":[{"width":683,"height":1024,"url":"http:\/\/www.ekholmnordic.se\/wp-content\/uploads\/2016\/06\/Prob-Oil-500.-ml.-683x1024.jpg","type":"image\/jpeg"}],"twitter_card":"summary_large_image","twitter_misc":{"Estimeret l\u00e6setid":"3 minutter"},"schema":{"@context":"https:\/\/schema.org","@graph":[{"@type":"WebPage","@id":"https:\/\/www.ekholmnordic.se\/produkt\/prob-olja-alkohol-och-tjarbaserad-olja-for-hast-och-hund-3\/","url":"https:\/\/www.ekholmnordic.se\/produkt\/prob-olja-alkohol-och-tjarbaserad-olja-for-hast-och-hund-3\/","name":"PROB OLIE 500 ML - Ekholm Vision - PROB SERIEN","isPartOf":{"@id":"https:\/\/www.ekholmnordic.se\/#website"},"primaryImageOfPage":{"@id":"https:\/\/www.ekholmnordic.se\/produkt\/prob-olja-alkohol-och-tjarbaserad-olja-for-hast-och-hund-3\/#primaryimage"},"image":{"@id":"https:\/\/www.ekholmnordic.se\/produkt\/prob-olja-alkohol-och-tjarbaserad-olja-for-hast-och-hund-3\/#primaryimage"},"thumbnailUrl":"https:\/\/www.ekholmnordic.se\/wp-content\/uploads\/2016\/06\/Prob-Oil-500.-ml..jpg","datePublished":"2016-04-19T10:57:57+00:00","dateModified":"2023-11-09T18:45:01+00:00","breadcrumb":{"@id":"https:\/\/www.ekholmnordic.se\/produkt\/prob-olja-alkohol-och-tjarbaserad-olja-for-hast-och-hund-3\/#breadcrumb"},"inLanguage":"da-DK","potentialAction":[{"@type":"ReadAction","target":["https:\/\/www.ekholmnordic.se\/produkt\/prob-olja-alkohol-och-tjarbaserad-olja-for-hast-och-hund-3\/"]}]},{"@type":"ImageObject","inLanguage":"da-DK","@id":"https:\/\/www.ekholmnordic.se\/produkt\/prob-olja-alkohol-och-tjarbaserad-olja-for-hast-och-hund-3\/#primaryimage","url":"https:\/\/www.ekholmnordic.se\/wp-content\/uploads\/2016\/06\/Prob-Oil-500.-ml..jpg","contentUrl":"https:\/\/www.ekholmnordic.se\/wp-content\/uploads\/2016\/06\/Prob-Oil-500.-ml..jpg","width":6605,"height":9907,"caption":"prob olja"},{"@type":"BreadcrumbList","@id":"https:\/\/www.ekholmnordic.se\/produkt\/prob-olja-alkohol-och-tjarbaserad-olja-for-hast-och-hund-3\/#breadcrumb","itemListElement":[{"@type":"ListItem","position":1,"name":"Hem","item":"https:\/\/www.ekholmnordic.se\/da\/"},{"@type":"ListItem","position":2,"name":"WEBSHOP","item":"https:\/\/www.ekholmnordic.se\/da\/webshop\/"},{"@type":"ListItem","position":3,"name":"PROB OLIE 500 ML"}]},{"@type":"WebSite","@id":"https:\/\/www.ekholmnordic.se\/#website","url":"https:\/\/www.ekholmnordic.se\/","name":"Ekholm Vision - PROB SERIEN","description":"F\u00d6R EN OPTIMAL HUD OCH P\u00c4LSV\u00c5RD","potentialAction":[{"@type":"SearchAction","target":{"@type":"EntryPoint","urlTemplate":"https:\/\/www.ekholmnordic.se\/?s={search_term_string}"},"query-input":{"@type":"PropertyValueSpecification","valueRequired":true,"valueName":"search_term_string"}}],"inLanguage":"da-DK"}]}},"_links":{"self":[{"href":"https:\/\/www.ekholmnordic.se\/da\/wp-json\/wp\/v2\/product\/6524","targetHints":{"allow":["GET"]}}],"collection":[{"href":"https:\/\/www.ekholmnordic.se\/da\/wp-json\/wp\/v2\/product"}],"about":[{"href":"https:\/\/www.ekholmnordic.se\/da\/wp-json\/wp\/v2\/types\/product"}],"replies":[{"embeddable":true,"href":"https:\/\/www.ekholmnordic.se\/da\/wp-json\/wp\/v2\/comments?post=6524"}],"wp:featuredmedia":[{"embeddable":true,"href":"https:\/\/www.ekholmnordic.se\/da\/wp-json\/wp\/v2\/media\/4569"}],"wp:attachment":[{"href":"https:\/\/www.ekholmnordic.se\/da\/wp-json\/wp\/v2\/media?parent=6524"}],"wp:term":[{"taxonomy":"product_brand","embeddable":true,"href":"https:\/\/www.ekholmnordic.se\/da\/wp-json\/wp\/v2\/product_brand?post=6524"},{"taxonomy":"product_cat","embeddable":true,"href":"https:\/\/www.ekholmnordic.se\/da\/wp-json\/wp\/v2\/product_cat?post=6524"},{"taxonomy":"product_tag","embeddable":true,"href":"https:\/\/www.ekholmnordic.se\/da\/wp-json\/wp\/v2\/product_tag?post=6524"}],"curies":[{"name":"wp","href":"https:\/\/api.w.org\/{rel}","templated":true}]}}