{"id":6522,"date":"2016-04-19T13:14:09","date_gmt":"2016-04-19T11:14:09","guid":{"rendered":"https:\/\/www.ekholmnordic.se\/produkt\/prob-olie-2-5-l\/"},"modified":"2019-08-12T10:26:32","modified_gmt":"2019-08-12T08:26:32","slug":"prob-olie-2-5-l","status":"publish","type":"product","link":"https:\/\/www.ekholmnordic.se\/da\/produkt\/prob-olie-2-5-l\/","title":{"rendered":"PROB OLIE 2.5 L"},"content":{"rendered":"<p><strong>PROB OLIE<\/strong><\/p>\n<p><strong>PROB Olien er en fugtgivende alkohol og tj\u00e6rebaseret olie til t\u00f8r og irriteret hud. <\/strong><br \/>\n<strong>Olien har en god effekt mod kl\u00f8e for\u00e5rsaget af insekter og sol. Eks. kan kl\u00f8en v\u00e6re i man eller halerod.<\/strong><\/p>\n<p><strong>Let at p\u00e5f\u00f8re gennem t\u00e6t pels, man og halerod med sin tube. <\/strong><br \/>\n<strong>Olien er dr\u00f8j og absorberer hurtigt ind i huden, ingen kl\u00e6brig pels, man eller hale og ikke nogen risiko for forbr\u00e6ndinger i st\u00e6rkt sollys.<\/strong><\/p>\n<p><strong>Vi anbefaler at teste produktet p\u00e5 et mindre omr\u00e5de (m\u00f8nt test) f\u00f8rste gang man skal bruge olien for at se om hesten reagerer negativt p\u00e5 den. Den indeholder alkohol oh kan opleves irriterende for nogle heste. I tilf\u00e6lde af irritation, vask med s\u00e6be og vand og afbryd behandlingen. <\/strong><br \/>\n<strong>Undg\u00e5 \u00f8jne og luftveje.<\/strong><\/p>\n<p><strong>Brugsanvisning:<\/strong><\/p>\n<p><strong>P\u00e5f\u00f8r dr\u00e5bevis p\u00e5 huden med intervaller p\u00e5 ca. 5 cm mellemrum. Olien er meget flydende og kan let spredes i et st\u00f8rre omr\u00e5de med let massage p\u00e5 pelsen nogle sekunder efter p\u00e5f\u00f8ring. <\/strong><br \/>\n<strong>P\u00e5f\u00f8r f\u00f8rst hver tredje dag s\u00e5 l\u00e6nge behovet er tilstede, derefter ved behov. Pr\u00f8v at finde den interval som passer til din hest. Det kan v\u00e6re nok med f\u00e5 gange om ugen, mens andre bruger den hver dag.\u00a0<\/strong><\/p>\n<p><strong>Ingen karens.<\/strong><\/p>\n<p>&nbsp;<\/p>\n<p>&nbsp;<\/p>\n<p><strong>HUNDE<\/strong><\/p>\n<p><strong>Hvis hunden har problemer med sine poter, er det almindeligt at de begynder at slikke dem intensivt, gnave og bide i deres poter. <\/strong><br \/>\n<strong>Bryder ofte effektivt problemet. <\/strong><br \/>\n<strong>Bruges gerne med PROB SUPER CREAM og PROB OLIE indend\u00f8rs. <\/strong><br \/>\n<strong>Ved kolde og vinter, brug PROB POTESALVE. <\/strong><br \/>\n<strong>Hvis du regelm\u00e6ssigt vedligeholder poterne undg\u00e5r du un\u00f8dvendige poteproblem.<\/strong><\/p>\n<p><strong>PROB Olien har en skarp tj\u00e6reduft, der relativt hurtigt d\u00e6mpes.<\/strong><\/p>\n<p><strong>Kombinere gerne med TJ\u00c6RESHAMPOO.<\/strong><\/p>\n<p><strong>Kan med fordel ogs\u00e5 bruges til hvalpe og dr\u00e6gtige dyr.<\/strong><\/p>\n<p><strong>Inneh\u00e5ller:\u00a0<\/strong>Alkohol,\u00a0 Olja, Glycerin,\u00a0<span lang=\"da\">urter<\/span><\/p>\n<p>Ved bestilling af hele kartoner, 5 x 2,5 liter pr. karton fratr\u00e6kkes automatisk rabat -5%.<\/p>\n<p><strong>Pakning:<\/strong><br \/>\n200 ml<br \/>\n500 ml<br \/>\n2,5 L<\/p>\n","protected":false},"excerpt":{"rendered":"<h6><strong style=\"font-size: 16px\">PROB Olie til t\u00f8r og irriteret hud.\u00a0<\/strong><span style=\"font-size: 16px\">Er st\u00e6rkt alkoholbaseret. Har en god effekt mod kl\u00f8e for\u00e5rsaget af insekter og sol.<\/span><\/h6>\n<p>&nbsp;<\/p>\n","protected":false},"featured_media":19670,"comment_status":"closed","ping_status":"closed","template":"","meta":{"_monsterinsights_skip_tracking":false,"_monsterinsights_sitenote_active":false,"_monsterinsights_sitenote_note":"","_monsterinsights_sitenote_category":0},"product_brand":[],"product_cat":[104,108],"product_tag":[],"class_list":{"0":"post-6522","1":"product","2":"type-product","3":"status-publish","4":"has-post-thumbnail","6":"product_cat-alle-prob-produkter","7":"product_cat-prob-o","10":"first","11":"instock","12":"taxable","13":"shipping-taxable","14":"purchasable","15":"product-type-simple"},"yoast_head":"<!-- This site is optimized with the Yoast SEO plugin v27.6 - https:\/\/yoast.com\/product\/yoast-seo-wordpress\/ -->\n<title>PROB OLIE 2.5 L - Ekholm Vision - PROB SERIEN<\/title>\n<meta name=\"robots\" content=\"index, follow, max-snippet:-1, max-image-preview:large, max-video-preview:-1\" \/>\n<link rel=\"canonical\" href=\"https:\/\/www.ekholmnordic.se\/produkt\/prob-olja-alkohol-och-tjarbaserad-olja-for-hast-och-hund\/\" \/>\n<meta property=\"og:locale\" content=\"da_DK\" \/>\n<meta property=\"og:type\" content=\"article\" \/>\n<meta property=\"og:title\" content=\"PROB OLIE 2.5 L - Ekholm Vision - PROB SERIEN\" \/>\n<meta property=\"og:description\" content=\"PROB Olie til t\u00f8r og irriteret hud.\u00a0Er st\u00e6rkt alkoholbaseret. Har en god effekt mod kl\u00f8e for\u00e5rsaget af insekter og sol. &nbsp;\" \/>\n<meta property=\"og:url\" content=\"https:\/\/www.ekholmnordic.se\/produkt\/prob-olja-alkohol-och-tjarbaserad-olja-for-hast-och-hund\/\" \/>\n<meta property=\"og:site_name\" content=\"Ekholm Vision - PROB SERIEN\" \/>\n<meta property=\"article:modified_time\" content=\"2019-08-12T08:26:32+00:00\" \/>\n<meta property=\"og:image\" content=\"https:\/\/www.ekholmnordic.se\/wp-content\/uploads\/2016\/04\/OLJA-25-L-LITEN.jpg\" \/>\n\t<meta property=\"og:image:width\" content=\"2000\" \/>\n\t<meta property=\"og:image:height\" content=\"2000\" \/>\n\t<meta property=\"og:image:type\" content=\"image\/jpeg\" \/>\n<meta name=\"twitter:card\" content=\"summary_large_image\" \/>\n<meta name=\"twitter:label1\" content=\"Estimeret l\u00e6setid\" \/>\n\t<meta name=\"twitter:data1\" content=\"2 minutter\" \/>\n<script type=\"application\/ld+json\" class=\"yoast-schema-graph\">{\"@context\":\"https:\\\/\\\/schema.org\",\"@graph\":[{\"@type\":\"WebPage\",\"@id\":\"https:\\\/\\\/www.ekholmnordic.se\\\/produkt\\\/prob-olja-alkohol-och-tjarbaserad-olja-for-hast-och-hund\\\/\",\"url\":\"https:\\\/\\\/www.ekholmnordic.se\\\/produkt\\\/prob-olja-alkohol-och-tjarbaserad-olja-for-hast-och-hund\\\/\",\"name\":\"PROB OLIE 2.5 L - Ekholm Vision - PROB SERIEN\",\"isPartOf\":{\"@id\":\"https:\\\/\\\/www.ekholmnordic.se\\\/#website\"},\"primaryImageOfPage\":{\"@id\":\"https:\\\/\\\/www.ekholmnordic.se\\\/produkt\\\/prob-olja-alkohol-och-tjarbaserad-olja-for-hast-och-hund\\\/#primaryimage\"},\"image\":{\"@id\":\"https:\\\/\\\/www.ekholmnordic.se\\\/produkt\\\/prob-olja-alkohol-och-tjarbaserad-olja-for-hast-och-hund\\\/#primaryimage\"},\"thumbnailUrl\":\"https:\\\/\\\/www.ekholmnordic.se\\\/wp-content\\\/uploads\\\/2016\\\/04\\\/OLJA-25-L-LITEN.jpg\",\"datePublished\":\"2016-04-19T11:14:09+00:00\",\"dateModified\":\"2019-08-12T08:26:32+00:00\",\"breadcrumb\":{\"@id\":\"https:\\\/\\\/www.ekholmnordic.se\\\/produkt\\\/prob-olja-alkohol-och-tjarbaserad-olja-for-hast-och-hund\\\/#breadcrumb\"},\"inLanguage\":\"da-DK\",\"potentialAction\":[{\"@type\":\"ReadAction\",\"target\":[\"https:\\\/\\\/www.ekholmnordic.se\\\/produkt\\\/prob-olja-alkohol-och-tjarbaserad-olja-for-hast-och-hund\\\/\"]}]},{\"@type\":\"ImageObject\",\"inLanguage\":\"da-DK\",\"@id\":\"https:\\\/\\\/www.ekholmnordic.se\\\/produkt\\\/prob-olja-alkohol-och-tjarbaserad-olja-for-hast-och-hund\\\/#primaryimage\",\"url\":\"https:\\\/\\\/www.ekholmnordic.se\\\/wp-content\\\/uploads\\\/2016\\\/04\\\/OLJA-25-L-LITEN.jpg\",\"contentUrl\":\"https:\\\/\\\/www.ekholmnordic.se\\\/wp-content\\\/uploads\\\/2016\\\/04\\\/OLJA-25-L-LITEN.jpg\",\"width\":2000,\"height\":2000,\"caption\":\"olja dunk\"},{\"@type\":\"BreadcrumbList\",\"@id\":\"https:\\\/\\\/www.ekholmnordic.se\\\/produkt\\\/prob-olja-alkohol-och-tjarbaserad-olja-for-hast-och-hund\\\/#breadcrumb\",\"itemListElement\":[{\"@type\":\"ListItem\",\"position\":1,\"name\":\"Hem\",\"item\":\"https:\\\/\\\/www.ekholmnordic.se\\\/da\\\/\"},{\"@type\":\"ListItem\",\"position\":2,\"name\":\"WEBSHOP\",\"item\":\"https:\\\/\\\/www.ekholmnordic.se\\\/da\\\/webshop\\\/\"},{\"@type\":\"ListItem\",\"position\":3,\"name\":\"PROB OLIE 2.5 L\"}]},{\"@type\":\"WebSite\",\"@id\":\"https:\\\/\\\/www.ekholmnordic.se\\\/#website\",\"url\":\"https:\\\/\\\/www.ekholmnordic.se\\\/\",\"name\":\"Ekholm Vision - PROB SERIEN\",\"description\":\"F\u00d6R EN OPTIMAL HUD OCH P\u00c4LSV\u00c5RD\",\"potentialAction\":[{\"@type\":\"SearchAction\",\"target\":{\"@type\":\"EntryPoint\",\"urlTemplate\":\"https:\\\/\\\/www.ekholmnordic.se\\\/?s={search_term_string}\"},\"query-input\":{\"@type\":\"PropertyValueSpecification\",\"valueRequired\":true,\"valueName\":\"search_term_string\"}}],\"inLanguage\":\"da-DK\"}]}<\/script>\n<!-- \/ Yoast SEO plugin. -->","yoast_head_json":{"title":"PROB OLIE 2.5 L - Ekholm Vision - PROB SERIEN","robots":{"index":"index","follow":"follow","max-snippet":"max-snippet:-1","max-image-preview":"max-image-preview:large","max-video-preview":"max-video-preview:-1"},"canonical":"https:\/\/www.ekholmnordic.se\/produkt\/prob-olja-alkohol-och-tjarbaserad-olja-for-hast-och-hund\/","og_locale":"da_DK","og_type":"article","og_title":"PROB OLIE 2.5 L - Ekholm Vision - PROB SERIEN","og_description":"PROB Olie til t\u00f8r og irriteret hud.\u00a0Er st\u00e6rkt alkoholbaseret. Har en god effekt mod kl\u00f8e for\u00e5rsaget af insekter og sol. &nbsp;","og_url":"https:\/\/www.ekholmnordic.se\/produkt\/prob-olja-alkohol-och-tjarbaserad-olja-for-hast-och-hund\/","og_site_name":"Ekholm Vision - PROB SERIEN","article_modified_time":"2019-08-12T08:26:32+00:00","og_image":[{"width":2000,"height":2000,"url":"https:\/\/www.ekholmnordic.se\/wp-content\/uploads\/2016\/04\/OLJA-25-L-LITEN.jpg","type":"image\/jpeg"}],"twitter_card":"summary_large_image","twitter_misc":{"Estimeret l\u00e6setid":"2 minutter"},"schema":{"@context":"https:\/\/schema.org","@graph":[{"@type":"WebPage","@id":"https:\/\/www.ekholmnordic.se\/produkt\/prob-olja-alkohol-och-tjarbaserad-olja-for-hast-och-hund\/","url":"https:\/\/www.ekholmnordic.se\/produkt\/prob-olja-alkohol-och-tjarbaserad-olja-for-hast-och-hund\/","name":"PROB OLIE 2.5 L - Ekholm Vision - PROB SERIEN","isPartOf":{"@id":"https:\/\/www.ekholmnordic.se\/#website"},"primaryImageOfPage":{"@id":"https:\/\/www.ekholmnordic.se\/produkt\/prob-olja-alkohol-och-tjarbaserad-olja-for-hast-och-hund\/#primaryimage"},"image":{"@id":"https:\/\/www.ekholmnordic.se\/produkt\/prob-olja-alkohol-och-tjarbaserad-olja-for-hast-och-hund\/#primaryimage"},"thumbnailUrl":"https:\/\/www.ekholmnordic.se\/wp-content\/uploads\/2016\/04\/OLJA-25-L-LITEN.jpg","datePublished":"2016-04-19T11:14:09+00:00","dateModified":"2019-08-12T08:26:32+00:00","breadcrumb":{"@id":"https:\/\/www.ekholmnordic.se\/produkt\/prob-olja-alkohol-och-tjarbaserad-olja-for-hast-och-hund\/#breadcrumb"},"inLanguage":"da-DK","potentialAction":[{"@type":"ReadAction","target":["https:\/\/www.ekholmnordic.se\/produkt\/prob-olja-alkohol-och-tjarbaserad-olja-for-hast-och-hund\/"]}]},{"@type":"ImageObject","inLanguage":"da-DK","@id":"https:\/\/www.ekholmnordic.se\/produkt\/prob-olja-alkohol-och-tjarbaserad-olja-for-hast-och-hund\/#primaryimage","url":"https:\/\/www.ekholmnordic.se\/wp-content\/uploads\/2016\/04\/OLJA-25-L-LITEN.jpg","contentUrl":"https:\/\/www.ekholmnordic.se\/wp-content\/uploads\/2016\/04\/OLJA-25-L-LITEN.jpg","width":2000,"height":2000,"caption":"olja dunk"},{"@type":"BreadcrumbList","@id":"https:\/\/www.ekholmnordic.se\/produkt\/prob-olja-alkohol-och-tjarbaserad-olja-for-hast-och-hund\/#breadcrumb","itemListElement":[{"@type":"ListItem","position":1,"name":"Hem","item":"https:\/\/www.ekholmnordic.se\/da\/"},{"@type":"ListItem","position":2,"name":"WEBSHOP","item":"https:\/\/www.ekholmnordic.se\/da\/webshop\/"},{"@type":"ListItem","position":3,"name":"PROB OLIE 2.5 L"}]},{"@type":"WebSite","@id":"https:\/\/www.ekholmnordic.se\/#website","url":"https:\/\/www.ekholmnordic.se\/","name":"Ekholm Vision - PROB SERIEN","description":"F\u00d6R EN OPTIMAL HUD OCH P\u00c4LSV\u00c5RD","potentialAction":[{"@type":"SearchAction","target":{"@type":"EntryPoint","urlTemplate":"https:\/\/www.ekholmnordic.se\/?s={search_term_string}"},"query-input":{"@type":"PropertyValueSpecification","valueRequired":true,"valueName":"search_term_string"}}],"inLanguage":"da-DK"}]}},"_links":{"self":[{"href":"https:\/\/www.ekholmnordic.se\/da\/wp-json\/wp\/v2\/product\/6522","targetHints":{"allow":["GET"]}}],"collection":[{"href":"https:\/\/www.ekholmnordic.se\/da\/wp-json\/wp\/v2\/product"}],"about":[{"href":"https:\/\/www.ekholmnordic.se\/da\/wp-json\/wp\/v2\/types\/product"}],"replies":[{"embeddable":true,"href":"https:\/\/www.ekholmnordic.se\/da\/wp-json\/wp\/v2\/comments?post=6522"}],"wp:featuredmedia":[{"embeddable":true,"href":"https:\/\/www.ekholmnordic.se\/da\/wp-json\/wp\/v2\/media\/19670"}],"wp:attachment":[{"href":"https:\/\/www.ekholmnordic.se\/da\/wp-json\/wp\/v2\/media?parent=6522"}],"wp:term":[{"taxonomy":"product_brand","embeddable":true,"href":"https:\/\/www.ekholmnordic.se\/da\/wp-json\/wp\/v2\/product_brand?post=6522"},{"taxonomy":"product_cat","embeddable":true,"href":"https:\/\/www.ekholmnordic.se\/da\/wp-json\/wp\/v2\/product_cat?post=6522"},{"taxonomy":"product_tag","embeddable":true,"href":"https:\/\/www.ekholmnordic.se\/da\/wp-json\/wp\/v2\/product_tag?post=6522"}],"curies":[{"name":"wp","href":"https:\/\/api.w.org\/{rel}","templated":true}]}}