{"id":6519,"date":"2016-04-25T20:52:29","date_gmt":"2016-04-25T18:52:29","guid":{"rendered":"https:\/\/www.ekholmnordic.se\/produkt\/prob-dog-deo-spray-200-ml\/"},"modified":"2019-08-12T10:07:07","modified_gmt":"2019-08-12T08:07:07","slug":"prob-dog-deo-spray-200-ml","status":"publish","type":"product","link":"https:\/\/www.ekholmnordic.se\/da\/produkt\/prob-dog-deo-spray-200-ml\/","title":{"rendered":"PROB DOG DEO SPRAY 200 ML"},"content":{"rendered":"<p><strong>SOMMER DEO HUND<\/strong><\/p>\n<p><strong>En giftfri Deo som giver dig og hunden velv\u00e6re. Kropsvarmen aktiverer Deon som holder hundens krop frisk.<\/strong><\/p>\n<p><strong>En behagelig og effektiv DEO som \u00e6ndrer, forbedrer og skjuler hundens duft. <\/strong><br \/>\n<strong>Giver dig og dyret velv\u00e6re og friskhed under alle forhold. PROB Sommar deo Hund er en stors\u00e6lger hvor mange allerede har opdaget den positive effekt.<\/strong><\/p>\n<p><strong>Frisk duft af tr\u00e6tj\u00e6re.<\/strong><\/p>\n<p><strong>Brugsanvisning:<\/strong><\/p>\n<ol>\n<li><strong>Vask gerne dyret med Prob Tj\u00e6r Shampoo en gang om ugen.<\/strong><\/li>\n<\/ol>\n<p>&nbsp;<\/p>\n<ol start=\"2\">\n<li><strong>Dryp Deon p\u00e5 tre til seks punkter mod huden afh\u00e6ngigt af hvor stort dyret er. Kropsvarmen aktiverer Deon. Udend\u00f8rs fugt \u00f8ger hundens duft.<\/strong><\/li>\n<\/ol>\n<p>&nbsp;<\/p>\n<ol start=\"3\">\n<li><strong>P\u00e5f\u00f8r Deon inden i g\u00e5r ud. Hvis du f\u00e5r l\u00f8bere kan det blive en lille misfarvning p\u00e5 hvide pelse men det forsvinder i n\u00e6ste vask.<\/strong><\/li>\n<\/ol>\n","protected":false},"excerpt":{"rendered":"<h6><strong>En behagelig og effektiv DEO som \u00e6ndrer, forbedrer og skjuler hundens duft. <\/strong><\/h6>\n","protected":false},"featured_media":685,"comment_status":"closed","ping_status":"closed","template":"","meta":{"_monsterinsights_skip_tracking":false,"_monsterinsights_sitenote_active":false,"_monsterinsights_sitenote_note":"","_monsterinsights_sitenote_category":0},"product_brand":[],"product_cat":[104,107],"product_tag":[],"class_list":{"0":"post-6519","1":"product","2":"type-product","3":"status-publish","4":"has-post-thumbnail","6":"product_cat-alle-prob-produkter","7":"product_cat-prob-s","10":"first","11":"outofstock","12":"taxable","13":"shipping-taxable","14":"purchasable","15":"product-type-simple"},"yoast_head":"<!-- This site is optimized with the Yoast SEO plugin v27.5 - https:\/\/yoast.com\/product\/yoast-seo-wordpress\/ -->\n<title>PROB DOG DEO SPRAY 200 ML - Ekholm Vision - PROB SERIEN<\/title>\n<meta name=\"robots\" content=\"index, follow, max-snippet:-1, max-image-preview:large, max-video-preview:-1\" \/>\n<link rel=\"canonical\" href=\"https:\/\/www.ekholmnordic.se\/?post_type=product&p=111\" \/>\n<meta property=\"og:locale\" content=\"da_DK\" \/>\n<meta property=\"og:type\" content=\"article\" \/>\n<meta property=\"og:title\" content=\"PROB DOG DEO SPRAY 200 ML - Ekholm Vision - PROB SERIEN\" \/>\n<meta property=\"og:description\" content=\"En behagelig og effektiv DEO som \u00e6ndrer, forbedrer og skjuler hundens duft.\" \/>\n<meta property=\"og:url\" content=\"https:\/\/www.ekholmnordic.se\/?post_type=product&amp;p=111\" \/>\n<meta property=\"og:site_name\" content=\"Ekholm Vision - PROB SERIEN\" \/>\n<meta property=\"article:modified_time\" content=\"2019-08-12T08:07:07+00:00\" \/>\n<meta property=\"og:image\" content=\"https:\/\/www.ekholmnordic.se\/wp-content\/uploads\/2016\/04\/DSC_0243-1024x680.jpg\" \/>\n\t<meta property=\"og:image:width\" content=\"1024\" \/>\n\t<meta property=\"og:image:height\" content=\"680\" \/>\n\t<meta property=\"og:image:type\" content=\"image\/jpeg\" \/>\n<meta name=\"twitter:card\" content=\"summary_large_image\" \/>\n<meta name=\"twitter:label1\" content=\"Estimeret l\u00e6setid\" \/>\n\t<meta name=\"twitter:data1\" content=\"1 minut\" \/>\n<script type=\"application\/ld+json\" class=\"yoast-schema-graph\">{\"@context\":\"https:\\\/\\\/schema.org\",\"@graph\":[{\"@type\":\"WebPage\",\"@id\":\"https:\\\/\\\/www.ekholmnordic.se\\\/?post_type=product&p=111\",\"url\":\"https:\\\/\\\/www.ekholmnordic.se\\\/?post_type=product&p=111\",\"name\":\"PROB DOG DEO SPRAY 200 ML - Ekholm Vision - PROB SERIEN\",\"isPartOf\":{\"@id\":\"https:\\\/\\\/www.ekholmnordic.se\\\/#website\"},\"primaryImageOfPage\":{\"@id\":\"https:\\\/\\\/www.ekholmnordic.se\\\/?post_type=product&p=111#primaryimage\"},\"image\":{\"@id\":\"https:\\\/\\\/www.ekholmnordic.se\\\/?post_type=product&p=111#primaryimage\"},\"thumbnailUrl\":\"https:\\\/\\\/www.ekholmnordic.se\\\/wp-content\\\/uploads\\\/2016\\\/04\\\/DSC_0243.jpg\",\"datePublished\":\"2016-04-25T18:52:29+00:00\",\"dateModified\":\"2019-08-12T08:07:07+00:00\",\"breadcrumb\":{\"@id\":\"https:\\\/\\\/www.ekholmnordic.se\\\/?post_type=product&p=111#breadcrumb\"},\"inLanguage\":\"da-DK\",\"potentialAction\":[{\"@type\":\"ReadAction\",\"target\":[\"https:\\\/\\\/www.ekholmnordic.se\\\/?post_type=product&p=111\"]}]},{\"@type\":\"ImageObject\",\"inLanguage\":\"da-DK\",\"@id\":\"https:\\\/\\\/www.ekholmnordic.se\\\/?post_type=product&p=111#primaryimage\",\"url\":\"https:\\\/\\\/www.ekholmnordic.se\\\/wp-content\\\/uploads\\\/2016\\\/04\\\/DSC_0243.jpg\",\"contentUrl\":\"https:\\\/\\\/www.ekholmnordic.se\\\/wp-content\\\/uploads\\\/2016\\\/04\\\/DSC_0243.jpg\",\"width\":4288,\"height\":2848},{\"@type\":\"BreadcrumbList\",\"@id\":\"https:\\\/\\\/www.ekholmnordic.se\\\/?post_type=product&p=111#breadcrumb\",\"itemListElement\":[{\"@type\":\"ListItem\",\"position\":1,\"name\":\"Hem\",\"item\":\"https:\\\/\\\/www.ekholmnordic.se\\\/da\\\/\"},{\"@type\":\"ListItem\",\"position\":2,\"name\":\"WEBSHOP\",\"item\":\"https:\\\/\\\/www.ekholmnordic.se\\\/da\\\/webshop\\\/\"},{\"@type\":\"ListItem\",\"position\":3,\"name\":\"PROB DOG DEO SPRAY 200 ML\"}]},{\"@type\":\"WebSite\",\"@id\":\"https:\\\/\\\/www.ekholmnordic.se\\\/#website\",\"url\":\"https:\\\/\\\/www.ekholmnordic.se\\\/\",\"name\":\"Ekholm Vision - PROB SERIEN\",\"description\":\"F\u00d6R EN OPTIMAL HUD OCH P\u00c4LSV\u00c5RD\",\"potentialAction\":[{\"@type\":\"SearchAction\",\"target\":{\"@type\":\"EntryPoint\",\"urlTemplate\":\"https:\\\/\\\/www.ekholmnordic.se\\\/?s={search_term_string}\"},\"query-input\":{\"@type\":\"PropertyValueSpecification\",\"valueRequired\":true,\"valueName\":\"search_term_string\"}}],\"inLanguage\":\"da-DK\"}]}<\/script>\n<!-- \/ Yoast SEO plugin. -->","yoast_head_json":{"title":"PROB DOG DEO SPRAY 200 ML - Ekholm Vision - PROB SERIEN","robots":{"index":"index","follow":"follow","max-snippet":"max-snippet:-1","max-image-preview":"max-image-preview:large","max-video-preview":"max-video-preview:-1"},"canonical":"https:\/\/www.ekholmnordic.se\/?post_type=product&p=111","og_locale":"da_DK","og_type":"article","og_title":"PROB DOG DEO SPRAY 200 ML - Ekholm Vision - PROB SERIEN","og_description":"En behagelig og effektiv DEO som \u00e6ndrer, forbedrer og skjuler hundens duft.","og_url":"https:\/\/www.ekholmnordic.se\/?post_type=product&p=111","og_site_name":"Ekholm Vision - PROB SERIEN","article_modified_time":"2019-08-12T08:07:07+00:00","og_image":[{"width":1024,"height":680,"url":"https:\/\/www.ekholmnordic.se\/wp-content\/uploads\/2016\/04\/DSC_0243-1024x680.jpg","type":"image\/jpeg"}],"twitter_card":"summary_large_image","twitter_misc":{"Estimeret l\u00e6setid":"1 minut"},"schema":{"@context":"https:\/\/schema.org","@graph":[{"@type":"WebPage","@id":"https:\/\/www.ekholmnordic.se\/?post_type=product&p=111","url":"https:\/\/www.ekholmnordic.se\/?post_type=product&p=111","name":"PROB DOG DEO SPRAY 200 ML - Ekholm Vision - PROB SERIEN","isPartOf":{"@id":"https:\/\/www.ekholmnordic.se\/#website"},"primaryImageOfPage":{"@id":"https:\/\/www.ekholmnordic.se\/?post_type=product&p=111#primaryimage"},"image":{"@id":"https:\/\/www.ekholmnordic.se\/?post_type=product&p=111#primaryimage"},"thumbnailUrl":"https:\/\/www.ekholmnordic.se\/wp-content\/uploads\/2016\/04\/DSC_0243.jpg","datePublished":"2016-04-25T18:52:29+00:00","dateModified":"2019-08-12T08:07:07+00:00","breadcrumb":{"@id":"https:\/\/www.ekholmnordic.se\/?post_type=product&p=111#breadcrumb"},"inLanguage":"da-DK","potentialAction":[{"@type":"ReadAction","target":["https:\/\/www.ekholmnordic.se\/?post_type=product&p=111"]}]},{"@type":"ImageObject","inLanguage":"da-DK","@id":"https:\/\/www.ekholmnordic.se\/?post_type=product&p=111#primaryimage","url":"https:\/\/www.ekholmnordic.se\/wp-content\/uploads\/2016\/04\/DSC_0243.jpg","contentUrl":"https:\/\/www.ekholmnordic.se\/wp-content\/uploads\/2016\/04\/DSC_0243.jpg","width":4288,"height":2848},{"@type":"BreadcrumbList","@id":"https:\/\/www.ekholmnordic.se\/?post_type=product&p=111#breadcrumb","itemListElement":[{"@type":"ListItem","position":1,"name":"Hem","item":"https:\/\/www.ekholmnordic.se\/da\/"},{"@type":"ListItem","position":2,"name":"WEBSHOP","item":"https:\/\/www.ekholmnordic.se\/da\/webshop\/"},{"@type":"ListItem","position":3,"name":"PROB DOG DEO SPRAY 200 ML"}]},{"@type":"WebSite","@id":"https:\/\/www.ekholmnordic.se\/#website","url":"https:\/\/www.ekholmnordic.se\/","name":"Ekholm Vision - PROB SERIEN","description":"F\u00d6R EN OPTIMAL HUD OCH P\u00c4LSV\u00c5RD","potentialAction":[{"@type":"SearchAction","target":{"@type":"EntryPoint","urlTemplate":"https:\/\/www.ekholmnordic.se\/?s={search_term_string}"},"query-input":{"@type":"PropertyValueSpecification","valueRequired":true,"valueName":"search_term_string"}}],"inLanguage":"da-DK"}]}},"_links":{"self":[{"href":"https:\/\/www.ekholmnordic.se\/da\/wp-json\/wp\/v2\/product\/6519","targetHints":{"allow":["GET"]}}],"collection":[{"href":"https:\/\/www.ekholmnordic.se\/da\/wp-json\/wp\/v2\/product"}],"about":[{"href":"https:\/\/www.ekholmnordic.se\/da\/wp-json\/wp\/v2\/types\/product"}],"replies":[{"embeddable":true,"href":"https:\/\/www.ekholmnordic.se\/da\/wp-json\/wp\/v2\/comments?post=6519"}],"wp:featuredmedia":[{"embeddable":true,"href":"https:\/\/www.ekholmnordic.se\/da\/wp-json\/wp\/v2\/media\/685"}],"wp:attachment":[{"href":"https:\/\/www.ekholmnordic.se\/da\/wp-json\/wp\/v2\/media?parent=6519"}],"wp:term":[{"taxonomy":"product_brand","embeddable":true,"href":"https:\/\/www.ekholmnordic.se\/da\/wp-json\/wp\/v2\/product_brand?post=6519"},{"taxonomy":"product_cat","embeddable":true,"href":"https:\/\/www.ekholmnordic.se\/da\/wp-json\/wp\/v2\/product_cat?post=6519"},{"taxonomy":"product_tag","embeddable":true,"href":"https:\/\/www.ekholmnordic.se\/da\/wp-json\/wp\/v2\/product_tag?post=6519"}],"curies":[{"name":"wp","href":"https:\/\/api.w.org\/{rel}","templated":true}]}}