{"id":6510,"date":"2016-05-10T20:53:31","date_gmt":"2016-05-10T18:53:31","guid":{"rendered":"https:\/\/www.ekholmnordic.se\/produkt\/provepakke-ekstremt-hoj-kvalitet\/"},"modified":"2016-05-10T20:53:31","modified_gmt":"2016-05-10T18:53:31","slug":"provepakke-ekstremt-hoj-kvalitet","status":"publish","type":"product","link":"https:\/\/www.ekholmnordic.se\/da\/produkt\/provepakke-ekstremt-hoj-kvalitet\/","title":{"rendered":"Pr\u00f8vepakke, ekstremt h\u00f8j kvalitet (kun for forbrugerne)"},"content":{"rendered":"<p>Pr\u00f8vepakke, ekstremt h\u00f8j kvalitet<\/p>\n<p>G\u00e6lder en gang pr. kunde<br \/>\nAloe Vera Spray Balsam og udredningskam, dufter godt 200 ml<br \/>\nAloe Vera Shampoo, dufter godt 200 ml<br \/>\nHampa Aloe Vera Shampoo (findes ikke i sortimentet. Tilbydes i stedet en ekstra Aloe Vera Shampoo 200 ml)<br \/>\nPROB Shampoo, vores gamle bestseller, popul\u00e6r hos udstillerne 200 ml<\/p>\n<p>PROB Super Cream, en allround creme til t\u00f8r hud 40 ml<br \/>\nHer finder du garanteret dine favoritter.<\/p>\n<p>P\u00e5 k\u00f8bet PROB Pote Salve 40 ml<\/p>\n","protected":false},"excerpt":{"rendered":"<h6><strong>Aloe vera Spraybalsam 200 ml<br \/>\n<\/strong>2 st Aloe vera Shampoo 200 ml<br \/>\nEkholms Prob Shampoo 200 ml<br \/>\nProb Supercream 40 ml<br \/>\nProb Pote Salve 40 ml<\/h6>\n","protected":false},"featured_media":7589,"comment_status":"closed","ping_status":"closed","template":"","meta":{"_monsterinsights_skip_tracking":false,"_monsterinsights_sitenote_active":false,"_monsterinsights_sitenote_note":"","_monsterinsights_sitenote_category":0},"product_brand":[],"product_cat":[104,6,109,11,9,110],"product_tag":[],"class_list":{"0":"post-6510","1":"product","2":"type-product","3":"status-publish","4":"has-post-thumbnail","6":"product_cat-alle-prob-produkter","7":"product_cat-veterinara-produkter","8":"product_cat-prob-salve-creame","9":"product_cat-prob-salvakram","10":"product_cat-prob-tjar-schampo","11":"product_cat-prob-tjaereshampoo","14":"first","15":"instock","16":"taxable","17":"shipping-taxable","18":"purchasable","19":"product-type-simple"},"yoast_head":"<!-- This site is optimized with the Yoast SEO plugin v27.6 - https:\/\/yoast.com\/product\/yoast-seo-wordpress\/ -->\n<title>Pr\u00f8vepakke, ekstremt h\u00f8j kvalitet (kun for forbrugerne) - Ekholm Vision - PROB SERIEN<\/title>\n<meta name=\"robots\" content=\"index, follow, max-snippet:-1, max-image-preview:large, max-video-preview:-1\" \/>\n<link rel=\"canonical\" href=\"https:\/\/www.ekholmnordic.se\/da\/produkt\/provepakke-ekstremt-hoj-kvalitet\/\" \/>\n<meta property=\"og:locale\" content=\"da_DK\" \/>\n<meta property=\"og:type\" content=\"article\" \/>\n<meta property=\"og:title\" content=\"Pr\u00f8vepakke, ekstremt h\u00f8j kvalitet (kun for forbrugerne) - Ekholm Vision - PROB SERIEN\" \/>\n<meta property=\"og:description\" content=\"Aloe vera Spraybalsam 200 ml 2 st Aloe vera Shampoo 200 ml Ekholms Prob Shampoo 200 ml Prob Supercream 40 ml Prob Pote Salve 40 ml\" \/>\n<meta property=\"og:url\" content=\"https:\/\/www.ekholmnordic.se\/da\/produkt\/provepakke-ekstremt-hoj-kvalitet\/\" \/>\n<meta property=\"og:site_name\" content=\"Ekholm Vision - PROB SERIEN\" \/>\n<meta property=\"og:image\" content=\"https:\/\/www.ekholmnordic.se\/wp-content\/uploads\/2016\/05\/Paket-4.jpg\" \/>\n\t<meta property=\"og:image:width\" content=\"3024\" \/>\n\t<meta property=\"og:image:height\" content=\"3024\" \/>\n\t<meta property=\"og:image:type\" content=\"image\/jpeg\" \/>\n<meta name=\"twitter:card\" content=\"summary_large_image\" \/>\n<script type=\"application\/ld+json\" class=\"yoast-schema-graph\">{\"@context\":\"https:\\\/\\\/schema.org\",\"@graph\":[{\"@type\":\"WebPage\",\"@id\":\"https:\\\/\\\/www.ekholmnordic.se\\\/da\\\/produkt\\\/provepakke-ekstremt-hoj-kvalitet\\\/\",\"url\":\"https:\\\/\\\/www.ekholmnordic.se\\\/da\\\/produkt\\\/provepakke-ekstremt-hoj-kvalitet\\\/\",\"name\":\"Pr\u00f8vepakke, ekstremt h\u00f8j kvalitet (kun for forbrugerne) - Ekholm Vision - PROB SERIEN\",\"isPartOf\":{\"@id\":\"https:\\\/\\\/www.ekholmnordic.se\\\/#website\"},\"primaryImageOfPage\":{\"@id\":\"https:\\\/\\\/www.ekholmnordic.se\\\/da\\\/produkt\\\/provepakke-ekstremt-hoj-kvalitet\\\/#primaryimage\"},\"image\":{\"@id\":\"https:\\\/\\\/www.ekholmnordic.se\\\/da\\\/produkt\\\/provepakke-ekstremt-hoj-kvalitet\\\/#primaryimage\"},\"thumbnailUrl\":\"https:\\\/\\\/www.ekholmnordic.se\\\/wp-content\\\/uploads\\\/2016\\\/05\\\/Paket-4.jpg\",\"datePublished\":\"2016-05-10T18:53:31+00:00\",\"breadcrumb\":{\"@id\":\"https:\\\/\\\/www.ekholmnordic.se\\\/da\\\/produkt\\\/provepakke-ekstremt-hoj-kvalitet\\\/#breadcrumb\"},\"inLanguage\":\"da-DK\",\"potentialAction\":[{\"@type\":\"ReadAction\",\"target\":[\"https:\\\/\\\/www.ekholmnordic.se\\\/da\\\/produkt\\\/provepakke-ekstremt-hoj-kvalitet\\\/\"]}]},{\"@type\":\"ImageObject\",\"inLanguage\":\"da-DK\",\"@id\":\"https:\\\/\\\/www.ekholmnordic.se\\\/da\\\/produkt\\\/provepakke-ekstremt-hoj-kvalitet\\\/#primaryimage\",\"url\":\"https:\\\/\\\/www.ekholmnordic.se\\\/wp-content\\\/uploads\\\/2016\\\/05\\\/Paket-4.jpg\",\"contentUrl\":\"https:\\\/\\\/www.ekholmnordic.se\\\/wp-content\\\/uploads\\\/2016\\\/05\\\/Paket-4.jpg\",\"width\":3024,\"height\":3024},{\"@type\":\"BreadcrumbList\",\"@id\":\"https:\\\/\\\/www.ekholmnordic.se\\\/da\\\/produkt\\\/provepakke-ekstremt-hoj-kvalitet\\\/#breadcrumb\",\"itemListElement\":[{\"@type\":\"ListItem\",\"position\":1,\"name\":\"Hem\",\"item\":\"https:\\\/\\\/www.ekholmnordic.se\\\/da\\\/\"},{\"@type\":\"ListItem\",\"position\":2,\"name\":\"WEBSHOP\",\"item\":\"https:\\\/\\\/www.ekholmnordic.se\\\/da\\\/webshop\\\/\"},{\"@type\":\"ListItem\",\"position\":3,\"name\":\"Pr\u00f8vepakke, ekstremt h\u00f8j kvalitet (kun for forbrugerne)\"}]},{\"@type\":\"WebSite\",\"@id\":\"https:\\\/\\\/www.ekholmnordic.se\\\/#website\",\"url\":\"https:\\\/\\\/www.ekholmnordic.se\\\/\",\"name\":\"Ekholm Vision - PROB SERIEN\",\"description\":\"F\u00d6R EN OPTIMAL HUD OCH P\u00c4LSV\u00c5RD\",\"potentialAction\":[{\"@type\":\"SearchAction\",\"target\":{\"@type\":\"EntryPoint\",\"urlTemplate\":\"https:\\\/\\\/www.ekholmnordic.se\\\/?s={search_term_string}\"},\"query-input\":{\"@type\":\"PropertyValueSpecification\",\"valueRequired\":true,\"valueName\":\"search_term_string\"}}],\"inLanguage\":\"da-DK\"}]}<\/script>\n<!-- \/ Yoast SEO plugin. -->","yoast_head_json":{"title":"Pr\u00f8vepakke, ekstremt h\u00f8j kvalitet (kun for forbrugerne) - Ekholm Vision - PROB SERIEN","robots":{"index":"index","follow":"follow","max-snippet":"max-snippet:-1","max-image-preview":"max-image-preview:large","max-video-preview":"max-video-preview:-1"},"canonical":"https:\/\/www.ekholmnordic.se\/da\/produkt\/provepakke-ekstremt-hoj-kvalitet\/","og_locale":"da_DK","og_type":"article","og_title":"Pr\u00f8vepakke, ekstremt h\u00f8j kvalitet (kun for forbrugerne) - Ekholm Vision - PROB SERIEN","og_description":"Aloe vera Spraybalsam 200 ml 2 st Aloe vera Shampoo 200 ml Ekholms Prob Shampoo 200 ml Prob Supercream 40 ml Prob Pote Salve 40 ml","og_url":"https:\/\/www.ekholmnordic.se\/da\/produkt\/provepakke-ekstremt-hoj-kvalitet\/","og_site_name":"Ekholm Vision - PROB SERIEN","og_image":[{"width":3024,"height":3024,"url":"https:\/\/www.ekholmnordic.se\/wp-content\/uploads\/2016\/05\/Paket-4.jpg","type":"image\/jpeg"}],"twitter_card":"summary_large_image","schema":{"@context":"https:\/\/schema.org","@graph":[{"@type":"WebPage","@id":"https:\/\/www.ekholmnordic.se\/da\/produkt\/provepakke-ekstremt-hoj-kvalitet\/","url":"https:\/\/www.ekholmnordic.se\/da\/produkt\/provepakke-ekstremt-hoj-kvalitet\/","name":"Pr\u00f8vepakke, ekstremt h\u00f8j kvalitet (kun for forbrugerne) - Ekholm Vision - PROB SERIEN","isPartOf":{"@id":"https:\/\/www.ekholmnordic.se\/#website"},"primaryImageOfPage":{"@id":"https:\/\/www.ekholmnordic.se\/da\/produkt\/provepakke-ekstremt-hoj-kvalitet\/#primaryimage"},"image":{"@id":"https:\/\/www.ekholmnordic.se\/da\/produkt\/provepakke-ekstremt-hoj-kvalitet\/#primaryimage"},"thumbnailUrl":"https:\/\/www.ekholmnordic.se\/wp-content\/uploads\/2016\/05\/Paket-4.jpg","datePublished":"2016-05-10T18:53:31+00:00","breadcrumb":{"@id":"https:\/\/www.ekholmnordic.se\/da\/produkt\/provepakke-ekstremt-hoj-kvalitet\/#breadcrumb"},"inLanguage":"da-DK","potentialAction":[{"@type":"ReadAction","target":["https:\/\/www.ekholmnordic.se\/da\/produkt\/provepakke-ekstremt-hoj-kvalitet\/"]}]},{"@type":"ImageObject","inLanguage":"da-DK","@id":"https:\/\/www.ekholmnordic.se\/da\/produkt\/provepakke-ekstremt-hoj-kvalitet\/#primaryimage","url":"https:\/\/www.ekholmnordic.se\/wp-content\/uploads\/2016\/05\/Paket-4.jpg","contentUrl":"https:\/\/www.ekholmnordic.se\/wp-content\/uploads\/2016\/05\/Paket-4.jpg","width":3024,"height":3024},{"@type":"BreadcrumbList","@id":"https:\/\/www.ekholmnordic.se\/da\/produkt\/provepakke-ekstremt-hoj-kvalitet\/#breadcrumb","itemListElement":[{"@type":"ListItem","position":1,"name":"Hem","item":"https:\/\/www.ekholmnordic.se\/da\/"},{"@type":"ListItem","position":2,"name":"WEBSHOP","item":"https:\/\/www.ekholmnordic.se\/da\/webshop\/"},{"@type":"ListItem","position":3,"name":"Pr\u00f8vepakke, ekstremt h\u00f8j kvalitet (kun for forbrugerne)"}]},{"@type":"WebSite","@id":"https:\/\/www.ekholmnordic.se\/#website","url":"https:\/\/www.ekholmnordic.se\/","name":"Ekholm Vision - PROB SERIEN","description":"F\u00d6R EN OPTIMAL HUD OCH P\u00c4LSV\u00c5RD","potentialAction":[{"@type":"SearchAction","target":{"@type":"EntryPoint","urlTemplate":"https:\/\/www.ekholmnordic.se\/?s={search_term_string}"},"query-input":{"@type":"PropertyValueSpecification","valueRequired":true,"valueName":"search_term_string"}}],"inLanguage":"da-DK"}]}},"_links":{"self":[{"href":"https:\/\/www.ekholmnordic.se\/da\/wp-json\/wp\/v2\/product\/6510","targetHints":{"allow":["GET"]}}],"collection":[{"href":"https:\/\/www.ekholmnordic.se\/da\/wp-json\/wp\/v2\/product"}],"about":[{"href":"https:\/\/www.ekholmnordic.se\/da\/wp-json\/wp\/v2\/types\/product"}],"replies":[{"embeddable":true,"href":"https:\/\/www.ekholmnordic.se\/da\/wp-json\/wp\/v2\/comments?post=6510"}],"wp:featuredmedia":[{"embeddable":true,"href":"https:\/\/www.ekholmnordic.se\/da\/wp-json\/wp\/v2\/media\/7589"}],"wp:attachment":[{"href":"https:\/\/www.ekholmnordic.se\/da\/wp-json\/wp\/v2\/media?parent=6510"}],"wp:term":[{"taxonomy":"product_brand","embeddable":true,"href":"https:\/\/www.ekholmnordic.se\/da\/wp-json\/wp\/v2\/product_brand?post=6510"},{"taxonomy":"product_cat","embeddable":true,"href":"https:\/\/www.ekholmnordic.se\/da\/wp-json\/wp\/v2\/product_cat?post=6510"},{"taxonomy":"product_tag","embeddable":true,"href":"https:\/\/www.ekholmnordic.se\/da\/wp-json\/wp\/v2\/product_tag?post=6510"}],"curies":[{"name":"wp","href":"https:\/\/api.w.org\/{rel}","templated":true}]}}