{"id":6508,"date":"2016-06-02T23:27:34","date_gmt":"2016-06-02T21:27:34","guid":{"rendered":"https:\/\/www.ekholmnordic.se\/produkt\/prob-aloe-vera-shampoo-500-ml\/"},"modified":"2019-08-12T09:52:11","modified_gmt":"2019-08-12T07:52:11","slug":"prob-aloe-vera-shampoo-500-ml","status":"publish","type":"product","link":"https:\/\/www.ekholmnordic.se\/da\/produkt\/prob-aloe-vera-shampoo-500-ml\/","title":{"rendered":"PROB ALOE VERA SHAMPOO 500 ML"},"content":{"rendered":"<p><strong>ALOE VERA SHAMPOO<\/strong><\/p>\n<p><strong>Et fremragende shampoo til dig der s\u00e6tter h\u00f8je krav p\u00e5 kvalitet og som kan bruges dagligt.<\/strong><\/p>\n<p><strong>Velegnet til dem der \u00f8nsker et blidt shampoo til daglig brug. Beholder den naturlige balance, der g\u00f8r at den er egnet til enhver form af pels og er beroligende for huden. Ekstra godt shampoo til dem der har hudproblemer, sk\u00e6l eller er f\u00f8lsom mod kemiske stoffer.<\/strong><\/p>\n<p><strong>Trygt Shampoo som garanteret opfylder kraven fra den kr\u00e6sne udstiller.<\/strong><\/p>\n<p><strong>Perfekt til vanskelige pelse.<\/strong><\/p>\n<p><strong>Giver yderst flot pelskvalitet! Hvide hunde beh\u00f8ver ikke blegemiddel, de f\u00e5r et fint lyst og fantastisk resultat efter kun en vask.<\/strong><\/p>\n<p><strong>Shampooen er fugtgivende s\u00e5 det er ingen risiko selvom du vasker dyret ofte.<\/strong><\/p>\n<p><strong>Kan ogs\u00e5 bruges til sm\u00e5 hvalpe og dr\u00e6gtige dyr.<\/strong><\/p>\n<p><strong>Brugsanvisning:<\/strong><\/p>\n<ol>\n<li><strong>Bl\u00f8dg\u00f8r pelsen med vand og arbejde ind shampooen grundigt i pelsen.<\/strong><\/li>\n<\/ol>\n<p>&nbsp;<\/p>\n<ol start=\"2\">\n<li><strong>Lad virke i 10-15 minutter inden du skyller rent med lunkent vand s\u00e5 at Aloe Vera, proteiner og vitaminer, n\u00e5r at virke i pelsen. Bruges ellers som almindeligt shampoo og s\u00e6be.<\/strong><\/li>\n<\/ol>\n<p>&nbsp;<\/p>\n<p><strong>Beh\u00f8ver ikke n\u00f8dvendigvis balsam men du kan kombinere med PROB Spray Balsam hvis du vil have ekstra flot pelskvalitet.<\/strong><\/p>\n<p><strong>INCI-namn: Aqua,\u00a0 Mipa Laurret Sulfat,\u00a0 Decyl Glucoside, \u00a0Cocoamidopropyl Betaine, Aloe\u00a0Vera\u00a0Barbadensis<em>,<\/em>\u00a0 Silk Amino Acid, Panthenol, Olea Europea, , DEA, Phenoxyethanol, Caprylyl Glycerol<\/strong><\/p>\n<p>Ved bestilling af hele kartoner, 24*500\u00a0 ml pr. karton fratr\u00e6kkes automatisk rabat -5%.<\/p>\n<p><strong>Pakning.<\/strong><br \/>\n200 ml<br \/>\n500 ml<br \/>\n2,5 l<\/p>\n","protected":false},"excerpt":{"rendered":"<h6><strong style=\"font-size: 16px\">Et fremragende shampoo til dig der s\u00e6tter h\u00f8je krav p\u00e5 kvalitet og som kan bruges dagligt.<\/strong><strong>Velegnet til dem der \u00f8nsker et blidt shampoo til daglig brug. <\/strong><\/h6>\n","protected":false},"featured_media":1676,"comment_status":"closed","ping_status":"closed","template":"","meta":{"_monsterinsights_skip_tracking":false,"_monsterinsights_sitenote_active":false,"_monsterinsights_sitenote_note":"","_monsterinsights_sitenote_category":0},"product_brand":[],"product_cat":[79],"product_tag":[],"class_list":{"0":"post-6508","1":"product","2":"type-product","3":"status-publish","4":"has-post-thumbnail","6":"product_cat-okategoriserad","9":"first","10":"instock","11":"taxable","12":"shipping-taxable","13":"purchasable","14":"product-type-simple"},"yoast_head":"<!-- This site is optimized with the Yoast SEO plugin v27.5 - https:\/\/yoast.com\/product\/yoast-seo-wordpress\/ -->\n<title>PROB ALOE VERA SHAMPOO 500 ML - Ekholm Vision - PROB SERIEN<\/title>\n<meta name=\"robots\" content=\"index, follow, max-snippet:-1, max-image-preview:large, max-video-preview:-1\" \/>\n<link rel=\"canonical\" href=\"https:\/\/www.ekholmnordic.se\/produkt\/prob-aloe-vera-schampo-skonsamt-och-aterfuktande-for-kanslig-hud-och-pals\/\" \/>\n<meta property=\"og:locale\" content=\"da_DK\" \/>\n<meta property=\"og:type\" content=\"article\" \/>\n<meta property=\"og:title\" content=\"PROB ALOE VERA SHAMPOO 500 ML - Ekholm Vision - PROB SERIEN\" \/>\n<meta property=\"og:description\" content=\"Et fremragende shampoo til dig der s\u00e6tter h\u00f8je krav p\u00e5 kvalitet og som kan bruges dagligt.Velegnet til dem der \u00f8nsker et blidt shampoo til daglig brug.\" \/>\n<meta property=\"og:url\" content=\"https:\/\/www.ekholmnordic.se\/produkt\/prob-aloe-vera-schampo-skonsamt-och-aterfuktande-for-kanslig-hud-och-pals\/\" \/>\n<meta property=\"og:site_name\" content=\"Ekholm Vision - PROB SERIEN\" \/>\n<meta property=\"article:modified_time\" content=\"2019-08-12T07:52:11+00:00\" \/>\n<meta property=\"og:image\" content=\"https:\/\/www.ekholmnordic.se\/wp-content\/uploads\/2017\/02\/Aloevera-500ml-1-1.jpg\" \/>\n\t<meta property=\"og:image:width\" content=\"1263\" \/>\n\t<meta property=\"og:image:height\" content=\"3083\" \/>\n\t<meta property=\"og:image:type\" content=\"image\/jpeg\" \/>\n<meta name=\"twitter:card\" content=\"summary_large_image\" \/>\n<meta name=\"twitter:label1\" content=\"Estimeret l\u00e6setid\" \/>\n\t<meta name=\"twitter:data1\" content=\"1 minut\" \/>\n<script type=\"application\/ld+json\" class=\"yoast-schema-graph\">{\"@context\":\"https:\\\/\\\/schema.org\",\"@graph\":[{\"@type\":\"WebPage\",\"@id\":\"https:\\\/\\\/www.ekholmnordic.se\\\/produkt\\\/prob-aloe-vera-schampo-skonsamt-och-aterfuktande-for-kanslig-hud-och-pals\\\/\",\"url\":\"https:\\\/\\\/www.ekholmnordic.se\\\/produkt\\\/prob-aloe-vera-schampo-skonsamt-och-aterfuktande-for-kanslig-hud-och-pals\\\/\",\"name\":\"PROB ALOE VERA SHAMPOO 500 ML - Ekholm Vision - PROB SERIEN\",\"isPartOf\":{\"@id\":\"https:\\\/\\\/www.ekholmnordic.se\\\/#website\"},\"primaryImageOfPage\":{\"@id\":\"https:\\\/\\\/www.ekholmnordic.se\\\/produkt\\\/prob-aloe-vera-schampo-skonsamt-och-aterfuktande-for-kanslig-hud-och-pals\\\/#primaryimage\"},\"image\":{\"@id\":\"https:\\\/\\\/www.ekholmnordic.se\\\/produkt\\\/prob-aloe-vera-schampo-skonsamt-och-aterfuktande-for-kanslig-hud-och-pals\\\/#primaryimage\"},\"thumbnailUrl\":\"https:\\\/\\\/www.ekholmnordic.se\\\/wp-content\\\/uploads\\\/2017\\\/02\\\/Aloevera-500ml-1-1.jpg\",\"datePublished\":\"2016-06-02T21:27:34+00:00\",\"dateModified\":\"2019-08-12T07:52:11+00:00\",\"breadcrumb\":{\"@id\":\"https:\\\/\\\/www.ekholmnordic.se\\\/produkt\\\/prob-aloe-vera-schampo-skonsamt-och-aterfuktande-for-kanslig-hud-och-pals\\\/#breadcrumb\"},\"inLanguage\":\"da-DK\",\"potentialAction\":[{\"@type\":\"ReadAction\",\"target\":[\"https:\\\/\\\/www.ekholmnordic.se\\\/produkt\\\/prob-aloe-vera-schampo-skonsamt-och-aterfuktande-for-kanslig-hud-och-pals\\\/\"]}]},{\"@type\":\"ImageObject\",\"inLanguage\":\"da-DK\",\"@id\":\"https:\\\/\\\/www.ekholmnordic.se\\\/produkt\\\/prob-aloe-vera-schampo-skonsamt-och-aterfuktande-for-kanslig-hud-och-pals\\\/#primaryimage\",\"url\":\"https:\\\/\\\/www.ekholmnordic.se\\\/wp-content\\\/uploads\\\/2017\\\/02\\\/Aloevera-500ml-1-1.jpg\",\"contentUrl\":\"https:\\\/\\\/www.ekholmnordic.se\\\/wp-content\\\/uploads\\\/2017\\\/02\\\/Aloevera-500ml-1-1.jpg\",\"width\":1263,\"height\":3083,\"caption\":\"aloe vera schampo\"},{\"@type\":\"BreadcrumbList\",\"@id\":\"https:\\\/\\\/www.ekholmnordic.se\\\/produkt\\\/prob-aloe-vera-schampo-skonsamt-och-aterfuktande-for-kanslig-hud-och-pals\\\/#breadcrumb\",\"itemListElement\":[{\"@type\":\"ListItem\",\"position\":1,\"name\":\"Hem\",\"item\":\"https:\\\/\\\/www.ekholmnordic.se\\\/da\\\/\"},{\"@type\":\"ListItem\",\"position\":2,\"name\":\"WEBSHOP\",\"item\":\"https:\\\/\\\/www.ekholmnordic.se\\\/da\\\/webshop\\\/\"},{\"@type\":\"ListItem\",\"position\":3,\"name\":\"PROB ALOE VERA SHAMPOO 500 ML\"}]},{\"@type\":\"WebSite\",\"@id\":\"https:\\\/\\\/www.ekholmnordic.se\\\/#website\",\"url\":\"https:\\\/\\\/www.ekholmnordic.se\\\/\",\"name\":\"Ekholm Vision - PROB SERIEN\",\"description\":\"F\u00d6R EN OPTIMAL HUD OCH P\u00c4LSV\u00c5RD\",\"potentialAction\":[{\"@type\":\"SearchAction\",\"target\":{\"@type\":\"EntryPoint\",\"urlTemplate\":\"https:\\\/\\\/www.ekholmnordic.se\\\/?s={search_term_string}\"},\"query-input\":{\"@type\":\"PropertyValueSpecification\",\"valueRequired\":true,\"valueName\":\"search_term_string\"}}],\"inLanguage\":\"da-DK\"}]}<\/script>\n<!-- \/ Yoast SEO plugin. -->","yoast_head_json":{"title":"PROB ALOE VERA SHAMPOO 500 ML - Ekholm Vision - PROB SERIEN","robots":{"index":"index","follow":"follow","max-snippet":"max-snippet:-1","max-image-preview":"max-image-preview:large","max-video-preview":"max-video-preview:-1"},"canonical":"https:\/\/www.ekholmnordic.se\/produkt\/prob-aloe-vera-schampo-skonsamt-och-aterfuktande-for-kanslig-hud-och-pals\/","og_locale":"da_DK","og_type":"article","og_title":"PROB ALOE VERA SHAMPOO 500 ML - Ekholm Vision - PROB SERIEN","og_description":"Et fremragende shampoo til dig der s\u00e6tter h\u00f8je krav p\u00e5 kvalitet og som kan bruges dagligt.Velegnet til dem der \u00f8nsker et blidt shampoo til daglig brug.","og_url":"https:\/\/www.ekholmnordic.se\/produkt\/prob-aloe-vera-schampo-skonsamt-och-aterfuktande-for-kanslig-hud-och-pals\/","og_site_name":"Ekholm Vision - PROB SERIEN","article_modified_time":"2019-08-12T07:52:11+00:00","og_image":[{"width":1263,"height":3083,"url":"https:\/\/www.ekholmnordic.se\/wp-content\/uploads\/2017\/02\/Aloevera-500ml-1-1.jpg","type":"image\/jpeg"}],"twitter_card":"summary_large_image","twitter_misc":{"Estimeret l\u00e6setid":"1 minut"},"schema":{"@context":"https:\/\/schema.org","@graph":[{"@type":"WebPage","@id":"https:\/\/www.ekholmnordic.se\/produkt\/prob-aloe-vera-schampo-skonsamt-och-aterfuktande-for-kanslig-hud-och-pals\/","url":"https:\/\/www.ekholmnordic.se\/produkt\/prob-aloe-vera-schampo-skonsamt-och-aterfuktande-for-kanslig-hud-och-pals\/","name":"PROB ALOE VERA SHAMPOO 500 ML - Ekholm Vision - PROB SERIEN","isPartOf":{"@id":"https:\/\/www.ekholmnordic.se\/#website"},"primaryImageOfPage":{"@id":"https:\/\/www.ekholmnordic.se\/produkt\/prob-aloe-vera-schampo-skonsamt-och-aterfuktande-for-kanslig-hud-och-pals\/#primaryimage"},"image":{"@id":"https:\/\/www.ekholmnordic.se\/produkt\/prob-aloe-vera-schampo-skonsamt-och-aterfuktande-for-kanslig-hud-och-pals\/#primaryimage"},"thumbnailUrl":"https:\/\/www.ekholmnordic.se\/wp-content\/uploads\/2017\/02\/Aloevera-500ml-1-1.jpg","datePublished":"2016-06-02T21:27:34+00:00","dateModified":"2019-08-12T07:52:11+00:00","breadcrumb":{"@id":"https:\/\/www.ekholmnordic.se\/produkt\/prob-aloe-vera-schampo-skonsamt-och-aterfuktande-for-kanslig-hud-och-pals\/#breadcrumb"},"inLanguage":"da-DK","potentialAction":[{"@type":"ReadAction","target":["https:\/\/www.ekholmnordic.se\/produkt\/prob-aloe-vera-schampo-skonsamt-och-aterfuktande-for-kanslig-hud-och-pals\/"]}]},{"@type":"ImageObject","inLanguage":"da-DK","@id":"https:\/\/www.ekholmnordic.se\/produkt\/prob-aloe-vera-schampo-skonsamt-och-aterfuktande-for-kanslig-hud-och-pals\/#primaryimage","url":"https:\/\/www.ekholmnordic.se\/wp-content\/uploads\/2017\/02\/Aloevera-500ml-1-1.jpg","contentUrl":"https:\/\/www.ekholmnordic.se\/wp-content\/uploads\/2017\/02\/Aloevera-500ml-1-1.jpg","width":1263,"height":3083,"caption":"aloe vera schampo"},{"@type":"BreadcrumbList","@id":"https:\/\/www.ekholmnordic.se\/produkt\/prob-aloe-vera-schampo-skonsamt-och-aterfuktande-for-kanslig-hud-och-pals\/#breadcrumb","itemListElement":[{"@type":"ListItem","position":1,"name":"Hem","item":"https:\/\/www.ekholmnordic.se\/da\/"},{"@type":"ListItem","position":2,"name":"WEBSHOP","item":"https:\/\/www.ekholmnordic.se\/da\/webshop\/"},{"@type":"ListItem","position":3,"name":"PROB ALOE VERA SHAMPOO 500 ML"}]},{"@type":"WebSite","@id":"https:\/\/www.ekholmnordic.se\/#website","url":"https:\/\/www.ekholmnordic.se\/","name":"Ekholm Vision - PROB SERIEN","description":"F\u00d6R EN OPTIMAL HUD OCH P\u00c4LSV\u00c5RD","potentialAction":[{"@type":"SearchAction","target":{"@type":"EntryPoint","urlTemplate":"https:\/\/www.ekholmnordic.se\/?s={search_term_string}"},"query-input":{"@type":"PropertyValueSpecification","valueRequired":true,"valueName":"search_term_string"}}],"inLanguage":"da-DK"}]}},"_links":{"self":[{"href":"https:\/\/www.ekholmnordic.se\/da\/wp-json\/wp\/v2\/product\/6508","targetHints":{"allow":["GET"]}}],"collection":[{"href":"https:\/\/www.ekholmnordic.se\/da\/wp-json\/wp\/v2\/product"}],"about":[{"href":"https:\/\/www.ekholmnordic.se\/da\/wp-json\/wp\/v2\/types\/product"}],"replies":[{"embeddable":true,"href":"https:\/\/www.ekholmnordic.se\/da\/wp-json\/wp\/v2\/comments?post=6508"}],"wp:featuredmedia":[{"embeddable":true,"href":"https:\/\/www.ekholmnordic.se\/da\/wp-json\/wp\/v2\/media\/1676"}],"wp:attachment":[{"href":"https:\/\/www.ekholmnordic.se\/da\/wp-json\/wp\/v2\/media?parent=6508"}],"wp:term":[{"taxonomy":"product_brand","embeddable":true,"href":"https:\/\/www.ekholmnordic.se\/da\/wp-json\/wp\/v2\/product_brand?post=6508"},{"taxonomy":"product_cat","embeddable":true,"href":"https:\/\/www.ekholmnordic.se\/da\/wp-json\/wp\/v2\/product_cat?post=6508"},{"taxonomy":"product_tag","embeddable":true,"href":"https:\/\/www.ekholmnordic.se\/da\/wp-json\/wp\/v2\/product_tag?post=6508"}],"curies":[{"name":"wp","href":"https:\/\/api.w.org\/{rel}","templated":true}]}}