{"id":6506,"date":"2016-06-07T23:35:46","date_gmt":"2016-06-07T21:35:46","guid":{"rendered":"https:\/\/www.ekholmnordic.se\/produkt\/ekholms-prob-tjaereshampoo-200-ml\/"},"modified":"2023-11-09T19:45:01","modified_gmt":"2023-11-09T18:45:01","slug":"ekholms-prob-tjaereshampoo-200-ml","status":"publish","type":"product","link":"https:\/\/www.ekholmnordic.se\/da\/produkt\/ekholms-prob-tjaereshampoo-200-ml\/","title":{"rendered":"EKHOLMS PROB TJ\u00c6RESHAMPOO 200 ML"},"content":{"rendered":"<p>&nbsp;<\/p>\n<p><strong>PROB TJ\u00c6RESHAMPOO<\/strong><\/p>\n<p><strong>Prob Shampoo er et blidt groomingshampoo med en beroligende effekt p\u00e5 f\u00f8lsom og irriteret hud. L\u00f8ser op for hudaflejringer og sk\u00e6l. Er fugtgivende og effektiv reng\u00f8rende, forbedrer farverne og giver en fin glans i pelsen.<\/strong><\/p>\n<p><strong>Har en meget reng\u00f8rende effekt og bruges ogs\u00e5 som groomingshampoo fordi shampooen forbedrer farverne effektivt uden blegemiddel og farvestoffer. Fjerner effektivt urinpletter, misfarvning og snavs. Giver en flot glans til pelsen. Indeholder minimalt med emulgeringsmiddel s\u00e5 flasken skal rystes f\u00f8r brug.<\/strong><\/p>\n<p><strong>Shampooen indeholder blandt andet fyretr\u00e6tj\u00e6re og er derfor en fantastisk sommershampoo p\u00e5 grund af duften af tj\u00e6re. Duften forsvinder n\u00e6sten helt n\u00e5r pelsen er t\u00f8r.<\/strong><\/p>\n<p><strong>Prob Shampooen har en god effekt mod kl\u00f8e for\u00e5rsaget af insektbid og sol.<\/strong><\/p>\n<p><strong>Prob Shampoo er et velpr\u00f8vet produkt med mange \u00e5r p\u00e5 markedet. Kombineres gerne med \u00f8vrige Prob-produkter som Prob Olie, Prob Deo og Prob Supercream.<\/strong><\/p>\n<p><strong>Kan ogs\u00e5 bruges til sm\u00e5 hvalpe og dr\u00e6gtige dyr.<\/strong><\/p>\n<p><strong>Brugsanvisning:<\/strong><\/p>\n<ol>\n<li><strong>Bl\u00f8dg\u00f8r pelsen med vand og arbejd ind shampooen i pelsen.<\/strong><\/li>\n<\/ol>\n<p>&nbsp;<\/p>\n<ol start=\"2\">\n<li><strong>Ved hudirritation, lad virke i 20-30 minutter f\u00f8r grundig skylning. Vask gerne en gang om ugen eller efter behov.<\/strong><\/li>\n<\/ol>\n<p><strong>Kan ogs\u00e5 bruges som almindelig shampoo.<\/strong><\/p>\n<p><strong>Ved bestilling af hele kartoner, 15* 200 ml pr. karton fratr\u00e6kkes automatisk rabat -5%.<\/strong><\/p>\n<p><strong>INCI: Agua,<\/strong><strong>\u00a0PEG-7 Glyceryl Cocoate<\/strong><strong>, Glycerol, Pinus Wood Tar, Sodium laureth sulfate, Phenoxyethanol<\/strong><\/p>\n<p>Pakning.<br \/>\n200 ml<br \/>\n500 ml<br \/>\n2,5 L<\/p>\n","protected":false},"excerpt":{"rendered":"<h6><strong>Prob Shampoo er et blidt groomingshampoo med en beroligende effekt p\u00e5 f\u00f8lsom og irriteret hud. L\u00f8ser op for hudaflejringer og sk\u00e6l. Er fugtgivende og effektiv reng\u00f8rende, forbedrer farverne og giver en fin glans i pelsen.<\/strong><\/h6>\n","protected":false},"featured_media":22459,"comment_status":"closed","ping_status":"closed","template":"","meta":{"_monsterinsights_skip_tracking":false,"_monsterinsights_sitenote_active":false,"_monsterinsights_sitenote_note":"","_monsterinsights_sitenote_category":0},"product_brand":[],"product_cat":[104,110],"product_tag":[],"class_list":{"0":"post-6506","1":"product","2":"type-product","3":"status-publish","4":"has-post-thumbnail","6":"product_cat-alle-prob-produkter","7":"product_cat-prob-tjaereshampoo","10":"first","11":"outofstock","12":"taxable","13":"shipping-taxable","14":"purchasable","15":"product-type-simple"},"yoast_head":"<!-- This site is optimized with the Yoast SEO plugin v27.4 - https:\/\/yoast.com\/product\/yoast-seo-wordpress\/ -->\n<title>EKHOLMS PROB TJ\u00c6RESHAMPOO 200 ML - Ekholm Vision - PROB SERIEN<\/title>\n<meta name=\"robots\" content=\"index, follow, max-snippet:-1, max-image-preview:large, max-video-preview:-1\" \/>\n<link rel=\"canonical\" href=\"https:\/\/www.ekholmnordic.se\/da\/produkt\/ekholms-prob-tjaereshampoo-200-ml\/\" \/>\n<meta property=\"og:locale\" content=\"da_DK\" \/>\n<meta property=\"og:type\" content=\"article\" \/>\n<meta property=\"og:title\" content=\"EKHOLMS PROB TJ\u00c6RESHAMPOO 200 ML - Ekholm Vision - PROB SERIEN\" \/>\n<meta property=\"og:description\" content=\"Prob Shampoo er et blidt groomingshampoo med en beroligende effekt p\u00e5 f\u00f8lsom og irriteret hud. L\u00f8ser op for hudaflejringer og sk\u00e6l. Er fugtgivende og effektiv reng\u00f8rende, forbedrer farverne og giver en fin glans i pelsen.\" \/>\n<meta property=\"og:url\" content=\"https:\/\/www.ekholmnordic.se\/da\/produkt\/ekholms-prob-tjaereshampoo-200-ml\/\" \/>\n<meta property=\"og:site_name\" content=\"Ekholm Vision - PROB SERIEN\" \/>\n<meta property=\"article:modified_time\" content=\"2023-11-09T18:45:01+00:00\" \/>\n<meta property=\"og:image\" content=\"https:\/\/www.ekholmnordic.se\/wp-content\/uploads\/2018\/03\/2.jpg\" \/>\n\t<meta property=\"og:image:width\" content=\"700\" \/>\n\t<meta property=\"og:image:height\" content=\"500\" \/>\n\t<meta property=\"og:image:type\" content=\"image\/jpeg\" \/>\n<meta name=\"twitter:card\" content=\"summary_large_image\" \/>\n<meta name=\"twitter:label1\" content=\"Estimeret l\u00e6setid\" \/>\n\t<meta name=\"twitter:data1\" content=\"1 minut\" \/>\n<script type=\"application\/ld+json\" class=\"yoast-schema-graph\">{\"@context\":\"https:\\\/\\\/schema.org\",\"@graph\":[{\"@type\":\"WebPage\",\"@id\":\"https:\\\/\\\/www.ekholmnordic.se\\\/da\\\/produkt\\\/ekholms-prob-tjaereshampoo-200-ml\\\/\",\"url\":\"https:\\\/\\\/www.ekholmnordic.se\\\/da\\\/produkt\\\/ekholms-prob-tjaereshampoo-200-ml\\\/\",\"name\":\"EKHOLMS PROB TJ\u00c6RESHAMPOO 200 ML - Ekholm Vision - PROB SERIEN\",\"isPartOf\":{\"@id\":\"https:\\\/\\\/www.ekholmnordic.se\\\/#website\"},\"primaryImageOfPage\":{\"@id\":\"https:\\\/\\\/www.ekholmnordic.se\\\/da\\\/produkt\\\/ekholms-prob-tjaereshampoo-200-ml\\\/#primaryimage\"},\"image\":{\"@id\":\"https:\\\/\\\/www.ekholmnordic.se\\\/da\\\/produkt\\\/ekholms-prob-tjaereshampoo-200-ml\\\/#primaryimage\"},\"thumbnailUrl\":\"https:\\\/\\\/www.ekholmnordic.se\\\/wp-content\\\/uploads\\\/2018\\\/03\\\/2.jpg\",\"datePublished\":\"2016-06-07T21:35:46+00:00\",\"dateModified\":\"2023-11-09T18:45:01+00:00\",\"breadcrumb\":{\"@id\":\"https:\\\/\\\/www.ekholmnordic.se\\\/da\\\/produkt\\\/ekholms-prob-tjaereshampoo-200-ml\\\/#breadcrumb\"},\"inLanguage\":\"da-DK\",\"potentialAction\":[{\"@type\":\"ReadAction\",\"target\":[\"https:\\\/\\\/www.ekholmnordic.se\\\/da\\\/produkt\\\/ekholms-prob-tjaereshampoo-200-ml\\\/\"]}]},{\"@type\":\"ImageObject\",\"inLanguage\":\"da-DK\",\"@id\":\"https:\\\/\\\/www.ekholmnordic.se\\\/da\\\/produkt\\\/ekholms-prob-tjaereshampoo-200-ml\\\/#primaryimage\",\"url\":\"https:\\\/\\\/www.ekholmnordic.se\\\/wp-content\\\/uploads\\\/2018\\\/03\\\/2.jpg\",\"contentUrl\":\"https:\\\/\\\/www.ekholmnordic.se\\\/wp-content\\\/uploads\\\/2018\\\/03\\\/2.jpg\",\"width\":700,\"height\":500,\"caption\":\"tj\u00e4rschampo\"},{\"@type\":\"BreadcrumbList\",\"@id\":\"https:\\\/\\\/www.ekholmnordic.se\\\/da\\\/produkt\\\/ekholms-prob-tjaereshampoo-200-ml\\\/#breadcrumb\",\"itemListElement\":[{\"@type\":\"ListItem\",\"position\":1,\"name\":\"Hem\",\"item\":\"https:\\\/\\\/www.ekholmnordic.se\\\/da\\\/\"},{\"@type\":\"ListItem\",\"position\":2,\"name\":\"WEBSHOP\",\"item\":\"https:\\\/\\\/www.ekholmnordic.se\\\/da\\\/webshop\\\/\"},{\"@type\":\"ListItem\",\"position\":3,\"name\":\"EKHOLMS PROB TJ\u00c6RESHAMPOO 200 ML\"}]},{\"@type\":\"WebSite\",\"@id\":\"https:\\\/\\\/www.ekholmnordic.se\\\/#website\",\"url\":\"https:\\\/\\\/www.ekholmnordic.se\\\/\",\"name\":\"Ekholm Vision - PROB SERIEN\",\"description\":\"F\u00d6R EN OPTIMAL HUD OCH P\u00c4LSV\u00c5RD\",\"potentialAction\":[{\"@type\":\"SearchAction\",\"target\":{\"@type\":\"EntryPoint\",\"urlTemplate\":\"https:\\\/\\\/www.ekholmnordic.se\\\/?s={search_term_string}\"},\"query-input\":{\"@type\":\"PropertyValueSpecification\",\"valueRequired\":true,\"valueName\":\"search_term_string\"}}],\"inLanguage\":\"da-DK\"}]}<\/script>\n<!-- \/ Yoast SEO plugin. -->","yoast_head_json":{"title":"EKHOLMS PROB TJ\u00c6RESHAMPOO 200 ML - Ekholm Vision - PROB SERIEN","robots":{"index":"index","follow":"follow","max-snippet":"max-snippet:-1","max-image-preview":"max-image-preview:large","max-video-preview":"max-video-preview:-1"},"canonical":"https:\/\/www.ekholmnordic.se\/da\/produkt\/ekholms-prob-tjaereshampoo-200-ml\/","og_locale":"da_DK","og_type":"article","og_title":"EKHOLMS PROB TJ\u00c6RESHAMPOO 200 ML - Ekholm Vision - PROB SERIEN","og_description":"Prob Shampoo er et blidt groomingshampoo med en beroligende effekt p\u00e5 f\u00f8lsom og irriteret hud. L\u00f8ser op for hudaflejringer og sk\u00e6l. Er fugtgivende og effektiv reng\u00f8rende, forbedrer farverne og giver en fin glans i pelsen.","og_url":"https:\/\/www.ekholmnordic.se\/da\/produkt\/ekholms-prob-tjaereshampoo-200-ml\/","og_site_name":"Ekholm Vision - PROB SERIEN","article_modified_time":"2023-11-09T18:45:01+00:00","og_image":[{"width":700,"height":500,"url":"https:\/\/www.ekholmnordic.se\/wp-content\/uploads\/2018\/03\/2.jpg","type":"image\/jpeg"}],"twitter_card":"summary_large_image","twitter_misc":{"Estimeret l\u00e6setid":"1 minut"},"schema":{"@context":"https:\/\/schema.org","@graph":[{"@type":"WebPage","@id":"https:\/\/www.ekholmnordic.se\/da\/produkt\/ekholms-prob-tjaereshampoo-200-ml\/","url":"https:\/\/www.ekholmnordic.se\/da\/produkt\/ekholms-prob-tjaereshampoo-200-ml\/","name":"EKHOLMS PROB TJ\u00c6RESHAMPOO 200 ML - Ekholm Vision - PROB SERIEN","isPartOf":{"@id":"https:\/\/www.ekholmnordic.se\/#website"},"primaryImageOfPage":{"@id":"https:\/\/www.ekholmnordic.se\/da\/produkt\/ekholms-prob-tjaereshampoo-200-ml\/#primaryimage"},"image":{"@id":"https:\/\/www.ekholmnordic.se\/da\/produkt\/ekholms-prob-tjaereshampoo-200-ml\/#primaryimage"},"thumbnailUrl":"https:\/\/www.ekholmnordic.se\/wp-content\/uploads\/2018\/03\/2.jpg","datePublished":"2016-06-07T21:35:46+00:00","dateModified":"2023-11-09T18:45:01+00:00","breadcrumb":{"@id":"https:\/\/www.ekholmnordic.se\/da\/produkt\/ekholms-prob-tjaereshampoo-200-ml\/#breadcrumb"},"inLanguage":"da-DK","potentialAction":[{"@type":"ReadAction","target":["https:\/\/www.ekholmnordic.se\/da\/produkt\/ekholms-prob-tjaereshampoo-200-ml\/"]}]},{"@type":"ImageObject","inLanguage":"da-DK","@id":"https:\/\/www.ekholmnordic.se\/da\/produkt\/ekholms-prob-tjaereshampoo-200-ml\/#primaryimage","url":"https:\/\/www.ekholmnordic.se\/wp-content\/uploads\/2018\/03\/2.jpg","contentUrl":"https:\/\/www.ekholmnordic.se\/wp-content\/uploads\/2018\/03\/2.jpg","width":700,"height":500,"caption":"tj\u00e4rschampo"},{"@type":"BreadcrumbList","@id":"https:\/\/www.ekholmnordic.se\/da\/produkt\/ekholms-prob-tjaereshampoo-200-ml\/#breadcrumb","itemListElement":[{"@type":"ListItem","position":1,"name":"Hem","item":"https:\/\/www.ekholmnordic.se\/da\/"},{"@type":"ListItem","position":2,"name":"WEBSHOP","item":"https:\/\/www.ekholmnordic.se\/da\/webshop\/"},{"@type":"ListItem","position":3,"name":"EKHOLMS PROB TJ\u00c6RESHAMPOO 200 ML"}]},{"@type":"WebSite","@id":"https:\/\/www.ekholmnordic.se\/#website","url":"https:\/\/www.ekholmnordic.se\/","name":"Ekholm Vision - PROB SERIEN","description":"F\u00d6R EN OPTIMAL HUD OCH P\u00c4LSV\u00c5RD","potentialAction":[{"@type":"SearchAction","target":{"@type":"EntryPoint","urlTemplate":"https:\/\/www.ekholmnordic.se\/?s={search_term_string}"},"query-input":{"@type":"PropertyValueSpecification","valueRequired":true,"valueName":"search_term_string"}}],"inLanguage":"da-DK"}]}},"_links":{"self":[{"href":"https:\/\/www.ekholmnordic.se\/da\/wp-json\/wp\/v2\/product\/6506","targetHints":{"allow":["GET"]}}],"collection":[{"href":"https:\/\/www.ekholmnordic.se\/da\/wp-json\/wp\/v2\/product"}],"about":[{"href":"https:\/\/www.ekholmnordic.se\/da\/wp-json\/wp\/v2\/types\/product"}],"replies":[{"embeddable":true,"href":"https:\/\/www.ekholmnordic.se\/da\/wp-json\/wp\/v2\/comments?post=6506"}],"wp:featuredmedia":[{"embeddable":true,"href":"https:\/\/www.ekholmnordic.se\/da\/wp-json\/wp\/v2\/media\/22459"}],"wp:attachment":[{"href":"https:\/\/www.ekholmnordic.se\/da\/wp-json\/wp\/v2\/media?parent=6506"}],"wp:term":[{"taxonomy":"product_brand","embeddable":true,"href":"https:\/\/www.ekholmnordic.se\/da\/wp-json\/wp\/v2\/product_brand?post=6506"},{"taxonomy":"product_cat","embeddable":true,"href":"https:\/\/www.ekholmnordic.se\/da\/wp-json\/wp\/v2\/product_cat?post=6506"},{"taxonomy":"product_tag","embeddable":true,"href":"https:\/\/www.ekholmnordic.se\/da\/wp-json\/wp\/v2\/product_tag?post=6506"}],"curies":[{"name":"wp","href":"https:\/\/api.w.org\/{rel}","templated":true}]}}