{"id":6496,"date":"2016-06-16T23:16:35","date_gmt":"2016-06-16T21:16:35","guid":{"rendered":"https:\/\/www.ekholmnordic.se\/produkt\/prob-pelsglans-200-ml\/"},"modified":"2019-08-12T09:47:19","modified_gmt":"2019-08-12T07:47:19","slug":"prob-pelsglans-200-ml","status":"publish","type":"product","link":"https:\/\/www.ekholmnordic.se\/da\/produkt\/prob-pelsglans-200-ml\/","title":{"rendered":"PROB PELSGLANS 200 ML"},"content":{"rendered":"<p><strong>PELSGLANS<\/strong><\/p>\n<p><strong>Et silkebaseret pelsglans som indeholder minimalt med silikone og giver h\u00f8j glans. Silke og Silikone afviser effektivt snavs s\u00e5 at det ikke havner i pelsen.\u00a0<\/strong><\/p>\n<p><strong>Brugsanvisning:<\/strong><\/p>\n<ol>\n<li><strong>Drej mundstykket til \u201dspray\u201d. Spray hele dyret. Undg\u00e5 og spr\u00f8jt i \u00f8jnene og luftveje.<\/strong><\/li>\n<\/ol>\n<p><strong>\u00a0 \u00a0 \u00a0 \u00a02. Pelsglans skal ikke skylles v\u00e6k, men skal t\u00f8rre i pelsen og v\u00e6re\u00a0 \u00a0 \u00a0 \u00a0 \u00a0 \u00a0 \u00a0 som en beskyttende hinde rundt om h\u00e5rstr\u00e5ene.<\/strong><\/p>\n<ol start=\"3\">\n<li><strong>B\u00f8rst eventuelt dyret. Hvis dyret har bl\u00f8d eller kr\u00f8llet pels anbefaler vi PROB Spraybalsam i stedet for Pelsglans.<\/strong><\/li>\n<\/ol>\n<p><strong>INCI-navn: Stearamidopropyl Dimethylamine, Tocopherol (E-vitamin), Cetylalkohol, Simmondsia chinensis, Olea Europaea, Panthenol, Aloe Vera, Silk Amino Acid, silicon oil, Phenoxyethanol, Caprylyl Glycerol<\/strong><\/p>\n<p><strong>Ved bestilling af hele kartoner, 15*200 ml pr. karton fratr\u00e6kkes automatisk rabat -5%.<\/strong><\/p>\n<p>&nbsp;<\/p>\n","protected":false},"excerpt":{"rendered":"<h6><strong>Et silkebaseret pelsglans\u00a0<\/strong><\/h6>\n","protected":false},"featured_media":1030,"comment_status":"closed","ping_status":"closed","template":"","meta":{"_monsterinsights_skip_tracking":false,"_monsterinsights_sitenote_active":false,"_monsterinsights_sitenote_note":"","_monsterinsights_sitenote_category":0},"product_brand":[],"product_cat":[104],"product_tag":[],"class_list":{"0":"post-6496","1":"product","2":"type-product","3":"status-publish","4":"has-post-thumbnail","6":"product_cat-alle-prob-produkter","9":"first","10":"outofstock","11":"taxable","12":"shipping-taxable","13":"purchasable","14":"product-type-simple"},"yoast_head":"<!-- This site is optimized with the Yoast SEO plugin v27.5 - https:\/\/yoast.com\/product\/yoast-seo-wordpress\/ -->\n<title>PROB PELSGLANS 200 ML - Ekholm Vision - PROB SERIEN<\/title>\n<meta name=\"robots\" content=\"index, follow, max-snippet:-1, max-image-preview:large, max-video-preview:-1\" \/>\n<link rel=\"canonical\" href=\"https:\/\/www.ekholmnordic.se\/?post_type=product&p=909\" \/>\n<meta property=\"og:locale\" content=\"da_DK\" \/>\n<meta property=\"og:type\" content=\"article\" \/>\n<meta property=\"og:title\" content=\"PROB PELSGLANS 200 ML - Ekholm Vision - PROB SERIEN\" \/>\n<meta property=\"og:description\" content=\"Et silkebaseret pelsglans\u00a0\" \/>\n<meta property=\"og:url\" content=\"https:\/\/www.ekholmnordic.se\/?post_type=product&amp;p=909\" \/>\n<meta property=\"og:site_name\" content=\"Ekholm Vision - PROB SERIEN\" \/>\n<meta property=\"article:modified_time\" content=\"2019-08-12T07:47:19+00:00\" \/>\n<meta property=\"og:image\" content=\"https:\/\/www.ekholmnordic.se\/wp-content\/uploads\/2016\/06\/P\u00e4lsglans-200-1024x680.jpg\" \/>\n\t<meta property=\"og:image:width\" content=\"1024\" \/>\n\t<meta property=\"og:image:height\" content=\"680\" \/>\n\t<meta property=\"og:image:type\" content=\"image\/jpeg\" \/>\n<meta name=\"twitter:card\" content=\"summary_large_image\" \/>\n<meta name=\"twitter:label1\" content=\"Estimeret l\u00e6setid\" \/>\n\t<meta name=\"twitter:data1\" content=\"1 minut\" \/>\n<script type=\"application\/ld+json\" class=\"yoast-schema-graph\">{\"@context\":\"https:\\\/\\\/schema.org\",\"@graph\":[{\"@type\":\"WebPage\",\"@id\":\"https:\\\/\\\/www.ekholmnordic.se\\\/?post_type=product&p=909\",\"url\":\"https:\\\/\\\/www.ekholmnordic.se\\\/?post_type=product&p=909\",\"name\":\"PROB PELSGLANS 200 ML - Ekholm Vision - PROB SERIEN\",\"isPartOf\":{\"@id\":\"https:\\\/\\\/www.ekholmnordic.se\\\/#website\"},\"primaryImageOfPage\":{\"@id\":\"https:\\\/\\\/www.ekholmnordic.se\\\/?post_type=product&p=909#primaryimage\"},\"image\":{\"@id\":\"https:\\\/\\\/www.ekholmnordic.se\\\/?post_type=product&p=909#primaryimage\"},\"thumbnailUrl\":\"https:\\\/\\\/www.ekholmnordic.se\\\/wp-content\\\/uploads\\\/2016\\\/06\\\/P\u00e4lsglans-200.jpg\",\"datePublished\":\"2016-06-16T21:16:35+00:00\",\"dateModified\":\"2019-08-12T07:47:19+00:00\",\"breadcrumb\":{\"@id\":\"https:\\\/\\\/www.ekholmnordic.se\\\/?post_type=product&p=909#breadcrumb\"},\"inLanguage\":\"da-DK\",\"potentialAction\":[{\"@type\":\"ReadAction\",\"target\":[\"https:\\\/\\\/www.ekholmnordic.se\\\/?post_type=product&p=909\"]}]},{\"@type\":\"ImageObject\",\"inLanguage\":\"da-DK\",\"@id\":\"https:\\\/\\\/www.ekholmnordic.se\\\/?post_type=product&p=909#primaryimage\",\"url\":\"https:\\\/\\\/www.ekholmnordic.se\\\/wp-content\\\/uploads\\\/2016\\\/06\\\/P\u00e4lsglans-200.jpg\",\"contentUrl\":\"https:\\\/\\\/www.ekholmnordic.se\\\/wp-content\\\/uploads\\\/2016\\\/06\\\/P\u00e4lsglans-200.jpg\",\"width\":4288,\"height\":2848},{\"@type\":\"BreadcrumbList\",\"@id\":\"https:\\\/\\\/www.ekholmnordic.se\\\/?post_type=product&p=909#breadcrumb\",\"itemListElement\":[{\"@type\":\"ListItem\",\"position\":1,\"name\":\"Hem\",\"item\":\"https:\\\/\\\/www.ekholmnordic.se\\\/da\\\/\"},{\"@type\":\"ListItem\",\"position\":2,\"name\":\"WEBSHOP\",\"item\":\"https:\\\/\\\/www.ekholmnordic.se\\\/da\\\/webshop\\\/\"},{\"@type\":\"ListItem\",\"position\":3,\"name\":\"PROB PELSGLANS 200 ML\"}]},{\"@type\":\"WebSite\",\"@id\":\"https:\\\/\\\/www.ekholmnordic.se\\\/#website\",\"url\":\"https:\\\/\\\/www.ekholmnordic.se\\\/\",\"name\":\"Ekholm Vision - PROB SERIEN\",\"description\":\"F\u00d6R EN OPTIMAL HUD OCH P\u00c4LSV\u00c5RD\",\"potentialAction\":[{\"@type\":\"SearchAction\",\"target\":{\"@type\":\"EntryPoint\",\"urlTemplate\":\"https:\\\/\\\/www.ekholmnordic.se\\\/?s={search_term_string}\"},\"query-input\":{\"@type\":\"PropertyValueSpecification\",\"valueRequired\":true,\"valueName\":\"search_term_string\"}}],\"inLanguage\":\"da-DK\"}]}<\/script>\n<!-- \/ Yoast SEO plugin. -->","yoast_head_json":{"title":"PROB PELSGLANS 200 ML - Ekholm Vision - PROB SERIEN","robots":{"index":"index","follow":"follow","max-snippet":"max-snippet:-1","max-image-preview":"max-image-preview:large","max-video-preview":"max-video-preview:-1"},"canonical":"https:\/\/www.ekholmnordic.se\/?post_type=product&p=909","og_locale":"da_DK","og_type":"article","og_title":"PROB PELSGLANS 200 ML - Ekholm Vision - PROB SERIEN","og_description":"Et silkebaseret pelsglans\u00a0","og_url":"https:\/\/www.ekholmnordic.se\/?post_type=product&p=909","og_site_name":"Ekholm Vision - PROB SERIEN","article_modified_time":"2019-08-12T07:47:19+00:00","og_image":[{"width":1024,"height":680,"url":"https:\/\/www.ekholmnordic.se\/wp-content\/uploads\/2016\/06\/P\u00e4lsglans-200-1024x680.jpg","type":"image\/jpeg"}],"twitter_card":"summary_large_image","twitter_misc":{"Estimeret l\u00e6setid":"1 minut"},"schema":{"@context":"https:\/\/schema.org","@graph":[{"@type":"WebPage","@id":"https:\/\/www.ekholmnordic.se\/?post_type=product&p=909","url":"https:\/\/www.ekholmnordic.se\/?post_type=product&p=909","name":"PROB PELSGLANS 200 ML - Ekholm Vision - PROB SERIEN","isPartOf":{"@id":"https:\/\/www.ekholmnordic.se\/#website"},"primaryImageOfPage":{"@id":"https:\/\/www.ekholmnordic.se\/?post_type=product&p=909#primaryimage"},"image":{"@id":"https:\/\/www.ekholmnordic.se\/?post_type=product&p=909#primaryimage"},"thumbnailUrl":"https:\/\/www.ekholmnordic.se\/wp-content\/uploads\/2016\/06\/P\u00e4lsglans-200.jpg","datePublished":"2016-06-16T21:16:35+00:00","dateModified":"2019-08-12T07:47:19+00:00","breadcrumb":{"@id":"https:\/\/www.ekholmnordic.se\/?post_type=product&p=909#breadcrumb"},"inLanguage":"da-DK","potentialAction":[{"@type":"ReadAction","target":["https:\/\/www.ekholmnordic.se\/?post_type=product&p=909"]}]},{"@type":"ImageObject","inLanguage":"da-DK","@id":"https:\/\/www.ekholmnordic.se\/?post_type=product&p=909#primaryimage","url":"https:\/\/www.ekholmnordic.se\/wp-content\/uploads\/2016\/06\/P\u00e4lsglans-200.jpg","contentUrl":"https:\/\/www.ekholmnordic.se\/wp-content\/uploads\/2016\/06\/P\u00e4lsglans-200.jpg","width":4288,"height":2848},{"@type":"BreadcrumbList","@id":"https:\/\/www.ekholmnordic.se\/?post_type=product&p=909#breadcrumb","itemListElement":[{"@type":"ListItem","position":1,"name":"Hem","item":"https:\/\/www.ekholmnordic.se\/da\/"},{"@type":"ListItem","position":2,"name":"WEBSHOP","item":"https:\/\/www.ekholmnordic.se\/da\/webshop\/"},{"@type":"ListItem","position":3,"name":"PROB PELSGLANS 200 ML"}]},{"@type":"WebSite","@id":"https:\/\/www.ekholmnordic.se\/#website","url":"https:\/\/www.ekholmnordic.se\/","name":"Ekholm Vision - PROB SERIEN","description":"F\u00d6R EN OPTIMAL HUD OCH P\u00c4LSV\u00c5RD","potentialAction":[{"@type":"SearchAction","target":{"@type":"EntryPoint","urlTemplate":"https:\/\/www.ekholmnordic.se\/?s={search_term_string}"},"query-input":{"@type":"PropertyValueSpecification","valueRequired":true,"valueName":"search_term_string"}}],"inLanguage":"da-DK"}]}},"_links":{"self":[{"href":"https:\/\/www.ekholmnordic.se\/da\/wp-json\/wp\/v2\/product\/6496","targetHints":{"allow":["GET"]}}],"collection":[{"href":"https:\/\/www.ekholmnordic.se\/da\/wp-json\/wp\/v2\/product"}],"about":[{"href":"https:\/\/www.ekholmnordic.se\/da\/wp-json\/wp\/v2\/types\/product"}],"replies":[{"embeddable":true,"href":"https:\/\/www.ekholmnordic.se\/da\/wp-json\/wp\/v2\/comments?post=6496"}],"wp:featuredmedia":[{"embeddable":true,"href":"https:\/\/www.ekholmnordic.se\/da\/wp-json\/wp\/v2\/media\/1030"}],"wp:attachment":[{"href":"https:\/\/www.ekholmnordic.se\/da\/wp-json\/wp\/v2\/media?parent=6496"}],"wp:term":[{"taxonomy":"product_brand","embeddable":true,"href":"https:\/\/www.ekholmnordic.se\/da\/wp-json\/wp\/v2\/product_brand?post=6496"},{"taxonomy":"product_cat","embeddable":true,"href":"https:\/\/www.ekholmnordic.se\/da\/wp-json\/wp\/v2\/product_cat?post=6496"},{"taxonomy":"product_tag","embeddable":true,"href":"https:\/\/www.ekholmnordic.se\/da\/wp-json\/wp\/v2\/product_tag?post=6496"}],"curies":[{"name":"wp","href":"https:\/\/api.w.org\/{rel}","templated":true}]}}