{"id":6491,"date":"2016-08-04T14:07:39","date_gmt":"2016-08-04T12:07:39","guid":{"rendered":"https:\/\/www.ekholmnordic.se\/produkt\/stinkkiller\/"},"modified":"2019-08-12T09:45:38","modified_gmt":"2019-08-12T07:45:38","slug":"stinkkiller","status":"publish","type":"product","link":"https:\/\/www.ekholmnordic.se\/da\/produkt\/stinkkiller\/","title":{"rendered":"STINKKILLER"},"content":{"rendered":"<p><strong>STINKKILLER\u00a0<\/strong><\/p>\n<p><strong>Universalmiddel til alle hjem og dyreejere.<\/strong><\/p>\n<p><strong>Fjerner effektivt d\u00e5rlige lugte som opkastninger, urin-, cigaret-, indelukket lugt med mere.<\/strong><br \/>\n<strong>STINK KILLER d\u00e6kker ikke den d\u00e5rlige lugt, men fjerner den rent faktisk ogs\u00e5.<\/strong><br \/>\n<strong>D\u00e5rlig lugte er normalt frodige, voksende skadelige, vanligvis farlige bakterier. <\/strong><br \/>\n<strong>STINK KILLER virker med fine laktobakterier som spiser ildelugtende bakterier indtil al lugt er v\u00e6k.<\/strong><\/p>\n<p><strong>Kan med fordel drysses i bunden af reptil-, fugle- og andre sm\u00e5dyrs burer. Fremragende i skraldespand for at holde disse friske og lugtfrie. Hvis du lader pulveret v\u00e6re kan det fungere i skraldespanden flere m\u00e5neder. <\/strong><br \/>\n<strong>Fungerer godt p\u00e5 m\u00f8bler, gulvspringer i forbindelse med opkastninger, hunde og kat urin. Forl\u00e6nger livsl\u00e6ngde af kattegruset i kattebakken med mere. <\/strong><br \/>\n<strong>Sug pulveret ind i st\u00f8vsugerposen for at slippe den d\u00e5rlige duft.<\/strong><\/p>\n<p><strong>BRUGSANVISNING<\/strong><\/p>\n<ol>\n<li><strong>Str\u00f8 0,5-1 dl i kattebakken. Det forl\u00e6nger sandets livsl\u00e6ngde og holder lugten v\u00e6k.<\/strong><\/li>\n<\/ol>\n<p>&nbsp;<\/p>\n<p><strong>Str\u00f8 ca. 1 dl i bunden og rundt ved kanterne i skraldespanden, lad det blive der, fungerer normalt i flere m\u00e5neder.<\/strong><\/p>\n<p>&nbsp;<\/p>\n<ol start=\"2\">\n<li><strong>I tilf\u00e6lde af opkastninger p\u00e5 sofaer, t\u00e6pper, bils\u00e6der, gulve og gulvspring og alle plane overflader.<\/strong><\/li>\n<\/ol>\n<p><strong>Str\u00f8 og b\u00f8rst pulveret i springer eller tekstiler, lad det ligge i nogle timer eller over natten og st\u00f8vsug s\u00e5 pulveret op, alt er friskt og godt igen.<\/strong><\/p>\n<p><strong>Helt giftfri, \u00f8del\u00e6gger hverken tekstiler eller andre overflader.<\/strong><\/p>\n<p><strong>5% rabat ved k\u00f8b af en fuld karton.\u00a0 Indeholder 15 stk.<\/strong><\/p>\n","protected":false},"excerpt":{"rendered":"<h6><strong style=\"font-size: 16px\">Universalmiddel til alle hjem og dyreejere.\u00a0<\/strong><strong style=\"font-size: 16px\">Fjerner effektivt d\u00e5rlige lugte som opkastninger, urin-, cigaret-, indelukket lugt med mere.<\/strong><\/h6>\n","protected":false},"featured_media":22744,"comment_status":"closed","ping_status":"closed","template":"","meta":{"_monsterinsights_skip_tracking":false,"_monsterinsights_sitenote_active":false,"_monsterinsights_sitenote_note":"","_monsterinsights_sitenote_category":0},"product_brand":[],"product_cat":[104],"product_tag":[],"class_list":{"0":"post-6491","1":"product","2":"type-product","3":"status-publish","4":"has-post-thumbnail","6":"product_cat-alle-prob-produkter","9":"first","10":"instock","11":"taxable","12":"shipping-taxable","13":"purchasable","14":"product-type-simple"},"yoast_head":"<!-- This site is optimized with the Yoast SEO plugin v27.5 - https:\/\/yoast.com\/product\/yoast-seo-wordpress\/ -->\n<title>STINKKILLER - Ekholm Vision - PROB SERIEN<\/title>\n<meta name=\"robots\" content=\"index, follow, max-snippet:-1, max-image-preview:large, max-video-preview:-1\" \/>\n<link rel=\"canonical\" href=\"https:\/\/www.ekholmnordic.se\/produkt\/prob-stinkkiller-biologisk-och-giftfri-luktsanerare-i-pulverform\/\" \/>\n<meta property=\"og:locale\" content=\"da_DK\" \/>\n<meta property=\"og:type\" content=\"article\" \/>\n<meta property=\"og:title\" content=\"STINKKILLER - Ekholm Vision - PROB SERIEN\" \/>\n<meta property=\"og:description\" content=\"Universalmiddel til alle hjem og dyreejere.\u00a0Fjerner effektivt d\u00e5rlige lugte som opkastninger, urin-, cigaret-, indelukket lugt med mere.\" \/>\n<meta property=\"og:url\" content=\"https:\/\/www.ekholmnordic.se\/produkt\/prob-stinkkiller-biologisk-och-giftfri-luktsanerare-i-pulverform\/\" \/>\n<meta property=\"og:site_name\" content=\"Ekholm Vision - PROB SERIEN\" \/>\n<meta property=\"article:modified_time\" content=\"2019-08-12T07:45:38+00:00\" \/>\n<meta property=\"og:image\" content=\"https:\/\/www.ekholmnordic.se\/wp-content\/uploads\/2018\/03\/17.jpg\" \/>\n\t<meta property=\"og:image:width\" content=\"700\" \/>\n\t<meta property=\"og:image:height\" content=\"500\" \/>\n\t<meta property=\"og:image:type\" content=\"image\/jpeg\" \/>\n<meta name=\"twitter:card\" content=\"summary_large_image\" \/>\n<meta name=\"twitter:label1\" content=\"Estimeret l\u00e6setid\" \/>\n\t<meta name=\"twitter:data1\" content=\"1 minut\" \/>\n<script type=\"application\/ld+json\" class=\"yoast-schema-graph\">{\"@context\":\"https:\\\/\\\/schema.org\",\"@graph\":[{\"@type\":\"WebPage\",\"@id\":\"https:\\\/\\\/www.ekholmnordic.se\\\/produkt\\\/prob-stinkkiller-biologisk-och-giftfri-luktsanerare-i-pulverform\\\/\",\"url\":\"https:\\\/\\\/www.ekholmnordic.se\\\/produkt\\\/prob-stinkkiller-biologisk-och-giftfri-luktsanerare-i-pulverform\\\/\",\"name\":\"STINKKILLER - Ekholm Vision - PROB SERIEN\",\"isPartOf\":{\"@id\":\"https:\\\/\\\/www.ekholmnordic.se\\\/#website\"},\"primaryImageOfPage\":{\"@id\":\"https:\\\/\\\/www.ekholmnordic.se\\\/produkt\\\/prob-stinkkiller-biologisk-och-giftfri-luktsanerare-i-pulverform\\\/#primaryimage\"},\"image\":{\"@id\":\"https:\\\/\\\/www.ekholmnordic.se\\\/produkt\\\/prob-stinkkiller-biologisk-och-giftfri-luktsanerare-i-pulverform\\\/#primaryimage\"},\"thumbnailUrl\":\"https:\\\/\\\/www.ekholmnordic.se\\\/wp-content\\\/uploads\\\/2018\\\/03\\\/17.jpg\",\"datePublished\":\"2016-08-04T12:07:39+00:00\",\"dateModified\":\"2019-08-12T07:45:38+00:00\",\"breadcrumb\":{\"@id\":\"https:\\\/\\\/www.ekholmnordic.se\\\/produkt\\\/prob-stinkkiller-biologisk-och-giftfri-luktsanerare-i-pulverform\\\/#breadcrumb\"},\"inLanguage\":\"da-DK\",\"potentialAction\":[{\"@type\":\"ReadAction\",\"target\":[\"https:\\\/\\\/www.ekholmnordic.se\\\/produkt\\\/prob-stinkkiller-biologisk-och-giftfri-luktsanerare-i-pulverform\\\/\"]}]},{\"@type\":\"ImageObject\",\"inLanguage\":\"da-DK\",\"@id\":\"https:\\\/\\\/www.ekholmnordic.se\\\/produkt\\\/prob-stinkkiller-biologisk-och-giftfri-luktsanerare-i-pulverform\\\/#primaryimage\",\"url\":\"https:\\\/\\\/www.ekholmnordic.se\\\/wp-content\\\/uploads\\\/2018\\\/03\\\/17.jpg\",\"contentUrl\":\"https:\\\/\\\/www.ekholmnordic.se\\\/wp-content\\\/uploads\\\/2018\\\/03\\\/17.jpg\",\"width\":700,\"height\":500,\"caption\":\"Prob Stinkkiller\"},{\"@type\":\"BreadcrumbList\",\"@id\":\"https:\\\/\\\/www.ekholmnordic.se\\\/produkt\\\/prob-stinkkiller-biologisk-och-giftfri-luktsanerare-i-pulverform\\\/#breadcrumb\",\"itemListElement\":[{\"@type\":\"ListItem\",\"position\":1,\"name\":\"Hem\",\"item\":\"https:\\\/\\\/www.ekholmnordic.se\\\/da\\\/\"},{\"@type\":\"ListItem\",\"position\":2,\"name\":\"WEBSHOP\",\"item\":\"https:\\\/\\\/www.ekholmnordic.se\\\/da\\\/webshop\\\/\"},{\"@type\":\"ListItem\",\"position\":3,\"name\":\"STINKKILLER\"}]},{\"@type\":\"WebSite\",\"@id\":\"https:\\\/\\\/www.ekholmnordic.se\\\/#website\",\"url\":\"https:\\\/\\\/www.ekholmnordic.se\\\/\",\"name\":\"Ekholm Vision - PROB SERIEN\",\"description\":\"F\u00d6R EN OPTIMAL HUD OCH P\u00c4LSV\u00c5RD\",\"potentialAction\":[{\"@type\":\"SearchAction\",\"target\":{\"@type\":\"EntryPoint\",\"urlTemplate\":\"https:\\\/\\\/www.ekholmnordic.se\\\/?s={search_term_string}\"},\"query-input\":{\"@type\":\"PropertyValueSpecification\",\"valueRequired\":true,\"valueName\":\"search_term_string\"}}],\"inLanguage\":\"da-DK\"}]}<\/script>\n<!-- \/ Yoast SEO plugin. -->","yoast_head_json":{"title":"STINKKILLER - Ekholm Vision - PROB SERIEN","robots":{"index":"index","follow":"follow","max-snippet":"max-snippet:-1","max-image-preview":"max-image-preview:large","max-video-preview":"max-video-preview:-1"},"canonical":"https:\/\/www.ekholmnordic.se\/produkt\/prob-stinkkiller-biologisk-och-giftfri-luktsanerare-i-pulverform\/","og_locale":"da_DK","og_type":"article","og_title":"STINKKILLER - Ekholm Vision - PROB SERIEN","og_description":"Universalmiddel til alle hjem og dyreejere.\u00a0Fjerner effektivt d\u00e5rlige lugte som opkastninger, urin-, cigaret-, indelukket lugt med mere.","og_url":"https:\/\/www.ekholmnordic.se\/produkt\/prob-stinkkiller-biologisk-och-giftfri-luktsanerare-i-pulverform\/","og_site_name":"Ekholm Vision - PROB SERIEN","article_modified_time":"2019-08-12T07:45:38+00:00","og_image":[{"width":700,"height":500,"url":"https:\/\/www.ekholmnordic.se\/wp-content\/uploads\/2018\/03\/17.jpg","type":"image\/jpeg"}],"twitter_card":"summary_large_image","twitter_misc":{"Estimeret l\u00e6setid":"1 minut"},"schema":{"@context":"https:\/\/schema.org","@graph":[{"@type":"WebPage","@id":"https:\/\/www.ekholmnordic.se\/produkt\/prob-stinkkiller-biologisk-och-giftfri-luktsanerare-i-pulverform\/","url":"https:\/\/www.ekholmnordic.se\/produkt\/prob-stinkkiller-biologisk-och-giftfri-luktsanerare-i-pulverform\/","name":"STINKKILLER - Ekholm Vision - PROB SERIEN","isPartOf":{"@id":"https:\/\/www.ekholmnordic.se\/#website"},"primaryImageOfPage":{"@id":"https:\/\/www.ekholmnordic.se\/produkt\/prob-stinkkiller-biologisk-och-giftfri-luktsanerare-i-pulverform\/#primaryimage"},"image":{"@id":"https:\/\/www.ekholmnordic.se\/produkt\/prob-stinkkiller-biologisk-och-giftfri-luktsanerare-i-pulverform\/#primaryimage"},"thumbnailUrl":"https:\/\/www.ekholmnordic.se\/wp-content\/uploads\/2018\/03\/17.jpg","datePublished":"2016-08-04T12:07:39+00:00","dateModified":"2019-08-12T07:45:38+00:00","breadcrumb":{"@id":"https:\/\/www.ekholmnordic.se\/produkt\/prob-stinkkiller-biologisk-och-giftfri-luktsanerare-i-pulverform\/#breadcrumb"},"inLanguage":"da-DK","potentialAction":[{"@type":"ReadAction","target":["https:\/\/www.ekholmnordic.se\/produkt\/prob-stinkkiller-biologisk-och-giftfri-luktsanerare-i-pulverform\/"]}]},{"@type":"ImageObject","inLanguage":"da-DK","@id":"https:\/\/www.ekholmnordic.se\/produkt\/prob-stinkkiller-biologisk-och-giftfri-luktsanerare-i-pulverform\/#primaryimage","url":"https:\/\/www.ekholmnordic.se\/wp-content\/uploads\/2018\/03\/17.jpg","contentUrl":"https:\/\/www.ekholmnordic.se\/wp-content\/uploads\/2018\/03\/17.jpg","width":700,"height":500,"caption":"Prob Stinkkiller"},{"@type":"BreadcrumbList","@id":"https:\/\/www.ekholmnordic.se\/produkt\/prob-stinkkiller-biologisk-och-giftfri-luktsanerare-i-pulverform\/#breadcrumb","itemListElement":[{"@type":"ListItem","position":1,"name":"Hem","item":"https:\/\/www.ekholmnordic.se\/da\/"},{"@type":"ListItem","position":2,"name":"WEBSHOP","item":"https:\/\/www.ekholmnordic.se\/da\/webshop\/"},{"@type":"ListItem","position":3,"name":"STINKKILLER"}]},{"@type":"WebSite","@id":"https:\/\/www.ekholmnordic.se\/#website","url":"https:\/\/www.ekholmnordic.se\/","name":"Ekholm Vision - PROB SERIEN","description":"F\u00d6R EN OPTIMAL HUD OCH P\u00c4LSV\u00c5RD","potentialAction":[{"@type":"SearchAction","target":{"@type":"EntryPoint","urlTemplate":"https:\/\/www.ekholmnordic.se\/?s={search_term_string}"},"query-input":{"@type":"PropertyValueSpecification","valueRequired":true,"valueName":"search_term_string"}}],"inLanguage":"da-DK"}]}},"_links":{"self":[{"href":"https:\/\/www.ekholmnordic.se\/da\/wp-json\/wp\/v2\/product\/6491","targetHints":{"allow":["GET"]}}],"collection":[{"href":"https:\/\/www.ekholmnordic.se\/da\/wp-json\/wp\/v2\/product"}],"about":[{"href":"https:\/\/www.ekholmnordic.se\/da\/wp-json\/wp\/v2\/types\/product"}],"replies":[{"embeddable":true,"href":"https:\/\/www.ekholmnordic.se\/da\/wp-json\/wp\/v2\/comments?post=6491"}],"wp:featuredmedia":[{"embeddable":true,"href":"https:\/\/www.ekholmnordic.se\/da\/wp-json\/wp\/v2\/media\/22744"}],"wp:attachment":[{"href":"https:\/\/www.ekholmnordic.se\/da\/wp-json\/wp\/v2\/media?parent=6491"}],"wp:term":[{"taxonomy":"product_brand","embeddable":true,"href":"https:\/\/www.ekholmnordic.se\/da\/wp-json\/wp\/v2\/product_brand?post=6491"},{"taxonomy":"product_cat","embeddable":true,"href":"https:\/\/www.ekholmnordic.se\/da\/wp-json\/wp\/v2\/product_cat?post=6491"},{"taxonomy":"product_tag","embeddable":true,"href":"https:\/\/www.ekholmnordic.se\/da\/wp-json\/wp\/v2\/product_tag?post=6491"}],"curies":[{"name":"wp","href":"https:\/\/api.w.org\/{rel}","templated":true}]}}