{"id":6486,"date":"2018-07-05T10:12:09","date_gmt":"2018-07-05T08:12:09","guid":{"rendered":"https:\/\/www.ekholmnordic.se\/produkt\/prob-hovpakke-prob-hovbalsam\/"},"modified":"2019-05-23T22:20:27","modified_gmt":"2019-05-23T20:20:27","slug":"prob-hovpakke-prob-hovbalsam","status":"publish","type":"product","link":"https:\/\/www.ekholmnordic.se\/da\/produkt\/prob-hovpakke-prob-hovbalsam\/","title":{"rendered":"PROB HOVPAKKE (PROB HOVBALSAM OG PROB SURSTR\u00c5LE)"},"content":{"rendered":"<p><img loading=\"lazy\" decoding=\"async\" class=\"alignleft size-medium wp-image-6372\" src=\"https:\/\/www.ekholmnordic.se\/wp-content\/uploads\/2018\/07\/Hov-med-Surstr\u00e5lesticks-300x300.jpg\" alt=\"\" width=\"300\" height=\"300\" srcset=\"https:\/\/www.ekholmnordic.se\/wp-content\/uploads\/2018\/07\/Hov-med-Surstr\u00e5lesticks-300x300.jpg 300w, https:\/\/www.ekholmnordic.se\/wp-content\/uploads\/2018\/07\/Hov-med-Surstr\u00e5lesticks-150x150.jpg 150w, https:\/\/www.ekholmnordic.se\/wp-content\/uploads\/2018\/07\/Hov-med-Surstr\u00e5lesticks-100x100.jpg 100w, https:\/\/www.ekholmnordic.se\/wp-content\/uploads\/2018\/07\/Hov-med-Surstr\u00e5lesticks-865x864.jpg 865w, https:\/\/www.ekholmnordic.se\/wp-content\/uploads\/2018\/07\/Hov-med-Surstr\u00e5lesticks-600x599.jpg 600w, https:\/\/www.ekholmnordic.se\/wp-content\/uploads\/2018\/07\/Hov-med-Surstr\u00e5lesticks.jpg 960w\" sizes=\"auto, (max-width: 300px) 100vw, 300px\" \/>Vi tilbyder en Hovpakke med begge produkter Hovbalsam og Surstr\u00e5le det giver de optimale muligheder for at holde hoven i god stand med regelm\u00e6ssig anvendelse.<br \/>\nHvis hoven er i d\u00e5rlig stand, f\u00e5r man det bedste resultat ved at kombinere begge produkter.<\/p>\n<p>Prob Surstr\u00e5le holder str\u00e5len sund og i den rigtige fugtbalance.<br \/>\nHvis du ser \u00e6ndringer i str\u00e5len, presses et PROB Salve stik ind i str\u00e5len. Str\u00e5len genvinder hurtigt sin korrekte fugtbalance samtidig med at snavs ikke kommer ind i str\u00e5len.<br \/>\nKan med fordel bruges i str\u00e5lefuren ogs\u00e5.<br \/>\nV\u00e6r opm\u00e6rksom p\u00e5 hovene n\u00e5r hesten st\u00e5r p\u00e5 stald eller g\u00e5r p\u00e5 l\u00f8sdrift da hovene er meget udsatte for urin, aff\u00f8ring osv., eller bl\u00f8dt og mudret underlag.<br \/>\nS\u00f8rg for at altid ridse hovene hver dag.<br \/>\nPROB Surstr\u00e5le indeholder ikke nogle dehydrerende l\u00f8sningsmidler.<br \/>\nEn god forebyggende behandling er at ridse hovene hver dag og se til at str\u00e5len er fin.<br \/>\nV\u00e6r opm\u00e6rksom p\u00e5 mindste \u00e6ndring i str\u00e5len.<\/p>\n<p><img loading=\"lazy\" decoding=\"async\" class=\"alignleft size-medium wp-image-6377\" src=\"https:\/\/www.ekholmnordic.se\/wp-content\/uploads\/2016\/04\/Surstr\u00e5le-gruksanvisning-300x273.jpg\" alt=\"\" width=\"300\" height=\"273\" srcset=\"https:\/\/www.ekholmnordic.se\/wp-content\/uploads\/2016\/04\/Surstr\u00e5le-gruksanvisning-300x273.jpg 300w, https:\/\/www.ekholmnordic.se\/wp-content\/uploads\/2016\/04\/Surstr\u00e5le-gruksanvisning-100x91.jpg 100w, https:\/\/www.ekholmnordic.se\/wp-content\/uploads\/2016\/04\/Surstr\u00e5le-gruksanvisning-600x545.jpg 600w, https:\/\/www.ekholmnordic.se\/wp-content\/uploads\/2016\/04\/Surstr\u00e5le-gruksanvisning.jpg 660w\" sizes=\"auto, (max-width: 300px) 100vw, 300px\" \/><\/p>\n<p>Brug gerne PROB HOVBALSAM regelm\u00e6ssigt.<\/p>\n<p>Kan med fordel ogs\u00e5 bruges til f\u00f8l og dr\u00e6gtige dyr.<br \/>\nVedligehold hovene for at undg\u00e5 un\u00f8dige problemer.<br \/>\nIndeholder nu ekstra tj\u00e6redrev.<\/p>\n<p>PROB Hovbalsam holder hovens fugtbalance og elasticitet i god stand.<\/p>\n<p>PROB Hovbalsam beskytter og stopper angreb p\u00e5 hoven. Kan ikke tr\u00e6nge ind i hoven.<br \/>\nUndg\u00e5 at hoven spr\u00e6kker, dette kan for\u00e5rsage alvorlige hovproblemer.<\/p>\n<p>Hvis str\u00e5len har brug for yderligere omhu kan du kombinere med PROB SURSTR\u00c5LE<br \/>\nHvis du passer p\u00e5 hovene undg\u00e5r du normalt dyre problemer og din hest har det godt.<br \/>\nBrugsanvisning:<br \/>\nBrug pensel eller klud, pensle hele hoven med regelm\u00e6ssige mellemrum eller n\u00e5r det er n\u00f8dvendigt. Gerne en gang om ugen.<\/p>\n","protected":false},"excerpt":{"rendered":"<h6>PROB Hovpakke med begge produkter Hovbalsam og Surstr\u00e5le det giver de optimale muligheder for at holde hoven i god stand med regelm\u00e6ssig anvendelse.<\/h6>\n","protected":false},"featured_media":22383,"comment_status":"closed","ping_status":"closed","template":"","meta":{"_monsterinsights_skip_tracking":false,"_monsterinsights_sitenote_active":false,"_monsterinsights_sitenote_note":"","_monsterinsights_sitenote_category":0},"product_brand":[],"product_cat":[104,106],"product_tag":[],"class_list":{"0":"post-6486","1":"product","2":"type-product","3":"status-publish","4":"has-post-thumbnail","6":"product_cat-alle-prob-produkter","7":"product_cat-hovpleje","10":"first","11":"instock","12":"sale","13":"taxable","14":"shipping-taxable","15":"purchasable","16":"product-type-simple"},"yoast_head":"<!-- This site is optimized with the Yoast SEO plugin v27.6 - https:\/\/yoast.com\/product\/yoast-seo-wordpress\/ -->\n<title>PROB HOVPAKKE (PROB HOVBALSAM OG PROB SURSTR\u00c5LE) - Ekholm Vision - PROB SERIEN<\/title>\n<meta name=\"robots\" content=\"index, follow, max-snippet:-1, max-image-preview:large, max-video-preview:-1\" \/>\n<link rel=\"canonical\" href=\"https:\/\/www.ekholmnordic.se\/da\/produkt\/prob-hovpakke-prob-hovbalsam\/\" \/>\n<meta property=\"og:locale\" content=\"da_DK\" \/>\n<meta property=\"og:type\" content=\"article\" \/>\n<meta property=\"og:title\" content=\"PROB HOVPAKKE (PROB HOVBALSAM OG PROB SURSTR\u00c5LE) - Ekholm Vision - PROB SERIEN\" \/>\n<meta property=\"og:description\" content=\"PROB Hovpakke med begge produkter Hovbalsam og Surstr\u00e5le det giver de optimale muligheder for at holde hoven i god stand med regelm\u00e6ssig anvendelse.\" \/>\n<meta property=\"og:url\" content=\"https:\/\/www.ekholmnordic.se\/da\/produkt\/prob-hovpakke-prob-hovbalsam\/\" \/>\n<meta property=\"og:site_name\" content=\"Ekholm Vision - PROB SERIEN\" \/>\n<meta property=\"article:modified_time\" content=\"2019-05-23T20:20:27+00:00\" \/>\n<meta property=\"og:image\" content=\"https:\/\/www.ekholmnordic.se\/wp-content\/uploads\/2018\/07\/5.png\" \/>\n\t<meta property=\"og:image:width\" content=\"700\" \/>\n\t<meta property=\"og:image:height\" content=\"700\" \/>\n\t<meta property=\"og:image:type\" content=\"image\/png\" \/>\n<meta name=\"twitter:card\" content=\"summary_large_image\" \/>\n<meta name=\"twitter:label1\" content=\"Estimeret l\u00e6setid\" \/>\n\t<meta name=\"twitter:data1\" content=\"2 minutter\" \/>\n<script type=\"application\/ld+json\" class=\"yoast-schema-graph\">{\"@context\":\"https:\\\/\\\/schema.org\",\"@graph\":[{\"@type\":\"WebPage\",\"@id\":\"https:\\\/\\\/www.ekholmnordic.se\\\/da\\\/produkt\\\/prob-hovpakke-prob-hovbalsam\\\/\",\"url\":\"https:\\\/\\\/www.ekholmnordic.se\\\/da\\\/produkt\\\/prob-hovpakke-prob-hovbalsam\\\/\",\"name\":\"PROB HOVPAKKE (PROB HOVBALSAM OG PROB SURSTR\u00c5LE) - Ekholm Vision - PROB SERIEN\",\"isPartOf\":{\"@id\":\"https:\\\/\\\/www.ekholmnordic.se\\\/#website\"},\"primaryImageOfPage\":{\"@id\":\"https:\\\/\\\/www.ekholmnordic.se\\\/da\\\/produkt\\\/prob-hovpakke-prob-hovbalsam\\\/#primaryimage\"},\"image\":{\"@id\":\"https:\\\/\\\/www.ekholmnordic.se\\\/da\\\/produkt\\\/prob-hovpakke-prob-hovbalsam\\\/#primaryimage\"},\"thumbnailUrl\":\"https:\\\/\\\/www.ekholmnordic.se\\\/wp-content\\\/uploads\\\/2018\\\/07\\\/5.png\",\"datePublished\":\"2018-07-05T08:12:09+00:00\",\"dateModified\":\"2019-05-23T20:20:27+00:00\",\"breadcrumb\":{\"@id\":\"https:\\\/\\\/www.ekholmnordic.se\\\/da\\\/produkt\\\/prob-hovpakke-prob-hovbalsam\\\/#breadcrumb\"},\"inLanguage\":\"da-DK\",\"potentialAction\":[{\"@type\":\"ReadAction\",\"target\":[\"https:\\\/\\\/www.ekholmnordic.se\\\/da\\\/produkt\\\/prob-hovpakke-prob-hovbalsam\\\/\"]}]},{\"@type\":\"ImageObject\",\"inLanguage\":\"da-DK\",\"@id\":\"https:\\\/\\\/www.ekholmnordic.se\\\/da\\\/produkt\\\/prob-hovpakke-prob-hovbalsam\\\/#primaryimage\",\"url\":\"https:\\\/\\\/www.ekholmnordic.se\\\/wp-content\\\/uploads\\\/2018\\\/07\\\/5.png\",\"contentUrl\":\"https:\\\/\\\/www.ekholmnordic.se\\\/wp-content\\\/uploads\\\/2018\\\/07\\\/5.png\",\"width\":700,\"height\":700},{\"@type\":\"BreadcrumbList\",\"@id\":\"https:\\\/\\\/www.ekholmnordic.se\\\/da\\\/produkt\\\/prob-hovpakke-prob-hovbalsam\\\/#breadcrumb\",\"itemListElement\":[{\"@type\":\"ListItem\",\"position\":1,\"name\":\"Hem\",\"item\":\"https:\\\/\\\/www.ekholmnordic.se\\\/da\\\/\"},{\"@type\":\"ListItem\",\"position\":2,\"name\":\"WEBSHOP\",\"item\":\"https:\\\/\\\/www.ekholmnordic.se\\\/da\\\/webshop\\\/\"},{\"@type\":\"ListItem\",\"position\":3,\"name\":\"PROB HOVPAKKE (PROB HOVBALSAM OG PROB SURSTR\u00c5LE)\"}]},{\"@type\":\"WebSite\",\"@id\":\"https:\\\/\\\/www.ekholmnordic.se\\\/#website\",\"url\":\"https:\\\/\\\/www.ekholmnordic.se\\\/\",\"name\":\"Ekholm Vision - PROB SERIEN\",\"description\":\"F\u00d6R EN OPTIMAL HUD OCH P\u00c4LSV\u00c5RD\",\"potentialAction\":[{\"@type\":\"SearchAction\",\"target\":{\"@type\":\"EntryPoint\",\"urlTemplate\":\"https:\\\/\\\/www.ekholmnordic.se\\\/?s={search_term_string}\"},\"query-input\":{\"@type\":\"PropertyValueSpecification\",\"valueRequired\":true,\"valueName\":\"search_term_string\"}}],\"inLanguage\":\"da-DK\"}]}<\/script>\n<!-- \/ Yoast SEO plugin. -->","yoast_head_json":{"title":"PROB HOVPAKKE (PROB HOVBALSAM OG PROB SURSTR\u00c5LE) - Ekholm Vision - PROB SERIEN","robots":{"index":"index","follow":"follow","max-snippet":"max-snippet:-1","max-image-preview":"max-image-preview:large","max-video-preview":"max-video-preview:-1"},"canonical":"https:\/\/www.ekholmnordic.se\/da\/produkt\/prob-hovpakke-prob-hovbalsam\/","og_locale":"da_DK","og_type":"article","og_title":"PROB HOVPAKKE (PROB HOVBALSAM OG PROB SURSTR\u00c5LE) - Ekholm Vision - PROB SERIEN","og_description":"PROB Hovpakke med begge produkter Hovbalsam og Surstr\u00e5le det giver de optimale muligheder for at holde hoven i god stand med regelm\u00e6ssig anvendelse.","og_url":"https:\/\/www.ekholmnordic.se\/da\/produkt\/prob-hovpakke-prob-hovbalsam\/","og_site_name":"Ekholm Vision - PROB SERIEN","article_modified_time":"2019-05-23T20:20:27+00:00","og_image":[{"width":700,"height":700,"url":"https:\/\/www.ekholmnordic.se\/wp-content\/uploads\/2018\/07\/5.png","type":"image\/png"}],"twitter_card":"summary_large_image","twitter_misc":{"Estimeret l\u00e6setid":"2 minutter"},"schema":{"@context":"https:\/\/schema.org","@graph":[{"@type":"WebPage","@id":"https:\/\/www.ekholmnordic.se\/da\/produkt\/prob-hovpakke-prob-hovbalsam\/","url":"https:\/\/www.ekholmnordic.se\/da\/produkt\/prob-hovpakke-prob-hovbalsam\/","name":"PROB HOVPAKKE (PROB HOVBALSAM OG PROB SURSTR\u00c5LE) - Ekholm Vision - PROB SERIEN","isPartOf":{"@id":"https:\/\/www.ekholmnordic.se\/#website"},"primaryImageOfPage":{"@id":"https:\/\/www.ekholmnordic.se\/da\/produkt\/prob-hovpakke-prob-hovbalsam\/#primaryimage"},"image":{"@id":"https:\/\/www.ekholmnordic.se\/da\/produkt\/prob-hovpakke-prob-hovbalsam\/#primaryimage"},"thumbnailUrl":"https:\/\/www.ekholmnordic.se\/wp-content\/uploads\/2018\/07\/5.png","datePublished":"2018-07-05T08:12:09+00:00","dateModified":"2019-05-23T20:20:27+00:00","breadcrumb":{"@id":"https:\/\/www.ekholmnordic.se\/da\/produkt\/prob-hovpakke-prob-hovbalsam\/#breadcrumb"},"inLanguage":"da-DK","potentialAction":[{"@type":"ReadAction","target":["https:\/\/www.ekholmnordic.se\/da\/produkt\/prob-hovpakke-prob-hovbalsam\/"]}]},{"@type":"ImageObject","inLanguage":"da-DK","@id":"https:\/\/www.ekholmnordic.se\/da\/produkt\/prob-hovpakke-prob-hovbalsam\/#primaryimage","url":"https:\/\/www.ekholmnordic.se\/wp-content\/uploads\/2018\/07\/5.png","contentUrl":"https:\/\/www.ekholmnordic.se\/wp-content\/uploads\/2018\/07\/5.png","width":700,"height":700},{"@type":"BreadcrumbList","@id":"https:\/\/www.ekholmnordic.se\/da\/produkt\/prob-hovpakke-prob-hovbalsam\/#breadcrumb","itemListElement":[{"@type":"ListItem","position":1,"name":"Hem","item":"https:\/\/www.ekholmnordic.se\/da\/"},{"@type":"ListItem","position":2,"name":"WEBSHOP","item":"https:\/\/www.ekholmnordic.se\/da\/webshop\/"},{"@type":"ListItem","position":3,"name":"PROB HOVPAKKE (PROB HOVBALSAM OG PROB SURSTR\u00c5LE)"}]},{"@type":"WebSite","@id":"https:\/\/www.ekholmnordic.se\/#website","url":"https:\/\/www.ekholmnordic.se\/","name":"Ekholm Vision - PROB SERIEN","description":"F\u00d6R EN OPTIMAL HUD OCH P\u00c4LSV\u00c5RD","potentialAction":[{"@type":"SearchAction","target":{"@type":"EntryPoint","urlTemplate":"https:\/\/www.ekholmnordic.se\/?s={search_term_string}"},"query-input":{"@type":"PropertyValueSpecification","valueRequired":true,"valueName":"search_term_string"}}],"inLanguage":"da-DK"}]}},"_links":{"self":[{"href":"https:\/\/www.ekholmnordic.se\/da\/wp-json\/wp\/v2\/product\/6486","targetHints":{"allow":["GET"]}}],"collection":[{"href":"https:\/\/www.ekholmnordic.se\/da\/wp-json\/wp\/v2\/product"}],"about":[{"href":"https:\/\/www.ekholmnordic.se\/da\/wp-json\/wp\/v2\/types\/product"}],"replies":[{"embeddable":true,"href":"https:\/\/www.ekholmnordic.se\/da\/wp-json\/wp\/v2\/comments?post=6486"}],"wp:featuredmedia":[{"embeddable":true,"href":"https:\/\/www.ekholmnordic.se\/da\/wp-json\/wp\/v2\/media\/22383"}],"wp:attachment":[{"href":"https:\/\/www.ekholmnordic.se\/da\/wp-json\/wp\/v2\/media?parent=6486"}],"wp:term":[{"taxonomy":"product_brand","embeddable":true,"href":"https:\/\/www.ekholmnordic.se\/da\/wp-json\/wp\/v2\/product_brand?post=6486"},{"taxonomy":"product_cat","embeddable":true,"href":"https:\/\/www.ekholmnordic.se\/da\/wp-json\/wp\/v2\/product_cat?post=6486"},{"taxonomy":"product_tag","embeddable":true,"href":"https:\/\/www.ekholmnordic.se\/da\/wp-json\/wp\/v2\/product_tag?post=6486"}],"curies":[{"name":"wp","href":"https:\/\/api.w.org\/{rel}","templated":true}]}}