{"id":6484,"date":"2018-05-30T06:30:39","date_gmt":"2018-05-30T04:30:39","guid":{"rendered":"https:\/\/www.ekholmnordic.se\/produkt\/prob-pakke-2\/"},"modified":"2019-05-30T17:33:49","modified_gmt":"2019-05-30T15:33:49","slug":"prob-pakke-2","status":"publish","type":"product","link":"https:\/\/www.ekholmnordic.se\/da\/produkt\/prob-pakke-2\/","title":{"rendered":"PROB PAKKE 2.  PROB TJ\u00c6RESHAMPOO 500 ML, PROB OLIE 200 ML, PROB SUMMERDEO 500 ML, PROB SUPERCREAME 100 ML"},"content":{"rendered":"<p>Her tilbydes fire produkter som alle har vist sig v\u00e6re effektive mod kl\u00f8e for\u00e5rsaget af insektangreb.<br \/>\nEller hvis man vil have produkterne hjemme for at kunne anvende dem i en bred vifte.<br \/>\nShamponere hesten en gang om ugen med Tj\u00e6reshampoo, lad virke i ca. 30 minutter f\u00f8r skylning.<img loading=\"lazy\" decoding=\"async\" class=\"alignleft size-medium wp-image-4575\" src=\"https:\/\/www.ekholmnordic.se\/wp-content\/uploads\/2016\/06\/Prob-Shampoo-500-ml-221x300.jpg\" alt=\"\" width=\"221\" height=\"300\" srcset=\"https:\/\/www.ekholmnordic.se\/wp-content\/uploads\/2016\/06\/Prob-Shampoo-500-ml-221x300.jpg 221w, https:\/\/www.ekholmnordic.se\/wp-content\/uploads\/2016\/06\/Prob-Shampoo-500-ml-600x816.jpg 600w, https:\/\/www.ekholmnordic.se\/wp-content\/uploads\/2016\/06\/Prob-Shampoo-500-ml-753x1024.jpg 753w, https:\/\/www.ekholmnordic.se\/wp-content\/uploads\/2016\/06\/Prob-Shampoo-500-ml-100x136.jpg 100w, https:\/\/www.ekholmnordic.se\/wp-content\/uploads\/2016\/06\/Prob-Shampoo-500-ml-1004x1365.jpg 1004w, https:\/\/www.ekholmnordic.se\/wp-content\/uploads\/2016\/06\/Prob-Shampoo-500-ml.jpg 1692w\" sizes=\"auto, (max-width: 221px) 100vw, 221px\" \/><br \/>\nSm\u00f8r daglig med Supercreame p\u00e5 udsatte omr\u00e5der, fx p\u00e5 yver, skab, bringe, mellem ganache mm for at opretholde huden i god tilstand.<br \/>\nDip olien i man og halerod i den tidsinterval der fungerer for din hest. Pr\u00f8v altid p\u00e5 et mindre omr\u00e5de for at se om hesten reagerer positivt p\u00e5 den. Ved en eventuel reaktion, b\u00f8r man stoppe behandlingen.<br \/>\nBland koncentrat Deo 1:1 med vand i en tom sprayflaske. Spray hver eftermiddag\/aften for at holde huden i god stand.<br \/>\nEt tip er at man starter med en shamponering, s\u00e5 kan du derefter sm\u00f8re hvis der er behov, en til to gange om dage med Supercreame. Deon b\u00f8r spr\u00f8jtes p\u00e5 pelsen dagligt og den bedste tid til det er p\u00e5 eftermiddagen\/aften.<br \/>\nOlien kan man vente med i 5-6 dage, indtil du har se effekten og kan evaluere de f\u00f8rste produkter du er begyndt at bruge.<br \/>\n\u00c5rsagen til at vi opfordrer med at vente med olien, er at hvis din hest f\u00e5r en reaktion p\u00e5 olien, s\u00e5 beh\u00f8ver du ikke afslutte med de \u00f8vrige Prob-produkter, men kan n\u00f8jes med at stoppe med olien.<br \/>\nDu kan bruge olien hver tredje dag og f\u00e5 en fornemmelse hvilket interval der passer din egen hest. Det er vigtigt at <img loading=\"lazy\" decoding=\"async\" class=\"alignleft size-medium wp-image-6563\" src=\"https:\/\/www.ekholmnordic.se\/wp-content\/uploads\/2018\/09\/sommer-deo-300x300.jpg\" alt=\"\" width=\"300\" height=\"300\" srcset=\"https:\/\/www.ekholmnordic.se\/wp-content\/uploads\/2018\/09\/sommer-deo-300x300.jpg 300w, https:\/\/www.ekholmnordic.se\/wp-content\/uploads\/2018\/09\/sommer-deo-150x150.jpg 150w, https:\/\/www.ekholmnordic.se\/wp-content\/uploads\/2018\/09\/sommer-deo-1024x1024.jpg 1024w, https:\/\/www.ekholmnordic.se\/wp-content\/uploads\/2018\/09\/sommer-deo-100x100.jpg 100w, https:\/\/www.ekholmnordic.se\/wp-content\/uploads\/2018\/09\/sommer-deo-865x865.jpg 865w, https:\/\/www.ekholmnordic.se\/wp-content\/uploads\/2018\/09\/sommer-deo-1004x1004.jpg 1004w, https:\/\/www.ekholmnordic.se\/wp-content\/uploads\/2018\/09\/sommer-deo-600x600.jpg 600w, https:\/\/www.ekholmnordic.se\/wp-content\/uploads\/2018\/09\/sommer-deo.jpg 1200w\" sizes=\"auto, (max-width: 300px) 100vw, 300px\" \/>du ikke overdoserer, men kun dr\u00e5ber med et mellemrum p\u00e5 ca. 5 cm. Du masserer et par sekunder i hestens h\u00e5r for at dr\u00e5ben skal flyde ud mere p\u00e5 huden.<br \/>\n<img loading=\"lazy\" decoding=\"async\" class=\"alignleft size-medium wp-image-4216\" src=\"https:\/\/www.ekholmnordic.se\/wp-content\/uploads\/2018\/03\/Prob-Supercream-100-ml-200x300.jpg\" alt=\"\" width=\"200\" height=\"300\" srcset=\"https:\/\/www.ekholmnordic.se\/wp-content\/uploads\/2018\/03\/Prob-Supercream-100-ml-200x300.jpg 200w, https:\/\/www.ekholmnordic.se\/wp-content\/uploads\/2018\/03\/Prob-Supercream-100-ml-600x900.jpg 600w, https:\/\/www.ekholmnordic.se\/wp-content\/uploads\/2018\/03\/Prob-Supercream-100-ml-683x1024.jpg 683w, https:\/\/www.ekholmnordic.se\/wp-content\/uploads\/2018\/03\/Prob-Supercream-100-ml-100x150.jpg 100w, https:\/\/www.ekholmnordic.se\/wp-content\/uploads\/2018\/03\/Prob-Supercream-100-ml-1004x1506.jpg 1004w, https:\/\/www.ekholmnordic.se\/wp-content\/uploads\/2018\/03\/Prob-Supercream-100-ml.jpg 1533w\" sizes=\"auto, (max-width: 200px) 100vw, 200px\" \/>Se beskrivelse p\u00e5 det respektive produkts egen side.<\/p>\n<p><img loading=\"lazy\" decoding=\"async\" class=\"alignleft size-medium wp-image-6783\" src=\"https:\/\/www.ekholmnordic.se\/wp-content\/uploads\/2018\/05\/200-ml-flaska-93x300.jpg\" alt=\"\" width=\"93\" height=\"300\" srcset=\"https:\/\/www.ekholmnordic.se\/wp-content\/uploads\/2018\/05\/200-ml-flaska-93x300.jpg 93w, https:\/\/www.ekholmnordic.se\/wp-content\/uploads\/2018\/05\/200-ml-flaska-100x322.jpg 100w, https:\/\/www.ekholmnordic.se\/wp-content\/uploads\/2018\/05\/200-ml-flaska.jpg 200w\" sizes=\"auto, (max-width: 93px) 100vw, 93px\" \/><\/p>\n","protected":false},"excerpt":{"rendered":"<p>EN EFFEKTIV PAKKE FOR ATT OPRETHOLDE HESTENS HUD I GOD STAND.<br \/>\nGOD MOD KL\u00d8E FOR\u00c5RSAGET AF INSEKTER OG SOL.<\/p>\n","protected":false},"featured_media":6485,"comment_status":"closed","ping_status":"closed","template":"","meta":{"_monsterinsights_skip_tracking":false,"_monsterinsights_sitenote_active":false,"_monsterinsights_sitenote_note":"","_monsterinsights_sitenote_category":0},"product_brand":[],"product_cat":[104,108,109,107,110],"product_tag":[],"class_list":{"0":"post-6484","1":"product","2":"type-product","3":"status-publish","4":"has-post-thumbnail","6":"product_cat-alle-prob-produkter","7":"product_cat-prob-o","8":"product_cat-prob-salve-creame","9":"product_cat-prob-s","10":"product_cat-prob-tjaereshampoo","13":"first","14":"instock","15":"sale","16":"taxable","17":"shipping-taxable","18":"purchasable","19":"product-type-simple"},"yoast_head":"<!-- This site is optimized with the Yoast SEO plugin v27.6 - https:\/\/yoast.com\/product\/yoast-seo-wordpress\/ -->\n<title>PROB PAKKE 2. PROB TJ\u00c6RESHAMPOO 500 ML, PROB OLIE 200 ML, PROB SUMMERDEO 500 ML, PROB SUPERCREAME 100 ML - Ekholm Vision - PROB SERIEN<\/title>\n<meta name=\"robots\" content=\"index, follow, max-snippet:-1, max-image-preview:large, max-video-preview:-1\" \/>\n<link rel=\"canonical\" href=\"https:\/\/www.ekholmnordic.se\/da\/produkt\/prob-pakke-2\/\" \/>\n<meta property=\"og:locale\" content=\"da_DK\" \/>\n<meta property=\"og:type\" content=\"article\" \/>\n<meta property=\"og:title\" content=\"PROB PAKKE 2. PROB TJ\u00c6RESHAMPOO 500 ML, PROB OLIE 200 ML, PROB SUMMERDEO 500 ML, PROB SUPERCREAME 100 ML - Ekholm Vision - PROB SERIEN\" \/>\n<meta property=\"og:description\" content=\"EN EFFEKTIV PAKKE FOR ATT OPRETHOLDE HESTENS HUD I GOD STAND. GOD MOD KL\u00d8E FOR\u00c5RSAGET AF INSEKTER OG SOL.\" \/>\n<meta property=\"og:url\" content=\"https:\/\/www.ekholmnordic.se\/da\/produkt\/prob-pakke-2\/\" \/>\n<meta property=\"og:site_name\" content=\"Ekholm Vision - PROB SERIEN\" \/>\n<meta property=\"article:modified_time\" content=\"2019-05-30T15:33:49+00:00\" \/>\n<meta property=\"og:image\" content=\"https:\/\/www.ekholmnordic.se\/wp-content\/uploads\/2018\/05\/PROB-SERIEN-1024x802.jpg\" \/>\n\t<meta property=\"og:image:width\" content=\"1024\" \/>\n\t<meta property=\"og:image:height\" content=\"802\" \/>\n\t<meta property=\"og:image:type\" content=\"image\/jpeg\" \/>\n<meta name=\"twitter:card\" content=\"summary_large_image\" \/>\n<meta name=\"twitter:label1\" content=\"Estimeret l\u00e6setid\" \/>\n\t<meta name=\"twitter:data1\" content=\"2 minutter\" \/>\n<script type=\"application\/ld+json\" class=\"yoast-schema-graph\">{\"@context\":\"https:\\\/\\\/schema.org\",\"@graph\":[{\"@type\":\"WebPage\",\"@id\":\"https:\\\/\\\/www.ekholmnordic.se\\\/da\\\/produkt\\\/prob-pakke-2\\\/\",\"url\":\"https:\\\/\\\/www.ekholmnordic.se\\\/da\\\/produkt\\\/prob-pakke-2\\\/\",\"name\":\"PROB PAKKE 2. PROB TJ\u00c6RESHAMPOO 500 ML, PROB OLIE 200 ML, PROB SUMMERDEO 500 ML, PROB SUPERCREAME 100 ML - Ekholm Vision - PROB SERIEN\",\"isPartOf\":{\"@id\":\"https:\\\/\\\/www.ekholmnordic.se\\\/#website\"},\"primaryImageOfPage\":{\"@id\":\"https:\\\/\\\/www.ekholmnordic.se\\\/da\\\/produkt\\\/prob-pakke-2\\\/#primaryimage\"},\"image\":{\"@id\":\"https:\\\/\\\/www.ekholmnordic.se\\\/da\\\/produkt\\\/prob-pakke-2\\\/#primaryimage\"},\"thumbnailUrl\":\"https:\\\/\\\/www.ekholmnordic.se\\\/wp-content\\\/uploads\\\/2018\\\/05\\\/PROB-SERIEN.jpg\",\"datePublished\":\"2018-05-30T04:30:39+00:00\",\"dateModified\":\"2019-05-30T15:33:49+00:00\",\"breadcrumb\":{\"@id\":\"https:\\\/\\\/www.ekholmnordic.se\\\/da\\\/produkt\\\/prob-pakke-2\\\/#breadcrumb\"},\"inLanguage\":\"da-DK\",\"potentialAction\":[{\"@type\":\"ReadAction\",\"target\":[\"https:\\\/\\\/www.ekholmnordic.se\\\/da\\\/produkt\\\/prob-pakke-2\\\/\"]}]},{\"@type\":\"ImageObject\",\"inLanguage\":\"da-DK\",\"@id\":\"https:\\\/\\\/www.ekholmnordic.se\\\/da\\\/produkt\\\/prob-pakke-2\\\/#primaryimage\",\"url\":\"https:\\\/\\\/www.ekholmnordic.se\\\/wp-content\\\/uploads\\\/2018\\\/05\\\/PROB-SERIEN.jpg\",\"contentUrl\":\"https:\\\/\\\/www.ekholmnordic.se\\\/wp-content\\\/uploads\\\/2018\\\/05\\\/PROB-SERIEN.jpg\",\"width\":7501,\"height\":5877},{\"@type\":\"BreadcrumbList\",\"@id\":\"https:\\\/\\\/www.ekholmnordic.se\\\/da\\\/produkt\\\/prob-pakke-2\\\/#breadcrumb\",\"itemListElement\":[{\"@type\":\"ListItem\",\"position\":1,\"name\":\"Hem\",\"item\":\"https:\\\/\\\/www.ekholmnordic.se\\\/da\\\/\"},{\"@type\":\"ListItem\",\"position\":2,\"name\":\"WEBSHOP\",\"item\":\"https:\\\/\\\/www.ekholmnordic.se\\\/da\\\/webshop\\\/\"},{\"@type\":\"ListItem\",\"position\":3,\"name\":\"PROB PAKKE 2. PROB TJ\u00c6RESHAMPOO 500 ML, PROB OLIE 200 ML, PROB SUMMERDEO 500 ML, PROB SUPERCREAME 100 ML\"}]},{\"@type\":\"WebSite\",\"@id\":\"https:\\\/\\\/www.ekholmnordic.se\\\/#website\",\"url\":\"https:\\\/\\\/www.ekholmnordic.se\\\/\",\"name\":\"Ekholm Vision - PROB SERIEN\",\"description\":\"F\u00d6R EN OPTIMAL HUD OCH P\u00c4LSV\u00c5RD\",\"potentialAction\":[{\"@type\":\"SearchAction\",\"target\":{\"@type\":\"EntryPoint\",\"urlTemplate\":\"https:\\\/\\\/www.ekholmnordic.se\\\/?s={search_term_string}\"},\"query-input\":{\"@type\":\"PropertyValueSpecification\",\"valueRequired\":true,\"valueName\":\"search_term_string\"}}],\"inLanguage\":\"da-DK\"}]}<\/script>\n<!-- \/ Yoast SEO plugin. -->","yoast_head_json":{"title":"PROB PAKKE 2. PROB TJ\u00c6RESHAMPOO 500 ML, PROB OLIE 200 ML, PROB SUMMERDEO 500 ML, PROB SUPERCREAME 100 ML - Ekholm Vision - PROB SERIEN","robots":{"index":"index","follow":"follow","max-snippet":"max-snippet:-1","max-image-preview":"max-image-preview:large","max-video-preview":"max-video-preview:-1"},"canonical":"https:\/\/www.ekholmnordic.se\/da\/produkt\/prob-pakke-2\/","og_locale":"da_DK","og_type":"article","og_title":"PROB PAKKE 2. PROB TJ\u00c6RESHAMPOO 500 ML, PROB OLIE 200 ML, PROB SUMMERDEO 500 ML, PROB SUPERCREAME 100 ML - Ekholm Vision - PROB SERIEN","og_description":"EN EFFEKTIV PAKKE FOR ATT OPRETHOLDE HESTENS HUD I GOD STAND. GOD MOD KL\u00d8E FOR\u00c5RSAGET AF INSEKTER OG SOL.","og_url":"https:\/\/www.ekholmnordic.se\/da\/produkt\/prob-pakke-2\/","og_site_name":"Ekholm Vision - PROB SERIEN","article_modified_time":"2019-05-30T15:33:49+00:00","og_image":[{"width":1024,"height":802,"url":"https:\/\/www.ekholmnordic.se\/wp-content\/uploads\/2018\/05\/PROB-SERIEN-1024x802.jpg","type":"image\/jpeg"}],"twitter_card":"summary_large_image","twitter_misc":{"Estimeret l\u00e6setid":"2 minutter"},"schema":{"@context":"https:\/\/schema.org","@graph":[{"@type":"WebPage","@id":"https:\/\/www.ekholmnordic.se\/da\/produkt\/prob-pakke-2\/","url":"https:\/\/www.ekholmnordic.se\/da\/produkt\/prob-pakke-2\/","name":"PROB PAKKE 2. PROB TJ\u00c6RESHAMPOO 500 ML, PROB OLIE 200 ML, PROB SUMMERDEO 500 ML, PROB SUPERCREAME 100 ML - Ekholm Vision - PROB SERIEN","isPartOf":{"@id":"https:\/\/www.ekholmnordic.se\/#website"},"primaryImageOfPage":{"@id":"https:\/\/www.ekholmnordic.se\/da\/produkt\/prob-pakke-2\/#primaryimage"},"image":{"@id":"https:\/\/www.ekholmnordic.se\/da\/produkt\/prob-pakke-2\/#primaryimage"},"thumbnailUrl":"https:\/\/www.ekholmnordic.se\/wp-content\/uploads\/2018\/05\/PROB-SERIEN.jpg","datePublished":"2018-05-30T04:30:39+00:00","dateModified":"2019-05-30T15:33:49+00:00","breadcrumb":{"@id":"https:\/\/www.ekholmnordic.se\/da\/produkt\/prob-pakke-2\/#breadcrumb"},"inLanguage":"da-DK","potentialAction":[{"@type":"ReadAction","target":["https:\/\/www.ekholmnordic.se\/da\/produkt\/prob-pakke-2\/"]}]},{"@type":"ImageObject","inLanguage":"da-DK","@id":"https:\/\/www.ekholmnordic.se\/da\/produkt\/prob-pakke-2\/#primaryimage","url":"https:\/\/www.ekholmnordic.se\/wp-content\/uploads\/2018\/05\/PROB-SERIEN.jpg","contentUrl":"https:\/\/www.ekholmnordic.se\/wp-content\/uploads\/2018\/05\/PROB-SERIEN.jpg","width":7501,"height":5877},{"@type":"BreadcrumbList","@id":"https:\/\/www.ekholmnordic.se\/da\/produkt\/prob-pakke-2\/#breadcrumb","itemListElement":[{"@type":"ListItem","position":1,"name":"Hem","item":"https:\/\/www.ekholmnordic.se\/da\/"},{"@type":"ListItem","position":2,"name":"WEBSHOP","item":"https:\/\/www.ekholmnordic.se\/da\/webshop\/"},{"@type":"ListItem","position":3,"name":"PROB PAKKE 2. PROB TJ\u00c6RESHAMPOO 500 ML, PROB OLIE 200 ML, PROB SUMMERDEO 500 ML, PROB SUPERCREAME 100 ML"}]},{"@type":"WebSite","@id":"https:\/\/www.ekholmnordic.se\/#website","url":"https:\/\/www.ekholmnordic.se\/","name":"Ekholm Vision - PROB SERIEN","description":"F\u00d6R EN OPTIMAL HUD OCH P\u00c4LSV\u00c5RD","potentialAction":[{"@type":"SearchAction","target":{"@type":"EntryPoint","urlTemplate":"https:\/\/www.ekholmnordic.se\/?s={search_term_string}"},"query-input":{"@type":"PropertyValueSpecification","valueRequired":true,"valueName":"search_term_string"}}],"inLanguage":"da-DK"}]}},"_links":{"self":[{"href":"https:\/\/www.ekholmnordic.se\/da\/wp-json\/wp\/v2\/product\/6484","targetHints":{"allow":["GET"]}}],"collection":[{"href":"https:\/\/www.ekholmnordic.se\/da\/wp-json\/wp\/v2\/product"}],"about":[{"href":"https:\/\/www.ekholmnordic.se\/da\/wp-json\/wp\/v2\/types\/product"}],"replies":[{"embeddable":true,"href":"https:\/\/www.ekholmnordic.se\/da\/wp-json\/wp\/v2\/comments?post=6484"}],"wp:featuredmedia":[{"embeddable":true,"href":"https:\/\/www.ekholmnordic.se\/da\/wp-json\/wp\/v2\/media\/6485"}],"wp:attachment":[{"href":"https:\/\/www.ekholmnordic.se\/da\/wp-json\/wp\/v2\/media?parent=6484"}],"wp:term":[{"taxonomy":"product_brand","embeddable":true,"href":"https:\/\/www.ekholmnordic.se\/da\/wp-json\/wp\/v2\/product_brand?post=6484"},{"taxonomy":"product_cat","embeddable":true,"href":"https:\/\/www.ekholmnordic.se\/da\/wp-json\/wp\/v2\/product_cat?post=6484"},{"taxonomy":"product_tag","embeddable":true,"href":"https:\/\/www.ekholmnordic.se\/da\/wp-json\/wp\/v2\/product_tag?post=6484"}],"curies":[{"name":"wp","href":"https:\/\/api.w.org\/{rel}","templated":true}]}}