{"id":2558,"date":"2016-04-25T20:33:37","date_gmt":"2016-04-25T18:33:37","guid":{"rendered":"http:\/\/www.ekholmnordic.se\/product\/prob-supercreame-40-ml\/"},"modified":"2019-08-12T10:08:49","modified_gmt":"2019-08-12T08:08:49","slug":"prob-supercreame-40-ml","status":"publish","type":"product","link":"https:\/\/www.ekholmnordic.se\/da\/produkt\/prob-supercreame-40-ml\/","title":{"rendered":"PROB SUPERCREAME 40 ML"},"content":{"rendered":"<p><strong>PROB SUPER CREME med Aloe Vera<\/strong><\/p>\n<p><strong>Super Cream er en bl\u00f8dg\u00f8rende creme til en s\u00e6rlig t\u00f8r og f\u00f8lsom hud. Hurtigt absorberende, giver en bl\u00f8d og behagelig f\u00f8lelse. Det er effektivt mod kl\u00f8e af sol og insekter som myg. Giver en beroligende virkning p\u00e5 huden og hj\u00e6lper huden med at opretholde en god tilstand. Beriget med certificeret aloe vera og tr\u00e6 tj\u00e6re af h\u00f8j kvalitet.<\/strong><\/p>\n<p><strong>Den hedder ikke Super Creme for ingenting !<\/strong><\/p>\n<p><strong>(OBS indeholder ikke solfaktor)<\/strong><\/p>\n<p><strong>Velegnet til alle dyre grupper &#8211; selv meget f\u00f8lsomme dyr. Og m\u00e5 bruges p\u00e5 dr\u00e6gtige og diegivende dyr.<\/strong><\/p>\n<p><strong>Der er en karrenstid p\u00e5 96 timer ved konkurrence &#8211; grundet den h\u00f8je Aloe Vera koncentration<\/strong><strong>&#8211; og intet andet.\u00a0<\/strong><br \/>\n<strong>Har du konkurrence dyr &#8211; kan vi anbefale PROB CREME &#8211; den har ingen karrenstid.<\/strong><\/p>\n<p><strong>Anvendelse:<\/strong><br \/>\n<strong>P\u00e5f\u00f8r dagligt\u00a0 &#8211; gerne flere gange dagligt hvis behovet er der.<\/strong><\/p>\n<p><strong>INCI:<\/strong> Aqua, <em>Aloe Barbadensis, Carthamus Tinctorius Seed Oil, Sodium Stearoyl Lactylate, Glyceryl Stearate, Cetyl Alcohol, Pinus Wood Tar, Urea, Phenoxyglycerin<\/em><\/p>\n","protected":false},"excerpt":{"rendered":"<h6><strong>En bl\u00f8dg\u00f8rende creme til ekstra t\u00f8r, f\u00f8lsom og irriteret hud.<br \/>\n<\/strong><strong>Beriget med et h\u00f8jt indhold af certificeret aloe vera og\u00a0tj\u00e6re(fintj\u00e6re).<\/strong><\/h6>\n<p>&nbsp;<\/p>\n","protected":false},"featured_media":19748,"comment_status":"closed","ping_status":"closed","template":"","meta":{"_monsterinsights_skip_tracking":false,"_monsterinsights_sitenote_active":false,"_monsterinsights_sitenote_note":"","_monsterinsights_sitenote_category":0},"product_brand":[],"product_cat":[104,109],"product_tag":[],"class_list":{"0":"post-2558","1":"product","2":"type-product","3":"status-publish","4":"has-post-thumbnail","6":"product_cat-alle-prob-produkter","7":"product_cat-prob-salve-creame","10":"first","11":"instock","12":"taxable","13":"shipping-taxable","14":"purchasable","15":"product-type-simple"},"yoast_head":"<!-- This site is optimized with the Yoast SEO plugin v27.4 - https:\/\/yoast.com\/product\/yoast-seo-wordpress\/ -->\n<title>PROB SUPERCREAME 40 ML - Ekholm Vision - PROB SERIEN<\/title>\n<meta name=\"robots\" content=\"index, follow, max-snippet:-1, max-image-preview:large, max-video-preview:-1\" \/>\n<link rel=\"canonical\" href=\"https:\/\/www.ekholmnordic.se\/produkt\/mjukgorande-kram-for-kanslig-hud-klada-fran-insektsbett\/\" \/>\n<meta property=\"og:locale\" content=\"da_DK\" \/>\n<meta property=\"og:type\" content=\"article\" \/>\n<meta property=\"og:title\" content=\"PROB SUPERCREAME 40 ML - Ekholm Vision - PROB SERIEN\" \/>\n<meta property=\"og:description\" content=\"En bl\u00f8dg\u00f8rende creme til ekstra t\u00f8r, f\u00f8lsom og irriteret hud. Beriget med et h\u00f8jt indhold af certificeret aloe vera og\u00a0tj\u00e6re(fintj\u00e6re). &nbsp;\" \/>\n<meta property=\"og:url\" content=\"https:\/\/www.ekholmnordic.se\/produkt\/mjukgorande-kram-for-kanslig-hud-klada-fran-insektsbett\/\" \/>\n<meta property=\"og:site_name\" content=\"Ekholm Vision - PROB SERIEN\" \/>\n<meta property=\"article:modified_time\" content=\"2019-08-12T08:08:49+00:00\" \/>\n<meta property=\"og:image\" content=\"https:\/\/www.ekholmnordic.se\/wp-content\/uploads\/2016\/04\/SUPER-40-ML-LITEN.jpg\" \/>\n\t<meta property=\"og:image:width\" content=\"2000\" \/>\n\t<meta property=\"og:image:height\" content=\"1557\" \/>\n\t<meta property=\"og:image:type\" content=\"image\/jpeg\" \/>\n<meta name=\"twitter:card\" content=\"summary_large_image\" \/>\n<meta name=\"twitter:label1\" content=\"Estimeret l\u00e6setid\" \/>\n\t<meta name=\"twitter:data1\" content=\"1 minut\" \/>\n<script type=\"application\/ld+json\" class=\"yoast-schema-graph\">{\"@context\":\"https:\\\/\\\/schema.org\",\"@graph\":[{\"@type\":\"WebPage\",\"@id\":\"https:\\\/\\\/www.ekholmnordic.se\\\/produkt\\\/mjukgorande-kram-for-kanslig-hud-klada-fran-insektsbett\\\/\",\"url\":\"https:\\\/\\\/www.ekholmnordic.se\\\/produkt\\\/mjukgorande-kram-for-kanslig-hud-klada-fran-insektsbett\\\/\",\"name\":\"PROB SUPERCREAME 40 ML - Ekholm Vision - PROB SERIEN\",\"isPartOf\":{\"@id\":\"https:\\\/\\\/www.ekholmnordic.se\\\/#website\"},\"primaryImageOfPage\":{\"@id\":\"https:\\\/\\\/www.ekholmnordic.se\\\/produkt\\\/mjukgorande-kram-for-kanslig-hud-klada-fran-insektsbett\\\/#primaryimage\"},\"image\":{\"@id\":\"https:\\\/\\\/www.ekholmnordic.se\\\/produkt\\\/mjukgorande-kram-for-kanslig-hud-klada-fran-insektsbett\\\/#primaryimage\"},\"thumbnailUrl\":\"https:\\\/\\\/www.ekholmnordic.se\\\/wp-content\\\/uploads\\\/2016\\\/04\\\/SUPER-40-ML-LITEN.jpg\",\"datePublished\":\"2016-04-25T18:33:37+00:00\",\"dateModified\":\"2019-08-12T08:08:49+00:00\",\"breadcrumb\":{\"@id\":\"https:\\\/\\\/www.ekholmnordic.se\\\/produkt\\\/mjukgorande-kram-for-kanslig-hud-klada-fran-insektsbett\\\/#breadcrumb\"},\"inLanguage\":\"da-DK\",\"potentialAction\":[{\"@type\":\"ReadAction\",\"target\":[\"https:\\\/\\\/www.ekholmnordic.se\\\/produkt\\\/mjukgorande-kram-for-kanslig-hud-klada-fran-insektsbett\\\/\"]}]},{\"@type\":\"ImageObject\",\"inLanguage\":\"da-DK\",\"@id\":\"https:\\\/\\\/www.ekholmnordic.se\\\/produkt\\\/mjukgorande-kram-for-kanslig-hud-klada-fran-insektsbett\\\/#primaryimage\",\"url\":\"https:\\\/\\\/www.ekholmnordic.se\\\/wp-content\\\/uploads\\\/2016\\\/04\\\/SUPER-40-ML-LITEN.jpg\",\"contentUrl\":\"https:\\\/\\\/www.ekholmnordic.se\\\/wp-content\\\/uploads\\\/2016\\\/04\\\/SUPER-40-ML-LITEN.jpg\",\"width\":2000,\"height\":1557,\"caption\":\"mjukg\u00f6rande kr\u00e4m\"},{\"@type\":\"BreadcrumbList\",\"@id\":\"https:\\\/\\\/www.ekholmnordic.se\\\/produkt\\\/mjukgorande-kram-for-kanslig-hud-klada-fran-insektsbett\\\/#breadcrumb\",\"itemListElement\":[{\"@type\":\"ListItem\",\"position\":1,\"name\":\"Hem\",\"item\":\"https:\\\/\\\/www.ekholmnordic.se\\\/da\\\/\"},{\"@type\":\"ListItem\",\"position\":2,\"name\":\"WEBSHOP\",\"item\":\"https:\\\/\\\/www.ekholmnordic.se\\\/da\\\/webshop\\\/\"},{\"@type\":\"ListItem\",\"position\":3,\"name\":\"PROB SUPERCREAME 40 ML\"}]},{\"@type\":\"WebSite\",\"@id\":\"https:\\\/\\\/www.ekholmnordic.se\\\/#website\",\"url\":\"https:\\\/\\\/www.ekholmnordic.se\\\/\",\"name\":\"Ekholm Vision - PROB SERIEN\",\"description\":\"F\u00d6R EN OPTIMAL HUD OCH P\u00c4LSV\u00c5RD\",\"potentialAction\":[{\"@type\":\"SearchAction\",\"target\":{\"@type\":\"EntryPoint\",\"urlTemplate\":\"https:\\\/\\\/www.ekholmnordic.se\\\/?s={search_term_string}\"},\"query-input\":{\"@type\":\"PropertyValueSpecification\",\"valueRequired\":true,\"valueName\":\"search_term_string\"}}],\"inLanguage\":\"da-DK\"}]}<\/script>\n<!-- \/ Yoast SEO plugin. -->","yoast_head_json":{"title":"PROB SUPERCREAME 40 ML - Ekholm Vision - PROB SERIEN","robots":{"index":"index","follow":"follow","max-snippet":"max-snippet:-1","max-image-preview":"max-image-preview:large","max-video-preview":"max-video-preview:-1"},"canonical":"https:\/\/www.ekholmnordic.se\/produkt\/mjukgorande-kram-for-kanslig-hud-klada-fran-insektsbett\/","og_locale":"da_DK","og_type":"article","og_title":"PROB SUPERCREAME 40 ML - Ekholm Vision - PROB SERIEN","og_description":"En bl\u00f8dg\u00f8rende creme til ekstra t\u00f8r, f\u00f8lsom og irriteret hud. Beriget med et h\u00f8jt indhold af certificeret aloe vera og\u00a0tj\u00e6re(fintj\u00e6re). &nbsp;","og_url":"https:\/\/www.ekholmnordic.se\/produkt\/mjukgorande-kram-for-kanslig-hud-klada-fran-insektsbett\/","og_site_name":"Ekholm Vision - PROB SERIEN","article_modified_time":"2019-08-12T08:08:49+00:00","og_image":[{"width":2000,"height":1557,"url":"https:\/\/www.ekholmnordic.se\/wp-content\/uploads\/2016\/04\/SUPER-40-ML-LITEN.jpg","type":"image\/jpeg"}],"twitter_card":"summary_large_image","twitter_misc":{"Estimeret l\u00e6setid":"1 minut"},"schema":{"@context":"https:\/\/schema.org","@graph":[{"@type":"WebPage","@id":"https:\/\/www.ekholmnordic.se\/produkt\/mjukgorande-kram-for-kanslig-hud-klada-fran-insektsbett\/","url":"https:\/\/www.ekholmnordic.se\/produkt\/mjukgorande-kram-for-kanslig-hud-klada-fran-insektsbett\/","name":"PROB SUPERCREAME 40 ML - Ekholm Vision - PROB SERIEN","isPartOf":{"@id":"https:\/\/www.ekholmnordic.se\/#website"},"primaryImageOfPage":{"@id":"https:\/\/www.ekholmnordic.se\/produkt\/mjukgorande-kram-for-kanslig-hud-klada-fran-insektsbett\/#primaryimage"},"image":{"@id":"https:\/\/www.ekholmnordic.se\/produkt\/mjukgorande-kram-for-kanslig-hud-klada-fran-insektsbett\/#primaryimage"},"thumbnailUrl":"https:\/\/www.ekholmnordic.se\/wp-content\/uploads\/2016\/04\/SUPER-40-ML-LITEN.jpg","datePublished":"2016-04-25T18:33:37+00:00","dateModified":"2019-08-12T08:08:49+00:00","breadcrumb":{"@id":"https:\/\/www.ekholmnordic.se\/produkt\/mjukgorande-kram-for-kanslig-hud-klada-fran-insektsbett\/#breadcrumb"},"inLanguage":"da-DK","potentialAction":[{"@type":"ReadAction","target":["https:\/\/www.ekholmnordic.se\/produkt\/mjukgorande-kram-for-kanslig-hud-klada-fran-insektsbett\/"]}]},{"@type":"ImageObject","inLanguage":"da-DK","@id":"https:\/\/www.ekholmnordic.se\/produkt\/mjukgorande-kram-for-kanslig-hud-klada-fran-insektsbett\/#primaryimage","url":"https:\/\/www.ekholmnordic.se\/wp-content\/uploads\/2016\/04\/SUPER-40-ML-LITEN.jpg","contentUrl":"https:\/\/www.ekholmnordic.se\/wp-content\/uploads\/2016\/04\/SUPER-40-ML-LITEN.jpg","width":2000,"height":1557,"caption":"mjukg\u00f6rande kr\u00e4m"},{"@type":"BreadcrumbList","@id":"https:\/\/www.ekholmnordic.se\/produkt\/mjukgorande-kram-for-kanslig-hud-klada-fran-insektsbett\/#breadcrumb","itemListElement":[{"@type":"ListItem","position":1,"name":"Hem","item":"https:\/\/www.ekholmnordic.se\/da\/"},{"@type":"ListItem","position":2,"name":"WEBSHOP","item":"https:\/\/www.ekholmnordic.se\/da\/webshop\/"},{"@type":"ListItem","position":3,"name":"PROB SUPERCREAME 40 ML"}]},{"@type":"WebSite","@id":"https:\/\/www.ekholmnordic.se\/#website","url":"https:\/\/www.ekholmnordic.se\/","name":"Ekholm Vision - PROB SERIEN","description":"F\u00d6R EN OPTIMAL HUD OCH P\u00c4LSV\u00c5RD","potentialAction":[{"@type":"SearchAction","target":{"@type":"EntryPoint","urlTemplate":"https:\/\/www.ekholmnordic.se\/?s={search_term_string}"},"query-input":{"@type":"PropertyValueSpecification","valueRequired":true,"valueName":"search_term_string"}}],"inLanguage":"da-DK"}]}},"_links":{"self":[{"href":"https:\/\/www.ekholmnordic.se\/da\/wp-json\/wp\/v2\/product\/2558","targetHints":{"allow":["GET"]}}],"collection":[{"href":"https:\/\/www.ekholmnordic.se\/da\/wp-json\/wp\/v2\/product"}],"about":[{"href":"https:\/\/www.ekholmnordic.se\/da\/wp-json\/wp\/v2\/types\/product"}],"replies":[{"embeddable":true,"href":"https:\/\/www.ekholmnordic.se\/da\/wp-json\/wp\/v2\/comments?post=2558"}],"wp:featuredmedia":[{"embeddable":true,"href":"https:\/\/www.ekholmnordic.se\/da\/wp-json\/wp\/v2\/media\/19748"}],"wp:attachment":[{"href":"https:\/\/www.ekholmnordic.se\/da\/wp-json\/wp\/v2\/media?parent=2558"}],"wp:term":[{"taxonomy":"product_brand","embeddable":true,"href":"https:\/\/www.ekholmnordic.se\/da\/wp-json\/wp\/v2\/product_brand?post=2558"},{"taxonomy":"product_cat","embeddable":true,"href":"https:\/\/www.ekholmnordic.se\/da\/wp-json\/wp\/v2\/product_cat?post=2558"},{"taxonomy":"product_tag","embeddable":true,"href":"https:\/\/www.ekholmnordic.se\/da\/wp-json\/wp\/v2\/product_tag?post=2558"}],"curies":[{"name":"wp","href":"https:\/\/api.w.org\/{rel}","templated":true}]}}