{"id":6873,"date":"2018-09-24T16:29:12","date_gmt":"2018-09-24T14:29:12","guid":{"rendered":"https:\/\/www.ekholmnordic.se\/?page_id=6873"},"modified":"2018-09-25T08:52:03","modified_gmt":"2018-09-25T06:52:03","slug":"indkoebskurv","status":"publish","type":"page","link":"https:\/\/www.ekholmnordic.se\/da\/indkoebskurv\/","title":{"rendered":"Indk\u00f8bskurv"},"content":{"rendered":"<p>Hvis du har en rabatkode at indtaste, skal du trykke p\u00e5 knappen <strong>Anvend rabatkupon<\/strong> for at aktivere den, f\u00f8r du forts\u00e6tter.<\/p>\n\n","protected":false},"excerpt":{"rendered":"<p>Hvis du har en rabatkode at indtaste, skal du trykke p\u00e5 knappen Anvend rabatkupon for at aktivere den, f\u00f8r du forts\u00e6tter.<\/p>\n","protected":false},"author":1,"featured_media":0,"parent":0,"menu_order":0,"comment_status":"closed","ping_status":"closed","template":"","meta":{"_monsterinsights_skip_tracking":false,"_monsterinsights_sitenote_active":false,"_monsterinsights_sitenote_note":"","_monsterinsights_sitenote_category":0,"footnotes":""},"class_list":["post-6873","page","type-page","status-publish","hentry","no-post-thumbnail"],"yoast_head":"<!-- This site is optimized with the Yoast SEO plugin v27.6 - https:\/\/yoast.com\/product\/yoast-seo-wordpress\/ -->\n<title>Indk\u00f8bskurv - Ekholm Vision - PROB SERIEN<\/title>\n<meta name=\"robots\" content=\"index, follow, max-snippet:-1, max-image-preview:large, max-video-preview:-1\" \/>\n<link rel=\"canonical\" href=\"https:\/\/www.ekholmnordic.se\/varukorg\/\" \/>\n<meta property=\"og:locale\" content=\"da_DK\" \/>\n<meta property=\"og:type\" content=\"article\" \/>\n<meta property=\"og:title\" content=\"Indk\u00f8bskurv - Ekholm Vision - PROB SERIEN\" \/>\n<meta property=\"og:description\" content=\"Hvis du har en rabatkode at indtaste, skal du trykke p\u00e5 knappen Anvend rabatkupon for at aktivere den, f\u00f8r du forts\u00e6tter.\" \/>\n<meta property=\"og:url\" content=\"https:\/\/www.ekholmnordic.se\/varukorg\/\" \/>\n<meta property=\"og:site_name\" content=\"Ekholm Vision - PROB SERIEN\" \/>\n<meta property=\"article:modified_time\" content=\"2018-09-25T06:52:03+00:00\" \/>\n<meta name=\"twitter:card\" content=\"summary_large_image\" \/>\n<script type=\"application\/ld+json\" class=\"yoast-schema-graph\">{\"@context\":\"https:\\\/\\\/schema.org\",\"@graph\":[{\"@type\":\"WebPage\",\"@id\":\"https:\\\/\\\/www.ekholmnordic.se\\\/varukorg\\\/\",\"url\":\"https:\\\/\\\/www.ekholmnordic.se\\\/varukorg\\\/\",\"name\":\"Indk\u00f8bskurv - Ekholm Vision - PROB SERIEN\",\"isPartOf\":{\"@id\":\"https:\\\/\\\/www.ekholmnordic.se\\\/#website\"},\"datePublished\":\"2018-09-24T14:29:12+00:00\",\"dateModified\":\"2018-09-25T06:52:03+00:00\",\"breadcrumb\":{\"@id\":\"https:\\\/\\\/www.ekholmnordic.se\\\/varukorg\\\/#breadcrumb\"},\"inLanguage\":\"da-DK\",\"potentialAction\":[{\"@type\":\"ReadAction\",\"target\":[\"https:\\\/\\\/www.ekholmnordic.se\\\/varukorg\\\/\"]}]},{\"@type\":\"BreadcrumbList\",\"@id\":\"https:\\\/\\\/www.ekholmnordic.se\\\/varukorg\\\/#breadcrumb\",\"itemListElement\":[{\"@type\":\"ListItem\",\"position\":1,\"name\":\"Hem\",\"item\":\"https:\\\/\\\/www.ekholmnordic.se\\\/da\\\/\"},{\"@type\":\"ListItem\",\"position\":2,\"name\":\"Indk\u00f8bskurv\"}]},{\"@type\":\"WebSite\",\"@id\":\"https:\\\/\\\/www.ekholmnordic.se\\\/#website\",\"url\":\"https:\\\/\\\/www.ekholmnordic.se\\\/\",\"name\":\"Ekholm Vision - PROB SERIEN\",\"description\":\"F\u00d6R EN OPTIMAL HUD OCH P\u00c4LSV\u00c5RD\",\"potentialAction\":[{\"@type\":\"SearchAction\",\"target\":{\"@type\":\"EntryPoint\",\"urlTemplate\":\"https:\\\/\\\/www.ekholmnordic.se\\\/?s={search_term_string}\"},\"query-input\":{\"@type\":\"PropertyValueSpecification\",\"valueRequired\":true,\"valueName\":\"search_term_string\"}}],\"inLanguage\":\"da-DK\"}]}<\/script>\n<!-- \/ Yoast SEO plugin. -->","yoast_head_json":{"title":"Indk\u00f8bskurv - Ekholm Vision - PROB SERIEN","robots":{"index":"index","follow":"follow","max-snippet":"max-snippet:-1","max-image-preview":"max-image-preview:large","max-video-preview":"max-video-preview:-1"},"canonical":"https:\/\/www.ekholmnordic.se\/varukorg\/","og_locale":"da_DK","og_type":"article","og_title":"Indk\u00f8bskurv - Ekholm Vision - PROB SERIEN","og_description":"Hvis du har en rabatkode at indtaste, skal du trykke p\u00e5 knappen Anvend rabatkupon for at aktivere den, f\u00f8r du forts\u00e6tter.","og_url":"https:\/\/www.ekholmnordic.se\/varukorg\/","og_site_name":"Ekholm Vision - PROB SERIEN","article_modified_time":"2018-09-25T06:52:03+00:00","twitter_card":"summary_large_image","schema":{"@context":"https:\/\/schema.org","@graph":[{"@type":"WebPage","@id":"https:\/\/www.ekholmnordic.se\/varukorg\/","url":"https:\/\/www.ekholmnordic.se\/varukorg\/","name":"Indk\u00f8bskurv - Ekholm Vision - PROB SERIEN","isPartOf":{"@id":"https:\/\/www.ekholmnordic.se\/#website"},"datePublished":"2018-09-24T14:29:12+00:00","dateModified":"2018-09-25T06:52:03+00:00","breadcrumb":{"@id":"https:\/\/www.ekholmnordic.se\/varukorg\/#breadcrumb"},"inLanguage":"da-DK","potentialAction":[{"@type":"ReadAction","target":["https:\/\/www.ekholmnordic.se\/varukorg\/"]}]},{"@type":"BreadcrumbList","@id":"https:\/\/www.ekholmnordic.se\/varukorg\/#breadcrumb","itemListElement":[{"@type":"ListItem","position":1,"name":"Hem","item":"https:\/\/www.ekholmnordic.se\/da\/"},{"@type":"ListItem","position":2,"name":"Indk\u00f8bskurv"}]},{"@type":"WebSite","@id":"https:\/\/www.ekholmnordic.se\/#website","url":"https:\/\/www.ekholmnordic.se\/","name":"Ekholm Vision - PROB SERIEN","description":"F\u00d6R EN OPTIMAL HUD OCH P\u00c4LSV\u00c5RD","potentialAction":[{"@type":"SearchAction","target":{"@type":"EntryPoint","urlTemplate":"https:\/\/www.ekholmnordic.se\/?s={search_term_string}"},"query-input":{"@type":"PropertyValueSpecification","valueRequired":true,"valueName":"search_term_string"}}],"inLanguage":"da-DK"}]}},"_links":{"self":[{"href":"https:\/\/www.ekholmnordic.se\/da\/wp-json\/wp\/v2\/pages\/6873","targetHints":{"allow":["GET"]}}],"collection":[{"href":"https:\/\/www.ekholmnordic.se\/da\/wp-json\/wp\/v2\/pages"}],"about":[{"href":"https:\/\/www.ekholmnordic.se\/da\/wp-json\/wp\/v2\/types\/page"}],"author":[{"embeddable":true,"href":"https:\/\/www.ekholmnordic.se\/da\/wp-json\/wp\/v2\/users\/1"}],"replies":[{"embeddable":true,"href":"https:\/\/www.ekholmnordic.se\/da\/wp-json\/wp\/v2\/comments?post=6873"}],"version-history":[{"count":4,"href":"https:\/\/www.ekholmnordic.se\/da\/wp-json\/wp\/v2\/pages\/6873\/revisions"}],"predecessor-version":[{"id":6888,"href":"https:\/\/www.ekholmnordic.se\/da\/wp-json\/wp\/v2\/pages\/6873\/revisions\/6888"}],"wp:attachment":[{"href":"https:\/\/www.ekholmnordic.se\/da\/wp-json\/wp\/v2\/media?parent=6873"}],"curies":[{"name":"wp","href":"https:\/\/api.w.org\/{rel}","templated":true}]}}