{"id":6833,"date":"2018-09-23T21:45:01","date_gmt":"2018-09-23T19:45:01","guid":{"rendered":"https:\/\/www.ekholmnordic.se\/?page_id=6833"},"modified":"2018-09-23T21:50:46","modified_gmt":"2018-09-23T19:50:46","slug":"taerenaes-arabstuteri","status":"publish","type":"page","link":"https:\/\/www.ekholmnordic.se\/da\/taerenaes-arabstuteri\/","title":{"rendered":"T\u00e4ren\u00e4s Arabstuteri"},"content":{"rendered":"<p>&nbsp;<\/p>\n<div class=\"x-main right\" role=\"main\">\n<article id=\"post-4120\" class=\"post-4120 page type-page status-publish hentry no-post-thumbnail\">\n<div class=\"entry-wrap\">\n<div class=\"entry-content content\">\n<div id=\"cs-content\" class=\"cs-content\">\n<div id=\"ember667\" class=\"cs-preview-zone cs-preview-zone-cs-content ember-view\">\n<div id=\"ember931\" class=\"cs-element-preview x-section cs-bg-light el0cae7297-cb72-4023-81a2-762f7a52fefb ember-view\" data-cs-loading=\"\" data-cs-observeable=\"{&quot;mode&quot;:&quot;inspect&quot;,&quot;title&quot;:&quot;Section 1&quot;,&quot;action&quot;:{&quot;type&quot;:&quot;inspect&quot;,&quot;id&quot;:&quot;0cae7297-cb72-4023-81a2-762f7a52fefb&quot;}}\">\n<div id=\"ember940\" class=\"cs-element-preview x-container max width el3509fdc2-4f2a-490c-917e-7145bdb6e4e2 ember-view\" data-cs-loading=\"\" data-cs-observeable=\"{&quot;mode&quot;:&quot;inspect&quot;,&quot;title&quot;:&quot;Classic Row 1&quot;,&quot;action&quot;:{&quot;type&quot;:&quot;inspect&quot;,&quot;id&quot;:&quot;3509fdc2-4f2a-490c-917e-7145bdb6e4e2&quot;}}\">\n<div id=\"ember949\" class=\"cs-element-preview x-column x-sm x-1-1 el0f9ae6b8-8640-4161-9642-2556fa0bbd72 ember-view\" data-cs-loading=\"\" data-cs-observeable=\"{&quot;mode&quot;:&quot;inspect&quot;,&quot;title&quot;:&quot;Classic Column 1&quot;,&quot;action&quot;:{&quot;type&quot;:&quot;inspect&quot;,&quot;id&quot;:&quot;0f9ae6b8-8640-4161-9642-2556fa0bbd72&quot;}}\">\n<div id=\"ember1113\" class=\"cs-element-preview cs-element-preview-wrapper cs-draggable ember-view\" data-cs-observeable=\"{&quot;mode&quot;:&quot;inspect&quot;,&quot;title&quot;:&quot;Classic Text&quot;,&quot;action&quot;:{&quot;type&quot;:&quot;inspect&quot;,&quot;id&quot;:&quot;648699c4-3fe4-4e83-9722-6f5382af6f2d&quot;}}\">\n<div class=\"x-text\">\n<h2>T\u00c4REN\u00c4S ARABSTUTERI<\/h2>\n<\/div>\n<\/div>\n<\/div>\n<\/div>\n<\/div>\n<div id=\"ember967\" class=\"cs-element-preview x-section cs-bg-light el481d332f-fcf2-4850-b42d-63b625916a9e ember-view\" data-cs-loading=\"\" data-cs-observeable=\"{&quot;mode&quot;:&quot;inspect&quot;,&quot;title&quot;:&quot;Section 2&quot;,&quot;action&quot;:{&quot;type&quot;:&quot;inspect&quot;,&quot;id&quot;:&quot;481d332f-fcf2-4850-b42d-63b625916a9e&quot;}}\">\n<div id=\"ember976\" class=\"cs-element-preview x-container max width el08fafb42-4a2a-47bf-bea0-7c78fa135e4c ember-view\" data-cs-loading=\"\" data-cs-observeable=\"{&quot;mode&quot;:&quot;inspect&quot;,&quot;title&quot;:&quot;Classic Row 1&quot;,&quot;action&quot;:{&quot;type&quot;:&quot;inspect&quot;,&quot;id&quot;:&quot;08fafb42-4a2a-47bf-bea0-7c78fa135e4c&quot;}}\">\n<div id=\"ember985\" class=\"cs-element-preview x-column x-sm x-1-1 ele1942c7a-64ac-429f-b02b-ee742416a895 ember-view\" data-cs-loading=\"\" data-cs-observeable=\"{&quot;mode&quot;:&quot;inspect&quot;,&quot;title&quot;:&quot;Classic Column 1&quot;,&quot;action&quot;:{&quot;type&quot;:&quot;inspect&quot;,&quot;id&quot;:&quot;e1942c7a-64ac-429f-b02b-ee742416a895&quot;}}\">\n<div id=\"ember1122\" class=\"cs-element-preview cs-element-preview-wrapper cs-draggable ember-view\" data-cs-observeable=\"{&quot;mode&quot;:&quot;inspect&quot;,&quot;title&quot;:&quot;Classic Image&quot;,&quot;action&quot;:{&quot;type&quot;:&quot;inspect&quot;,&quot;id&quot;:&quot;12623ae8-0352-4315-a8f9-24dadf97be5f&quot;}}\"><img decoding=\"async\" class=\"x-img x-img-thumbnail\" src=\"http:\/\/www.ekholmnordic.se\/wp-content\/uploads\/2018\/02\/Cathrin-Andreas-BIS-2017.jpg\" \/><\/div>\n<\/div>\n<\/div>\n<\/div>\n<div id=\"ember1003\" class=\"cs-element-preview x-section cs-bg-light el91ba5139-5804-4563-8eee-776d6c8d1986 ember-view\" data-cs-loading=\"\" data-cs-observeable=\"{&quot;mode&quot;:&quot;inspect&quot;,&quot;title&quot;:&quot;Section 3&quot;,&quot;action&quot;:{&quot;type&quot;:&quot;inspect&quot;,&quot;id&quot;:&quot;91ba5139-5804-4563-8eee-776d6c8d1986&quot;}}\">\n<div id=\"ember1012\" class=\"cs-element-preview x-container max width elaf6008ac-b512-40de-b4f2-cf6221e3b794 ember-view\" data-cs-loading=\"\" data-cs-observeable=\"{&quot;mode&quot;:&quot;inspect&quot;,&quot;title&quot;:&quot;Classic Row 1&quot;,&quot;action&quot;:{&quot;type&quot;:&quot;inspect&quot;,&quot;id&quot;:&quot;af6008ac-b512-40de-b4f2-cf6221e3b794&quot;}}\">\n<div id=\"ember1021\" class=\"cs-element-preview x-column x-sm x-1-1 el0b82e7d0-0fe8-4376-ad80-f249a991b26f ember-view\" data-cs-loading=\"\" data-cs-observeable=\"{&quot;mode&quot;:&quot;inspect&quot;,&quot;title&quot;:&quot;Classic Column 1&quot;,&quot;action&quot;:{&quot;type&quot;:&quot;inspect&quot;,&quot;id&quot;:&quot;0b82e7d0-0fe8-4376-ad80-f249a991b26f&quot;}}\">\n<div id=\"ember1131\" class=\"cs-element-preview cs-element-preview-wrapper cs-draggable ember-view\" data-cs-observeable=\"{&quot;mode&quot;:&quot;inspect&quot;,&quot;title&quot;:&quot;Classic Text&quot;,&quot;action&quot;:{&quot;type&quot;:&quot;inspect&quot;,&quot;id&quot;:&quot;a5da98d0-aa8f-48f4-8716-dc4ee4ce848b&quot;}}\">\n<div class=\"x-text\">\n<p>&nbsp;<\/p>\n<p>T\u00e4ren\u00e4s Arabstuteri startades 1980 och f\u00f6der upp arabh\u00e4star av h\u00f6g kvalitet. G\u00e5rden T\u00e4ren\u00e4s \u00d6sterg\u00e5rd ligger mellan Tran\u00e5s och Gr\u00e4nna med en fantastisk utsikt \u00f6ver sj\u00f6n Noen.\u00a0<strong><br \/>\n<\/strong>V\u00e5r huvudverksamhet \u00e4r uppf\u00f6dning\/hingststation samt utst\u00e4llning. V\u00e5rat avelsm\u00e5l \u00e4r att beh\u00e5lla arabh\u00e4stens m\u00e5ngsidighet. F\u00f6r oss \u00e4r det viktigt att varken g\u00f6ra avkall p\u00e5 arabtyp, ridbarhet eller exteri\u00f6r kvalitet. T\u00e4ren\u00e4s Arabstuteri har f\u00f6tt upp m\u00e5nga framg\u00e5ngsrika h\u00e4star inom olika ridsportgrenar framf\u00f6r allt inom l\u00e5ngdistans.<br \/>\nGenom \u00e5ren har vi haft m\u00e5nga hingstar f\u00f6r avel av h\u00f6gsta internationella kvalitet. Hingstarna har varit b\u00e5da egna uppf\u00f6dningar samt inleasade hingstar.<br \/>\nVi \u00e4r nu inne p\u00e5 v\u00e5r sj\u00e4tte generation i v\u00e5r K-stolinje. Vi f\u00e5r mellan 4-6 f\u00f6l per \u00e5r.<br \/>\nUtst\u00e4llningstr\u00e4ning har bedrivits p\u00e5 stuteriet sedan 1990. Vi visar h\u00e4star b\u00e5de i Sverige och utomlands. Under varje s\u00e4song har vi c:a 10 h\u00e4star i tr\u00e4ning. Vi har genom \u00e5ren tagit hem otaliga championattitlar till stuteriet. Har \u00e4ven tagit hem utm\u00e4rkelsen b\u00e4sta svenska uppf\u00f6dare.<\/p>\n<p>F\u00f6r oss som arbetar professionellt med utst\u00e4llning \u00e4r det mycket viktigt med bra schampo och groomingprodukter.<\/p>\n<h5>Vi anv\u00e4nder Probserien till h\u00e4starna p\u00e5 stuteriet och \u00e4r mycket n\u00f6jda med resultatet.<\/h5>\n<\/div>\n<\/div>\n<\/div>\n<\/div>\n<\/div>\n<div id=\"ember1039\" class=\"cs-element-preview x-section cs-bg-light el07cb7ba8-e651-4f31-bf54-5af7aa621178 ember-view\" data-cs-loading=\"\" data-cs-observeable=\"{&quot;mode&quot;:&quot;inspect&quot;,&quot;title&quot;:&quot;Section 4&quot;,&quot;action&quot;:{&quot;type&quot;:&quot;inspect&quot;,&quot;id&quot;:&quot;07cb7ba8-e651-4f31-bf54-5af7aa621178&quot;}}\">\n<div id=\"ember1048\" class=\"cs-element-preview x-container max width el13c37772-8afc-44ae-b27f-2e543ce6eb81 ember-view\" data-cs-loading=\"\" data-cs-observeable=\"{&quot;mode&quot;:&quot;inspect&quot;,&quot;title&quot;:&quot;Classic Row 1&quot;,&quot;action&quot;:{&quot;type&quot;:&quot;inspect&quot;,&quot;id&quot;:&quot;13c37772-8afc-44ae-b27f-2e543ce6eb81&quot;}}\">\n<div id=\"ember1057\" class=\"cs-element-preview x-column x-sm x-1-1 ele2782c81-20e5-489a-ab0a-5939b767c1e6 ember-view\" data-cs-loading=\"\" data-cs-observeable=\"{&quot;mode&quot;:&quot;inspect&quot;,&quot;title&quot;:&quot;Classic Column 1&quot;,&quot;action&quot;:{&quot;type&quot;:&quot;inspect&quot;,&quot;id&quot;:&quot;e2782c81-20e5-489a-ab0a-5939b767c1e6&quot;}}\">\n<div id=\"ember1149\" class=\"cs-element-preview cs-element-preview-wrapper cs-draggable ember-view\" data-cs-observeable=\"{&quot;mode&quot;:&quot;inspect&quot;,&quot;title&quot;:&quot;Classic Image&quot;,&quot;action&quot;:{&quot;type&quot;:&quot;inspect&quot;,&quot;id&quot;:&quot;751423fb-4879-4c7e-9e06-bcf2722f0a48&quot;}}\"><img decoding=\"async\" class=\"x-img x-img-none\" src=\"http:\/\/www.ekholmnordic.se\/wp-content\/uploads\/2018\/02\/Tre-Guldchmpion-Riks-2016.jpg\" \/><\/div>\n<\/div>\n<\/div>\n<\/div>\n<\/div>\n<\/div>\n<\/div>\n<\/div>\n<\/article>\n<\/div>\n","protected":false},"excerpt":{"rendered":"<p>&nbsp; T\u00c4REN\u00c4S ARABSTUTERI &nbsp; T\u00e4ren\u00e4s Arabstuteri startades 1980 och f\u00f6der upp arabh\u00e4star av h\u00f6g kvalitet. G\u00e5rden T\u00e4ren\u00e4s \u00d6sterg\u00e5rd ligger mellan Tran\u00e5s och Gr\u00e4nna med en fantastisk utsikt \u00f6ver sj\u00f6n Noen.\u00a0 V\u00e5r huvudverksamhet \u00e4r uppf\u00f6dning\/hingststation samt utst\u00e4llning. V\u00e5rat avelsm\u00e5l \u00e4r att beh\u00e5lla arabh\u00e4stens m\u00e5ngsidighet. F\u00f6r oss \u00e4r det viktigt att varken g\u00f6ra avkall p\u00e5 arabtyp, ridbarhet eller exteri\u00f6r kvalitet. T\u00e4ren\u00e4s Arabstuteri &#8230; <a href=\"https:\/\/www.ekholmnordic.se\/da\/taerenaes-arabstuteri\/\" class=\"more-link\">Read More<\/a><\/p>\n","protected":false},"author":3,"featured_media":0,"parent":0,"menu_order":0,"comment_status":"closed","ping_status":"closed","template":"","meta":{"_monsterinsights_skip_tracking":false,"_monsterinsights_sitenote_active":false,"_monsterinsights_sitenote_note":"","_monsterinsights_sitenote_category":0,"footnotes":""},"class_list":["post-6833","page","type-page","status-publish","hentry","no-post-thumbnail"],"yoast_head":"<!-- This site is optimized with the Yoast SEO plugin v27.5 - https:\/\/yoast.com\/product\/yoast-seo-wordpress\/ -->\n<title>T\u00e4ren\u00e4s Arabstuteri - Ekholm Vision - PROB SERIEN<\/title>\n<meta name=\"robots\" content=\"index, follow, max-snippet:-1, max-image-preview:large, max-video-preview:-1\" \/>\n<link rel=\"canonical\" href=\"https:\/\/www.ekholmnordic.se\/taerenaes-arabstuteri\/\" \/>\n<meta property=\"og:locale\" content=\"da_DK\" \/>\n<meta property=\"og:type\" content=\"article\" \/>\n<meta property=\"og:title\" content=\"T\u00e4ren\u00e4s Arabstuteri - Ekholm Vision - PROB SERIEN\" \/>\n<meta property=\"og:description\" content=\"&nbsp; T\u00c4REN\u00c4S ARABSTUTERI &nbsp; T\u00e4ren\u00e4s Arabstuteri startades 1980 och f\u00f6der upp arabh\u00e4star av h\u00f6g kvalitet. G\u00e5rden T\u00e4ren\u00e4s \u00d6sterg\u00e5rd ligger mellan Tran\u00e5s och Gr\u00e4nna med en fantastisk utsikt \u00f6ver sj\u00f6n Noen.\u00a0 V\u00e5r huvudverksamhet \u00e4r uppf\u00f6dning\/hingststation samt utst\u00e4llning. V\u00e5rat avelsm\u00e5l \u00e4r att beh\u00e5lla arabh\u00e4stens m\u00e5ngsidighet. F\u00f6r oss \u00e4r det viktigt att varken g\u00f6ra avkall p\u00e5 arabtyp, ridbarhet eller exteri\u00f6r kvalitet. T\u00e4ren\u00e4s Arabstuteri ... Read More\" \/>\n<meta property=\"og:url\" content=\"https:\/\/www.ekholmnordic.se\/taerenaes-arabstuteri\/\" \/>\n<meta property=\"og:site_name\" content=\"Ekholm Vision - PROB SERIEN\" \/>\n<meta property=\"article:modified_time\" content=\"2018-09-23T19:50:46+00:00\" \/>\n<meta property=\"og:image\" content=\"http:\/\/www.ekholmnordic.se\/wp-content\/uploads\/2018\/02\/Cathrin-Andreas-BIS-2017.jpg\" \/>\n<meta name=\"twitter:card\" content=\"summary_large_image\" \/>\n<meta name=\"twitter:label1\" content=\"Estimeret l\u00e6setid\" \/>\n\t<meta name=\"twitter:data1\" content=\"1 minut\" \/>\n<script type=\"application\/ld+json\" class=\"yoast-schema-graph\">{\"@context\":\"https:\\\/\\\/schema.org\",\"@graph\":[{\"@type\":\"WebPage\",\"@id\":\"https:\\\/\\\/www.ekholmnordic.se\\\/taerenaes-arabstuteri\\\/\",\"url\":\"https:\\\/\\\/www.ekholmnordic.se\\\/taerenaes-arabstuteri\\\/\",\"name\":\"T\u00e4ren\u00e4s Arabstuteri - Ekholm Vision - PROB SERIEN\",\"isPartOf\":{\"@id\":\"https:\\\/\\\/www.ekholmnordic.se\\\/#website\"},\"primaryImageOfPage\":{\"@id\":\"https:\\\/\\\/www.ekholmnordic.se\\\/taerenaes-arabstuteri\\\/#primaryimage\"},\"image\":{\"@id\":\"https:\\\/\\\/www.ekholmnordic.se\\\/taerenaes-arabstuteri\\\/#primaryimage\"},\"thumbnailUrl\":\"http:\\\/\\\/www.ekholmnordic.se\\\/wp-content\\\/uploads\\\/2018\\\/02\\\/Cathrin-Andreas-BIS-2017.jpg\",\"datePublished\":\"2018-09-23T19:45:01+00:00\",\"dateModified\":\"2018-09-23T19:50:46+00:00\",\"breadcrumb\":{\"@id\":\"https:\\\/\\\/www.ekholmnordic.se\\\/taerenaes-arabstuteri\\\/#breadcrumb\"},\"inLanguage\":\"da-DK\",\"potentialAction\":[{\"@type\":\"ReadAction\",\"target\":[\"https:\\\/\\\/www.ekholmnordic.se\\\/taerenaes-arabstuteri\\\/\"]}]},{\"@type\":\"ImageObject\",\"inLanguage\":\"da-DK\",\"@id\":\"https:\\\/\\\/www.ekholmnordic.se\\\/taerenaes-arabstuteri\\\/#primaryimage\",\"url\":\"http:\\\/\\\/www.ekholmnordic.se\\\/wp-content\\\/uploads\\\/2018\\\/02\\\/Cathrin-Andreas-BIS-2017.jpg\",\"contentUrl\":\"http:\\\/\\\/www.ekholmnordic.se\\\/wp-content\\\/uploads\\\/2018\\\/02\\\/Cathrin-Andreas-BIS-2017.jpg\"},{\"@type\":\"BreadcrumbList\",\"@id\":\"https:\\\/\\\/www.ekholmnordic.se\\\/taerenaes-arabstuteri\\\/#breadcrumb\",\"itemListElement\":[{\"@type\":\"ListItem\",\"position\":1,\"name\":\"Hem\",\"item\":\"https:\\\/\\\/www.ekholmnordic.se\\\/da\\\/\"},{\"@type\":\"ListItem\",\"position\":2,\"name\":\"T\u00e4ren\u00e4s Arabstuteri\"}]},{\"@type\":\"WebSite\",\"@id\":\"https:\\\/\\\/www.ekholmnordic.se\\\/#website\",\"url\":\"https:\\\/\\\/www.ekholmnordic.se\\\/\",\"name\":\"Ekholm Vision - PROB SERIEN\",\"description\":\"F\u00d6R EN OPTIMAL HUD OCH P\u00c4LSV\u00c5RD\",\"potentialAction\":[{\"@type\":\"SearchAction\",\"target\":{\"@type\":\"EntryPoint\",\"urlTemplate\":\"https:\\\/\\\/www.ekholmnordic.se\\\/?s={search_term_string}\"},\"query-input\":{\"@type\":\"PropertyValueSpecification\",\"valueRequired\":true,\"valueName\":\"search_term_string\"}}],\"inLanguage\":\"da-DK\"}]}<\/script>\n<!-- \/ Yoast SEO plugin. -->","yoast_head_json":{"title":"T\u00e4ren\u00e4s Arabstuteri - Ekholm Vision - PROB SERIEN","robots":{"index":"index","follow":"follow","max-snippet":"max-snippet:-1","max-image-preview":"max-image-preview:large","max-video-preview":"max-video-preview:-1"},"canonical":"https:\/\/www.ekholmnordic.se\/taerenaes-arabstuteri\/","og_locale":"da_DK","og_type":"article","og_title":"T\u00e4ren\u00e4s Arabstuteri - Ekholm Vision - PROB SERIEN","og_description":"&nbsp; T\u00c4REN\u00c4S ARABSTUTERI &nbsp; T\u00e4ren\u00e4s Arabstuteri startades 1980 och f\u00f6der upp arabh\u00e4star av h\u00f6g kvalitet. G\u00e5rden T\u00e4ren\u00e4s \u00d6sterg\u00e5rd ligger mellan Tran\u00e5s och Gr\u00e4nna med en fantastisk utsikt \u00f6ver sj\u00f6n Noen.\u00a0 V\u00e5r huvudverksamhet \u00e4r uppf\u00f6dning\/hingststation samt utst\u00e4llning. V\u00e5rat avelsm\u00e5l \u00e4r att beh\u00e5lla arabh\u00e4stens m\u00e5ngsidighet. F\u00f6r oss \u00e4r det viktigt att varken g\u00f6ra avkall p\u00e5 arabtyp, ridbarhet eller exteri\u00f6r kvalitet. T\u00e4ren\u00e4s Arabstuteri ... Read More","og_url":"https:\/\/www.ekholmnordic.se\/taerenaes-arabstuteri\/","og_site_name":"Ekholm Vision - PROB SERIEN","article_modified_time":"2018-09-23T19:50:46+00:00","og_image":[{"url":"http:\/\/www.ekholmnordic.se\/wp-content\/uploads\/2018\/02\/Cathrin-Andreas-BIS-2017.jpg","type":"","width":"","height":""}],"twitter_card":"summary_large_image","twitter_misc":{"Estimeret l\u00e6setid":"1 minut"},"schema":{"@context":"https:\/\/schema.org","@graph":[{"@type":"WebPage","@id":"https:\/\/www.ekholmnordic.se\/taerenaes-arabstuteri\/","url":"https:\/\/www.ekholmnordic.se\/taerenaes-arabstuteri\/","name":"T\u00e4ren\u00e4s Arabstuteri - Ekholm Vision - PROB SERIEN","isPartOf":{"@id":"https:\/\/www.ekholmnordic.se\/#website"},"primaryImageOfPage":{"@id":"https:\/\/www.ekholmnordic.se\/taerenaes-arabstuteri\/#primaryimage"},"image":{"@id":"https:\/\/www.ekholmnordic.se\/taerenaes-arabstuteri\/#primaryimage"},"thumbnailUrl":"http:\/\/www.ekholmnordic.se\/wp-content\/uploads\/2018\/02\/Cathrin-Andreas-BIS-2017.jpg","datePublished":"2018-09-23T19:45:01+00:00","dateModified":"2018-09-23T19:50:46+00:00","breadcrumb":{"@id":"https:\/\/www.ekholmnordic.se\/taerenaes-arabstuteri\/#breadcrumb"},"inLanguage":"da-DK","potentialAction":[{"@type":"ReadAction","target":["https:\/\/www.ekholmnordic.se\/taerenaes-arabstuteri\/"]}]},{"@type":"ImageObject","inLanguage":"da-DK","@id":"https:\/\/www.ekholmnordic.se\/taerenaes-arabstuteri\/#primaryimage","url":"http:\/\/www.ekholmnordic.se\/wp-content\/uploads\/2018\/02\/Cathrin-Andreas-BIS-2017.jpg","contentUrl":"http:\/\/www.ekholmnordic.se\/wp-content\/uploads\/2018\/02\/Cathrin-Andreas-BIS-2017.jpg"},{"@type":"BreadcrumbList","@id":"https:\/\/www.ekholmnordic.se\/taerenaes-arabstuteri\/#breadcrumb","itemListElement":[{"@type":"ListItem","position":1,"name":"Hem","item":"https:\/\/www.ekholmnordic.se\/da\/"},{"@type":"ListItem","position":2,"name":"T\u00e4ren\u00e4s Arabstuteri"}]},{"@type":"WebSite","@id":"https:\/\/www.ekholmnordic.se\/#website","url":"https:\/\/www.ekholmnordic.se\/","name":"Ekholm Vision - PROB SERIEN","description":"F\u00d6R EN OPTIMAL HUD OCH P\u00c4LSV\u00c5RD","potentialAction":[{"@type":"SearchAction","target":{"@type":"EntryPoint","urlTemplate":"https:\/\/www.ekholmnordic.se\/?s={search_term_string}"},"query-input":{"@type":"PropertyValueSpecification","valueRequired":true,"valueName":"search_term_string"}}],"inLanguage":"da-DK"}]}},"_links":{"self":[{"href":"https:\/\/www.ekholmnordic.se\/da\/wp-json\/wp\/v2\/pages\/6833","targetHints":{"allow":["GET"]}}],"collection":[{"href":"https:\/\/www.ekholmnordic.se\/da\/wp-json\/wp\/v2\/pages"}],"about":[{"href":"https:\/\/www.ekholmnordic.se\/da\/wp-json\/wp\/v2\/types\/page"}],"author":[{"embeddable":true,"href":"https:\/\/www.ekholmnordic.se\/da\/wp-json\/wp\/v2\/users\/3"}],"replies":[{"embeddable":true,"href":"https:\/\/www.ekholmnordic.se\/da\/wp-json\/wp\/v2\/comments?post=6833"}],"version-history":[{"count":2,"href":"https:\/\/www.ekholmnordic.se\/da\/wp-json\/wp\/v2\/pages\/6833\/revisions"}],"predecessor-version":[{"id":6837,"href":"https:\/\/www.ekholmnordic.se\/da\/wp-json\/wp\/v2\/pages\/6833\/revisions\/6837"}],"wp:attachment":[{"href":"https:\/\/www.ekholmnordic.se\/da\/wp-json\/wp\/v2\/media?parent=6833"}],"curies":[{"name":"wp","href":"https:\/\/api.w.org\/{rel}","templated":true}]}}