{"id":6773,"date":"2018-09-20T16:58:56","date_gmt":"2018-09-20T14:58:56","guid":{"rendered":"https:\/\/www.ekholmnordic.se\/?page_id=6773"},"modified":"2018-09-20T16:58:56","modified_gmt":"2018-09-20T14:58:56","slug":"michelle-nilsson","status":"publish","type":"page","link":"https:\/\/www.ekholmnordic.se\/da\/michelle-nilsson\/","title":{"rendered":"Michelle Nilsson"},"content":{"rendered":"<div id=\"ember1077\" class=\"cs-element-preview x-section bg-color cs-bg-light el1d9e3f71-d622-4473-bc79-74deea5333a9 ember-view\" data-cs-loading=\"\" data-cs-observeable=\"{&quot;mode&quot;:&quot;inspect&quot;,&quot;title&quot;:&quot;Section 1&quot;,&quot;action&quot;:{&quot;type&quot;:&quot;inspect&quot;,&quot;id&quot;:&quot;1d9e3f71-d622-4473-bc79-74deea5333a9&quot;}}\">\n<div id=\"ember1086\" class=\"cs-element-preview x-container max width el2068b552-5dfa-406e-b48d-95afae6b9eb6 ember-view\" data-cs-loading=\"\" data-cs-observeable=\"{&quot;mode&quot;:&quot;inspect&quot;,&quot;title&quot;:&quot;Classic Row 1&quot;,&quot;action&quot;:{&quot;type&quot;:&quot;inspect&quot;,&quot;id&quot;:&quot;2068b552-5dfa-406e-b48d-95afae6b9eb6&quot;}}\">\n<div id=\"ember1095\" class=\"cs-element-preview x-column x-sm x-1-2 el1833ddac-e14a-4ae9-a4c4-683f04e00b98 ember-view\" data-cs-loading=\"\" data-cs-observeable=\"{&quot;mode&quot;:&quot;inspect&quot;,&quot;title&quot;:&quot;Classic Column 1&quot;,&quot;action&quot;:{&quot;type&quot;:&quot;inspect&quot;,&quot;id&quot;:&quot;1833ddac-e14a-4ae9-a4c4-683f04e00b98&quot;}}\">\n<div id=\"ember1394\" class=\"cs-element-preview cs-element-preview-wrapper cs-draggable ember-view\" data-cs-observeable=\"{&quot;mode&quot;:&quot;inspect&quot;,&quot;title&quot;:&quot;Classic Text&quot;,&quot;action&quot;:{&quot;type&quot;:&quot;inspect&quot;,&quot;id&quot;:&quot;fc7920c0-64b7-42c4-ba00-52b4270bece2&quot;}}\">\n<div class=\"x-text\">\n<h3>MICHELLE NILSSON-<br \/>\nMN DRESSAGE<\/h3>\n<p><strong>Mitt namn \u00e4r Michelle Nilsson och jag \u00e4r 24 \u00e5r gammal. Jag driver mitt egna f\u00f6retag MN Dressage d\u00e4r jag just nu har 5 h\u00e4star i tr\u00e4ning. Med mina ponnyer startade jag 3 st Svenska M\u00e4sterskap i dressyr och MsvB hoppning. N\u00e4r ponnytiden tog slut fick jag jobb hos Sofie Lexner och fick l\u00e5na hennes gamla Grand Prix-h\u00e4st som jag startade i tv\u00e5 YRSM och upp till Intermediere I. Efter det har jag bl.a. jobbat som beridare i Tyskland och p\u00e5 Dalhem Farms. Men nu bedriver jag som sagt egen verksamhet.<\/strong><\/p>\n<\/div>\n<\/div>\n<\/div>\n<div id=\"ember1113\" class=\"cs-element-preview x-column x-sm x-1-2 el80ba5042-e1a9-43f2-924b-f23df2aed44a ember-view\" data-cs-loading=\"\" data-cs-observeable=\"{&quot;mode&quot;:&quot;inspect&quot;,&quot;title&quot;:&quot;Classic Column 2&quot;,&quot;action&quot;:{&quot;type&quot;:&quot;inspect&quot;,&quot;id&quot;:&quot;80ba5042-e1a9-43f2-924b-f23df2aed44a&quot;}}\">\n<div id=\"ember1403\" class=\"cs-element-preview cs-element-preview-wrapper cs-draggable ember-view\" data-cs-observeable=\"{&quot;mode&quot;:&quot;inspect&quot;,&quot;title&quot;:&quot;Classic Image&quot;,&quot;action&quot;:{&quot;type&quot;:&quot;inspect&quot;,&quot;id&quot;:&quot;58ffd5da-a354-4103-8547-e02048158fd2&quot;}}\"><strong><img decoding=\"async\" class=\"x-img x-img-none\" src=\"http:\/\/www.ekholmnordic.se\/wp-content\/uploads\/2017\/10\/MN1.jpg\" \/><\/strong><\/div>\n<\/div>\n<\/div>\n<\/div>\n<div id=\"ember1131\" class=\"cs-element-preview x-section cs-bg-light elce04279b-5c74-4de9-bf95-e68551bb2e9e ember-view\" data-cs-loading=\"\" data-cs-observeable=\"{&quot;mode&quot;:&quot;inspect&quot;,&quot;title&quot;:&quot;Section 2&quot;,&quot;action&quot;:{&quot;type&quot;:&quot;inspect&quot;,&quot;id&quot;:&quot;ce04279b-5c74-4de9-bf95-e68551bb2e9e&quot;}}\">\n<div id=\"ember1140\" class=\"cs-element-preview x-container max width el6d408d6b-31a2-486a-8dce-897b2085059e ember-view\" data-cs-loading=\"\" data-cs-observeable=\"{&quot;mode&quot;:&quot;inspect&quot;,&quot;title&quot;:&quot;Classic Row 1&quot;,&quot;action&quot;:{&quot;type&quot;:&quot;inspect&quot;,&quot;id&quot;:&quot;6d408d6b-31a2-486a-8dce-897b2085059e&quot;}}\">\n<div id=\"ember1149\" class=\"cs-element-preview x-column x-sm x-1-1 elb0e0b419-2dd6-43f5-adcb-26a8653298bb ember-view\" data-cs-loading=\"\" data-cs-observeable=\"{&quot;mode&quot;:&quot;inspect&quot;,&quot;title&quot;:&quot;Classic Column 1&quot;,&quot;action&quot;:{&quot;type&quot;:&quot;inspect&quot;,&quot;id&quot;:&quot;b0e0b419-2dd6-43f5-adcb-26a8653298bb&quot;}}\">\n<div id=\"ember1412\" class=\"cs-element-preview cs-element-preview-wrapper cs-draggable ember-view\" data-cs-observeable=\"{&quot;mode&quot;:&quot;inspect&quot;,&quot;title&quot;:&quot;Classic Text&quot;,&quot;action&quot;:{&quot;type&quot;:&quot;inspect&quot;,&quot;id&quot;:&quot;048c9b9c-15f5-4bd2-8291-f5ed0c980854&quot;}}\">\n<div class=\"x-text\">\n<h6><strong>NEDAN F\u00d6LJER EN KORT BESKRIVNING P\u00c5 H\u00c4STARNA JAG HAR JUST NU.<\/strong><\/h6>\n<\/div>\n<\/div>\n<\/div>\n<\/div>\n<\/div>\n<div id=\"ember1167\" class=\"cs-element-preview x-section cs-bg-light ele3d487e5-6eec-4d42-aced-27eb3a092b9a ember-view\" data-cs-loading=\"\" data-cs-observeable=\"{&quot;mode&quot;:&quot;inspect&quot;,&quot;title&quot;:&quot;Section 4&quot;,&quot;action&quot;:{&quot;type&quot;:&quot;inspect&quot;,&quot;id&quot;:&quot;e3d487e5-6eec-4d42-aced-27eb3a092b9a&quot;}}\">\n<div id=\"ember1176\" class=\"cs-element-preview x-container max width ela8452a5d-d512-4f4a-888b-1ae1d0c5b11c ember-view\" data-cs-loading=\"\" data-cs-observeable=\"{&quot;mode&quot;:&quot;inspect&quot;,&quot;title&quot;:&quot;Classic Row 1&quot;,&quot;action&quot;:{&quot;type&quot;:&quot;inspect&quot;,&quot;id&quot;:&quot;a8452a5d-d512-4f4a-888b-1ae1d0c5b11c&quot;}}\">\n<div id=\"ember1185\" class=\"cs-element-preview x-column x-sm x-1-1 elcaf67320-164a-413a-b636-c819644deff6 ember-view\" data-cs-loading=\"\" data-cs-observeable=\"{&quot;mode&quot;:&quot;inspect&quot;,&quot;title&quot;:&quot;Classic Column 1&quot;,&quot;action&quot;:{&quot;type&quot;:&quot;inspect&quot;,&quot;id&quot;:&quot;caf67320-164a-413a-b636-c819644deff6&quot;}}\">\n<div id=\"ember1421\" class=\"cs-element-preview cs-element-preview-wrapper cs-draggable ember-view\" data-cs-observeable=\"{&quot;mode&quot;:&quot;inspect&quot;,&quot;title&quot;:&quot;Classic Custom Headline&quot;,&quot;action&quot;:{&quot;type&quot;:&quot;inspect&quot;,&quot;id&quot;:&quot;39621c37-7c67-42d2-87f0-e7774654f18a&quot;}}\">\n<h2 class=\"h-custom-headline cs-ta-center h2\">DARIN<\/h2>\n<\/div>\n<\/div>\n<\/div>\n<\/div>\n<div id=\"ember1203\" class=\"cs-element-preview x-section bg-color cs-bg-light ele5ac0919-c911-4da8-b6c9-574c6920f92a ember-view\" data-cs-loading=\"\" data-cs-observeable=\"{&quot;mode&quot;:&quot;inspect&quot;,&quot;title&quot;:&quot;Section 3&quot;,&quot;action&quot;:{&quot;type&quot;:&quot;inspect&quot;,&quot;id&quot;:&quot;e5ac0919-c911-4da8-b6c9-574c6920f92a&quot;}}\">\n<div id=\"ember1212\" class=\"cs-element-preview x-container max width el66d2922a-bd3c-4da1-9bfe-6be709028de0 ember-view\" data-cs-loading=\"\" data-cs-observeable=\"{&quot;mode&quot;:&quot;inspect&quot;,&quot;title&quot;:&quot;Classic Row 1&quot;,&quot;action&quot;:{&quot;type&quot;:&quot;inspect&quot;,&quot;id&quot;:&quot;66d2922a-bd3c-4da1-9bfe-6be709028de0&quot;}}\">\n<div id=\"ember1221\" class=\"cs-element-preview x-column x-sm x-1-3 el0ee6467a-c56b-4cca-b0fc-9736f2272811 ember-view\" data-cs-loading=\"\" data-cs-observeable=\"{&quot;mode&quot;:&quot;inspect&quot;,&quot;title&quot;:&quot;Classic Column 1&quot;,&quot;action&quot;:{&quot;type&quot;:&quot;inspect&quot;,&quot;id&quot;:&quot;0ee6467a-c56b-4cca-b0fc-9736f2272811&quot;}}\">\n<div id=\"ember1430\" class=\"cs-element-preview cs-element-preview-wrapper cs-draggable ember-view\" data-cs-observeable=\"{&quot;mode&quot;:&quot;inspect&quot;,&quot;title&quot;:&quot;Classic Image&quot;,&quot;action&quot;:{&quot;type&quot;:&quot;inspect&quot;,&quot;id&quot;:&quot;4c280183-6461-4261-bd24-a6096f2ffba1&quot;}}\"><img decoding=\"async\" class=\"x-img x-img-none\" src=\"http:\/\/www.ekholmnordic.se\/wp-content\/uploads\/2017\/10\/Spara3.jpg\" \/><\/div>\n<\/div>\n<div id=\"ember1239\" class=\"cs-element-preview x-column x-sm x-1-3 el02b9c2f3-4c37-4cfe-8289-09705aaa5469 ember-view\" data-cs-loading=\"\" data-cs-observeable=\"{&quot;mode&quot;:&quot;inspect&quot;,&quot;title&quot;:&quot;Classic Column 2&quot;,&quot;action&quot;:{&quot;type&quot;:&quot;inspect&quot;,&quot;id&quot;:&quot;02b9c2f3-4c37-4cfe-8289-09705aaa5469&quot;}}\">\n<div id=\"ember1439\" class=\"cs-element-preview cs-element-preview-wrapper cs-draggable ember-view\" data-cs-observeable=\"{&quot;mode&quot;:&quot;inspect&quot;,&quot;title&quot;:&quot;Classic Text&quot;,&quot;action&quot;:{&quot;type&quot;:&quot;inspect&quot;,&quot;id&quot;:&quot;e745b67b-91e2-401e-ba7d-efe0d5e5bcc0&quot;}}\">\n<div class=\"x-text\">\n<p><strong>val f\u00f6dd 2013<br \/>\ne. Dalwhinnie u. Schakira e. Schwardroneur<br \/>\nUppf\u00f6dare och \u00e4gare: Annica Wahlman<\/strong><\/p>\n<\/div>\n<\/div>\n<\/div>\n<div id=\"ember1257\" class=\"cs-element-preview x-column x-sm x-1-3 elf836ef85-2d3c-40cc-baaa-c94b89b29858 ember-view\" data-cs-loading=\"\" data-cs-observeable=\"{&quot;mode&quot;:&quot;inspect&quot;,&quot;title&quot;:&quot;Classic Column 3&quot;,&quot;action&quot;:{&quot;type&quot;:&quot;inspect&quot;,&quot;id&quot;:&quot;f836ef85-2d3c-40cc-baaa-c94b89b29858&quot;}}\">\n<div id=\"ember1448\" class=\"cs-element-preview cs-element-preview-wrapper cs-draggable ember-view\" data-cs-observeable=\"{&quot;mode&quot;:&quot;inspect&quot;,&quot;title&quot;:&quot;Classic Image&quot;,&quot;action&quot;:{&quot;type&quot;:&quot;inspect&quot;,&quot;id&quot;:&quot;6061d55b-d3c6-4923-b1f3-ee9267bb2edf&quot;}}\"><img decoding=\"async\" class=\"x-img x-img-none\" src=\"http:\/\/www.ekholmnordic.se\/wp-content\/uploads\/2017\/10\/Darin1.jpg\" \/><\/div>\n<\/div>\n<\/div>\n<\/div>\n<div id=\"ember1275\" class=\"cs-element-preview x-section bg-color cs-bg-light el87c75323-42d6-4718-b662-2e8661293630 ember-view\" data-cs-loading=\"\" data-cs-observeable=\"{&quot;mode&quot;:&quot;inspect&quot;,&quot;title&quot;:&quot;Section 5&quot;,&quot;action&quot;:{&quot;type&quot;:&quot;inspect&quot;,&quot;id&quot;:&quot;87c75323-42d6-4718-b662-2e8661293630&quot;}}\">\n<div id=\"ember1284\" class=\"cs-element-preview x-container max width elc91fee8b-6a5f-437a-9865-4b3209179916 ember-view\" data-cs-loading=\"\" data-cs-observeable=\"{&quot;mode&quot;:&quot;inspect&quot;,&quot;title&quot;:&quot;Classic Row 1&quot;,&quot;action&quot;:{&quot;type&quot;:&quot;inspect&quot;,&quot;id&quot;:&quot;c91fee8b-6a5f-437a-9865-4b3209179916&quot;}}\">\n<div id=\"ember1293\" class=\"cs-element-preview x-column x-sm x-1-1 elcd686d52-3237-46ca-bffb-820b98a5b6e0 ember-view\" data-cs-loading=\"\" data-cs-observeable=\"{&quot;mode&quot;:&quot;inspect&quot;,&quot;title&quot;:&quot;Classic Column 1&quot;,&quot;action&quot;:{&quot;type&quot;:&quot;inspect&quot;,&quot;id&quot;:&quot;cd686d52-3237-46ca-bffb-820b98a5b6e0&quot;}}\">\n<div id=\"ember1457\" class=\"cs-element-preview cs-element-preview-wrapper cs-draggable ember-view\" data-cs-observeable=\"{&quot;mode&quot;:&quot;inspect&quot;,&quot;title&quot;:&quot;Classic Text&quot;,&quot;action&quot;:{&quot;type&quot;:&quot;inspect&quot;,&quot;id&quot;:&quot;11859d85-3d39-446f-ac63-96fd22a0c495&quot;}}\">\n<div class=\"x-text\">\n<h5>7 E PLATS MED 83 % I 4-\u00c5RS CHAMPIONATET 2017<\/h5>\n<\/div>\n<\/div>\n<\/div>\n<\/div>\n<\/div>\n<div id=\"ember1311\" class=\"cs-element-preview x-section bg-color cs-bg-light el4cc86455-fa18-48b3-a7df-5770ce6d8e2d ember-view\" data-cs-loading=\"\" data-cs-observeable=\"{&quot;mode&quot;:&quot;inspect&quot;,&quot;title&quot;:&quot;Section 7&quot;,&quot;action&quot;:{&quot;type&quot;:&quot;inspect&quot;,&quot;id&quot;:&quot;4cc86455-fa18-48b3-a7df-5770ce6d8e2d&quot;}}\">\n<div id=\"ember1320\" class=\"cs-element-preview x-container max width el3e269678-68e6-4090-9753-10f491065c8a ember-view\" data-cs-loading=\"\" data-cs-observeable=\"{&quot;mode&quot;:&quot;inspect&quot;,&quot;title&quot;:&quot;Classic Row 1&quot;,&quot;action&quot;:{&quot;type&quot;:&quot;inspect&quot;,&quot;id&quot;:&quot;3e269678-68e6-4090-9753-10f491065c8a&quot;}}\">\n<div id=\"ember1329\" class=\"cs-element-preview x-column x-sm x-1-1 elb6b19348-a01c-4611-876c-cd5e91fde0d4 ember-view\" data-cs-loading=\"\" data-cs-observeable=\"{&quot;mode&quot;:&quot;inspect&quot;,&quot;title&quot;:&quot;Classic Column 1&quot;,&quot;action&quot;:{&quot;type&quot;:&quot;inspect&quot;,&quot;id&quot;:&quot;b6b19348-a01c-4611-876c-cd5e91fde0d4&quot;}}\">\n<div id=\"ember1466\" class=\"cs-element-preview cs-element-preview-wrapper cs-draggable ember-view\" data-cs-observeable=\"{&quot;mode&quot;:&quot;inspect&quot;,&quot;title&quot;:&quot;Classic Custom Headline&quot;,&quot;action&quot;:{&quot;type&quot;:&quot;inspect&quot;,&quot;id&quot;:&quot;024e69a6-5c62-4147-bb38-fc0989166480&quot;}}\">\n<h2 class=\"h-custom-headline h3\">Silentio QRE och hans mamma Tindra QRE efter segern i sydsvenskt F\u00f6lchampionat<\/h2>\n<\/div>\n<div id=\"ember1475\" class=\"cs-element-preview cs-element-preview-wrapper cs-draggable ember-view\" data-cs-observeable=\"{&quot;mode&quot;:&quot;inspect&quot;,&quot;title&quot;:&quot;Classic Image&quot;,&quot;action&quot;:{&quot;type&quot;:&quot;inspect&quot;,&quot;id&quot;:&quot;61b330af-095e-432f-b7cd-cdde63b73914&quot;}}\"><img decoding=\"async\" class=\"x-img x-img-none\" src=\"http:\/\/www.ekholmnordic.se\/wp-content\/uploads\/2017\/12\/Silentio-QRE-Tindra-QRE.jpg\" \/><\/div>\n<\/div>\n<\/div>\n<\/div>\n","protected":false},"excerpt":{"rendered":"<p>MICHELLE NILSSON- MN DRESSAGE Mitt namn \u00e4r Michelle Nilsson och jag \u00e4r 24 \u00e5r gammal. Jag driver mitt egna f\u00f6retag MN Dressage d\u00e4r jag just nu har 5 h\u00e4star i tr\u00e4ning. Med mina ponnyer startade jag 3 st Svenska M\u00e4sterskap i dressyr och MsvB hoppning. N\u00e4r ponnytiden tog slut fick jag jobb hos Sofie Lexner och fick l\u00e5na hennes gamla &#8230; <a href=\"https:\/\/www.ekholmnordic.se\/da\/michelle-nilsson\/\" class=\"more-link\">Read More<\/a><\/p>\n","protected":false},"author":3,"featured_media":0,"parent":0,"menu_order":0,"comment_status":"closed","ping_status":"closed","template":"","meta":{"_monsterinsights_skip_tracking":false,"_monsterinsights_sitenote_active":false,"_monsterinsights_sitenote_note":"","_monsterinsights_sitenote_category":0,"footnotes":""},"class_list":["post-6773","page","type-page","status-publish","hentry","no-post-thumbnail"],"yoast_head":"<!-- This site is optimized with the Yoast SEO plugin v27.6 - https:\/\/yoast.com\/product\/yoast-seo-wordpress\/ -->\n<title>Michelle Nilsson - Ekholm Vision - PROB SERIEN<\/title>\n<meta name=\"robots\" content=\"index, follow, max-snippet:-1, max-image-preview:large, max-video-preview:-1\" \/>\n<link rel=\"canonical\" href=\"https:\/\/www.ekholmnordic.se\/mn-dressage-michelle-nilsson-2\/\" \/>\n<meta property=\"og:locale\" content=\"da_DK\" \/>\n<meta property=\"og:type\" content=\"article\" \/>\n<meta property=\"og:title\" content=\"Michelle Nilsson - Ekholm Vision - PROB SERIEN\" \/>\n<meta property=\"og:description\" content=\"MICHELLE NILSSON- MN DRESSAGE Mitt namn \u00e4r Michelle Nilsson och jag \u00e4r 24 \u00e5r gammal. Jag driver mitt egna f\u00f6retag MN Dressage d\u00e4r jag just nu har 5 h\u00e4star i tr\u00e4ning. Med mina ponnyer startade jag 3 st Svenska M\u00e4sterskap i dressyr och MsvB hoppning. N\u00e4r ponnytiden tog slut fick jag jobb hos Sofie Lexner och fick l\u00e5na hennes gamla ... Read More\" \/>\n<meta property=\"og:url\" content=\"https:\/\/www.ekholmnordic.se\/mn-dressage-michelle-nilsson-2\/\" \/>\n<meta property=\"og:site_name\" content=\"Ekholm Vision - PROB SERIEN\" \/>\n<meta property=\"og:image\" content=\"http:\/\/www.ekholmnordic.se\/wp-content\/uploads\/2017\/10\/MN1.jpg\" \/>\n<meta name=\"twitter:card\" content=\"summary_large_image\" \/>\n<meta name=\"twitter:label1\" content=\"Estimeret l\u00e6setid\" \/>\n\t<meta name=\"twitter:data1\" content=\"1 minut\" \/>\n<script type=\"application\/ld+json\" class=\"yoast-schema-graph\">{\"@context\":\"https:\\\/\\\/schema.org\",\"@graph\":[{\"@type\":\"WebPage\",\"@id\":\"https:\\\/\\\/www.ekholmnordic.se\\\/mn-dressage-michelle-nilsson-2\\\/\",\"url\":\"https:\\\/\\\/www.ekholmnordic.se\\\/mn-dressage-michelle-nilsson-2\\\/\",\"name\":\"Michelle Nilsson - Ekholm Vision - PROB SERIEN\",\"isPartOf\":{\"@id\":\"https:\\\/\\\/www.ekholmnordic.se\\\/#website\"},\"primaryImageOfPage\":{\"@id\":\"https:\\\/\\\/www.ekholmnordic.se\\\/mn-dressage-michelle-nilsson-2\\\/#primaryimage\"},\"image\":{\"@id\":\"https:\\\/\\\/www.ekholmnordic.se\\\/mn-dressage-michelle-nilsson-2\\\/#primaryimage\"},\"thumbnailUrl\":\"http:\\\/\\\/www.ekholmnordic.se\\\/wp-content\\\/uploads\\\/2017\\\/10\\\/MN1.jpg\",\"datePublished\":\"2018-09-20T14:58:56+00:00\",\"breadcrumb\":{\"@id\":\"https:\\\/\\\/www.ekholmnordic.se\\\/mn-dressage-michelle-nilsson-2\\\/#breadcrumb\"},\"inLanguage\":\"da-DK\",\"potentialAction\":[{\"@type\":\"ReadAction\",\"target\":[\"https:\\\/\\\/www.ekholmnordic.se\\\/mn-dressage-michelle-nilsson-2\\\/\"]}]},{\"@type\":\"ImageObject\",\"inLanguage\":\"da-DK\",\"@id\":\"https:\\\/\\\/www.ekholmnordic.se\\\/mn-dressage-michelle-nilsson-2\\\/#primaryimage\",\"url\":\"http:\\\/\\\/www.ekholmnordic.se\\\/wp-content\\\/uploads\\\/2017\\\/10\\\/MN1.jpg\",\"contentUrl\":\"http:\\\/\\\/www.ekholmnordic.se\\\/wp-content\\\/uploads\\\/2017\\\/10\\\/MN1.jpg\"},{\"@type\":\"BreadcrumbList\",\"@id\":\"https:\\\/\\\/www.ekholmnordic.se\\\/mn-dressage-michelle-nilsson-2\\\/#breadcrumb\",\"itemListElement\":[{\"@type\":\"ListItem\",\"position\":1,\"name\":\"Hem\",\"item\":\"https:\\\/\\\/www.ekholmnordic.se\\\/da\\\/\"},{\"@type\":\"ListItem\",\"position\":2,\"name\":\"Michelle Nilsson\"}]},{\"@type\":\"WebSite\",\"@id\":\"https:\\\/\\\/www.ekholmnordic.se\\\/#website\",\"url\":\"https:\\\/\\\/www.ekholmnordic.se\\\/\",\"name\":\"Ekholm Vision - PROB SERIEN\",\"description\":\"F\u00d6R EN OPTIMAL HUD OCH P\u00c4LSV\u00c5RD\",\"potentialAction\":[{\"@type\":\"SearchAction\",\"target\":{\"@type\":\"EntryPoint\",\"urlTemplate\":\"https:\\\/\\\/www.ekholmnordic.se\\\/?s={search_term_string}\"},\"query-input\":{\"@type\":\"PropertyValueSpecification\",\"valueRequired\":true,\"valueName\":\"search_term_string\"}}],\"inLanguage\":\"da-DK\"}]}<\/script>\n<!-- \/ Yoast SEO plugin. -->","yoast_head_json":{"title":"Michelle Nilsson - Ekholm Vision - PROB SERIEN","robots":{"index":"index","follow":"follow","max-snippet":"max-snippet:-1","max-image-preview":"max-image-preview:large","max-video-preview":"max-video-preview:-1"},"canonical":"https:\/\/www.ekholmnordic.se\/mn-dressage-michelle-nilsson-2\/","og_locale":"da_DK","og_type":"article","og_title":"Michelle Nilsson - Ekholm Vision - PROB SERIEN","og_description":"MICHELLE NILSSON- MN DRESSAGE Mitt namn \u00e4r Michelle Nilsson och jag \u00e4r 24 \u00e5r gammal. Jag driver mitt egna f\u00f6retag MN Dressage d\u00e4r jag just nu har 5 h\u00e4star i tr\u00e4ning. Med mina ponnyer startade jag 3 st Svenska M\u00e4sterskap i dressyr och MsvB hoppning. N\u00e4r ponnytiden tog slut fick jag jobb hos Sofie Lexner och fick l\u00e5na hennes gamla ... Read More","og_url":"https:\/\/www.ekholmnordic.se\/mn-dressage-michelle-nilsson-2\/","og_site_name":"Ekholm Vision - PROB SERIEN","og_image":[{"url":"http:\/\/www.ekholmnordic.se\/wp-content\/uploads\/2017\/10\/MN1.jpg","type":"","width":"","height":""}],"twitter_card":"summary_large_image","twitter_misc":{"Estimeret l\u00e6setid":"1 minut"},"schema":{"@context":"https:\/\/schema.org","@graph":[{"@type":"WebPage","@id":"https:\/\/www.ekholmnordic.se\/mn-dressage-michelle-nilsson-2\/","url":"https:\/\/www.ekholmnordic.se\/mn-dressage-michelle-nilsson-2\/","name":"Michelle Nilsson - Ekholm Vision - PROB SERIEN","isPartOf":{"@id":"https:\/\/www.ekholmnordic.se\/#website"},"primaryImageOfPage":{"@id":"https:\/\/www.ekholmnordic.se\/mn-dressage-michelle-nilsson-2\/#primaryimage"},"image":{"@id":"https:\/\/www.ekholmnordic.se\/mn-dressage-michelle-nilsson-2\/#primaryimage"},"thumbnailUrl":"http:\/\/www.ekholmnordic.se\/wp-content\/uploads\/2017\/10\/MN1.jpg","datePublished":"2018-09-20T14:58:56+00:00","breadcrumb":{"@id":"https:\/\/www.ekholmnordic.se\/mn-dressage-michelle-nilsson-2\/#breadcrumb"},"inLanguage":"da-DK","potentialAction":[{"@type":"ReadAction","target":["https:\/\/www.ekholmnordic.se\/mn-dressage-michelle-nilsson-2\/"]}]},{"@type":"ImageObject","inLanguage":"da-DK","@id":"https:\/\/www.ekholmnordic.se\/mn-dressage-michelle-nilsson-2\/#primaryimage","url":"http:\/\/www.ekholmnordic.se\/wp-content\/uploads\/2017\/10\/MN1.jpg","contentUrl":"http:\/\/www.ekholmnordic.se\/wp-content\/uploads\/2017\/10\/MN1.jpg"},{"@type":"BreadcrumbList","@id":"https:\/\/www.ekholmnordic.se\/mn-dressage-michelle-nilsson-2\/#breadcrumb","itemListElement":[{"@type":"ListItem","position":1,"name":"Hem","item":"https:\/\/www.ekholmnordic.se\/da\/"},{"@type":"ListItem","position":2,"name":"Michelle Nilsson"}]},{"@type":"WebSite","@id":"https:\/\/www.ekholmnordic.se\/#website","url":"https:\/\/www.ekholmnordic.se\/","name":"Ekholm Vision - PROB SERIEN","description":"F\u00d6R EN OPTIMAL HUD OCH P\u00c4LSV\u00c5RD","potentialAction":[{"@type":"SearchAction","target":{"@type":"EntryPoint","urlTemplate":"https:\/\/www.ekholmnordic.se\/?s={search_term_string}"},"query-input":{"@type":"PropertyValueSpecification","valueRequired":true,"valueName":"search_term_string"}}],"inLanguage":"da-DK"}]}},"_links":{"self":[{"href":"https:\/\/www.ekholmnordic.se\/da\/wp-json\/wp\/v2\/pages\/6773","targetHints":{"allow":["GET"]}}],"collection":[{"href":"https:\/\/www.ekholmnordic.se\/da\/wp-json\/wp\/v2\/pages"}],"about":[{"href":"https:\/\/www.ekholmnordic.se\/da\/wp-json\/wp\/v2\/types\/page"}],"author":[{"embeddable":true,"href":"https:\/\/www.ekholmnordic.se\/da\/wp-json\/wp\/v2\/users\/3"}],"replies":[{"embeddable":true,"href":"https:\/\/www.ekholmnordic.se\/da\/wp-json\/wp\/v2\/comments?post=6773"}],"version-history":[{"count":1,"href":"https:\/\/www.ekholmnordic.se\/da\/wp-json\/wp\/v2\/pages\/6773\/revisions"}],"predecessor-version":[{"id":6774,"href":"https:\/\/www.ekholmnordic.se\/da\/wp-json\/wp\/v2\/pages\/6773\/revisions\/6774"}],"wp:attachment":[{"href":"https:\/\/www.ekholmnordic.se\/da\/wp-json\/wp\/v2\/media?parent=6773"}],"curies":[{"name":"wp","href":"https:\/\/api.w.org\/{rel}","templated":true}]}}