{"id":6752,"date":"2018-09-20T16:44:27","date_gmt":"2018-09-20T14:44:27","guid":{"rendered":"https:\/\/www.ekholmnordic.se\/?page_id=6752"},"modified":"2018-09-20T16:44:27","modified_gmt":"2018-09-20T14:44:27","slug":"cornelia-rylen","status":"publish","type":"page","link":"https:\/\/www.ekholmnordic.se\/da\/cornelia-rylen\/","title":{"rendered":"Cornelia Ryle\u00b4n"},"content":{"rendered":"<div class=\"x-container max width offset\">\n<div class=\"x-main right\" role=\"main\">\n<article id=\"post-3577\" class=\"post-3577 page type-page status-publish hentry no-post-thumbnail\">\n<div class=\"entry-wrap\">\n<div class=\"entry-content content\">\n<div id=\"cs-content\" class=\"cs-content\">\n<div id=\"ember667\" class=\"cs-preview-zone cs-preview-zone-cs-content ember-view\">\n<div id=\"ember967\" class=\"cs-element-preview x-section cs-bg-light el53ae99ed-47a3-4975-8e5c-c30ce1f4bf75 ember-view\" data-cs-loading=\"\" data-cs-observeable=\"{&quot;mode&quot;:&quot;inspect&quot;,&quot;title&quot;:&quot;Section 1&quot;,&quot;action&quot;:{&quot;type&quot;:&quot;inspect&quot;,&quot;id&quot;:&quot;53ae99ed-47a3-4975-8e5c-c30ce1f4bf75&quot;}}\">\n<div id=\"ember976\" class=\"cs-element-preview x-container max width eld23e18aa-2fb9-4d80-8ef9-6abf81f710ac ember-view\" data-cs-loading=\"\" data-cs-observeable=\"{&quot;mode&quot;:&quot;inspect&quot;,&quot;title&quot;:&quot;Classic Row 1&quot;,&quot;action&quot;:{&quot;type&quot;:&quot;inspect&quot;,&quot;id&quot;:&quot;d23e18aa-2fb9-4d80-8ef9-6abf81f710ac&quot;}}\">\n<div id=\"ember985\" class=\"cs-element-preview x-column x-sm x-1-1 ela56d295c-7224-4bc5-862d-3160d39b90e1 ember-view\" data-cs-loading=\"\" data-cs-observeable=\"{&quot;mode&quot;:&quot;inspect&quot;,&quot;title&quot;:&quot;Classic Column 1&quot;,&quot;action&quot;:{&quot;type&quot;:&quot;inspect&quot;,&quot;id&quot;:&quot;a56d295c-7224-4bc5-862d-3160d39b90e1&quot;}}\">\n<div id=\"ember1185\" class=\"cs-element-preview cs-element-preview-wrapper cs-draggable ember-view\" data-cs-observeable=\"{&quot;mode&quot;:&quot;inspect&quot;,&quot;title&quot;:&quot;Classic Custom Headline&quot;,&quot;action&quot;:{&quot;type&quot;:&quot;inspect&quot;,&quot;id&quot;:&quot;cbbd92da-1c26-42cd-811c-81cfd8eb6424&quot;}}\">\n<h1 class=\"h-custom-headline h1\">Cornelia Rylen<\/h1>\n<\/div>\n<\/div>\n<\/div>\n<\/div>\n<div id=\"ember1003\" class=\"cs-element-preview x-section bg-color cs-bg-light el72002c25-fd2b-4eee-942b-19499be58e8b ember-view\" data-cs-loading=\"\" data-cs-observeable=\"{&quot;mode&quot;:&quot;inspect&quot;,&quot;title&quot;:&quot;Section 2&quot;,&quot;action&quot;:{&quot;type&quot;:&quot;inspect&quot;,&quot;id&quot;:&quot;72002c25-fd2b-4eee-942b-19499be58e8b&quot;}}\">\n<div id=\"ember1012\" class=\"cs-element-preview x-container max width elc6cec375-38a2-4c6b-80b3-ba0f034bc29c ember-view\" data-cs-loading=\"\" data-cs-observeable=\"{&quot;mode&quot;:&quot;inspect&quot;,&quot;title&quot;:&quot;Classic Row 1&quot;,&quot;action&quot;:{&quot;type&quot;:&quot;inspect&quot;,&quot;id&quot;:&quot;c6cec375-38a2-4c6b-80b3-ba0f034bc29c&quot;}}\">\n<div id=\"ember1021\" class=\"cs-element-preview x-column x-sm x-1-1 elcd7435f7-7057-4061-b9c8-b9656addcfe9 ember-view\" data-cs-loading=\"\" data-cs-observeable=\"{&quot;mode&quot;:&quot;inspect&quot;,&quot;title&quot;:&quot;Classic Column 1&quot;,&quot;action&quot;:{&quot;type&quot;:&quot;inspect&quot;,&quot;id&quot;:&quot;cd7435f7-7057-4061-b9c8-b9656addcfe9&quot;}}\">\n<div id=\"ember1194\" class=\"cs-element-preview cs-element-preview-wrapper cs-draggable ember-view\" data-cs-observeable=\"{&quot;mode&quot;:&quot;inspect&quot;,&quot;title&quot;:&quot;Classic Image&quot;,&quot;action&quot;:{&quot;type&quot;:&quot;inspect&quot;,&quot;id&quot;:&quot;fce6026a-304b-406e-9b29-c03faade5148&quot;}}\"><img decoding=\"async\" class=\"x-img x-img-none\" src=\"http:\/\/www.ekholmnordic.se\/wp-content\/uploads\/2017\/11\/Cornelia-Rylen.jpg\" \/><\/div>\n<\/div>\n<\/div>\n<\/div>\n<div id=\"ember1039\" class=\"cs-element-preview x-section bg-color cs-bg-light el39a14a98-1cbb-4fe1-9fe2-2edf1b9d96ac ember-view\" data-cs-loading=\"\" data-cs-observeable=\"{&quot;mode&quot;:&quot;inspect&quot;,&quot;title&quot;:&quot;Section 3&quot;,&quot;action&quot;:{&quot;type&quot;:&quot;inspect&quot;,&quot;id&quot;:&quot;39a14a98-1cbb-4fe1-9fe2-2edf1b9d96ac&quot;}}\">\n<div id=\"ember1048\" class=\"cs-element-preview x-container max width elba968ced-c5bb-4939-9b49-691b406f818c ember-view\" data-cs-loading=\"\" data-cs-observeable=\"{&quot;mode&quot;:&quot;inspect&quot;,&quot;title&quot;:&quot;Classic Row 1&quot;,&quot;action&quot;:{&quot;type&quot;:&quot;inspect&quot;,&quot;id&quot;:&quot;ba968ced-c5bb-4939-9b49-691b406f818c&quot;}}\">\n<div id=\"ember1057\" class=\"cs-element-preview x-column x-sm x-1-1 el43081d46-af72-445d-91b7-b7efc0de95ee ember-view\" data-cs-loading=\"\" data-cs-observeable=\"{&quot;mode&quot;:&quot;inspect&quot;,&quot;title&quot;:&quot;Classic Column 1&quot;,&quot;action&quot;:{&quot;type&quot;:&quot;inspect&quot;,&quot;id&quot;:&quot;43081d46-af72-445d-91b7-b7efc0de95ee&quot;}}\">\n<div id=\"ember1203\" class=\"cs-element-preview cs-element-preview-wrapper cs-draggable ember-view\" data-cs-observeable=\"{&quot;mode&quot;:&quot;inspect&quot;,&quot;title&quot;:&quot;Classic Text&quot;,&quot;action&quot;:{&quot;type&quot;:&quot;inspect&quot;,&quot;id&quot;:&quot;644a75e4-a2dd-434d-8515-43e781552f9c&quot;}}\">\n<div class=\"x-text\">\n<p><strong>Jag heter Cornelia Rylen och \u00e4r 23 \u00e5r gammal. Jag h\u00e5ller till utanf\u00f6r Norrk\u00f6ping p\u00e5 Vikbolandet, och bor p\u00e5 mina f\u00f6r\u00e4ldrars g\u00e5rd tillsammans med min sambo.<\/strong><br \/>\n<strong>Vi har ungef\u00e4r 11 h\u00e4star p\u00e5 g\u00e5rden och de flesta \u00e4r mina egna. Jag satsar fr\u00e4mst p\u00e5 min egna karri\u00e4r som hoppryttare men jobbar \u00e4ven med tillridning av andras h\u00e4star d\u00e4r jag ofta pysslar med probleml\u00f6sning.<\/strong><\/p>\n<p><strong>Jag har sj\u00e4lv tagit flera h\u00e4star upp till 150cm klasser d\u00e4r jag har flera vinster och placeringar, och har med tv\u00e5 olika h\u00e4star startat 155cm. Ungh\u00e4star h\u00f6r givetvis ocks\u00e5 till vardagen s\u00e5 det \u00e4r en blandad kompott h\u00e4r!<\/strong><\/p>\n<p><strong>Jag brinner f\u00f6r att f\u00e5 fram det b\u00e4sta ur varje h\u00e4st, ser g\u00e4rna m\u00f6jligheterna b\u00e4ttre \u00e4n begr\u00e4nsningarna, p\u00e5 gott och ont.<\/strong><\/p>\n<\/div>\n<\/div>\n<\/div>\n<\/div>\n<\/div>\n<div id=\"ember1075\" class=\"cs-element-preview x-section bg-color cs-bg-light elae2d266c-fd96-4b66-bbbd-d72fe5f35f3f ember-view\" data-cs-loading=\"\" data-cs-observeable=\"{&quot;mode&quot;:&quot;inspect&quot;,&quot;title&quot;:&quot;Section 4&quot;,&quot;action&quot;:{&quot;type&quot;:&quot;inspect&quot;,&quot;id&quot;:&quot;ae2d266c-fd96-4b66-bbbd-d72fe5f35f3f&quot;}}\">\n<div id=\"ember1084\" class=\"cs-element-preview x-container max width elb4d2adfc-04a5-4c1f-92f1-cccb5e3a4ab9 ember-view\" data-cs-loading=\"\" data-cs-observeable=\"{&quot;mode&quot;:&quot;inspect&quot;,&quot;title&quot;:&quot;Classic Row 1&quot;,&quot;action&quot;:{&quot;type&quot;:&quot;inspect&quot;,&quot;id&quot;:&quot;b4d2adfc-04a5-4c1f-92f1-cccb5e3a4ab9&quot;}}\">\n<div id=\"ember1093\" class=\"cs-element-preview x-column x-sm x-1-1 ela8fddbbc-ceec-42f3-a9bb-6bf06d9f60b4 ember-view\" data-cs-loading=\"\" data-cs-observeable=\"{&quot;mode&quot;:&quot;inspect&quot;,&quot;title&quot;:&quot;Classic Column 1&quot;,&quot;action&quot;:{&quot;type&quot;:&quot;inspect&quot;,&quot;id&quot;:&quot;a8fddbbc-ceec-42f3-a9bb-6bf06d9f60b4&quot;}}\">\n<div id=\"ember1212\" class=\"cs-element-preview cs-element-preview-wrapper cs-draggable ember-view\" data-cs-observeable=\"{&quot;mode&quot;:&quot;inspect&quot;,&quot;title&quot;:&quot;Classic Image&quot;,&quot;action&quot;:{&quot;type&quot;:&quot;inspect&quot;,&quot;id&quot;:&quot;301e52a1-488e-4b9c-8eeb-9ff8eb1f93dd&quot;}}\"><img decoding=\"async\" class=\"x-img x-img-none\" src=\"http:\/\/www.ekholmnordic.se\/wp-content\/uploads\/2017\/11\/Cornelia.jpg\" \/><\/div>\n<\/div>\n<\/div>\n<\/div>\n<div id=\"ember1111\" class=\"cs-element-preview x-section cs-bg-light el69628528-4d39-42d2-8a9b-6f8b73072788 ember-view\" data-cs-loading=\"\" data-cs-observeable=\"{&quot;mode&quot;:&quot;inspect&quot;,&quot;title&quot;:&quot;Section 5&quot;,&quot;action&quot;:{&quot;type&quot;:&quot;inspect&quot;,&quot;id&quot;:&quot;69628528-4d39-42d2-8a9b-6f8b73072788&quot;}}\">\n<div id=\"ember1120\" class=\"cs-element-preview x-container max width elf3b71d8e-3c70-486a-95b7-bc1bbdc6270c ember-view\" data-cs-loading=\"\" data-cs-observeable=\"{&quot;mode&quot;:&quot;inspect&quot;,&quot;title&quot;:&quot;Classic Row 1&quot;,&quot;action&quot;:{&quot;type&quot;:&quot;inspect&quot;,&quot;id&quot;:&quot;f3b71d8e-3c70-486a-95b7-bc1bbdc6270c&quot;}}\">\n<div id=\"ember1129\" class=\"cs-element-preview x-column x-sm x-1-1 el22cc7546-e657-4cb2-8009-39d2b1e08c2e ember-view\" data-cs-loading=\"\" data-cs-observeable=\"{&quot;mode&quot;:&quot;inspect&quot;,&quot;title&quot;:&quot;Classic Column 1&quot;,&quot;action&quot;:{&quot;type&quot;:&quot;inspect&quot;,&quot;id&quot;:&quot;22cc7546-e657-4cb2-8009-39d2b1e08c2e&quot;}}\">\n<div id=\"ember1221\" class=\"cs-element-preview cs-element-preview-wrapper cs-draggable ember-view\" data-cs-observeable=\"{&quot;mode&quot;:&quot;inspect&quot;,&quot;title&quot;:&quot;Classic Text&quot;,&quot;action&quot;:{&quot;type&quot;:&quot;inspect&quot;,&quot;id&quot;:&quot;65095ba4-d480-4027-ae0c-850d6e243720&quot;}}\">\n<div class=\"x-text\">\n<p>Fotograf \u00e4r Stefan Keturi<\/p>\n<\/div>\n<\/div>\n<\/div>\n<\/div>\n<\/div>\n<div id=\"ember1147\" class=\"cs-element-preview x-section cs-bg-light ele745b75b-6fd2-4f7c-a427-8b1ca1f30d6f ember-view\" data-cs-loading=\"\" data-cs-observeable=\"{&quot;mode&quot;:&quot;inspect&quot;,&quot;title&quot;:&quot;Section 6&quot;,&quot;action&quot;:{&quot;type&quot;:&quot;inspect&quot;,&quot;id&quot;:&quot;e745b75b-6fd2-4f7c-a427-8b1ca1f30d6f&quot;}}\">\n<div id=\"ember1156\" class=\"cs-element-preview x-container max width el30e4117a-6842-4db6-90ba-8d1ddde22179 ember-view\" data-cs-loading=\"\" data-cs-observeable=\"{&quot;mode&quot;:&quot;inspect&quot;,&quot;title&quot;:&quot;Classic Row 1&quot;,&quot;action&quot;:{&quot;type&quot;:&quot;inspect&quot;,&quot;id&quot;:&quot;30e4117a-6842-4db6-90ba-8d1ddde22179&quot;}}\">\n<div id=\"ember1165\" class=\"cs-element-preview x-column x-sm x-1-1 el29dcaa3a-31ae-45d1-973f-3ad4b57a3655 ember-view\" data-cs-loading=\"\" data-cs-observeable=\"{&quot;mode&quot;:&quot;inspect&quot;,&quot;title&quot;:&quot;Classic Column 1&quot;,&quot;action&quot;:{&quot;type&quot;:&quot;inspect&quot;,&quot;id&quot;:&quot;29dcaa3a-31ae-45d1-973f-3ad4b57a3655&quot;}}\">\n<div id=\"ember1230\" class=\"cs-element-preview cs-element-preview-wrapper cs-draggable ember-view\" data-cs-observeable=\"{&quot;mode&quot;:&quot;inspect&quot;,&quot;title&quot;:&quot;Classic Text&quot;,&quot;action&quot;:{&quot;type&quot;:&quot;inspect&quot;,&quot;id&quot;:&quot;e50c4cb3-7d40-4298-974a-9df842b9ea79&quot;}}\">\n<div class=\"x-text\">\n<p><strong>L\u00e4nk till Cornelias hemsida.\u00a0<a href=\"http:\/\/corneliarylen.se\/\" target=\"_blank\" rel=\"noopener\">TRYCK H\u00c4R<\/a><\/strong><\/p>\n<p>&nbsp;<\/p>\n<p><strong>L\u00e4nk till Cornelias Instagram\u00a0<a href=\"https:\/\/www.instagram.com\/corneliarylen\/?hl=sv\" target=\"_blank\" rel=\"noopener\">TRYCK H\u00c4R<\/a>.\u00a0<\/strong><\/p>\n<\/div>\n<\/div>\n<\/div>\n<\/div>\n<\/div>\n<\/div>\n<\/div>\n<\/div>\n<\/div>\n<\/article>\n<\/div>\n<\/div>\n<footer class=\"x-colophon top\">\n<div class=\"x-container max width\">\n<div class=\"x-column x-md x-1-1 last\"><\/div>\n<\/div>\n<\/footer>\n<footer class=\"x-colophon bottom\" role=\"contentinfo\">\n<div class=\"x-container max width\">\n<div class=\"x-social-global\"><\/div>\n<\/div>\n<\/footer>\n","protected":false},"excerpt":{"rendered":"<p>Cornelia Rylen Jag heter Cornelia Rylen och \u00e4r 23 \u00e5r gammal. Jag h\u00e5ller till utanf\u00f6r Norrk\u00f6ping p\u00e5 Vikbolandet, och bor p\u00e5 mina f\u00f6r\u00e4ldrars g\u00e5rd tillsammans med min sambo. Vi har ungef\u00e4r 11 h\u00e4star p\u00e5 g\u00e5rden och de flesta \u00e4r mina egna. Jag satsar fr\u00e4mst p\u00e5 min egna karri\u00e4r som hoppryttare men jobbar \u00e4ven med tillridning av andras h\u00e4star d\u00e4r jag &#8230; <a href=\"https:\/\/www.ekholmnordic.se\/da\/cornelia-rylen\/\" class=\"more-link\">Read More<\/a><\/p>\n","protected":false},"author":3,"featured_media":0,"parent":0,"menu_order":0,"comment_status":"closed","ping_status":"closed","template":"","meta":{"_monsterinsights_skip_tracking":false,"_monsterinsights_sitenote_active":false,"_monsterinsights_sitenote_note":"","_monsterinsights_sitenote_category":0,"footnotes":""},"class_list":["post-6752","page","type-page","status-publish","hentry","no-post-thumbnail"],"yoast_head":"<!-- This site is optimized with the Yoast SEO plugin v27.5 - https:\/\/yoast.com\/product\/yoast-seo-wordpress\/ -->\n<title>Cornelia Ryle\u00b4n - Ekholm Vision - PROB SERIEN<\/title>\n<meta name=\"robots\" content=\"index, follow, max-snippet:-1, max-image-preview:large, max-video-preview:-1\" \/>\n<link rel=\"canonical\" href=\"https:\/\/www.ekholmnordic.se\/da\/cornelia-rylen\/\" \/>\n<meta property=\"og:locale\" content=\"da_DK\" \/>\n<meta property=\"og:type\" content=\"article\" \/>\n<meta property=\"og:title\" content=\"Cornelia Ryle\u00b4n - Ekholm Vision - PROB SERIEN\" \/>\n<meta property=\"og:description\" content=\"Cornelia Rylen Jag heter Cornelia Rylen och \u00e4r 23 \u00e5r gammal. Jag h\u00e5ller till utanf\u00f6r Norrk\u00f6ping p\u00e5 Vikbolandet, och bor p\u00e5 mina f\u00f6r\u00e4ldrars g\u00e5rd tillsammans med min sambo. Vi har ungef\u00e4r 11 h\u00e4star p\u00e5 g\u00e5rden och de flesta \u00e4r mina egna. Jag satsar fr\u00e4mst p\u00e5 min egna karri\u00e4r som hoppryttare men jobbar \u00e4ven med tillridning av andras h\u00e4star d\u00e4r jag ... Read More\" \/>\n<meta property=\"og:url\" content=\"https:\/\/www.ekholmnordic.se\/da\/cornelia-rylen\/\" \/>\n<meta property=\"og:site_name\" content=\"Ekholm Vision - PROB SERIEN\" \/>\n<meta property=\"og:image\" content=\"http:\/\/www.ekholmnordic.se\/wp-content\/uploads\/2017\/11\/Cornelia-Rylen.jpg\" \/>\n<meta name=\"twitter:card\" content=\"summary_large_image\" \/>\n<meta name=\"twitter:label1\" content=\"Estimeret l\u00e6setid\" \/>\n\t<meta name=\"twitter:data1\" content=\"1 minut\" \/>\n<script type=\"application\/ld+json\" class=\"yoast-schema-graph\">{\"@context\":\"https:\\\/\\\/schema.org\",\"@graph\":[{\"@type\":\"WebPage\",\"@id\":\"https:\\\/\\\/www.ekholmnordic.se\\\/da\\\/cornelia-rylen\\\/\",\"url\":\"https:\\\/\\\/www.ekholmnordic.se\\\/da\\\/cornelia-rylen\\\/\",\"name\":\"Cornelia Ryle\u00b4n - Ekholm Vision - PROB SERIEN\",\"isPartOf\":{\"@id\":\"https:\\\/\\\/www.ekholmnordic.se\\\/#website\"},\"primaryImageOfPage\":{\"@id\":\"https:\\\/\\\/www.ekholmnordic.se\\\/da\\\/cornelia-rylen\\\/#primaryimage\"},\"image\":{\"@id\":\"https:\\\/\\\/www.ekholmnordic.se\\\/da\\\/cornelia-rylen\\\/#primaryimage\"},\"thumbnailUrl\":\"http:\\\/\\\/www.ekholmnordic.se\\\/wp-content\\\/uploads\\\/2017\\\/11\\\/Cornelia-Rylen.jpg\",\"datePublished\":\"2018-09-20T14:44:27+00:00\",\"breadcrumb\":{\"@id\":\"https:\\\/\\\/www.ekholmnordic.se\\\/da\\\/cornelia-rylen\\\/#breadcrumb\"},\"inLanguage\":\"da-DK\",\"potentialAction\":[{\"@type\":\"ReadAction\",\"target\":[\"https:\\\/\\\/www.ekholmnordic.se\\\/da\\\/cornelia-rylen\\\/\"]}]},{\"@type\":\"ImageObject\",\"inLanguage\":\"da-DK\",\"@id\":\"https:\\\/\\\/www.ekholmnordic.se\\\/da\\\/cornelia-rylen\\\/#primaryimage\",\"url\":\"http:\\\/\\\/www.ekholmnordic.se\\\/wp-content\\\/uploads\\\/2017\\\/11\\\/Cornelia-Rylen.jpg\",\"contentUrl\":\"http:\\\/\\\/www.ekholmnordic.se\\\/wp-content\\\/uploads\\\/2017\\\/11\\\/Cornelia-Rylen.jpg\"},{\"@type\":\"BreadcrumbList\",\"@id\":\"https:\\\/\\\/www.ekholmnordic.se\\\/da\\\/cornelia-rylen\\\/#breadcrumb\",\"itemListElement\":[{\"@type\":\"ListItem\",\"position\":1,\"name\":\"Hem\",\"item\":\"https:\\\/\\\/www.ekholmnordic.se\\\/da\\\/\"},{\"@type\":\"ListItem\",\"position\":2,\"name\":\"Cornelia Ryle\u00b4n\"}]},{\"@type\":\"WebSite\",\"@id\":\"https:\\\/\\\/www.ekholmnordic.se\\\/#website\",\"url\":\"https:\\\/\\\/www.ekholmnordic.se\\\/\",\"name\":\"Ekholm Vision - PROB SERIEN\",\"description\":\"F\u00d6R EN OPTIMAL HUD OCH P\u00c4LSV\u00c5RD\",\"potentialAction\":[{\"@type\":\"SearchAction\",\"target\":{\"@type\":\"EntryPoint\",\"urlTemplate\":\"https:\\\/\\\/www.ekholmnordic.se\\\/?s={search_term_string}\"},\"query-input\":{\"@type\":\"PropertyValueSpecification\",\"valueRequired\":true,\"valueName\":\"search_term_string\"}}],\"inLanguage\":\"da-DK\"}]}<\/script>\n<!-- \/ Yoast SEO plugin. -->","yoast_head_json":{"title":"Cornelia Ryle\u00b4n - Ekholm Vision - PROB SERIEN","robots":{"index":"index","follow":"follow","max-snippet":"max-snippet:-1","max-image-preview":"max-image-preview:large","max-video-preview":"max-video-preview:-1"},"canonical":"https:\/\/www.ekholmnordic.se\/da\/cornelia-rylen\/","og_locale":"da_DK","og_type":"article","og_title":"Cornelia Ryle\u00b4n - Ekholm Vision - PROB SERIEN","og_description":"Cornelia Rylen Jag heter Cornelia Rylen och \u00e4r 23 \u00e5r gammal. Jag h\u00e5ller till utanf\u00f6r Norrk\u00f6ping p\u00e5 Vikbolandet, och bor p\u00e5 mina f\u00f6r\u00e4ldrars g\u00e5rd tillsammans med min sambo. Vi har ungef\u00e4r 11 h\u00e4star p\u00e5 g\u00e5rden och de flesta \u00e4r mina egna. Jag satsar fr\u00e4mst p\u00e5 min egna karri\u00e4r som hoppryttare men jobbar \u00e4ven med tillridning av andras h\u00e4star d\u00e4r jag ... Read More","og_url":"https:\/\/www.ekholmnordic.se\/da\/cornelia-rylen\/","og_site_name":"Ekholm Vision - PROB SERIEN","og_image":[{"url":"http:\/\/www.ekholmnordic.se\/wp-content\/uploads\/2017\/11\/Cornelia-Rylen.jpg","type":"","width":"","height":""}],"twitter_card":"summary_large_image","twitter_misc":{"Estimeret l\u00e6setid":"1 minut"},"schema":{"@context":"https:\/\/schema.org","@graph":[{"@type":"WebPage","@id":"https:\/\/www.ekholmnordic.se\/da\/cornelia-rylen\/","url":"https:\/\/www.ekholmnordic.se\/da\/cornelia-rylen\/","name":"Cornelia Ryle\u00b4n - Ekholm Vision - PROB SERIEN","isPartOf":{"@id":"https:\/\/www.ekholmnordic.se\/#website"},"primaryImageOfPage":{"@id":"https:\/\/www.ekholmnordic.se\/da\/cornelia-rylen\/#primaryimage"},"image":{"@id":"https:\/\/www.ekholmnordic.se\/da\/cornelia-rylen\/#primaryimage"},"thumbnailUrl":"http:\/\/www.ekholmnordic.se\/wp-content\/uploads\/2017\/11\/Cornelia-Rylen.jpg","datePublished":"2018-09-20T14:44:27+00:00","breadcrumb":{"@id":"https:\/\/www.ekholmnordic.se\/da\/cornelia-rylen\/#breadcrumb"},"inLanguage":"da-DK","potentialAction":[{"@type":"ReadAction","target":["https:\/\/www.ekholmnordic.se\/da\/cornelia-rylen\/"]}]},{"@type":"ImageObject","inLanguage":"da-DK","@id":"https:\/\/www.ekholmnordic.se\/da\/cornelia-rylen\/#primaryimage","url":"http:\/\/www.ekholmnordic.se\/wp-content\/uploads\/2017\/11\/Cornelia-Rylen.jpg","contentUrl":"http:\/\/www.ekholmnordic.se\/wp-content\/uploads\/2017\/11\/Cornelia-Rylen.jpg"},{"@type":"BreadcrumbList","@id":"https:\/\/www.ekholmnordic.se\/da\/cornelia-rylen\/#breadcrumb","itemListElement":[{"@type":"ListItem","position":1,"name":"Hem","item":"https:\/\/www.ekholmnordic.se\/da\/"},{"@type":"ListItem","position":2,"name":"Cornelia Ryle\u00b4n"}]},{"@type":"WebSite","@id":"https:\/\/www.ekholmnordic.se\/#website","url":"https:\/\/www.ekholmnordic.se\/","name":"Ekholm Vision - PROB SERIEN","description":"F\u00d6R EN OPTIMAL HUD OCH P\u00c4LSV\u00c5RD","potentialAction":[{"@type":"SearchAction","target":{"@type":"EntryPoint","urlTemplate":"https:\/\/www.ekholmnordic.se\/?s={search_term_string}"},"query-input":{"@type":"PropertyValueSpecification","valueRequired":true,"valueName":"search_term_string"}}],"inLanguage":"da-DK"}]}},"_links":{"self":[{"href":"https:\/\/www.ekholmnordic.se\/da\/wp-json\/wp\/v2\/pages\/6752","targetHints":{"allow":["GET"]}}],"collection":[{"href":"https:\/\/www.ekholmnordic.se\/da\/wp-json\/wp\/v2\/pages"}],"about":[{"href":"https:\/\/www.ekholmnordic.se\/da\/wp-json\/wp\/v2\/types\/page"}],"author":[{"embeddable":true,"href":"https:\/\/www.ekholmnordic.se\/da\/wp-json\/wp\/v2\/users\/3"}],"replies":[{"embeddable":true,"href":"https:\/\/www.ekholmnordic.se\/da\/wp-json\/wp\/v2\/comments?post=6752"}],"version-history":[{"count":1,"href":"https:\/\/www.ekholmnordic.se\/da\/wp-json\/wp\/v2\/pages\/6752\/revisions"}],"predecessor-version":[{"id":6753,"href":"https:\/\/www.ekholmnordic.se\/da\/wp-json\/wp\/v2\/pages\/6752\/revisions\/6753"}],"wp:attachment":[{"href":"https:\/\/www.ekholmnordic.se\/da\/wp-json\/wp\/v2\/media?parent=6752"}],"curies":[{"name":"wp","href":"https:\/\/api.w.org\/{rel}","templated":true}]}}