{"id":6747,"date":"2018-09-20T10:25:14","date_gmt":"2018-09-20T08:25:14","guid":{"rendered":"https:\/\/www.ekholmnordic.se\/?page_id=6747"},"modified":"2018-09-20T10:25:14","modified_gmt":"2018-09-20T08:25:14","slug":"elise-harryson-sverige","status":"publish","type":"page","link":"https:\/\/www.ekholmnordic.se\/da\/elise-harryson-sverige\/","title":{"rendered":"Elise Harryson Sverige"},"content":{"rendered":"<div id=\"ember847\" class=\"cs-element-preview x-section bg-color cs-bg-light el18cf56f9-75cd-4ce1-9130-f75cf3c5b658 ember-view\" data-cs-loading=\"\" data-cs-observeable=\"{&quot;mode&quot;:&quot;inspect&quot;,&quot;title&quot;:&quot;Section 1&quot;,&quot;action&quot;:{&quot;type&quot;:&quot;inspect&quot;,&quot;id&quot;:&quot;18cf56f9-75cd-4ce1-9130-f75cf3c5b658&quot;}}\">\n<div id=\"ember856\" class=\"cs-element-preview x-container max width elbe96f2ff-8c2a-482b-9adb-9fb2f7b84a00 ember-view\" data-cs-loading=\"\" data-cs-observeable=\"{&quot;mode&quot;:&quot;inspect&quot;,&quot;title&quot;:&quot;Classic Row 1&quot;,&quot;action&quot;:{&quot;type&quot;:&quot;inspect&quot;,&quot;id&quot;:&quot;be96f2ff-8c2a-482b-9adb-9fb2f7b84a00&quot;}}\">\n<div id=\"ember865\" class=\"cs-element-preview x-column x-sm x-1-1 elf2d3d367-0c16-4242-abcd-708149d34a3c ember-view\" data-cs-loading=\"\" data-cs-observeable=\"{&quot;mode&quot;:&quot;inspect&quot;,&quot;title&quot;:&quot;Classic Column 1&quot;,&quot;action&quot;:{&quot;type&quot;:&quot;inspect&quot;,&quot;id&quot;:&quot;f2d3d367-0c16-4242-abcd-708149d34a3c&quot;}}\">\n<div id=\"ember957\" class=\"cs-element-preview cs-element-preview-wrapper cs-draggable ember-view\" data-cs-observeable=\"{&quot;mode&quot;:&quot;inspect&quot;,&quot;title&quot;:&quot;Classic Image&quot;,&quot;action&quot;:{&quot;type&quot;:&quot;inspect&quot;,&quot;id&quot;:&quot;abb0d60e-3873-490e-8fb9-df8117c1f289&quot;}}\"><img decoding=\"async\" class=\"x-img x-img-none\" src=\"http:\/\/www.ekholmnordic.se\/wp-content\/uploads\/2017\/11\/Elise-Harrysson.jpg\" \/><\/div>\n<\/div>\n<\/div>\n<\/div>\n<div id=\"ember883\" class=\"cs-element-preview x-section bg-color cs-bg-light el133e72fa-ea1a-47c3-8076-2e045e96b3b5 ember-view\" data-cs-loading=\"\" data-cs-observeable=\"{&quot;mode&quot;:&quot;inspect&quot;,&quot;title&quot;:&quot;Copy of Section 1&quot;,&quot;action&quot;:{&quot;type&quot;:&quot;inspect&quot;,&quot;id&quot;:&quot;133e72fa-ea1a-47c3-8076-2e045e96b3b5&quot;}}\">\n<div id=\"ember892\" class=\"cs-element-preview x-container max width elb8cfea30-8d83-465f-883e-b874c3123507 ember-view\" data-cs-loading=\"\" data-cs-observeable=\"{&quot;mode&quot;:&quot;inspect&quot;,&quot;title&quot;:&quot;Classic Row 1&quot;,&quot;action&quot;:{&quot;type&quot;:&quot;inspect&quot;,&quot;id&quot;:&quot;b8cfea30-8d83-465f-883e-b874c3123507&quot;}}\">\n<div id=\"ember901\" class=\"cs-element-preview x-column x-sm x-1-1 el7ba8a8c4-4b2f-43a6-900b-627e7317d74f ember-view\" data-cs-loading=\"\" data-cs-observeable=\"{&quot;mode&quot;:&quot;inspect&quot;,&quot;title&quot;:&quot;Classic Column 1&quot;,&quot;action&quot;:{&quot;type&quot;:&quot;inspect&quot;,&quot;id&quot;:&quot;7ba8a8c4-4b2f-43a6-900b-627e7317d74f&quot;}}\">\n<div id=\"ember966\" class=\"cs-element-preview cs-element-preview-wrapper cs-draggable ember-view\" data-cs-observeable=\"{&quot;mode&quot;:&quot;inspect&quot;,&quot;title&quot;:&quot;Classic Text&quot;,&quot;action&quot;:{&quot;type&quot;:&quot;inspect&quot;,&quot;id&quot;:&quot;3dc735d4-edd6-44fc-ac5c-481baf9fe356&quot;}}\">\n<div class=\"x-text\">\n<p><strong>Hej! Jag heter Elise Harryson och har f\u00e5tt \u00e4ran att vara en av Probs sponsorryttare! Nu n\u00e4r jag han anv\u00e4nt Probs produkter under en lite l\u00e4ngre period ser jag skillnad p\u00e5 h\u00e4starnas hud, p\u00e4lskvalite och hovkvalite.\u00a0<\/strong><\/p>\n<p><strong>Jag \u00e4r lyckligt lottad som f\u00e5r ha s\u00e5 h\u00f6g kvalit\u00e9 p\u00e5 produkterna som jag anv\u00e4nder p\u00e5 mina h\u00e4star.\u00a0<\/strong><\/p>\n<p><strong>\u00a0<\/strong><\/p>\n<p><strong>Sj\u00e4lv \u00e4r jag f\u00f6dd 1996 och t\u00e4vlar aktivt med mina tv\u00e5 h\u00e4star Lilja fr\u00e5n Horshaga och Troja fr\u00e5n stall T\u00e4ngby. Har flera t\u00e4vlingsmeriter, bland annat ett VM silver och tv\u00e5 VM brons nu senast p\u00e5 VM i Orischot. Nu blir min f\u00f6rsta s\u00e4song som vuxen och jag \u00e4r v\u00e4ldigt tacksam \u00f6ver att prob vill vara med mig i min elitsatsning fram\u00f6ver!\u00a0<\/strong><\/p>\n<p><strong>Lilja fr\u00e5n Horshaga (se ovan) som \u00e4r min one and only. Hon och jag har tillsammans tagit ett SM brons, tre SM guld, tv\u00e5 VM brons och ett VM silver. Vi har blivit uttagna till landslaget tv\u00e5 g\u00e5nger men bara kunnat st\u00e4lla upp en g\u00e5ng p\u00e5 grund av skada. Lilja \u00e4r 8 \u00e5r och en ren talang och de finns s\u00e5 mycket mer i henne! Ska bli sp\u00e4nnande och se vad framtiden tar oss.<\/strong><\/p>\n<p><strong>Sen har vi Troja fr\u00e5n stall T\u00e4ngby. De nyaste tillskottet. Ett sju\u00e5rigt fyrg\u00e5ngssto med egna \u00e5sikter. Men s\u00e5 fort man hamnar p\u00e5 samma sida g\u00f6r hon allt! K\u00f6pte henne som ett litet projekt och hon slutade som min t\u00e4vlingsh\u00e4st. P\u00e5 ett \u00e5r har vi hunnit med finaler p\u00e5 alla nationella t\u00e4vlingar och \u00e4ven tagit brons p\u00e5 gaedinga SM.<\/strong><\/p>\n<p><strong>Hon \u00e4r fantastisk p\u00e5\u00a0m\u00e5nga s\u00e4tt och ger fantastisk ridk\u00e4nsla! M\u00e5nga g\u00e5nger n\u00e4r man g\u00f6r tempo\u00f6vningar p\u00e5 henne k\u00e4nns det som de inte kan bli b\u00e4ttre! Tror j\u00e4ttemycket p\u00e5 Troja och tror hon och Lilja kommer synas mycket i framtiden!<\/strong><\/p>\n<p><strong>Jag har alltid tyckt om probs produkter och d\u00e5 de inte inneh\u00e5ller n\u00e5gra gifter eller liknande och \u00e4r skonsam mot h\u00e4starna.\u00a0<\/strong><\/p>\n<p>Fotograf: T\u00f6ltaren<\/p>\n<\/div>\n<\/div>\n<\/div>\n<\/div>\n<\/div>\n<div id=\"ember919\" class=\"cs-element-preview x-section bg-color cs-bg-light el84b69760-b6a1-4053-904e-ce2669bf048f ember-view\" data-cs-loading=\"\" data-cs-observeable=\"{&quot;mode&quot;:&quot;inspect&quot;,&quot;title&quot;:&quot;Copy of Copy of Section 1&quot;,&quot;action&quot;:{&quot;type&quot;:&quot;inspect&quot;,&quot;id&quot;:&quot;84b69760-b6a1-4053-904e-ce2669bf048f&quot;}}\">\n<div id=\"ember928\" class=\"cs-element-preview x-container max width el1012ec91-a97a-430a-b5e9-95c23fb87949 ember-view\" data-cs-loading=\"\" data-cs-observeable=\"{&quot;mode&quot;:&quot;inspect&quot;,&quot;title&quot;:&quot;Classic Row 1&quot;,&quot;action&quot;:{&quot;type&quot;:&quot;inspect&quot;,&quot;id&quot;:&quot;1012ec91-a97a-430a-b5e9-95c23fb87949&quot;}}\">\n<div id=\"ember937\" class=\"cs-element-preview x-column x-sm x-1-1 el366fc385-a583-4d21-9b3a-775a485012c0 ember-view\" data-cs-loading=\"\" data-cs-observeable=\"{&quot;mode&quot;:&quot;inspect&quot;,&quot;title&quot;:&quot;Classic Column 1&quot;,&quot;action&quot;:{&quot;type&quot;:&quot;inspect&quot;,&quot;id&quot;:&quot;366fc385-a583-4d21-9b3a-775a485012c0&quot;}}\">\n<div id=\"ember975\" class=\"cs-element-preview cs-element-preview-wrapper cs-draggable ember-view\" data-cs-observeable=\"{&quot;mode&quot;:&quot;inspect&quot;,&quot;title&quot;:&quot;Classic Image&quot;,&quot;action&quot;:{&quot;type&quot;:&quot;inspect&quot;,&quot;id&quot;:&quot;dfd566a8-83d0-4428-87ea-b9713b3a97dd&quot;}}\"><img decoding=\"async\" class=\"x-img x-img-none\" src=\"http:\/\/www.ekholmnordic.se\/wp-content\/uploads\/2017\/11\/Elise-Harryson..jpg\" \/><\/div>\n<\/div>\n<\/div>\n<\/div>\n","protected":false},"excerpt":{"rendered":"<p>Hej! Jag heter Elise Harryson och har f\u00e5tt \u00e4ran att vara en av Probs sponsorryttare! Nu n\u00e4r jag han anv\u00e4nt Probs produkter under en lite l\u00e4ngre period ser jag skillnad p\u00e5 h\u00e4starnas hud, p\u00e4lskvalite och hovkvalite.\u00a0 Jag \u00e4r lyckligt lottad som f\u00e5r ha s\u00e5 h\u00f6g kvalit\u00e9 p\u00e5 produkterna som jag anv\u00e4nder p\u00e5 mina h\u00e4star.\u00a0 \u00a0 Sj\u00e4lv \u00e4r jag f\u00f6dd 1996 &#8230; <a href=\"https:\/\/www.ekholmnordic.se\/da\/elise-harryson-sverige\/\" class=\"more-link\">Read More<\/a><\/p>\n","protected":false},"author":3,"featured_media":0,"parent":0,"menu_order":0,"comment_status":"closed","ping_status":"closed","template":"","meta":{"_monsterinsights_skip_tracking":false,"_monsterinsights_sitenote_active":false,"_monsterinsights_sitenote_note":"","_monsterinsights_sitenote_category":0,"footnotes":""},"class_list":["post-6747","page","type-page","status-publish","hentry","no-post-thumbnail"],"yoast_head":"<!-- This site is optimized with the Yoast SEO plugin v27.4 - https:\/\/yoast.com\/product\/yoast-seo-wordpress\/ -->\n<title>Elise Harryson Sverige - Ekholm Vision - PROB SERIEN<\/title>\n<meta name=\"robots\" content=\"index, follow, max-snippet:-1, max-image-preview:large, max-video-preview:-1\" \/>\n<link rel=\"canonical\" href=\"https:\/\/www.ekholmnordic.se\/elise-harrysson\/\" \/>\n<meta property=\"og:locale\" content=\"da_DK\" \/>\n<meta property=\"og:type\" content=\"article\" \/>\n<meta property=\"og:title\" content=\"Elise Harryson Sverige - Ekholm Vision - PROB SERIEN\" \/>\n<meta property=\"og:description\" content=\"Hej! Jag heter Elise Harryson och har f\u00e5tt \u00e4ran att vara en av Probs sponsorryttare! Nu n\u00e4r jag han anv\u00e4nt Probs produkter under en lite l\u00e4ngre period ser jag skillnad p\u00e5 h\u00e4starnas hud, p\u00e4lskvalite och hovkvalite.\u00a0 Jag \u00e4r lyckligt lottad som f\u00e5r ha s\u00e5 h\u00f6g kvalit\u00e9 p\u00e5 produkterna som jag anv\u00e4nder p\u00e5 mina h\u00e4star.\u00a0 \u00a0 Sj\u00e4lv \u00e4r jag f\u00f6dd 1996 ... Read More\" \/>\n<meta property=\"og:url\" content=\"https:\/\/www.ekholmnordic.se\/elise-harrysson\/\" \/>\n<meta property=\"og:site_name\" content=\"Ekholm Vision - PROB SERIEN\" \/>\n<meta property=\"og:image\" content=\"http:\/\/www.ekholmnordic.se\/wp-content\/uploads\/2017\/11\/Elise-Harrysson.jpg\" \/>\n<meta name=\"twitter:card\" content=\"summary_large_image\" \/>\n<meta name=\"twitter:label1\" content=\"Estimeret l\u00e6setid\" \/>\n\t<meta name=\"twitter:data1\" content=\"2 minutter\" \/>\n<script type=\"application\/ld+json\" class=\"yoast-schema-graph\">{\"@context\":\"https:\\\/\\\/schema.org\",\"@graph\":[{\"@type\":\"WebPage\",\"@id\":\"https:\\\/\\\/www.ekholmnordic.se\\\/elise-harrysson\\\/\",\"url\":\"https:\\\/\\\/www.ekholmnordic.se\\\/elise-harrysson\\\/\",\"name\":\"Elise Harryson Sverige - Ekholm Vision - PROB SERIEN\",\"isPartOf\":{\"@id\":\"https:\\\/\\\/www.ekholmnordic.se\\\/#website\"},\"primaryImageOfPage\":{\"@id\":\"https:\\\/\\\/www.ekholmnordic.se\\\/elise-harrysson\\\/#primaryimage\"},\"image\":{\"@id\":\"https:\\\/\\\/www.ekholmnordic.se\\\/elise-harrysson\\\/#primaryimage\"},\"thumbnailUrl\":\"http:\\\/\\\/www.ekholmnordic.se\\\/wp-content\\\/uploads\\\/2017\\\/11\\\/Elise-Harrysson.jpg\",\"datePublished\":\"2018-09-20T08:25:14+00:00\",\"breadcrumb\":{\"@id\":\"https:\\\/\\\/www.ekholmnordic.se\\\/elise-harrysson\\\/#breadcrumb\"},\"inLanguage\":\"da-DK\",\"potentialAction\":[{\"@type\":\"ReadAction\",\"target\":[\"https:\\\/\\\/www.ekholmnordic.se\\\/elise-harrysson\\\/\"]}]},{\"@type\":\"ImageObject\",\"inLanguage\":\"da-DK\",\"@id\":\"https:\\\/\\\/www.ekholmnordic.se\\\/elise-harrysson\\\/#primaryimage\",\"url\":\"http:\\\/\\\/www.ekholmnordic.se\\\/wp-content\\\/uploads\\\/2017\\\/11\\\/Elise-Harrysson.jpg\",\"contentUrl\":\"http:\\\/\\\/www.ekholmnordic.se\\\/wp-content\\\/uploads\\\/2017\\\/11\\\/Elise-Harrysson.jpg\"},{\"@type\":\"BreadcrumbList\",\"@id\":\"https:\\\/\\\/www.ekholmnordic.se\\\/elise-harrysson\\\/#breadcrumb\",\"itemListElement\":[{\"@type\":\"ListItem\",\"position\":1,\"name\":\"Hem\",\"item\":\"https:\\\/\\\/www.ekholmnordic.se\\\/da\\\/\"},{\"@type\":\"ListItem\",\"position\":2,\"name\":\"Elise Harryson Sverige\"}]},{\"@type\":\"WebSite\",\"@id\":\"https:\\\/\\\/www.ekholmnordic.se\\\/#website\",\"url\":\"https:\\\/\\\/www.ekholmnordic.se\\\/\",\"name\":\"Ekholm Vision - PROB SERIEN\",\"description\":\"F\u00d6R EN OPTIMAL HUD OCH P\u00c4LSV\u00c5RD\",\"potentialAction\":[{\"@type\":\"SearchAction\",\"target\":{\"@type\":\"EntryPoint\",\"urlTemplate\":\"https:\\\/\\\/www.ekholmnordic.se\\\/?s={search_term_string}\"},\"query-input\":{\"@type\":\"PropertyValueSpecification\",\"valueRequired\":true,\"valueName\":\"search_term_string\"}}],\"inLanguage\":\"da-DK\"}]}<\/script>\n<!-- \/ Yoast SEO plugin. -->","yoast_head_json":{"title":"Elise Harryson Sverige - Ekholm Vision - PROB SERIEN","robots":{"index":"index","follow":"follow","max-snippet":"max-snippet:-1","max-image-preview":"max-image-preview:large","max-video-preview":"max-video-preview:-1"},"canonical":"https:\/\/www.ekholmnordic.se\/elise-harrysson\/","og_locale":"da_DK","og_type":"article","og_title":"Elise Harryson Sverige - Ekholm Vision - PROB SERIEN","og_description":"Hej! Jag heter Elise Harryson och har f\u00e5tt \u00e4ran att vara en av Probs sponsorryttare! Nu n\u00e4r jag han anv\u00e4nt Probs produkter under en lite l\u00e4ngre period ser jag skillnad p\u00e5 h\u00e4starnas hud, p\u00e4lskvalite och hovkvalite.\u00a0 Jag \u00e4r lyckligt lottad som f\u00e5r ha s\u00e5 h\u00f6g kvalit\u00e9 p\u00e5 produkterna som jag anv\u00e4nder p\u00e5 mina h\u00e4star.\u00a0 \u00a0 Sj\u00e4lv \u00e4r jag f\u00f6dd 1996 ... Read More","og_url":"https:\/\/www.ekholmnordic.se\/elise-harrysson\/","og_site_name":"Ekholm Vision - PROB SERIEN","og_image":[{"url":"http:\/\/www.ekholmnordic.se\/wp-content\/uploads\/2017\/11\/Elise-Harrysson.jpg","type":"","width":"","height":""}],"twitter_card":"summary_large_image","twitter_misc":{"Estimeret l\u00e6setid":"2 minutter"},"schema":{"@context":"https:\/\/schema.org","@graph":[{"@type":"WebPage","@id":"https:\/\/www.ekholmnordic.se\/elise-harrysson\/","url":"https:\/\/www.ekholmnordic.se\/elise-harrysson\/","name":"Elise Harryson Sverige - Ekholm Vision - PROB SERIEN","isPartOf":{"@id":"https:\/\/www.ekholmnordic.se\/#website"},"primaryImageOfPage":{"@id":"https:\/\/www.ekholmnordic.se\/elise-harrysson\/#primaryimage"},"image":{"@id":"https:\/\/www.ekholmnordic.se\/elise-harrysson\/#primaryimage"},"thumbnailUrl":"http:\/\/www.ekholmnordic.se\/wp-content\/uploads\/2017\/11\/Elise-Harrysson.jpg","datePublished":"2018-09-20T08:25:14+00:00","breadcrumb":{"@id":"https:\/\/www.ekholmnordic.se\/elise-harrysson\/#breadcrumb"},"inLanguage":"da-DK","potentialAction":[{"@type":"ReadAction","target":["https:\/\/www.ekholmnordic.se\/elise-harrysson\/"]}]},{"@type":"ImageObject","inLanguage":"da-DK","@id":"https:\/\/www.ekholmnordic.se\/elise-harrysson\/#primaryimage","url":"http:\/\/www.ekholmnordic.se\/wp-content\/uploads\/2017\/11\/Elise-Harrysson.jpg","contentUrl":"http:\/\/www.ekholmnordic.se\/wp-content\/uploads\/2017\/11\/Elise-Harrysson.jpg"},{"@type":"BreadcrumbList","@id":"https:\/\/www.ekholmnordic.se\/elise-harrysson\/#breadcrumb","itemListElement":[{"@type":"ListItem","position":1,"name":"Hem","item":"https:\/\/www.ekholmnordic.se\/da\/"},{"@type":"ListItem","position":2,"name":"Elise Harryson Sverige"}]},{"@type":"WebSite","@id":"https:\/\/www.ekholmnordic.se\/#website","url":"https:\/\/www.ekholmnordic.se\/","name":"Ekholm Vision - PROB SERIEN","description":"F\u00d6R EN OPTIMAL HUD OCH P\u00c4LSV\u00c5RD","potentialAction":[{"@type":"SearchAction","target":{"@type":"EntryPoint","urlTemplate":"https:\/\/www.ekholmnordic.se\/?s={search_term_string}"},"query-input":{"@type":"PropertyValueSpecification","valueRequired":true,"valueName":"search_term_string"}}],"inLanguage":"da-DK"}]}},"_links":{"self":[{"href":"https:\/\/www.ekholmnordic.se\/da\/wp-json\/wp\/v2\/pages\/6747","targetHints":{"allow":["GET"]}}],"collection":[{"href":"https:\/\/www.ekholmnordic.se\/da\/wp-json\/wp\/v2\/pages"}],"about":[{"href":"https:\/\/www.ekholmnordic.se\/da\/wp-json\/wp\/v2\/types\/page"}],"author":[{"embeddable":true,"href":"https:\/\/www.ekholmnordic.se\/da\/wp-json\/wp\/v2\/users\/3"}],"replies":[{"embeddable":true,"href":"https:\/\/www.ekholmnordic.se\/da\/wp-json\/wp\/v2\/comments?post=6747"}],"version-history":[{"count":1,"href":"https:\/\/www.ekholmnordic.se\/da\/wp-json\/wp\/v2\/pages\/6747\/revisions"}],"predecessor-version":[{"id":6748,"href":"https:\/\/www.ekholmnordic.se\/da\/wp-json\/wp\/v2\/pages\/6747\/revisions\/6748"}],"wp:attachment":[{"href":"https:\/\/www.ekholmnordic.se\/da\/wp-json\/wp\/v2\/media?parent=6747"}],"curies":[{"name":"wp","href":"https:\/\/api.w.org\/{rel}","templated":true}]}}