{"id":6646,"date":"2018-09-20T07:53:35","date_gmt":"2018-09-20T05:53:35","guid":{"rendered":"https:\/\/www.ekholmnordic.se\/?page_id=6646"},"modified":"2018-09-24T16:05:03","modified_gmt":"2018-09-24T14:05:03","slug":"bliv-forhandler","status":"publish","type":"page","link":"https:\/\/www.ekholmnordic.se\/da\/bliv-forhandler\/","title":{"rendered":"BLIV FORHANDLER"},"content":{"rendered":"<p><img loading=\"lazy\" decoding=\"async\" class=\"size-medium wp-image-6485 aligncenter\" src=\"https:\/\/www.ekholmnordic.se\/wp-content\/uploads\/2018\/05\/PROB-SERIEN-300x235.jpg\" alt=\"\" width=\"300\" height=\"235\" srcset=\"https:\/\/www.ekholmnordic.se\/wp-content\/uploads\/2018\/05\/PROB-SERIEN-300x235.jpg 300w, https:\/\/www.ekholmnordic.se\/wp-content\/uploads\/2018\/05\/PROB-SERIEN-1024x802.jpg 1024w, https:\/\/www.ekholmnordic.se\/wp-content\/uploads\/2018\/05\/PROB-SERIEN-100x78.jpg 100w, https:\/\/www.ekholmnordic.se\/wp-content\/uploads\/2018\/05\/PROB-SERIEN-1004x787.jpg 1004w, https:\/\/www.ekholmnordic.se\/wp-content\/uploads\/2018\/05\/PROB-SERIEN-600x470.jpg 600w\" sizes=\"auto, (max-width: 300px) 100vw, 300px\" \/><\/p>\n<p>Vi s\u00f8ger konstant nye forhandlere b\u00e5de i Sverige og i udlandet.<\/p>\n<p>Hvis du er interesseret i at blive forhandler til vores PROB-serie, bedes du kontakte os via e-mail eller telefon for at f\u00e5 alle de oplysninger, du har brug for ellers registrere din butik, s\u00e5 vi kontakter dig.<\/p>\n<p><strong>Forhandlere <\/strong><br \/>\nDu registrerer dig som forhandler p\u00e5 denne side:<br \/>\n&#8211;\u00a0<a href=\"https:\/\/www.ekholmnordic.se\/da\/tilmeld-dig-som-forhandler\/\">www.ekholmnordic.se\/da\/tilmeld-dig-som-forhandler\/<\/a><\/p>\n<p>Vi kontroller dine oplysninger og aktiverer din konto hurtigst muligt. N\u00e5r kontoen er aktiveret f\u00e5r du loginoplysninger via e-mail og n\u00e5r du logger ind vises alle produkter med forhandlerpriser.<\/p>\n<p>Lav en ordre hos Forhandler \u2013 Faktura.<br \/>\n&#8211; Nye kunder Faktura 30 dage netto efter godkendt kreditvurdering<br \/>\n&#8211; Forhandler Mindste bestillingsbel\u00f8b er 200 DKK. ekskl. Moms (ekskl. Fragt).<br \/>\n&#8211; Fragtfrit over 1800 DKK. ekskl. Moms i Danmark<br \/>\n&#8211; Ved export faktureres altid + DHL fragt.<br \/>\nEnligt vores DHL prisliste: 1-10 kg 107 DKK (150 SEK), 11-36 170 DKK\u00a0 (240 SEK), 36-51 kg 210 DKK (297 SEK)<\/p>\n<p>Betalingsmetoder \u00f8vrige andre lande<br \/>\nKontakt os for mere information<\/p>\n<p><strong>Fragt og levering<\/strong><br \/>\nDin pakke sendes normalt indenfor 2 dage efter vi har modtaget jeres ordre. Normalt hurtigere.<br \/>\nForvent l\u00e6ngere leveringstider i forbindelse med helligdage.<\/p>\n<p>&nbsp;<\/p>\n<p>Vi tilbyder alle vores forhandlere at k\u00f8be en starterpakke med 25% rabat.<br \/>\nDer er fire starterpakker at v\u00e6lge imellem:<\/p>\n<p>Lille Ridning<br \/>\nStora Ridsport<br \/>\nLille Zoo<br \/>\nStora Zoo<br \/>\nDu v\u00e6lger dig selv, n\u00e5r du vil k\u00f8be pakken, men en gang pr. Forhandler.<\/p>\n<p>Pakker bestilles via email. Kontakt os for interesse og oplysninger vil blive sendt.<\/p>\n<p>&nbsp;<\/p>\n<p>&nbsp;<\/p>\n<p><strong>Jari\u00a0<\/strong> \u00a0 \u00a0 \u00a0 \u00a0 \u00a0 \u00a0<strong>+46 739971338\u00a0 \u00a0 \u00a0 \u00a0 \u00a0 \u00a0 \u00a0 \u00a0 \u00a0 info@ekholmnordic.eu<\/strong><\/p>\n<p><strong>Madde\u00a0 \u00a0 \u00a0 \u00a0 +46 703833310\u00a0 \u00a0 \u00a0 \u00a0 \u00a0 \u00a0 \u00a0 \u00a0madde@ekholmnordic.se<\/strong><\/p>\n","protected":false},"excerpt":{"rendered":"<p>Vi s\u00f8ger konstant nye forhandlere b\u00e5de i Sverige og i udlandet. Hvis du er interesseret i at blive forhandler til vores PROB-serie, bedes du kontakte os via e-mail eller telefon for at f\u00e5 alle de oplysninger, du har brug for ellers registrere din butik, s\u00e5 vi kontakter dig. Forhandlere Du registrerer dig som forhandler p\u00e5 denne side: &#8211;\u00a0www.ekholmnordic.se\/da\/tilmeld-dig-som-forhandler\/ Vi kontroller &#8230; <a href=\"https:\/\/www.ekholmnordic.se\/da\/bliv-forhandler\/\" class=\"more-link\">Read More<\/a><\/p>\n","protected":false},"author":3,"featured_media":0,"parent":0,"menu_order":0,"comment_status":"closed","ping_status":"closed","template":"","meta":{"_monsterinsights_skip_tracking":false,"_monsterinsights_sitenote_active":false,"_monsterinsights_sitenote_note":"","_monsterinsights_sitenote_category":0,"footnotes":""},"class_list":["post-6646","page","type-page","status-publish","hentry","no-post-thumbnail"],"yoast_head":"<!-- This site is optimized with the Yoast SEO plugin v27.4 - https:\/\/yoast.com\/product\/yoast-seo-wordpress\/ -->\n<title>BLIV FORHANDLER - Ekholm Vision - PROB SERIEN<\/title>\n<meta name=\"robots\" content=\"index, follow, max-snippet:-1, max-image-preview:large, max-video-preview:-1\" \/>\n<link rel=\"canonical\" href=\"https:\/\/www.ekholmnordic.se\/bli-aaterfoersaeljare\/\" \/>\n<meta property=\"og:locale\" content=\"da_DK\" \/>\n<meta property=\"og:type\" content=\"article\" \/>\n<meta property=\"og:title\" content=\"BLIV FORHANDLER - Ekholm Vision - PROB SERIEN\" \/>\n<meta property=\"og:description\" content=\"Vi s\u00f8ger konstant nye forhandlere b\u00e5de i Sverige og i udlandet. Hvis du er interesseret i at blive forhandler til vores PROB-serie, bedes du kontakte os via e-mail eller telefon for at f\u00e5 alle de oplysninger, du har brug for ellers registrere din butik, s\u00e5 vi kontakter dig. Forhandlere Du registrerer dig som forhandler p\u00e5 denne side: &#8211;\u00a0www.ekholmnordic.se\/da\/tilmeld-dig-som-forhandler\/ Vi kontroller ... Read More\" \/>\n<meta property=\"og:url\" content=\"https:\/\/www.ekholmnordic.se\/bli-aaterfoersaeljare\/\" \/>\n<meta property=\"og:site_name\" content=\"Ekholm Vision - PROB SERIEN\" \/>\n<meta property=\"article:modified_time\" content=\"2018-09-24T14:05:03+00:00\" \/>\n<meta property=\"og:image\" content=\"https:\/\/www.ekholmnordic.se\/wp-content\/uploads\/2018\/05\/PROB-SERIEN-300x235.jpg\" \/>\n<meta name=\"twitter:card\" content=\"summary_large_image\" \/>\n<meta name=\"twitter:label1\" content=\"Estimeret l\u00e6setid\" \/>\n\t<meta name=\"twitter:data1\" content=\"1 minut\" \/>\n<script type=\"application\/ld+json\" class=\"yoast-schema-graph\">{\"@context\":\"https:\\\/\\\/schema.org\",\"@graph\":[{\"@type\":\"WebPage\",\"@id\":\"https:\\\/\\\/www.ekholmnordic.se\\\/bli-aaterfoersaeljare\\\/\",\"url\":\"https:\\\/\\\/www.ekholmnordic.se\\\/bli-aaterfoersaeljare\\\/\",\"name\":\"BLIV FORHANDLER - Ekholm Vision - PROB SERIEN\",\"isPartOf\":{\"@id\":\"https:\\\/\\\/www.ekholmnordic.se\\\/#website\"},\"primaryImageOfPage\":{\"@id\":\"https:\\\/\\\/www.ekholmnordic.se\\\/bli-aaterfoersaeljare\\\/#primaryimage\"},\"image\":{\"@id\":\"https:\\\/\\\/www.ekholmnordic.se\\\/bli-aaterfoersaeljare\\\/#primaryimage\"},\"thumbnailUrl\":\"https:\\\/\\\/www.ekholmnordic.se\\\/wp-content\\\/uploads\\\/2018\\\/05\\\/PROB-SERIEN-300x235.jpg\",\"datePublished\":\"2018-09-20T05:53:35+00:00\",\"dateModified\":\"2018-09-24T14:05:03+00:00\",\"breadcrumb\":{\"@id\":\"https:\\\/\\\/www.ekholmnordic.se\\\/bli-aaterfoersaeljare\\\/#breadcrumb\"},\"inLanguage\":\"da-DK\",\"potentialAction\":[{\"@type\":\"ReadAction\",\"target\":[\"https:\\\/\\\/www.ekholmnordic.se\\\/bli-aaterfoersaeljare\\\/\"]}]},{\"@type\":\"ImageObject\",\"inLanguage\":\"da-DK\",\"@id\":\"https:\\\/\\\/www.ekholmnordic.se\\\/bli-aaterfoersaeljare\\\/#primaryimage\",\"url\":\"https:\\\/\\\/www.ekholmnordic.se\\\/wp-content\\\/uploads\\\/2018\\\/05\\\/PROB-SERIEN-300x235.jpg\",\"contentUrl\":\"https:\\\/\\\/www.ekholmnordic.se\\\/wp-content\\\/uploads\\\/2018\\\/05\\\/PROB-SERIEN-300x235.jpg\"},{\"@type\":\"BreadcrumbList\",\"@id\":\"https:\\\/\\\/www.ekholmnordic.se\\\/bli-aaterfoersaeljare\\\/#breadcrumb\",\"itemListElement\":[{\"@type\":\"ListItem\",\"position\":1,\"name\":\"Hem\",\"item\":\"https:\\\/\\\/www.ekholmnordic.se\\\/da\\\/\"},{\"@type\":\"ListItem\",\"position\":2,\"name\":\"BLIV FORHANDLER\"}]},{\"@type\":\"WebSite\",\"@id\":\"https:\\\/\\\/www.ekholmnordic.se\\\/#website\",\"url\":\"https:\\\/\\\/www.ekholmnordic.se\\\/\",\"name\":\"Ekholm Vision - PROB SERIEN\",\"description\":\"F\u00d6R EN OPTIMAL HUD OCH P\u00c4LSV\u00c5RD\",\"potentialAction\":[{\"@type\":\"SearchAction\",\"target\":{\"@type\":\"EntryPoint\",\"urlTemplate\":\"https:\\\/\\\/www.ekholmnordic.se\\\/?s={search_term_string}\"},\"query-input\":{\"@type\":\"PropertyValueSpecification\",\"valueRequired\":true,\"valueName\":\"search_term_string\"}}],\"inLanguage\":\"da-DK\"}]}<\/script>\n<!-- \/ Yoast SEO plugin. -->","yoast_head_json":{"title":"BLIV FORHANDLER - Ekholm Vision - PROB SERIEN","robots":{"index":"index","follow":"follow","max-snippet":"max-snippet:-1","max-image-preview":"max-image-preview:large","max-video-preview":"max-video-preview:-1"},"canonical":"https:\/\/www.ekholmnordic.se\/bli-aaterfoersaeljare\/","og_locale":"da_DK","og_type":"article","og_title":"BLIV FORHANDLER - Ekholm Vision - PROB SERIEN","og_description":"Vi s\u00f8ger konstant nye forhandlere b\u00e5de i Sverige og i udlandet. Hvis du er interesseret i at blive forhandler til vores PROB-serie, bedes du kontakte os via e-mail eller telefon for at f\u00e5 alle de oplysninger, du har brug for ellers registrere din butik, s\u00e5 vi kontakter dig. Forhandlere Du registrerer dig som forhandler p\u00e5 denne side: &#8211;\u00a0www.ekholmnordic.se\/da\/tilmeld-dig-som-forhandler\/ Vi kontroller ... Read More","og_url":"https:\/\/www.ekholmnordic.se\/bli-aaterfoersaeljare\/","og_site_name":"Ekholm Vision - PROB SERIEN","article_modified_time":"2018-09-24T14:05:03+00:00","og_image":[{"url":"https:\/\/www.ekholmnordic.se\/wp-content\/uploads\/2018\/05\/PROB-SERIEN-300x235.jpg","type":"","width":"","height":""}],"twitter_card":"summary_large_image","twitter_misc":{"Estimeret l\u00e6setid":"1 minut"},"schema":{"@context":"https:\/\/schema.org","@graph":[{"@type":"WebPage","@id":"https:\/\/www.ekholmnordic.se\/bli-aaterfoersaeljare\/","url":"https:\/\/www.ekholmnordic.se\/bli-aaterfoersaeljare\/","name":"BLIV FORHANDLER - Ekholm Vision - PROB SERIEN","isPartOf":{"@id":"https:\/\/www.ekholmnordic.se\/#website"},"primaryImageOfPage":{"@id":"https:\/\/www.ekholmnordic.se\/bli-aaterfoersaeljare\/#primaryimage"},"image":{"@id":"https:\/\/www.ekholmnordic.se\/bli-aaterfoersaeljare\/#primaryimage"},"thumbnailUrl":"https:\/\/www.ekholmnordic.se\/wp-content\/uploads\/2018\/05\/PROB-SERIEN-300x235.jpg","datePublished":"2018-09-20T05:53:35+00:00","dateModified":"2018-09-24T14:05:03+00:00","breadcrumb":{"@id":"https:\/\/www.ekholmnordic.se\/bli-aaterfoersaeljare\/#breadcrumb"},"inLanguage":"da-DK","potentialAction":[{"@type":"ReadAction","target":["https:\/\/www.ekholmnordic.se\/bli-aaterfoersaeljare\/"]}]},{"@type":"ImageObject","inLanguage":"da-DK","@id":"https:\/\/www.ekholmnordic.se\/bli-aaterfoersaeljare\/#primaryimage","url":"https:\/\/www.ekholmnordic.se\/wp-content\/uploads\/2018\/05\/PROB-SERIEN-300x235.jpg","contentUrl":"https:\/\/www.ekholmnordic.se\/wp-content\/uploads\/2018\/05\/PROB-SERIEN-300x235.jpg"},{"@type":"BreadcrumbList","@id":"https:\/\/www.ekholmnordic.se\/bli-aaterfoersaeljare\/#breadcrumb","itemListElement":[{"@type":"ListItem","position":1,"name":"Hem","item":"https:\/\/www.ekholmnordic.se\/da\/"},{"@type":"ListItem","position":2,"name":"BLIV FORHANDLER"}]},{"@type":"WebSite","@id":"https:\/\/www.ekholmnordic.se\/#website","url":"https:\/\/www.ekholmnordic.se\/","name":"Ekholm Vision - PROB SERIEN","description":"F\u00d6R EN OPTIMAL HUD OCH P\u00c4LSV\u00c5RD","potentialAction":[{"@type":"SearchAction","target":{"@type":"EntryPoint","urlTemplate":"https:\/\/www.ekholmnordic.se\/?s={search_term_string}"},"query-input":{"@type":"PropertyValueSpecification","valueRequired":true,"valueName":"search_term_string"}}],"inLanguage":"da-DK"}]}},"_links":{"self":[{"href":"https:\/\/www.ekholmnordic.se\/da\/wp-json\/wp\/v2\/pages\/6646","targetHints":{"allow":["GET"]}}],"collection":[{"href":"https:\/\/www.ekholmnordic.se\/da\/wp-json\/wp\/v2\/pages"}],"about":[{"href":"https:\/\/www.ekholmnordic.se\/da\/wp-json\/wp\/v2\/types\/page"}],"author":[{"embeddable":true,"href":"https:\/\/www.ekholmnordic.se\/da\/wp-json\/wp\/v2\/users\/3"}],"replies":[{"embeddable":true,"href":"https:\/\/www.ekholmnordic.se\/da\/wp-json\/wp\/v2\/comments?post=6646"}],"version-history":[{"count":7,"href":"https:\/\/www.ekholmnordic.se\/da\/wp-json\/wp\/v2\/pages\/6646\/revisions"}],"predecessor-version":[{"id":6872,"href":"https:\/\/www.ekholmnordic.se\/da\/wp-json\/wp\/v2\/pages\/6646\/revisions\/6872"}],"wp:attachment":[{"href":"https:\/\/www.ekholmnordic.se\/da\/wp-json\/wp\/v2\/media?parent=6646"}],"curies":[{"name":"wp","href":"https:\/\/api.w.org\/{rel}","templated":true}]}}