{"id":6574,"date":"2018-09-14T20:32:19","date_gmt":"2018-09-14T18:32:19","guid":{"rendered":"https:\/\/www.ekholmnordic.se\/?page_id=6574"},"modified":"2018-09-20T06:33:52","modified_gmt":"2018-09-20T04:33:52","slug":"gdpr","status":"publish","type":"page","link":"https:\/\/www.ekholmnordic.se\/da\/gdpr\/","title":{"rendered":"INTEGRITETSPOLICY GDPR"},"content":{"rendered":"<p>Vi opdaterer vores Produkt- og privatlivspolitik og \u00e6ndringerne tr\u00e6der i kraft den 25 maj 2018. \u00c6ndringerne vil bidrage til at forbedre din integritet og er en del af vores arbejde for at overholde EU\u2019s nye lov om offentlig databeskyttelse (GDPR).<\/p>\n<p>Hvad er GDPR?<\/p>\n<p>GDPR er EU\u2019s nye generelle databeskyttelsesforordning som tr\u00e6der i kraft den 25 maj. Form\u00e5let med GDPR er at alle EU-lande b\u00f8r have samme lovgivning om databeskyttelse og giver borgere st\u00f8rre kontrol over hvordan og hvorn\u00e5r deres oplysninger bruges. GDPR er en EU-forordning men den omfatter alle virksomheder der markedsf\u00f8r varer eller tjenester til EU-borgere, uanset hvilket land virksomheden er i. Ekholm Vision v\u00e6rner om din personlige integritet. Denne databeskyttelsepolitik forklarer hvordan Ekholm Vision indsamler og bruger dine personlige oplysninger.<\/p>\n<p>VED AT BRUGE EKHOLM VISIONS TJENESTER, ACCEPTERER DU VORES DATABESKYTTELESPOLITIK OG VORES BEHANDLING AF DINE PERSONLIGE OPLYSNINGER. DU GODKENDER OGS\u00c5 AT EKHOLM VISION ANVENDER ELEKTRONISKE KOMMUNIKATIONSKANALER FOR AT SENDE INFORMATION TIL DIG. DET ER VIGTIGT AT DU L\u00c6SER OG FORST\u00c5R VORES DATABESKYTTELSEPOLITIK F\u00d8R DU BRUGER VORES TJENESTER. FOR AT TILBYDE DIG VORES TJENESTER SKAL VI BEHANDLE DINE PERSONLIGE OPLSYNINGER SOM BESKREVET NEDENFOR. VI G\u00d8R DET MED ST\u00d8RSTE MULIGE HENSYN TIL DIN INTEGRITET.<\/p>\n<p>Indsamling af information<\/p>\n<p>Vi indsamler information fra dig n\u00e5r du registrerer dig p\u00e5 vores hjemmeside, logger ind p\u00e5 din konto, g\u00f8r et k\u00f8b, udfylder formular, deltager i en konkurrence og\/eller n\u00e5r du logger ud. Dette kan v\u00e6re:<\/p>\n<p>* Person- og kontaktoplysninger \u2013 navn, f\u00f8dselsdato, personnummer, faktura- og leveringsadresse, cvr-nummer, e-mailadresse, mobiltelefonnummer osv.<br \/>\n* Vi bruger blandt andet Klarna som betaling system og mere information om databeskyttelse kan du finde i nedenst\u00e5ende link:<br \/>\nhttps:\/\/www.klarna.com\/se\/dataskydd\/<br \/>\n* Information om varer\/tjenester \u2013 detaljer vedr\u00f8rende de varer\/tjenester du har k\u00f8bt.<br \/>\n* Historisk information \u2013 dine tidligere k\u00f8b af varer og tjenester.<br \/>\n* Oplysninger om hvordan du integrerer med Ekholm Vision \u2013 hvordan du bruger vores tjenester, inklusive responstid for sider, downloadingsfejl, hvordan du n\u00e5ede og forlod vores hjemmeside, og leveringsmeddelelser n\u00e5r vi kontakter dig.<br \/>\n* Enhedsinformation \u2013 f.eks. IP-adresse, sprogindstillinger, browserindstillinger, tidszone, operativsystem, platform og sk\u00e6rmopl\u00f8sning.<br \/>\n* Geografisk information \u2013 din geografiske placering.<\/p>\n<p><strong>\u00a0<\/strong>Brug af information<br \/>\nDen information vi indsamler fra dig kan bruges til at:<\/p>\n<p>* Tilpasse din personlige oplevelse og opfylde din personlige behov<br \/>\n* Give brugerdefinerede annoncer<br \/>\n* Forbedre vores hjemmeside<br \/>\n* Forbedre vores kundeservice og dit behov for hj\u00e6lp<br \/>\n* Kontakte dig via e-mail<br \/>\n* Administrer en konkurrence, et tilbud eller en unders\u00f8gelse<br \/>\n* E-handelssikkerhed<\/p>\n<p>Vi er de eneste som ejer de oplysninger som indsamles p\u00e5 dette websted. Dine personlige identificerbare oplysninger vil ikke blive solgt, udvekslet, overf\u00f8rt eller deles videre til nogen anden virksomhed uden dit samtykke, undtagen n\u00e5r det kr\u00e6ves for at opfylde en anmodning og\/eller overf\u00f8rsel, f.eks. at sende en ordre.<\/p>\n<p>Offentligg\u00f8relse til tredje part<br \/>\nVi s\u00e6lger, handler, eller p\u00e5 anden m\u00e5de overf\u00f8rer ikke personligt identificerede oplysninger til tredje part. Dette omfatter ikke betroede tredje part der hj\u00e6lper os med at drive vores hjemmeside eller vores firma med krav om at disse parter godkender at holde oplysningerne fortrolige. Vi finder det det n\u00f8dvendigt at dele information med form\u00e5l for at unders\u00f8ge, forhindre eller undg\u00e5 risiko mod ulovlige aktiviteter, mist\u00e6nkt bedrageri eller andet lovbrud mod vores brugsbetingelser eller andre tilf\u00e6lde n\u00e5r loven kr\u00e6ver det. Generelle oplysninger kan dog deles videre til tredje part for markedsf\u00f8ring, reklame eller andre form\u00e5l.<\/p>\n<p>Oplysningsbeskyttelse<br \/>\nVi tr\u00e6ffer en r\u00e6kke sikkerhedsforanstaltninger for at beskytte dine personlige oplysninger. Vi bruger os af avancerede krypteringsmetoder til at beskytte f\u00f8lsom data der overf\u00f8res via internettet. VpnMentor beskytter ogs\u00e5 dine oplysninger offline. Kun medarbejdere der udf\u00f8r et bestemt job (fx fakturering eller kundeservice) vil have adgang til personligt identificerbare oplysninger. De computere\/servere der bruges til at gemme personligt identificerbare oplysninger gemmes i et sikkert milj\u00f8.<\/p>\n<p>Bruger vi os af cookies? Ja. Vores cookies forbedrer adgangen til vores hjemmeside og identificerer tilbagevendende bes\u00f8gere. Derudover forbedrer vores cookies brugeroplevelsen ved at spore og m\u00e5lrette brugerens interesser. Vores brug af cookies er ikke forbundet med personligt identificerbar information p\u00e5 vores hjemmeside.<\/p>\n<p>&nbsp;<\/p>\n<p>Hvor l\u00e6nge gemmer vi dine personlige oplysninger?<\/p>\n<p>Vi gemmer kun din data s\u00e5 l\u00e6nge som det er n\u00f8dvendigt for at udf\u00f8re vores kontraktlige forpligtelser over for dig og s\u00e5 l\u00e6nge som er kr\u00e6vet i lovbestemte lagringstider. N\u00e5r vi gemmer din data til andre form\u00e5l end vores end for vores kontraktlige forpligtelser, f.eks. for at opfylde krav om beskyttelse \u00a0mod hvidvask, bogf\u00f8ring og lovgivningsm\u00e6ssige krav, gemmer vi data s\u00e5 l\u00e6nge som det er n\u00f8dvendigt og\/eller lovbestemt for hvert form\u00e5l.<\/p>\n<p>Din ret til adgang, rettelse og sletning<\/p>\n<p>* Ret til adgang af din data. Du kan anmode om en kopi af de oplysninger du gerne vil vide og verificere de oplysninger vi har om dig. Kopien er gratis at anmode om.<br \/>\n* Ret til rettelse. Du har ret til at rette ukorrekte eller ufuldst\u00e6ndige oplysninger om dig selv.<br \/>\n* Ret til at blive slettet (\u201dret til at blive glemt\u201d). Du har ret til at anmode om sletning af din personlige data for de tilf\u00e6lde hvor dataene ikke l\u00e6ngere er n\u00f8dvendige for det form\u00e5l som det blev indsamlet for. Der kan dog v\u00e6re juridiske forpligtelser for Ekholm Vision som forhindrer os i at straks slette dele af din data. Disse forpligtelser stammer fra regnskabs- og skattelovgivning, men ogs\u00e5 fra forbrugerlovgivningen.<\/p>\n<p>Afslut pr\u00e6numeration<br \/>\nVi bruger den e-mailadresse du giver os til at sende information og opdateringer vedr\u00f8rende din ordre, enkle nyhedsbrev, relaterede produktoplysninger osv. Hvis du ikke l\u00e6ngere vil modtage s\u00e5danne meddelelser finder du information om hvordan du afmelder pr\u00e6numerationen i slutningen af hver e-mail.<\/p>\n<p>Samtykke<br \/>\nVed at bruge vores hjemmeside godkender du vores integritetspolitik.<\/p>\n<p>Databeskyttelsepolitiken blev senest opdateret 22.05.2018.<\/p>\n","protected":false},"excerpt":{"rendered":"<p>Vi opdaterer vores Produkt- og privatlivspolitik og \u00e6ndringerne tr\u00e6der i kraft den 25 maj 2018. \u00c6ndringerne vil bidrage til at forbedre din integritet og er en del af vores arbejde for at overholde EU\u2019s nye lov om offentlig databeskyttelse (GDPR). Hvad er GDPR? GDPR er EU\u2019s nye generelle databeskyttelsesforordning som tr\u00e6der i kraft den 25 maj. Form\u00e5let med GDPR er &#8230; <a href=\"https:\/\/www.ekholmnordic.se\/da\/gdpr\/\" class=\"more-link\">Read More<\/a><\/p>\n","protected":false},"author":3,"featured_media":0,"parent":0,"menu_order":0,"comment_status":"closed","ping_status":"closed","template":"","meta":{"_monsterinsights_skip_tracking":false,"_monsterinsights_sitenote_active":false,"_monsterinsights_sitenote_note":"","_monsterinsights_sitenote_category":0,"footnotes":""},"class_list":["post-6574","page","type-page","status-publish","hentry","no-post-thumbnail"],"yoast_head":"<!-- This site is optimized with the Yoast SEO plugin v27.5 - https:\/\/yoast.com\/product\/yoast-seo-wordpress\/ -->\n<title>INTEGRITETSPOLICY GDPR - Ekholm Vision - PROB SERIEN<\/title>\n<meta name=\"robots\" content=\"index, follow, max-snippet:-1, max-image-preview:large, max-video-preview:-1\" \/>\n<link rel=\"canonical\" href=\"https:\/\/www.ekholmnordic.se\/da\/gdpr\/\" \/>\n<meta property=\"og:locale\" content=\"da_DK\" \/>\n<meta property=\"og:type\" content=\"article\" \/>\n<meta property=\"og:title\" content=\"INTEGRITETSPOLICY GDPR - Ekholm Vision - PROB SERIEN\" \/>\n<meta property=\"og:description\" content=\"Vi opdaterer vores Produkt- og privatlivspolitik og \u00e6ndringerne tr\u00e6der i kraft den 25 maj 2018. \u00c6ndringerne vil bidrage til at forbedre din integritet og er en del af vores arbejde for at overholde EU\u2019s nye lov om offentlig databeskyttelse (GDPR). Hvad er GDPR? GDPR er EU\u2019s nye generelle databeskyttelsesforordning som tr\u00e6der i kraft den 25 maj. Form\u00e5let med GDPR er ... Read More\" \/>\n<meta property=\"og:url\" content=\"https:\/\/www.ekholmnordic.se\/da\/gdpr\/\" \/>\n<meta property=\"og:site_name\" content=\"Ekholm Vision - PROB SERIEN\" \/>\n<meta property=\"article:modified_time\" content=\"2018-09-20T04:33:52+00:00\" \/>\n<meta name=\"twitter:card\" content=\"summary_large_image\" \/>\n<meta name=\"twitter:label1\" content=\"Estimeret l\u00e6setid\" \/>\n\t<meta name=\"twitter:data1\" content=\"5 minutter\" \/>\n<script type=\"application\/ld+json\" class=\"yoast-schema-graph\">{\"@context\":\"https:\\\/\\\/schema.org\",\"@graph\":[{\"@type\":\"WebPage\",\"@id\":\"https:\\\/\\\/www.ekholmnordic.se\\\/da\\\/gdpr\\\/\",\"url\":\"https:\\\/\\\/www.ekholmnordic.se\\\/da\\\/gdpr\\\/\",\"name\":\"INTEGRITETSPOLICY GDPR - Ekholm Vision - PROB SERIEN\",\"isPartOf\":{\"@id\":\"https:\\\/\\\/www.ekholmnordic.se\\\/#website\"},\"datePublished\":\"2018-09-14T18:32:19+00:00\",\"dateModified\":\"2018-09-20T04:33:52+00:00\",\"breadcrumb\":{\"@id\":\"https:\\\/\\\/www.ekholmnordic.se\\\/da\\\/gdpr\\\/#breadcrumb\"},\"inLanguage\":\"da-DK\",\"potentialAction\":[{\"@type\":\"ReadAction\",\"target\":[\"https:\\\/\\\/www.ekholmnordic.se\\\/da\\\/gdpr\\\/\"]}]},{\"@type\":\"BreadcrumbList\",\"@id\":\"https:\\\/\\\/www.ekholmnordic.se\\\/da\\\/gdpr\\\/#breadcrumb\",\"itemListElement\":[{\"@type\":\"ListItem\",\"position\":1,\"name\":\"Hem\",\"item\":\"https:\\\/\\\/www.ekholmnordic.se\\\/da\\\/\"},{\"@type\":\"ListItem\",\"position\":2,\"name\":\"INTEGRITETSPOLICY GDPR\"}]},{\"@type\":\"WebSite\",\"@id\":\"https:\\\/\\\/www.ekholmnordic.se\\\/#website\",\"url\":\"https:\\\/\\\/www.ekholmnordic.se\\\/\",\"name\":\"Ekholm Vision - PROB SERIEN\",\"description\":\"F\u00d6R EN OPTIMAL HUD OCH P\u00c4LSV\u00c5RD\",\"potentialAction\":[{\"@type\":\"SearchAction\",\"target\":{\"@type\":\"EntryPoint\",\"urlTemplate\":\"https:\\\/\\\/www.ekholmnordic.se\\\/?s={search_term_string}\"},\"query-input\":{\"@type\":\"PropertyValueSpecification\",\"valueRequired\":true,\"valueName\":\"search_term_string\"}}],\"inLanguage\":\"da-DK\"}]}<\/script>\n<!-- \/ Yoast SEO plugin. -->","yoast_head_json":{"title":"INTEGRITETSPOLICY GDPR - Ekholm Vision - PROB SERIEN","robots":{"index":"index","follow":"follow","max-snippet":"max-snippet:-1","max-image-preview":"max-image-preview:large","max-video-preview":"max-video-preview:-1"},"canonical":"https:\/\/www.ekholmnordic.se\/da\/gdpr\/","og_locale":"da_DK","og_type":"article","og_title":"INTEGRITETSPOLICY GDPR - Ekholm Vision - PROB SERIEN","og_description":"Vi opdaterer vores Produkt- og privatlivspolitik og \u00e6ndringerne tr\u00e6der i kraft den 25 maj 2018. \u00c6ndringerne vil bidrage til at forbedre din integritet og er en del af vores arbejde for at overholde EU\u2019s nye lov om offentlig databeskyttelse (GDPR). Hvad er GDPR? GDPR er EU\u2019s nye generelle databeskyttelsesforordning som tr\u00e6der i kraft den 25 maj. Form\u00e5let med GDPR er ... Read More","og_url":"https:\/\/www.ekholmnordic.se\/da\/gdpr\/","og_site_name":"Ekholm Vision - PROB SERIEN","article_modified_time":"2018-09-20T04:33:52+00:00","twitter_card":"summary_large_image","twitter_misc":{"Estimeret l\u00e6setid":"5 minutter"},"schema":{"@context":"https:\/\/schema.org","@graph":[{"@type":"WebPage","@id":"https:\/\/www.ekholmnordic.se\/da\/gdpr\/","url":"https:\/\/www.ekholmnordic.se\/da\/gdpr\/","name":"INTEGRITETSPOLICY GDPR - Ekholm Vision - PROB SERIEN","isPartOf":{"@id":"https:\/\/www.ekholmnordic.se\/#website"},"datePublished":"2018-09-14T18:32:19+00:00","dateModified":"2018-09-20T04:33:52+00:00","breadcrumb":{"@id":"https:\/\/www.ekholmnordic.se\/da\/gdpr\/#breadcrumb"},"inLanguage":"da-DK","potentialAction":[{"@type":"ReadAction","target":["https:\/\/www.ekholmnordic.se\/da\/gdpr\/"]}]},{"@type":"BreadcrumbList","@id":"https:\/\/www.ekholmnordic.se\/da\/gdpr\/#breadcrumb","itemListElement":[{"@type":"ListItem","position":1,"name":"Hem","item":"https:\/\/www.ekholmnordic.se\/da\/"},{"@type":"ListItem","position":2,"name":"INTEGRITETSPOLICY GDPR"}]},{"@type":"WebSite","@id":"https:\/\/www.ekholmnordic.se\/#website","url":"https:\/\/www.ekholmnordic.se\/","name":"Ekholm Vision - PROB SERIEN","description":"F\u00d6R EN OPTIMAL HUD OCH P\u00c4LSV\u00c5RD","potentialAction":[{"@type":"SearchAction","target":{"@type":"EntryPoint","urlTemplate":"https:\/\/www.ekholmnordic.se\/?s={search_term_string}"},"query-input":{"@type":"PropertyValueSpecification","valueRequired":true,"valueName":"search_term_string"}}],"inLanguage":"da-DK"}]}},"_links":{"self":[{"href":"https:\/\/www.ekholmnordic.se\/da\/wp-json\/wp\/v2\/pages\/6574","targetHints":{"allow":["GET"]}}],"collection":[{"href":"https:\/\/www.ekholmnordic.se\/da\/wp-json\/wp\/v2\/pages"}],"about":[{"href":"https:\/\/www.ekholmnordic.se\/da\/wp-json\/wp\/v2\/types\/page"}],"author":[{"embeddable":true,"href":"https:\/\/www.ekholmnordic.se\/da\/wp-json\/wp\/v2\/users\/3"}],"replies":[{"embeddable":true,"href":"https:\/\/www.ekholmnordic.se\/da\/wp-json\/wp\/v2\/comments?post=6574"}],"version-history":[{"count":3,"href":"https:\/\/www.ekholmnordic.se\/da\/wp-json\/wp\/v2\/pages\/6574\/revisions"}],"predecessor-version":[{"id":6626,"href":"https:\/\/www.ekholmnordic.se\/da\/wp-json\/wp\/v2\/pages\/6574\/revisions\/6626"}],"wp:attachment":[{"href":"https:\/\/www.ekholmnordic.se\/da\/wp-json\/wp\/v2\/media?parent=6574"}],"curies":[{"name":"wp","href":"https:\/\/api.w.org\/{rel}","templated":true}]}}