{"id":6481,"date":"2016-05-07T21:37:05","date_gmt":"2016-05-07T19:37:05","guid":{"rendered":"https:\/\/www.ekholmnordic.se\/hem\/"},"modified":"2024-02-19T10:59:04","modified_gmt":"2024-02-19T09:59:04","slug":"hem","status":"publish","type":"page","link":"https:\/\/www.ekholmnordic.se\/da\/","title":{"rendered":"HEM"},"content":{"rendered":"<div id=\"cs-content\" class=\"cs-content\"><\/div>\n","protected":false},"excerpt":{"rendered":"<p>Meddelande till alla v\u00e5ra \u00e5terf\u00f6rs\u00e4ljare och konsumenter i Danmark. \u00a0 Det \u00e4r en stor gl\u00e4dje f\u00f6r oss att kunna meddela er att vi nu har en ny import\u00f6r av EKHOLMS PROB i Danmark. \u00a0F.r.o.m 1 april\u00a0 h\u00e4nvisar vi er till EQUIDAN VETLINE som \u00e4r bel\u00e4get i Herning. Deras hemsida \u00e4r www.equidan.dk og kan kontaktes p\u00e5 tlf. nr. 9681 4000 eller &#8230; <a href=\"https:\/\/www.ekholmnordic.se\/da\/\" class=\"more-link\">Read More<\/a><\/p>\n","protected":false},"author":3,"featured_media":0,"parent":0,"menu_order":0,"comment_status":"closed","ping_status":"closed","template":"","meta":{"_monsterinsights_skip_tracking":false,"_monsterinsights_sitenote_active":false,"_monsterinsights_sitenote_note":"","_monsterinsights_sitenote_category":0,"footnotes":""},"class_list":["post-6481","page","type-page","status-publish","hentry","no-post-thumbnail"],"yoast_head":"<!-- This site is optimized with the Yoast SEO plugin v27.5 - https:\/\/yoast.com\/product\/yoast-seo-wordpress\/ -->\n<title>HEM - Ekholm Vision - PROB SERIEN<\/title>\n<meta name=\"robots\" content=\"index, follow, max-snippet:-1, max-image-preview:large, max-video-preview:-1\" \/>\n<link rel=\"canonical\" href=\"https:\/\/www.ekholmnordic.se\/da\/\" \/>\n<meta property=\"og:locale\" content=\"da_DK\" \/>\n<meta property=\"og:type\" content=\"article\" \/>\n<meta property=\"og:title\" content=\"HEM - Ekholm Vision - PROB SERIEN\" \/>\n<meta property=\"og:description\" content=\"Meddelande till alla v\u00e5ra \u00e5terf\u00f6rs\u00e4ljare och konsumenter i Danmark. \u00a0 Det \u00e4r en stor gl\u00e4dje f\u00f6r oss att kunna meddela er att vi nu har en ny import\u00f6r av EKHOLMS PROB i Danmark. \u00a0F.r.o.m 1 april\u00a0 h\u00e4nvisar vi er till EQUIDAN VETLINE som \u00e4r bel\u00e4get i Herning. Deras hemsida \u00e4r www.equidan.dk og kan kontaktes p\u00e5 tlf. nr. 9681 4000 eller ... Read More\" \/>\n<meta property=\"og:url\" content=\"https:\/\/www.ekholmnordic.se\/da\/\" \/>\n<meta property=\"og:site_name\" content=\"Ekholm Vision - PROB SERIEN\" \/>\n<meta property=\"article:modified_time\" content=\"2024-02-19T09:59:04+00:00\" \/>\n<meta name=\"twitter:card\" content=\"summary_large_image\" \/>\n<meta name=\"twitter:label1\" content=\"Estimeret l\u00e6setid\" \/>\n\t<meta name=\"twitter:data1\" content=\"11 minutter\" \/>\n<script type=\"application\/ld+json\" class=\"yoast-schema-graph\">{\"@context\":\"https:\\\/\\\/schema.org\",\"@graph\":[{\"@type\":\"WebPage\",\"@id\":\"https:\\\/\\\/www.ekholmnordic.se\\\/da\\\/\",\"url\":\"https:\\\/\\\/www.ekholmnordic.se\\\/da\\\/\",\"name\":\"HEM - Ekholm Vision - PROB SERIEN\",\"isPartOf\":{\"@id\":\"https:\\\/\\\/www.ekholmnordic.se\\\/#website\"},\"datePublished\":\"2016-05-07T19:37:05+00:00\",\"dateModified\":\"2024-02-19T09:59:04+00:00\",\"breadcrumb\":{\"@id\":\"https:\\\/\\\/www.ekholmnordic.se\\\/da\\\/#breadcrumb\"},\"inLanguage\":\"da-DK\",\"potentialAction\":[{\"@type\":\"ReadAction\",\"target\":[\"https:\\\/\\\/www.ekholmnordic.se\\\/da\\\/\"]}]},{\"@type\":\"BreadcrumbList\",\"@id\":\"https:\\\/\\\/www.ekholmnordic.se\\\/da\\\/#breadcrumb\",\"itemListElement\":[{\"@type\":\"ListItem\",\"position\":1,\"name\":\"Hem\",\"item\":\"https:\\\/\\\/www.ekholmnordic.se\\\/da\\\/\"},{\"@type\":\"ListItem\",\"position\":2,\"name\":\"HEM\"}]},{\"@type\":\"WebSite\",\"@id\":\"https:\\\/\\\/www.ekholmnordic.se\\\/#website\",\"url\":\"https:\\\/\\\/www.ekholmnordic.se\\\/\",\"name\":\"Ekholm Vision - PROB SERIEN\",\"description\":\"F\u00d6R EN OPTIMAL HUD OCH P\u00c4LSV\u00c5RD\",\"potentialAction\":[{\"@type\":\"SearchAction\",\"target\":{\"@type\":\"EntryPoint\",\"urlTemplate\":\"https:\\\/\\\/www.ekholmnordic.se\\\/?s={search_term_string}\"},\"query-input\":{\"@type\":\"PropertyValueSpecification\",\"valueRequired\":true,\"valueName\":\"search_term_string\"}}],\"inLanguage\":\"da-DK\"}]}<\/script>\n<!-- \/ Yoast SEO plugin. -->","yoast_head_json":{"title":"HEM - Ekholm Vision - PROB SERIEN","robots":{"index":"index","follow":"follow","max-snippet":"max-snippet:-1","max-image-preview":"max-image-preview:large","max-video-preview":"max-video-preview:-1"},"canonical":"https:\/\/www.ekholmnordic.se\/da\/","og_locale":"da_DK","og_type":"article","og_title":"HEM - Ekholm Vision - PROB SERIEN","og_description":"Meddelande till alla v\u00e5ra \u00e5terf\u00f6rs\u00e4ljare och konsumenter i Danmark. \u00a0 Det \u00e4r en stor gl\u00e4dje f\u00f6r oss att kunna meddela er att vi nu har en ny import\u00f6r av EKHOLMS PROB i Danmark. \u00a0F.r.o.m 1 april\u00a0 h\u00e4nvisar vi er till EQUIDAN VETLINE som \u00e4r bel\u00e4get i Herning. Deras hemsida \u00e4r www.equidan.dk og kan kontaktes p\u00e5 tlf. nr. 9681 4000 eller ... Read More","og_url":"https:\/\/www.ekholmnordic.se\/da\/","og_site_name":"Ekholm Vision - PROB SERIEN","article_modified_time":"2024-02-19T09:59:04+00:00","twitter_card":"summary_large_image","twitter_misc":{"Estimeret l\u00e6setid":"11 minutter"},"schema":{"@context":"https:\/\/schema.org","@graph":[{"@type":"WebPage","@id":"https:\/\/www.ekholmnordic.se\/da\/","url":"https:\/\/www.ekholmnordic.se\/da\/","name":"HEM - Ekholm Vision - PROB SERIEN","isPartOf":{"@id":"https:\/\/www.ekholmnordic.se\/#website"},"datePublished":"2016-05-07T19:37:05+00:00","dateModified":"2024-02-19T09:59:04+00:00","breadcrumb":{"@id":"https:\/\/www.ekholmnordic.se\/da\/#breadcrumb"},"inLanguage":"da-DK","potentialAction":[{"@type":"ReadAction","target":["https:\/\/www.ekholmnordic.se\/da\/"]}]},{"@type":"BreadcrumbList","@id":"https:\/\/www.ekholmnordic.se\/da\/#breadcrumb","itemListElement":[{"@type":"ListItem","position":1,"name":"Hem","item":"https:\/\/www.ekholmnordic.se\/da\/"},{"@type":"ListItem","position":2,"name":"HEM"}]},{"@type":"WebSite","@id":"https:\/\/www.ekholmnordic.se\/#website","url":"https:\/\/www.ekholmnordic.se\/","name":"Ekholm Vision - PROB SERIEN","description":"F\u00d6R EN OPTIMAL HUD OCH P\u00c4LSV\u00c5RD","potentialAction":[{"@type":"SearchAction","target":{"@type":"EntryPoint","urlTemplate":"https:\/\/www.ekholmnordic.se\/?s={search_term_string}"},"query-input":{"@type":"PropertyValueSpecification","valueRequired":true,"valueName":"search_term_string"}}],"inLanguage":"da-DK"}]}},"_links":{"self":[{"href":"https:\/\/www.ekholmnordic.se\/da\/wp-json\/wp\/v2\/pages\/6481","targetHints":{"allow":["GET"]}}],"collection":[{"href":"https:\/\/www.ekholmnordic.se\/da\/wp-json\/wp\/v2\/pages"}],"about":[{"href":"https:\/\/www.ekholmnordic.se\/da\/wp-json\/wp\/v2\/types\/page"}],"author":[{"embeddable":true,"href":"https:\/\/www.ekholmnordic.se\/da\/wp-json\/wp\/v2\/users\/3"}],"replies":[{"embeddable":true,"href":"https:\/\/www.ekholmnordic.se\/da\/wp-json\/wp\/v2\/comments?post=6481"}],"version-history":[{"count":63,"href":"https:\/\/www.ekholmnordic.se\/da\/wp-json\/wp\/v2\/pages\/6481\/revisions"}],"predecessor-version":[{"id":23068,"href":"https:\/\/www.ekholmnordic.se\/da\/wp-json\/wp\/v2\/pages\/6481\/revisions\/23068"}],"wp:attachment":[{"href":"https:\/\/www.ekholmnordic.se\/da\/wp-json\/wp\/v2\/media?parent=6481"}],"curies":[{"name":"wp","href":"https:\/\/api.w.org\/{rel}","templated":true}]}}