{"id":3930,"date":"2016-05-13T08:30:16","date_gmt":"2016-05-13T06:30:16","guid":{"rendered":"http:\/\/www.ekholmnordic.se\/om-oss\/"},"modified":"2018-09-26T21:00:27","modified_gmt":"2018-09-26T19:00:27","slug":"om-oss","status":"publish","type":"page","link":"https:\/\/www.ekholmnordic.se\/da\/om-oss\/","title":{"rendered":"KONTAKT OS"},"content":{"rendered":"<h2><img loading=\"lazy\" decoding=\"async\" class=\"alignleft size-medium wp-image-2013\" src=\"https:\/\/www.ekholmnordic.se\/wp-content\/uploads\/2017\/04\/Ny-Logo-EkholmsPROB_bl\u00e5-3cm-bred-297x300.jpg\" alt=\"\" width=\"297\" height=\"300\" srcset=\"https:\/\/www.ekholmnordic.se\/wp-content\/uploads\/2017\/04\/Ny-Logo-EkholmsPROB_bl\u00e5-3cm-bred-297x300.jpg 297w, https:\/\/www.ekholmnordic.se\/wp-content\/uploads\/2017\/04\/Ny-Logo-EkholmsPROB_bl\u00e5-3cm-bred-100x101.jpg 100w, https:\/\/www.ekholmnordic.se\/wp-content\/uploads\/2017\/04\/Ny-Logo-EkholmsPROB_bl\u00e5-3cm-bred.jpg 354w\" sizes=\"auto, (max-width: 297px) 100vw, 297px\" \/><\/h2>\n<h2 style=\"text-align: left;\"><\/h2>\n<h2 style=\"text-align: left;\"><\/h2>\n<h2 style=\"text-align: left;\"><span style=\"color: #000000;\"><strong>Ekholm Vision AB<\/strong><\/span><\/h2>\n<p style=\"text-align: left;\"><strong><span style=\"color: #333333;\">info@ekholmnordic.eu<\/span><\/strong><\/p>\n<p style=\"text-align: left;\"><strong>Hvis du har sp\u00f8rgsm\u00e5l om vores produkter eller \u00f8nsker r\u00e5dgivning, er du velkommen til at ringe eller e-mail.<\/strong><\/p>\n<p>&nbsp;<\/p>\n<p>&nbsp;<\/p>\n<p>&nbsp;<\/p>\n<p>&nbsp;<\/p>\n<p style=\"text-align: left;\"><strong><span style=\"color: #333333;\">Jari Ekh<\/span><span style=\"color: #333333;\">olm\u00a0 \u00a0 \u00a0 \u00a0 \u00a0 \u00a0 \u00a0 \u00a0 \u00a0 \u00a0 \u00a0 \u00a0 \u00a0 \u00a0 \u00a0 \u00a0 \u00a0 \u00a0 \u00a0 \u00a0 \u00a0 \u00a0 \u00a0 \u00a0 \u00a0 \u00a0 \u00a0 \u00a0 \u00a0 \u00a0 \u00a0 \u00a0 \u00a0 \u00a0 \u00a0 Madeleine Lager<br \/>\nYdregatan 17 C\u00a0 \u00a0 \u00a0 \u00a0 \u00a0 \u00a0 \u00a0 \u00a0 \u00a0 \u00a0 \u00a0 \u00a0 \u00a0 \u00a0 \u00a0 \u00a0 \u00a0 \u00a0 \u00a0 \u00a0 \u00a0 \u00a0 \u00a0 \u00a0 \u00a0 \u00a0 \u00a0 \u00a0 \u00a0 \u00a0 \u00a0 \u00a0 \u00a0+46 703833310<\/span><\/strong><br \/>\n<strong> <span style=\"color: #333333;\"> 570 60 YDRE\u00a0 \u00a0 \u00a0 \u00a0 \u00a0 \u00a0 \u00a0 \u00a0 \u00a0 \u00a0 \u00a0 \u00a0 \u00a0 \u00a0 \u00a0 \u00a0 \u00a0 \u00a0 \u00a0 \u00a0 \u00a0 \u00a0 \u00a0 \u00a0 \u00a0 \u00a0 \u00a0 \u00a0 \u00a0 \u00a0 \u00a0 \u00a0 \u00a0 \u00a0 \u00a0madde@ekholmnordic.se<\/span><\/strong><\/p>\n<p style=\"text-align: left;\"><strong><span style=\"color: #333333;\">+46 73997 13 38<\/span><\/strong><br \/>\n<strong> <span style=\"color: #333333;\"> info@ekholmnordic.eu<\/span><\/strong><\/p>\n<p>&nbsp;<\/p>\n<h2>EKHOLM VISION AB &#8211; PROB SERIEN<\/h2>\n<p><strong><span style=\"color: #333333;\">Ekholms PROB ing\u00e5r i moderf\u00f6retaget Ekholm Vision AB, \u00e4ven k\u00e4nt under namnet Ekholm Nordic, med den v\u00e4lk\u00e4nda PROB Serien som baserar sig p\u00e5 naturprodukter.<\/span><\/strong><\/p>\n<p><strong><span style=\"color: #333333;\">Rekommenderad av m\u00e5nga veterin\u00e4rer och hj\u00e4lpt massor med djur med hudproblem.<\/span><\/strong><\/p>\n<p><strong><span style=\"color: #333333;\">F\u00f6retaget \u00e4r ett familjef\u00f6retag i tv\u00e5 generationer som grundades 1975 i Finland av Rita Ekholm, d\u00e5 under namnet Ajan Kemia (Tidens Kemi)<\/span><\/strong><br \/>\n<strong><span style=\"color: #333333;\"> F\u00f6retaget var d\u00e5 delvis koncentrerat p\u00e5 tyngre kemikalier till industrin, men har sakta \u00f6verg\u00e5tt enbart mot milj\u00f6v\u00e4nliga naturprodukter<\/span><\/strong><br \/>\n<strong><span style=\"color: #333333;\"> De senaste 20 \u00e5ren bedrivs hela verksamheten fr\u00e5n Sverige.<\/span><\/strong><br \/>\n<strong><span style=\"color: #333333;\"> F\u00f6retaget finns i \u00d6sterbymo i Ydre Kommun, \u00d6sterg\u00f6tland.<\/span><\/strong><\/p>\n<p><strong><span style=\"color: #333333;\">F\u00f6retaget har i samband med flytten till Ydre gjort en generationsskifte och numera \u00e4r Jari Ekholm \u00e4gare av Ekholm Vision.<\/span><\/strong><\/p>\n<p><strong><span style=\"color: #333333;\">Sedan 2005 har sonen Jari Ekholm ansvarat f\u00f6r produktionen och mycket annat, samt varit en stor inspirationsk\u00e4lla f\u00f6r nya tankar och id\u00e9er samt tagit ett stort ansvar f\u00f6r exporten.<\/span><\/strong><\/p>\n<p><strong><span style=\"color: #333333;\">Som det ser ut idag finns det stora m\u00f6jligheter \u00e4ven f\u00f6r en tredje generation som redan nu jobbar och deltar i verksamheten p\u00e5 sommarloven p\u00e5 sidan om studier.<\/span><\/strong><\/p>\n<p><strong><span style=\"color: #333333;\">Vi har ett gott rykte p\u00e5 marknaden, vi \u00e4r v\u00e4lk\u00e4nda f\u00f6r att alltid s\u00e4tta kunden i fokus. V\u00e5r styrka \u00e4r att vi lyssnar och samarbetar med v\u00e5ra handlare och konsumenter som ocks\u00e5 hj\u00e4lpt oss i v\u00e5r produktutveckling av PROB serien till att bli en effektiv produktserie p\u00e5 marknaden.<\/span><\/strong><br \/>\n<strong><span style=\"color: #333333;\"> Vi hoppas att det fina samarbetet forts\u00e4tter.<\/span><\/strong><\/p>\n<p><strong><span style=\"color: #333333;\">V\u00e5r str\u00e4van har alltid varit att h\u00e5lla h\u00f6gsta m\u00f6jliga kvalit\u00e9 och kundservice, samt vara tillg\u00e4ngliga f\u00f6r handlarna som konsumenterna.<\/span><\/strong><\/p>\n<p>&nbsp;<\/p>\n","protected":false},"excerpt":{"rendered":"<p>Ekholm Vision AB info@ekholmnordic.eu Hvis du har sp\u00f8rgsm\u00e5l om vores produkter eller \u00f8nsker r\u00e5dgivning, er du velkommen til at ringe eller e-mail. &nbsp; &nbsp; &nbsp; &nbsp; Jari Ekholm\u00a0 \u00a0 \u00a0 \u00a0 \u00a0 \u00a0 \u00a0 \u00a0 \u00a0 \u00a0 \u00a0 \u00a0 \u00a0 \u00a0 \u00a0 \u00a0 \u00a0 \u00a0 \u00a0 \u00a0 \u00a0 \u00a0 \u00a0 \u00a0 \u00a0 \u00a0 \u00a0 \u00a0 \u00a0 \u00a0 \u00a0 \u00a0 \u00a0 &#8230; <a href=\"https:\/\/www.ekholmnordic.se\/da\/om-oss\/\" class=\"more-link\">Read More<\/a><\/p>\n","protected":false},"author":3,"featured_media":3041,"parent":0,"menu_order":0,"comment_status":"closed","ping_status":"closed","template":"","meta":{"_monsterinsights_skip_tracking":false,"_monsterinsights_sitenote_active":false,"_monsterinsights_sitenote_note":"","_monsterinsights_sitenote_category":0,"footnotes":""},"class_list":["post-3930","page","type-page","status-publish","has-post-thumbnail","hentry"],"yoast_head":"<!-- This site is optimized with the Yoast SEO plugin v27.5 - https:\/\/yoast.com\/product\/yoast-seo-wordpress\/ -->\n<title>KONTAKT OS - Ekholm Vision - PROB SERIEN<\/title>\n<meta name=\"robots\" content=\"index, follow, max-snippet:-1, max-image-preview:large, max-video-preview:-1\" \/>\n<link rel=\"canonical\" href=\"https:\/\/www.ekholmnordic.se\/da\/om-oss\/\" \/>\n<meta property=\"og:locale\" content=\"da_DK\" \/>\n<meta property=\"og:type\" content=\"article\" \/>\n<meta property=\"og:title\" content=\"KONTAKT OS - Ekholm Vision - PROB SERIEN\" \/>\n<meta property=\"og:description\" content=\"Ekholm Vision AB info@ekholmnordic.eu Hvis du har sp\u00f8rgsm\u00e5l om vores produkter eller \u00f8nsker r\u00e5dgivning, er du velkommen til at ringe eller e-mail. &nbsp; &nbsp; &nbsp; &nbsp; Jari Ekholm\u00a0 \u00a0 \u00a0 \u00a0 \u00a0 \u00a0 \u00a0 \u00a0 \u00a0 \u00a0 \u00a0 \u00a0 \u00a0 \u00a0 \u00a0 \u00a0 \u00a0 \u00a0 \u00a0 \u00a0 \u00a0 \u00a0 \u00a0 \u00a0 \u00a0 \u00a0 \u00a0 \u00a0 \u00a0 \u00a0 \u00a0 \u00a0 \u00a0 ... Read More\" \/>\n<meta property=\"og:url\" content=\"https:\/\/www.ekholmnordic.se\/da\/om-oss\/\" \/>\n<meta property=\"og:site_name\" content=\"Ekholm Vision - PROB SERIEN\" \/>\n<meta property=\"article:modified_time\" content=\"2018-09-26T19:00:27+00:00\" \/>\n<meta property=\"og:image\" content=\"https:\/\/www.ekholmnordic.se\/wp-content\/uploads\/2016\/05\/Ydregatan-17-C.jpg\" \/>\n\t<meta property=\"og:image:width\" content=\"1136\" \/>\n\t<meta property=\"og:image:height\" content=\"852\" \/>\n\t<meta property=\"og:image:type\" content=\"image\/jpeg\" \/>\n<meta name=\"twitter:card\" content=\"summary_large_image\" \/>\n<meta name=\"twitter:label1\" content=\"Estimeret l\u00e6setid\" \/>\n\t<meta name=\"twitter:data1\" content=\"2 minutter\" \/>\n<script type=\"application\/ld+json\" class=\"yoast-schema-graph\">{\"@context\":\"https:\\\/\\\/schema.org\",\"@graph\":[{\"@type\":\"WebPage\",\"@id\":\"https:\\\/\\\/www.ekholmnordic.se\\\/da\\\/om-oss\\\/\",\"url\":\"https:\\\/\\\/www.ekholmnordic.se\\\/da\\\/om-oss\\\/\",\"name\":\"KONTAKT OS - Ekholm Vision - PROB SERIEN\",\"isPartOf\":{\"@id\":\"https:\\\/\\\/www.ekholmnordic.se\\\/#website\"},\"primaryImageOfPage\":{\"@id\":\"https:\\\/\\\/www.ekholmnordic.se\\\/da\\\/om-oss\\\/#primaryimage\"},\"image\":{\"@id\":\"https:\\\/\\\/www.ekholmnordic.se\\\/da\\\/om-oss\\\/#primaryimage\"},\"thumbnailUrl\":\"https:\\\/\\\/www.ekholmnordic.se\\\/wp-content\\\/uploads\\\/2016\\\/05\\\/Ydregatan-17-C.jpg\",\"datePublished\":\"2016-05-13T06:30:16+00:00\",\"dateModified\":\"2018-09-26T19:00:27+00:00\",\"breadcrumb\":{\"@id\":\"https:\\\/\\\/www.ekholmnordic.se\\\/da\\\/om-oss\\\/#breadcrumb\"},\"inLanguage\":\"da-DK\",\"potentialAction\":[{\"@type\":\"ReadAction\",\"target\":[\"https:\\\/\\\/www.ekholmnordic.se\\\/da\\\/om-oss\\\/\"]}]},{\"@type\":\"ImageObject\",\"inLanguage\":\"da-DK\",\"@id\":\"https:\\\/\\\/www.ekholmnordic.se\\\/da\\\/om-oss\\\/#primaryimage\",\"url\":\"https:\\\/\\\/www.ekholmnordic.se\\\/wp-content\\\/uploads\\\/2016\\\/05\\\/Ydregatan-17-C.jpg\",\"contentUrl\":\"https:\\\/\\\/www.ekholmnordic.se\\\/wp-content\\\/uploads\\\/2016\\\/05\\\/Ydregatan-17-C.jpg\",\"width\":1136,\"height\":852},{\"@type\":\"BreadcrumbList\",\"@id\":\"https:\\\/\\\/www.ekholmnordic.se\\\/da\\\/om-oss\\\/#breadcrumb\",\"itemListElement\":[{\"@type\":\"ListItem\",\"position\":1,\"name\":\"Hem\",\"item\":\"https:\\\/\\\/www.ekholmnordic.se\\\/da\\\/\"},{\"@type\":\"ListItem\",\"position\":2,\"name\":\"KONTAKT OS\"}]},{\"@type\":\"WebSite\",\"@id\":\"https:\\\/\\\/www.ekholmnordic.se\\\/#website\",\"url\":\"https:\\\/\\\/www.ekholmnordic.se\\\/\",\"name\":\"Ekholm Vision - PROB SERIEN\",\"description\":\"F\u00d6R EN OPTIMAL HUD OCH P\u00c4LSV\u00c5RD\",\"potentialAction\":[{\"@type\":\"SearchAction\",\"target\":{\"@type\":\"EntryPoint\",\"urlTemplate\":\"https:\\\/\\\/www.ekholmnordic.se\\\/?s={search_term_string}\"},\"query-input\":{\"@type\":\"PropertyValueSpecification\",\"valueRequired\":true,\"valueName\":\"search_term_string\"}}],\"inLanguage\":\"da-DK\"}]}<\/script>\n<!-- \/ Yoast SEO plugin. -->","yoast_head_json":{"title":"KONTAKT OS - Ekholm Vision - PROB SERIEN","robots":{"index":"index","follow":"follow","max-snippet":"max-snippet:-1","max-image-preview":"max-image-preview:large","max-video-preview":"max-video-preview:-1"},"canonical":"https:\/\/www.ekholmnordic.se\/da\/om-oss\/","og_locale":"da_DK","og_type":"article","og_title":"KONTAKT OS - Ekholm Vision - PROB SERIEN","og_description":"Ekholm Vision AB info@ekholmnordic.eu Hvis du har sp\u00f8rgsm\u00e5l om vores produkter eller \u00f8nsker r\u00e5dgivning, er du velkommen til at ringe eller e-mail. &nbsp; &nbsp; &nbsp; &nbsp; Jari Ekholm\u00a0 \u00a0 \u00a0 \u00a0 \u00a0 \u00a0 \u00a0 \u00a0 \u00a0 \u00a0 \u00a0 \u00a0 \u00a0 \u00a0 \u00a0 \u00a0 \u00a0 \u00a0 \u00a0 \u00a0 \u00a0 \u00a0 \u00a0 \u00a0 \u00a0 \u00a0 \u00a0 \u00a0 \u00a0 \u00a0 \u00a0 \u00a0 \u00a0 ... Read More","og_url":"https:\/\/www.ekholmnordic.se\/da\/om-oss\/","og_site_name":"Ekholm Vision - PROB SERIEN","article_modified_time":"2018-09-26T19:00:27+00:00","og_image":[{"width":1136,"height":852,"url":"https:\/\/www.ekholmnordic.se\/wp-content\/uploads\/2016\/05\/Ydregatan-17-C.jpg","type":"image\/jpeg"}],"twitter_card":"summary_large_image","twitter_misc":{"Estimeret l\u00e6setid":"2 minutter"},"schema":{"@context":"https:\/\/schema.org","@graph":[{"@type":"WebPage","@id":"https:\/\/www.ekholmnordic.se\/da\/om-oss\/","url":"https:\/\/www.ekholmnordic.se\/da\/om-oss\/","name":"KONTAKT OS - Ekholm Vision - PROB SERIEN","isPartOf":{"@id":"https:\/\/www.ekholmnordic.se\/#website"},"primaryImageOfPage":{"@id":"https:\/\/www.ekholmnordic.se\/da\/om-oss\/#primaryimage"},"image":{"@id":"https:\/\/www.ekholmnordic.se\/da\/om-oss\/#primaryimage"},"thumbnailUrl":"https:\/\/www.ekholmnordic.se\/wp-content\/uploads\/2016\/05\/Ydregatan-17-C.jpg","datePublished":"2016-05-13T06:30:16+00:00","dateModified":"2018-09-26T19:00:27+00:00","breadcrumb":{"@id":"https:\/\/www.ekholmnordic.se\/da\/om-oss\/#breadcrumb"},"inLanguage":"da-DK","potentialAction":[{"@type":"ReadAction","target":["https:\/\/www.ekholmnordic.se\/da\/om-oss\/"]}]},{"@type":"ImageObject","inLanguage":"da-DK","@id":"https:\/\/www.ekholmnordic.se\/da\/om-oss\/#primaryimage","url":"https:\/\/www.ekholmnordic.se\/wp-content\/uploads\/2016\/05\/Ydregatan-17-C.jpg","contentUrl":"https:\/\/www.ekholmnordic.se\/wp-content\/uploads\/2016\/05\/Ydregatan-17-C.jpg","width":1136,"height":852},{"@type":"BreadcrumbList","@id":"https:\/\/www.ekholmnordic.se\/da\/om-oss\/#breadcrumb","itemListElement":[{"@type":"ListItem","position":1,"name":"Hem","item":"https:\/\/www.ekholmnordic.se\/da\/"},{"@type":"ListItem","position":2,"name":"KONTAKT OS"}]},{"@type":"WebSite","@id":"https:\/\/www.ekholmnordic.se\/#website","url":"https:\/\/www.ekholmnordic.se\/","name":"Ekholm Vision - PROB SERIEN","description":"F\u00d6R EN OPTIMAL HUD OCH P\u00c4LSV\u00c5RD","potentialAction":[{"@type":"SearchAction","target":{"@type":"EntryPoint","urlTemplate":"https:\/\/www.ekholmnordic.se\/?s={search_term_string}"},"query-input":{"@type":"PropertyValueSpecification","valueRequired":true,"valueName":"search_term_string"}}],"inLanguage":"da-DK"}]}},"_links":{"self":[{"href":"https:\/\/www.ekholmnordic.se\/da\/wp-json\/wp\/v2\/pages\/3930","targetHints":{"allow":["GET"]}}],"collection":[{"href":"https:\/\/www.ekholmnordic.se\/da\/wp-json\/wp\/v2\/pages"}],"about":[{"href":"https:\/\/www.ekholmnordic.se\/da\/wp-json\/wp\/v2\/types\/page"}],"author":[{"embeddable":true,"href":"https:\/\/www.ekholmnordic.se\/da\/wp-json\/wp\/v2\/users\/3"}],"replies":[{"embeddable":true,"href":"https:\/\/www.ekholmnordic.se\/da\/wp-json\/wp\/v2\/comments?post=3930"}],"version-history":[{"count":5,"href":"https:\/\/www.ekholmnordic.se\/da\/wp-json\/wp\/v2\/pages\/3930\/revisions"}],"predecessor-version":[{"id":6893,"href":"https:\/\/www.ekholmnordic.se\/da\/wp-json\/wp\/v2\/pages\/3930\/revisions\/6893"}],"wp:featuredmedia":[{"embeddable":true,"href":"https:\/\/www.ekholmnordic.se\/da\/wp-json\/wp\/v2\/media\/3041"}],"wp:attachment":[{"href":"https:\/\/www.ekholmnordic.se\/da\/wp-json\/wp\/v2\/media?parent=3930"}],"curies":[{"name":"wp","href":"https:\/\/api.w.org\/{rel}","templated":true}]}}