{"id":3920,"date":"2017-09-28T21:52:00","date_gmt":"2017-09-28T19:52:00","guid":{"rendered":"http:\/\/www.ekholmnordic.se\/karens\/"},"modified":"2018-09-20T06:25:38","modified_gmt":"2018-09-20T04:25:38","slug":"karens","status":"publish","type":"page","link":"https:\/\/www.ekholmnordic.se\/da\/karens\/","title":{"rendered":"KARENSTIDSLISTE &#8211; PROBSERIEN"},"content":{"rendered":"<h6>Vi har intet indhold i vores produkter som ger karenstid.<img loading=\"lazy\" decoding=\"async\" class=\"alignleft size-medium wp-image-6485\" src=\"https:\/\/www.ekholmnordic.se\/wp-content\/uploads\/2018\/05\/PROB-SERIEN-300x235.jpg\" alt=\"\" width=\"300\" height=\"235\" srcset=\"https:\/\/www.ekholmnordic.se\/wp-content\/uploads\/2018\/05\/PROB-SERIEN-300x235.jpg 300w, https:\/\/www.ekholmnordic.se\/wp-content\/uploads\/2018\/05\/PROB-SERIEN-1024x802.jpg 1024w, https:\/\/www.ekholmnordic.se\/wp-content\/uploads\/2018\/05\/PROB-SERIEN-100x78.jpg 100w, https:\/\/www.ekholmnordic.se\/wp-content\/uploads\/2018\/05\/PROB-SERIEN-1004x787.jpg 1004w, https:\/\/www.ekholmnordic.se\/wp-content\/uploads\/2018\/05\/PROB-SERIEN-600x470.jpg 600w\" sizes=\"auto, (max-width: 300px) 100vw, 300px\" \/><\/h6>\n<h6><\/h6>\n<h6>ALOE VERA ER V\u00c6K FRA KARENSTIDSLISTEN I DANMARK OCH I SVERIGE( 180903)<\/h6>\n<p>&nbsp;<\/p>\n<p><a href=\"\/www.trav.dk\/media\/1783\/forbuds-karensliste-2018.pdf\">L\u00e4nk till Dansk travsport karenstidsliste<\/a><\/p>\n<p><a href=\"https:\/\/www.travsport.se\/artikel\/karenstidslistor\">L\u00e4nk till Svensk Travsports karenstidslista <\/a><\/p>\n<p>&nbsp;<\/p>\n<p>&nbsp;<\/p>\n<p>&nbsp;<\/p>\n","protected":false},"excerpt":{"rendered":"<p>Vi har intet indhold i vores produkter som ger karenstid. ALOE VERA ER V\u00c6K FRA KARENSTIDSLISTEN I DANMARK OCH I SVERIGE( 180903) &nbsp; L\u00e4nk till Dansk travsport karenstidsliste L\u00e4nk till Svensk Travsports karenstidslista &nbsp; &nbsp; &nbsp;<\/p>\n","protected":false},"author":3,"featured_media":0,"parent":0,"menu_order":0,"comment_status":"closed","ping_status":"closed","template":"","meta":{"_monsterinsights_skip_tracking":false,"_monsterinsights_sitenote_active":false,"_monsterinsights_sitenote_note":"","_monsterinsights_sitenote_category":0,"footnotes":""},"class_list":["post-3920","page","type-page","status-publish","hentry","no-post-thumbnail"],"yoast_head":"<!-- This site is optimized with the Yoast SEO plugin v27.6 - https:\/\/yoast.com\/product\/yoast-seo-wordpress\/ -->\n<title>KARENSTIDSLISTE - PROBSERIEN - Ekholm Vision - PROB SERIEN<\/title>\n<meta name=\"robots\" content=\"index, follow, max-snippet:-1, max-image-preview:large, max-video-preview:-1\" \/>\n<link rel=\"canonical\" href=\"https:\/\/www.ekholmnordic.se\/karens\/\" \/>\n<meta property=\"og:locale\" content=\"da_DK\" \/>\n<meta property=\"og:type\" content=\"article\" \/>\n<meta property=\"og:title\" content=\"KARENSTIDSLISTE - PROBSERIEN - Ekholm Vision - PROB SERIEN\" \/>\n<meta property=\"og:description\" content=\"Vi har intet indhold i vores produkter som ger karenstid. ALOE VERA ER V\u00c6K FRA KARENSTIDSLISTEN I DANMARK OCH I SVERIGE( 180903) &nbsp; L\u00e4nk till Dansk travsport karenstidsliste L\u00e4nk till Svensk Travsports karenstidslista &nbsp; &nbsp; &nbsp;\" \/>\n<meta property=\"og:url\" content=\"https:\/\/www.ekholmnordic.se\/karens\/\" \/>\n<meta property=\"og:site_name\" content=\"Ekholm Vision - PROB SERIEN\" \/>\n<meta property=\"article:modified_time\" content=\"2018-09-20T04:25:38+00:00\" \/>\n<meta property=\"og:image\" content=\"https:\/\/www.ekholmnordic.se\/wp-content\/uploads\/2018\/05\/PROB-SERIEN-300x235.jpg\" \/>\n<meta name=\"twitter:card\" content=\"summary_large_image\" \/>\n<script type=\"application\/ld+json\" class=\"yoast-schema-graph\">{\"@context\":\"https:\\\/\\\/schema.org\",\"@graph\":[{\"@type\":\"WebPage\",\"@id\":\"https:\\\/\\\/www.ekholmnordic.se\\\/karens\\\/\",\"url\":\"https:\\\/\\\/www.ekholmnordic.se\\\/karens\\\/\",\"name\":\"KARENSTIDSLISTE - PROBSERIEN - Ekholm Vision - PROB SERIEN\",\"isPartOf\":{\"@id\":\"https:\\\/\\\/www.ekholmnordic.se\\\/#website\"},\"primaryImageOfPage\":{\"@id\":\"https:\\\/\\\/www.ekholmnordic.se\\\/karens\\\/#primaryimage\"},\"image\":{\"@id\":\"https:\\\/\\\/www.ekholmnordic.se\\\/karens\\\/#primaryimage\"},\"thumbnailUrl\":\"https:\\\/\\\/www.ekholmnordic.se\\\/wp-content\\\/uploads\\\/2018\\\/05\\\/PROB-SERIEN-300x235.jpg\",\"datePublished\":\"2017-09-28T19:52:00+00:00\",\"dateModified\":\"2018-09-20T04:25:38+00:00\",\"breadcrumb\":{\"@id\":\"https:\\\/\\\/www.ekholmnordic.se\\\/karens\\\/#breadcrumb\"},\"inLanguage\":\"da-DK\",\"potentialAction\":[{\"@type\":\"ReadAction\",\"target\":[\"https:\\\/\\\/www.ekholmnordic.se\\\/karens\\\/\"]}]},{\"@type\":\"ImageObject\",\"inLanguage\":\"da-DK\",\"@id\":\"https:\\\/\\\/www.ekholmnordic.se\\\/karens\\\/#primaryimage\",\"url\":\"https:\\\/\\\/www.ekholmnordic.se\\\/wp-content\\\/uploads\\\/2018\\\/05\\\/PROB-SERIEN-300x235.jpg\",\"contentUrl\":\"https:\\\/\\\/www.ekholmnordic.se\\\/wp-content\\\/uploads\\\/2018\\\/05\\\/PROB-SERIEN-300x235.jpg\"},{\"@type\":\"BreadcrumbList\",\"@id\":\"https:\\\/\\\/www.ekholmnordic.se\\\/karens\\\/#breadcrumb\",\"itemListElement\":[{\"@type\":\"ListItem\",\"position\":1,\"name\":\"Hem\",\"item\":\"https:\\\/\\\/www.ekholmnordic.se\\\/da\\\/\"},{\"@type\":\"ListItem\",\"position\":2,\"name\":\"KARENSTIDSLISTE &#8211; PROBSERIEN\"}]},{\"@type\":\"WebSite\",\"@id\":\"https:\\\/\\\/www.ekholmnordic.se\\\/#website\",\"url\":\"https:\\\/\\\/www.ekholmnordic.se\\\/\",\"name\":\"Ekholm Vision - PROB SERIEN\",\"description\":\"F\u00d6R EN OPTIMAL HUD OCH P\u00c4LSV\u00c5RD\",\"potentialAction\":[{\"@type\":\"SearchAction\",\"target\":{\"@type\":\"EntryPoint\",\"urlTemplate\":\"https:\\\/\\\/www.ekholmnordic.se\\\/?s={search_term_string}\"},\"query-input\":{\"@type\":\"PropertyValueSpecification\",\"valueRequired\":true,\"valueName\":\"search_term_string\"}}],\"inLanguage\":\"da-DK\"}]}<\/script>\n<!-- \/ Yoast SEO plugin. -->","yoast_head_json":{"title":"KARENSTIDSLISTE - PROBSERIEN - Ekholm Vision - PROB SERIEN","robots":{"index":"index","follow":"follow","max-snippet":"max-snippet:-1","max-image-preview":"max-image-preview:large","max-video-preview":"max-video-preview:-1"},"canonical":"https:\/\/www.ekholmnordic.se\/karens\/","og_locale":"da_DK","og_type":"article","og_title":"KARENSTIDSLISTE - PROBSERIEN - Ekholm Vision - PROB SERIEN","og_description":"Vi har intet indhold i vores produkter som ger karenstid. ALOE VERA ER V\u00c6K FRA KARENSTIDSLISTEN I DANMARK OCH I SVERIGE( 180903) &nbsp; L\u00e4nk till Dansk travsport karenstidsliste L\u00e4nk till Svensk Travsports karenstidslista &nbsp; &nbsp; &nbsp;","og_url":"https:\/\/www.ekholmnordic.se\/karens\/","og_site_name":"Ekholm Vision - PROB SERIEN","article_modified_time":"2018-09-20T04:25:38+00:00","og_image":[{"url":"https:\/\/www.ekholmnordic.se\/wp-content\/uploads\/2018\/05\/PROB-SERIEN-300x235.jpg","type":"","width":"","height":""}],"twitter_card":"summary_large_image","schema":{"@context":"https:\/\/schema.org","@graph":[{"@type":"WebPage","@id":"https:\/\/www.ekholmnordic.se\/karens\/","url":"https:\/\/www.ekholmnordic.se\/karens\/","name":"KARENSTIDSLISTE - PROBSERIEN - Ekholm Vision - PROB SERIEN","isPartOf":{"@id":"https:\/\/www.ekholmnordic.se\/#website"},"primaryImageOfPage":{"@id":"https:\/\/www.ekholmnordic.se\/karens\/#primaryimage"},"image":{"@id":"https:\/\/www.ekholmnordic.se\/karens\/#primaryimage"},"thumbnailUrl":"https:\/\/www.ekholmnordic.se\/wp-content\/uploads\/2018\/05\/PROB-SERIEN-300x235.jpg","datePublished":"2017-09-28T19:52:00+00:00","dateModified":"2018-09-20T04:25:38+00:00","breadcrumb":{"@id":"https:\/\/www.ekholmnordic.se\/karens\/#breadcrumb"},"inLanguage":"da-DK","potentialAction":[{"@type":"ReadAction","target":["https:\/\/www.ekholmnordic.se\/karens\/"]}]},{"@type":"ImageObject","inLanguage":"da-DK","@id":"https:\/\/www.ekholmnordic.se\/karens\/#primaryimage","url":"https:\/\/www.ekholmnordic.se\/wp-content\/uploads\/2018\/05\/PROB-SERIEN-300x235.jpg","contentUrl":"https:\/\/www.ekholmnordic.se\/wp-content\/uploads\/2018\/05\/PROB-SERIEN-300x235.jpg"},{"@type":"BreadcrumbList","@id":"https:\/\/www.ekholmnordic.se\/karens\/#breadcrumb","itemListElement":[{"@type":"ListItem","position":1,"name":"Hem","item":"https:\/\/www.ekholmnordic.se\/da\/"},{"@type":"ListItem","position":2,"name":"KARENSTIDSLISTE &#8211; PROBSERIEN"}]},{"@type":"WebSite","@id":"https:\/\/www.ekholmnordic.se\/#website","url":"https:\/\/www.ekholmnordic.se\/","name":"Ekholm Vision - PROB SERIEN","description":"F\u00d6R EN OPTIMAL HUD OCH P\u00c4LSV\u00c5RD","potentialAction":[{"@type":"SearchAction","target":{"@type":"EntryPoint","urlTemplate":"https:\/\/www.ekholmnordic.se\/?s={search_term_string}"},"query-input":{"@type":"PropertyValueSpecification","valueRequired":true,"valueName":"search_term_string"}}],"inLanguage":"da-DK"}]}},"_links":{"self":[{"href":"https:\/\/www.ekholmnordic.se\/da\/wp-json\/wp\/v2\/pages\/3920","targetHints":{"allow":["GET"]}}],"collection":[{"href":"https:\/\/www.ekholmnordic.se\/da\/wp-json\/wp\/v2\/pages"}],"about":[{"href":"https:\/\/www.ekholmnordic.se\/da\/wp-json\/wp\/v2\/types\/page"}],"author":[{"embeddable":true,"href":"https:\/\/www.ekholmnordic.se\/da\/wp-json\/wp\/v2\/users\/3"}],"replies":[{"embeddable":true,"href":"https:\/\/www.ekholmnordic.se\/da\/wp-json\/wp\/v2\/comments?post=3920"}],"version-history":[{"count":4,"href":"https:\/\/www.ekholmnordic.se\/da\/wp-json\/wp\/v2\/pages\/3920\/revisions"}],"predecessor-version":[{"id":6622,"href":"https:\/\/www.ekholmnordic.se\/da\/wp-json\/wp\/v2\/pages\/3920\/revisions\/6622"}],"wp:attachment":[{"href":"https:\/\/www.ekholmnordic.se\/da\/wp-json\/wp\/v2\/media?parent=3920"}],"curies":[{"name":"wp","href":"https:\/\/api.w.org\/{rel}","templated":true}]}}